{"id":18191,"date":"2022-12-21T18:53:32","date_gmt":"2022-12-21T16:53:32","guid":{"rendered":"https:\/\/quecartucho.es\/blog\/?page_id=18191"},"modified":"2022-12-23T11:49:26","modified_gmt":"2022-12-23T09:49:26","slug":"la-impresora-imprime-verde","status":"publish","type":"page","link":"https:\/\/quecartucho.es\/blog\/la-impresora-imprime-rosa-o-verde-azul-amarillo-rojo\/la-impresora-imprime-verde\/","title":{"rendered":"La impresora imprime Verde"},"content":{"rendered":"\n<h2 class=\"wp-block-heading\"><strong>\u00bfPor qu\u00e9 mi impresora imprime verde? Soluciones<\/strong><\/h2>\n\n\n\n<p>\u00bfEst\u00e1s intentando sacar un documento importante de este perif\u00e9rico y te has encontrado con que la <strong>impresora imprime verde<\/strong>? La verdad es que los fallos relacionados con la carencia de colores son m\u00e1s probables de lo que nos podemos imaginar.<\/p>\n\n\n\n<p>Lo primero que debemos hacer es identificar el origen del problema y as\u00ed trazar posibles soluciones.<\/p>\n\n\n\n<p>Si todav\u00eda no has arreglado el problema, aqu\u00ed te indicamos c\u00f3mo lo tienes que hacer:<\/p>\n\n\n\n<h2 class=\"wp-block-heading\"><strong>\u00bfCu\u00e1les son las causas que explican que mi impresora imprime en verde?<\/strong><\/h2>\n\n\n\n<p>Existen dos posibles explicaciones al problema:<\/p>\n\n\n\n<ul class=\"wp-block-list\">\n<li><strong>Cartuchos obstruidos: <\/strong>esto ocurre si la impresora no se utiliza a menudo.<\/li>\n\n\n\n<li><strong>Configuraci\u00f3n inadecuada: <\/strong>una configuraci\u00f3n incorrecta podr\u00eda producir este tipo de mal funcionamiento en la impresora.<\/li>\n<\/ul>\n\n\n\n<h2 class=\"wp-block-heading\"><strong>\u00bfC\u00f3mo solucionar el problema de que la impresora solo imprima en verde?<\/strong><\/h2>\n\n\n\n<h3 class=\"wp-block-heading\"><strong>Comprueba el nivel de tinta<\/strong><\/h3>\n\n\n\n<p>Empieza por hacer una comprobaci\u00f3n del <strong>nivel de tinta de la impresora<\/strong>, ya que el problema podr\u00eda estar por ah\u00ed.<\/p>\n\n\n\n<p>Esto se puede saber siguiendo esta ruta:<\/p>\n\n\n\n<p>1) &nbsp; &nbsp; Accede a <strong>Panel de Control -&gt; Impresoras y Faxes<\/strong> (tambi\u00e9n podr\u00edamos encontrar la opci\u00f3n como <strong>Impresoras o esc\u00e1neres<\/strong>).<\/p>\n\n\n\n<p>2) &nbsp; &nbsp; Pulsa sobre la impresora en la que se est\u00e1 produciendo el problema y marca <strong>Configuraci\u00f3n de la Impresi\u00f3n<\/strong>.<\/p>\n\n\n\n<p>3) &nbsp; &nbsp; Busca la opci\u00f3n de los <strong>niveles de tinta<\/strong> y revisa si hay alg\u00fan <a href=\"https:\/\/quecartucho.es\/\"><strong>cartucho<\/strong><\/a> que se est\u00e9 agotando. En el caso de que sea as\u00ed, simplemente lo tendr\u00e1s que reemplazar.<\/p>\n\n\n\n<h3 class=\"wp-block-heading\"><strong>Hacer un test de inyectores<\/strong><\/h3>\n\n\n\n<p>Si el problema de que la <strong>impresora solo imprime en verde<\/strong> es el resultado de la acumulaci\u00f3n de tinta seca dentro del cartucho, una posible soluci\u00f3n es hacer lo que se conoce como un <strong><a href=\"https:\/\/quecartucho.es\/blog\/que-es-un-cabezal-de-impresion\/\">test de inyectores<\/a><\/strong>:<\/p>\n\n\n\n<p>1) &nbsp; &nbsp; Aseg\u00farate de encender la impresora y accede a la propia aplicaci\u00f3n de la impresora (puedes utilizar el buscador del sistema operativo para acceder m\u00e1s r\u00e1pido a la misma).<\/p>\n\n\n\n<p>2) &nbsp; &nbsp; Marca en <strong>Propiedades de la impresora -&gt; Preferencias de impresi\u00f3n -&gt; Mantenimiento -&gt; Limpieza de cabezales<\/strong>. Debes tener en cuenta dos cosas sobre esta funci\u00f3n: gasta algo de tinta y no se debe apagar la impresora mientras se est\u00e1 llevando a cabo, ya que podr\u00eda estropearse.<\/p>\n\n\n\n<p>3) &nbsp; &nbsp; Cuando haya terminado el proceso simplemente imprime un <strong>test de inyectores nuevo<\/strong> para comprobar que todos los colores est\u00e9n de nuevo en la impresi\u00f3n.<\/p>\n\n\n\n<p><strong>Nota: <\/strong>podr\u00edamos tener que hacer varias veces el proceso de la <strong>limpieza de cabezales<\/strong> hasta que el atasco quedase solucionado.<\/p>\n\n\n\n<h3 class=\"wp-block-heading\"><strong>Ajustes de impresi\u00f3n<\/strong><\/h3>\n\n\n\n<p>C\u00f3mo ya hemos comentado al principio del art\u00edculo, el motivo del problema podr\u00eda ser una <strong>mala configuraci\u00f3n<\/strong> de la impresora.<\/p>\n\n\n\n<p>Por ejemplo, puede que hayas desactivado la opci\u00f3n de imprimir en blanco y negro y marcado tan solo la impresi\u00f3n a color. Tambi\u00e9n puede ser que haya una opci\u00f3n para imprimir elevando la saturaci\u00f3n del color verde.<\/p>\n\n\n\n<p>Otras posibles explicaciones es que el cable de conexi\u00f3n no funcione correctamente (USB o Ethernet) o que el driver est\u00e9 dando alg\u00fan tipo de problema. En este \u00faltimo caso, con una actualizaci\u00f3n deber\u00eda ser m\u00e1s que suficiente.<\/p>\n\n\n\n<p>As\u00ed es c\u00f3mo solucionar\u00e1s el problema de <strong>impresi\u00f3n en verde<\/strong> <strong>de tu impresora<\/strong>.<\/p>\n","protected":false},"excerpt":{"rendered":"<p>\u00bfPor qu\u00e9 mi impresora imprime verde? Soluciones \u00bfEst\u00e1s intentando sacar un documento importante de este perif\u00e9rico y te has encontrado con que la impresora imprime verde? La verdad es que los fallos relacionados con la carencia de colores son m\u00e1s probables de lo que nos podemos imaginar. Lo primero que debemos hacer es identificar el&hellip;&nbsp;<a href=\"https:\/\/quecartucho.es\/blog\/la-impresora-imprime-rosa-o-verde-azul-amarillo-rojo\/la-impresora-imprime-verde\/\" rel=\"bookmark\">Leer m\u00e1s &raquo;<span class=\"screen-reader-text\">La impresora imprime Verde<\/span><\/a><\/p>\n","protected":false},"author":1,"featured_media":18244,"parent":16165,"menu_order":0,"comment_status":"closed","ping_status":"closed","template":"","meta":{"neve_meta_sidebar":"full-width","neve_meta_container":"","neve_meta_enable_content_width":"on","neve_meta_content_width":100,"neve_meta_title_alignment":"","neve_meta_author_avatar":"","neve_post_elements_order":"","neve_meta_disable_header":"","neve_meta_disable_footer":"","neve_meta_disable_title":"","episode_type":"","audio_file":"","podmotor_file_id":"","podmotor_episode_id":"","cover_image":"","cover_image_id":"","duration":"","filesize":"","filesize_raw":"","date_recorded":"","explicit":"","block":"","footnotes":""},"class_list":["post-18191","page","type-page","status-publish","has-post-thumbnail","hentry"],"_links":{"self":[{"href":"https:\/\/quecartucho.es\/blog\/wp-json\/wp\/v2\/pages\/18191","targetHints":{"allow":["GET"]}}],"collection":[{"href":"https:\/\/quecartucho.es\/blog\/wp-json\/wp\/v2\/pages"}],"about":[{"href":"https:\/\/quecartucho.es\/blog\/wp-json\/wp\/v2\/types\/page"}],"author":[{"embeddable":true,"href":"https:\/\/quecartucho.es\/blog\/wp-json\/wp\/v2\/users\/1"}],"replies":[{"embeddable":true,"href":"https:\/\/quecartucho.es\/blog\/wp-json\/wp\/v2\/comments?post=18191"}],"version-history":[{"count":2,"href":"https:\/\/quecartucho.es\/blog\/wp-json\/wp\/v2\/pages\/18191\/revisions"}],"predecessor-version":[{"id":18209,"href":"https:\/\/quecartucho.es\/blog\/wp-json\/wp\/v2\/pages\/18191\/revisions\/18209"}],"up":[{"embeddable":true,"href":"https:\/\/quecartucho.es\/blog\/wp-json\/wp\/v2\/pages\/16165"}],"wp:featuredmedia":[{"embeddable":true,"href":"https:\/\/quecartucho.es\/blog\/wp-json\/wp\/v2\/media\/18244"}],"wp:attachment":[{"href":"https:\/\/quecartucho.es\/blog\/wp-json\/wp\/v2\/media?parent=18191"}],"curies":[{"name":"wp","href":"https:\/\/api.w.org\/{rel}","templated":true}]}}