{"id":18198,"date":"2022-12-21T19:17:11","date_gmt":"2022-12-21T17:17:11","guid":{"rendered":"https:\/\/quecartucho.es\/blog\/?page_id=18198"},"modified":"2022-12-23T11:56:43","modified_gmt":"2022-12-23T09:56:43","slug":"la-impresora-imprime-gris","status":"publish","type":"page","link":"https:\/\/quecartucho.es\/blog\/la-impresora-imprime-rosa-o-verde-azul-amarillo-rojo\/la-impresora-imprime-gris\/","title":{"rendered":"La impresora imprime Gris"},"content":{"rendered":"\n<p>Las impresoras actuales nos permiten imprimir tanto en color, como en blanco y negro. Si est\u00e1s intentando sacar un trabajo de la primera forma, pero tan solo aparece en escala de grises, probablemente tengas un <strong>problema de configuraci\u00f3n<\/strong> que ser\u00e1 f\u00e1cil de solucionar.<\/p>\n\n\n\n<p>Sin embargo, hay muchas posibles explicaciones.<\/p>\n\n\n\n<p>Vamos a estudiar las causas y las soluciones para que este problema sea historia.<\/p>\n\n\n\n<h2 class=\"wp-block-heading\"><strong>Todo se imprime gris en mi impresora: \u00bfC\u00f3mo lo puedo solucionar?<\/strong><\/h2>\n\n\n\n<h3 class=\"wp-block-heading\"><strong>1.<\/strong> &nbsp; &nbsp; <strong>Revisi\u00f3n de la configuraci\u00f3n de la impresora<\/strong><\/h3>\n\n\n\n<p>La <strong>impresi\u00f3n en gris<\/strong> (m\u00e1s conocida como <strong>escala de grises<\/strong>) es la opci\u00f3n m\u00e1s recomendable para aquellos que quieren ahorrar tinta. Evita gastar tinta en color, especialmente interesante para documentos que no requieren de una presentaci\u00f3n.<\/p>\n\n\n\n<p>Puede que hayas marcado esta opci\u00f3n para ahorrar y no la hayas desactivado luego.<\/p>\n\n\n\n<ol class=\"wp-block-list\">\n<li>a) &nbsp; &nbsp; Accede a <strong>Panel de Control -&gt; Impresoras y faxes<\/strong> y marca en tu modelo de impresora.<\/li>\n\n\n\n<li>b) &nbsp; &nbsp; Entra en <strong>Configuraci\u00f3n<\/strong> y busca una opci\u00f3n que diga algo as\u00ed como <strong>Gesti\u00f3n de Color<\/strong> o alg\u00fan texto parecido.<\/li>\n\n\n\n<li>c) &nbsp; &nbsp; Desactiva la opci\u00f3n de <strong>imprimir en escala de grises<\/strong>.<\/li>\n\n\n\n<li>d) &nbsp; &nbsp; Prueba a hacer una impresi\u00f3n y ver\u00e1s c\u00f3mo ha desaparecido el problema.<\/li>\n<\/ol>\n\n\n\n<h3 class=\"wp-block-heading\"><strong>2.<\/strong> &nbsp; &nbsp; <strong>Comprueba los niveles de tinta<\/strong><\/h3>\n\n\n\n<p>Si los niveles de la tinta de color son bajos o est\u00e1n agotados, es normal que la impresora tan solo sea capaz de imprimir en blanco y negro. Lo m\u00e1s com\u00fan es que te haya salido alg\u00fan aviso para indicarte lo que est\u00e1 ocurriendo, pero puede que no sea as\u00ed si has desactivado los avisos desde el software de la aplicaci\u00f3n de la impresora.<\/p>\n\n\n\n<p>Comprobar los niveles de tinta es sencillo:<\/p>\n\n\n\n<ol class=\"wp-block-list\">\n<li>a) &nbsp; &nbsp; Accede a la<strong> Configuraci\u00f3n de la impresora<\/strong>.<\/li>\n\n\n\n<li>b) &nbsp; &nbsp; Se har\u00e1 un chequeo gen\u00e9rico del perif\u00e9rico para detectar si hay algo que no funciona bien. Aqu\u00ed se detectar\u00e1n los <strong>niveles de tinta de la impresora<\/strong> y podremos saber si falta tinta o si los niveles son demasiado bajos.<\/li>\n<\/ol>\n\n\n\n<p>Por ahorrar tinta podemos pensar en apurar lo m\u00e1ximo posible con nuestros <a href=\"https:\/\/quecartucho.es\/\" data-type=\"URL\" data-id=\"https:\/\/quecartucho.es\/\"><strong>cartuchos<\/strong><\/a>. Pero si la impresora te est\u00e1 dando problemas, si solo est\u00e1 imprimiendo en gris, es el momento de hacer el cambio cuanto antes.<\/p>\n\n\n\n<h3 class=\"wp-block-heading\"><strong>3.<\/strong> &nbsp; &nbsp; <strong>Cabezal obstruido<\/strong><\/h3>\n\n\n\n<p>Comprueba que el cabezal no est\u00e9 obstruido. Con un poco de alcohol isoprop\u00edlico en una servilleta podremos desatascar la tinta seca.<\/p>\n\n\n\n<p>Haz una <strong>limpieza de cabezales<\/strong> desde el software de la impresora para eliminar cualquier atasco.<\/p>\n\n\n\n<h3 class=\"wp-block-heading\"><strong>4.<\/strong> &nbsp; &nbsp; <strong>Problemas con los controladores<\/strong><\/h3>\n\n\n\n<p>Si la configuraci\u00f3n es la correcta y no hay ning\u00fan problema con el cartucho, puede que los <strong>controladores<\/strong> no est\u00e9n funcionando como deber\u00edan. Estos son los pasos a seguir para solucionar el problema:<\/p>\n\n\n\n<p>1) &nbsp; &nbsp; Entra en <strong>Panel de control -&gt; Programas y caracter\u00edsticas<\/strong><\/p>\n\n\n\n<p>2) &nbsp; &nbsp; Accede a <strong>Administrador de dispositivos<\/strong>.<\/p>\n\n\n\n<p>3) &nbsp; &nbsp; Busca tu impresora, haz clic derecho y marca en <strong>Desinstalar dispositivo.<\/strong><\/p>\n\n\n\n<p>Ahora es el momento de instalar la impresora desde cero. Aseg\u00farate de instalar el driver desde la web oficial para que est\u00e9 debidamente actualizado.<\/p>\n\n\n\n<p>As\u00ed solucionar\u00e1s el problema de que <strong>todo se imprime en gris<\/strong>, o en cualquier otro color.<\/p>\n","protected":false},"excerpt":{"rendered":"<p>Las impresoras actuales nos permiten imprimir tanto en color, como en blanco y negro. Si est\u00e1s intentando sacar un trabajo de la primera forma, pero tan solo aparece en escala de grises, probablemente tengas un problema de configuraci\u00f3n que ser\u00e1 f\u00e1cil de solucionar. Sin embargo, hay muchas posibles explicaciones. Vamos a estudiar las causas y&hellip;&nbsp;<a href=\"https:\/\/quecartucho.es\/blog\/la-impresora-imprime-rosa-o-verde-azul-amarillo-rojo\/la-impresora-imprime-gris\/\" rel=\"bookmark\">Leer m\u00e1s &raquo;<span class=\"screen-reader-text\">La impresora imprime Gris<\/span><\/a><\/p>\n","protected":false},"author":1,"featured_media":18249,"parent":16165,"menu_order":0,"comment_status":"closed","ping_status":"closed","template":"","meta":{"neve_meta_sidebar":"full-width","neve_meta_container":"","neve_meta_enable_content_width":"on","neve_meta_content_width":100,"neve_meta_title_alignment":"","neve_meta_author_avatar":"","neve_post_elements_order":"","neve_meta_disable_header":"","neve_meta_disable_footer":"","neve_meta_disable_title":"","episode_type":"","audio_file":"","podmotor_file_id":"","podmotor_episode_id":"","cover_image":"","cover_image_id":"","duration":"","filesize":"","filesize_raw":"","date_recorded":"","explicit":"","block":"","footnotes":""},"class_list":["post-18198","page","type-page","status-publish","has-post-thumbnail","hentry"],"_links":{"self":[{"href":"https:\/\/quecartucho.es\/blog\/wp-json\/wp\/v2\/pages\/18198","targetHints":{"allow":["GET"]}}],"collection":[{"href":"https:\/\/quecartucho.es\/blog\/wp-json\/wp\/v2\/pages"}],"about":[{"href":"https:\/\/quecartucho.es\/blog\/wp-json\/wp\/v2\/types\/page"}],"author":[{"embeddable":true,"href":"https:\/\/quecartucho.es\/blog\/wp-json\/wp\/v2\/users\/1"}],"replies":[{"embeddable":true,"href":"https:\/\/quecartucho.es\/blog\/wp-json\/wp\/v2\/comments?post=18198"}],"version-history":[{"count":2,"href":"https:\/\/quecartucho.es\/blog\/wp-json\/wp\/v2\/pages\/18198\/revisions"}],"predecessor-version":[{"id":18211,"href":"https:\/\/quecartucho.es\/blog\/wp-json\/wp\/v2\/pages\/18198\/revisions\/18211"}],"up":[{"embeddable":true,"href":"https:\/\/quecartucho.es\/blog\/wp-json\/wp\/v2\/pages\/16165"}],"wp:featuredmedia":[{"embeddable":true,"href":"https:\/\/quecartucho.es\/blog\/wp-json\/wp\/v2\/media\/18249"}],"wp:attachment":[{"href":"https:\/\/quecartucho.es\/blog\/wp-json\/wp\/v2\/media?parent=18198"}],"curies":[{"name":"wp","href":"https:\/\/api.w.org\/{rel}","templated":true}]}}