{"id":18203,"date":"2022-12-21T19:33:24","date_gmt":"2022-12-21T17:33:24","guid":{"rendered":"https:\/\/quecartucho.es\/blog\/?page_id=18203"},"modified":"2023-03-17T11:18:12","modified_gmt":"2023-03-17T09:18:12","slug":"la-impresora-imprime-negro-como-solucionarlo","status":"publish","type":"page","link":"https:\/\/quecartucho.es\/blog\/la-impresora-imprime-rosa-o-verde-azul-amarillo-rojo\/la-impresora-imprime-negro-como-solucionarlo\/","title":{"rendered":"La impresora imprime Negro"},"content":{"rendered":"\n<h2 class=\"wp-block-heading\"><strong>Imprime negro solo en negro<\/strong><\/h2>\n\n\n\n<p>Tu impresora puede haber hecho una impresi\u00f3n en la que <strong>los colores sean incorrectos<\/strong>. Por ejemplo, puede que necesitemos imprimir un documento en color y tan solo aparezca en blanco negro; de igual manera, puede que el color no sea el correcto.<\/p>\n\n\n\n<p>La causa m\u00e1s probable del error es que la configuraci\u00f3n que se est\u00e1 aplicando con la impresora no sea la correcta. Puede que en el pasado tuvi\u00e9semos que imprimir algo con otra configuraci\u00f3n y se ha establecido como predefinida.<\/p>\n\n\n\n<p>En esta secci\u00f3n vamos a tratar el problema de que la impresora <strong>imprime negro, solo en negro<\/strong>.<\/p>\n\n\n\n<h2 class=\"wp-block-heading\"><strong>\u00bfPor qu\u00e9 mi impresora tan solo imprime en negro?<\/strong><\/h2>\n\n\n\n<h3 class=\"wp-block-heading\"><strong>1.<\/strong> &nbsp; &nbsp; <strong>Mala configuraci\u00f3n<\/strong><\/h3>\n\n\n\n<p>El primer paso es comprobar los <strong>ajustes de la impresora<\/strong> (dentro de <strong>Panel de control -&gt; Impresoras -&gt;<\/strong> (Marca tu impresora).<\/p>\n\n\n\n<p>Tendr\u00e1s que revisar que no est\u00e9 marcada la funci\u00f3n de <strong>Escala de grises \/ Negro<\/strong>.<\/p>\n\n\n\n<p>Esta funci\u00f3n se suele activar para ahorrar tinta en color. Est\u00e1 especialmente dise\u00f1ada para imprimir documentos no demasiado importantes que tienen gr\u00e1ficos.<\/p>\n\n\n\n<h3 class=\"wp-block-heading\"><strong>2.<\/strong> &nbsp; &nbsp; <strong>Cabezal de inyecci\u00f3n obstruido<\/strong><\/h3>\n\n\n\n<p>Si has revisado la opci\u00f3n anterior y no est\u00e1 obstruido, el problema podr\u00eda estar en un atasco en el cabezal de impresi\u00f3n. Esto lo podremos hacer si hemos revisado el <strong>nivel de tinta<\/strong> negra y nos aparece en buen estado.<\/p>\n\n\n\n<p>Hay dos formas de solucionar el problema:<\/p>\n\n\n\n<ul class=\"wp-block-list\">\n<li><strong>Limpieza de inyectores autom\u00e1tico: <\/strong>esta es una funci\u00f3n que tiene pr\u00e1cticamente cualquier impresora actual. Est\u00e1 dentro de la configuraci\u00f3n de la impresora y tan solo tendremos que pulsar un bot\u00f3n. Dependiendo del modo deseado, as\u00ed como de la impresora que tengamos, el proceso se puede alargar m\u00e1s o menos. Tiene asociado un peque\u00f1o gasto de tinta, pero es muy reducido.<\/li>\n\n\n\n<li><strong>Limpieza de inyectores manual: <\/strong>si la funci\u00f3n autom\u00e1tica no funciona, tendremos que hacer la <strong>limpieza de inyectores manual<\/strong>. Esto requiere de extraer el cartucho y de pasar una servilleta con alcohol isoprop\u00edlico por el lugar en el que sale la tinta. Sabremos que el atasco ya no es un problema cuando empiece a manchar.<\/li>\n<\/ul>\n\n\n\n<h3 class=\"wp-block-heading\"><strong>3.<\/strong> &nbsp; &nbsp; <strong>Niveles de tinta bajo<\/strong><\/h3>\n\n\n\n<p>Si el <strong>monitor de tinta<\/strong> nos da el aviso de que los niveles est\u00e1n muy bajos, o que directamente se ha agotado, no nos quedar\u00e1 otra soluci\u00f3n que hacer el cambio de <a href=\"https:\/\/quecartucho.es\/\">cartucho<\/a> (o rellenar la tinta).<\/p>\n\n\n\n<p>Comprueba que los cables de conexi\u00f3n con la impresora son correctos para medir con fiabilidad los niveles de tinta.<\/p>\n\n\n\n<h3 class=\"wp-block-heading\"><strong>4.<\/strong> &nbsp; &nbsp; <strong>El cartucho se ha rellenado con un color de tinta incorrecto<\/strong><\/h3>\n\n\n\n<p>Si sueles rellenar los cartuchos de tinta, deber\u00e1s tener una serie de precauciones para hacerlo bien. Lo m\u00e1s importante es comprobar que est\u00e1s rellenando el cartucho correcto: por ejemplo, si rellenas un color con el color negro, esto explicar\u00e1 porque la impresi\u00f3n no es la correcta.<\/p>\n\n\n\n<p><strong>Importante: <\/strong>los colores que se imprimen no van a ser exactamente iguales que los que se visualizan en el ordenador. Sin embargo, puedes usar un <strong>sistema de gesti\u00f3n de color<\/strong> para lograr la m\u00e1xima precisi\u00f3n en este tipo de impresiones. Con los ajustes adecuados, conseguir\u00e1s hacer un buen trabajo.<\/p>\n\n\n\n<p><\/p>\n\n\n\n<p><\/p>\n\n\n<div id=\"rank-math-faq\" class=\"rank-math-block\">\n<div class=\"rank-math-list \">\n<div id=\"faq-question-1679044386781\" class=\"rank-math-list-item\">\n<h2 class=\"rank-math-question \">\ud83d\udeab \u00bfPor qu\u00e9 mi impresora <strong>NO<\/strong> imprime el negro?<\/h2>\n<div class=\"rank-math-answer \">\n\n<p>Oh, parece que tu impresora ha decidido hacer huelga y se niega a imprimir en negro. <\/p>\n<p>\u00a1Qu\u00e9 rebelde! <\/p>\n<p>Pero no te preocupes, aqu\u00ed hay algunas soluciones que podr\u00edan hacer que vuelva a trabajar como una impresora obediente. <\/p>\n<p>Tal vez solo necesite un poco de tinta, una limpieza de cabezales de impresi\u00f3n, o tal vez se haya equivocado de configuraci\u00f3n de impresi\u00f3n (\u00a1no se preocupe, a todos nos pasa!). <\/p>\n<p>O si realmente est\u00e1 haciendo pataleta, es posible que necesites buscar ayuda profesional para resolver sus problemas de hardware. <\/p>\n<p>\u00a1Pero no te rindas, esa impresora finalmente imprimir\u00e1 en negro nuevamente!<\/p>\n<p>Antes de llevarla al profesional revisa estos puntos, por si acaso.<\/p>\n<p><strong>\u27a8 Tinta agotada:<\/strong> Si la impresora utiliza cartuchos de tinta, es posible que el cartucho de tinta negra est\u00e9 vac\u00edo o casi vac\u00edo. Verifique el nivel de tinta en el cartucho y reempl\u00e1celo si es necesario.<\/p>\n<p><strong>\u27a8 Boquilla obstruida:<\/strong> Las boquillas de impresi\u00f3n pueden obstruirse con el tiempo, lo que puede impedir que la tinta fluya correctamente. Ejecute una limpieza de cabezales de impresi\u00f3n para solucionar el problema.<\/p>\n<p><strong>\u27a8 Configuraci\u00f3n de impresi\u00f3n incorrecta: <\/strong>Es posible que la configuraci\u00f3n de impresi\u00f3n se haya configurado incorrectamente, como la selecci\u00f3n de \u00abgrises\u00bb en lugar de \u00abnegro\u00bb. Verifique la configuraci\u00f3n de impresi\u00f3n y ajuste seg\u00fan sea necesario.<\/p>\n<p><strong>\u27a8 Problemas de software:<\/strong> A veces, los controladores de impresora pueden tener problemas que pueden afectar la capacidad de la impresora para imprimir en negro. Verifique si hay actualizaciones de software disponibles e inst\u00e1lelas.<\/p>\n<p><strong>\u27a8 Problemas de hardware:<\/strong> En algunos casos, puede haber un problema con el hardware de la impresora, como un cabezal de impresi\u00f3n da\u00f1ado o una obstrucci\u00f3n en el sistema de alimentaci\u00f3n de tinta. En este caso, puede ser necesario contactar al soporte t\u00e9cnico del fabricante de la impresora para obtener ayuda.<\/p>\n<p>Espero que estos consejos ayuden a solucionar el problema de la impresora que no imprime en negro.<\/p>\n\n<\/div>\n<\/div>\n<\/div>\n<\/div>","protected":false},"excerpt":{"rendered":"<p>Imprime negro solo en negro Tu impresora puede haber hecho una impresi\u00f3n en la que los colores sean incorrectos. Por ejemplo, puede que necesitemos imprimir un documento en color y tan solo aparezca en blanco negro; de igual manera, puede que el color no sea el correcto. La causa m\u00e1s probable del error es que&hellip;&nbsp;<a href=\"https:\/\/quecartucho.es\/blog\/la-impresora-imprime-rosa-o-verde-azul-amarillo-rojo\/la-impresora-imprime-negro-como-solucionarlo\/\" rel=\"bookmark\">Leer m\u00e1s &raquo;<span class=\"screen-reader-text\">La impresora imprime Negro<\/span><\/a><\/p>\n","protected":false},"author":1,"featured_media":18248,"parent":16165,"menu_order":0,"comment_status":"closed","ping_status":"closed","template":"","meta":{"neve_meta_sidebar":"full-width","neve_meta_container":"","neve_meta_enable_content_width":"on","neve_meta_content_width":100,"neve_meta_title_alignment":"","neve_meta_author_avatar":"","neve_post_elements_order":"","neve_meta_disable_header":"","neve_meta_disable_footer":"","neve_meta_disable_title":"","episode_type":"","audio_file":"","podmotor_file_id":"","podmotor_episode_id":"","cover_image":"","cover_image_id":"","duration":"","filesize":"","filesize_raw":"","date_recorded":"","explicit":"","block":"","footnotes":""},"class_list":["post-18203","page","type-page","status-publish","has-post-thumbnail","hentry"],"_links":{"self":[{"href":"https:\/\/quecartucho.es\/blog\/wp-json\/wp\/v2\/pages\/18203","targetHints":{"allow":["GET"]}}],"collection":[{"href":"https:\/\/quecartucho.es\/blog\/wp-json\/wp\/v2\/pages"}],"about":[{"href":"https:\/\/quecartucho.es\/blog\/wp-json\/wp\/v2\/types\/page"}],"author":[{"embeddable":true,"href":"https:\/\/quecartucho.es\/blog\/wp-json\/wp\/v2\/users\/1"}],"replies":[{"embeddable":true,"href":"https:\/\/quecartucho.es\/blog\/wp-json\/wp\/v2\/comments?post=18203"}],"version-history":[{"count":8,"href":"https:\/\/quecartucho.es\/blog\/wp-json\/wp\/v2\/pages\/18203\/revisions"}],"predecessor-version":[{"id":18868,"href":"https:\/\/quecartucho.es\/blog\/wp-json\/wp\/v2\/pages\/18203\/revisions\/18868"}],"up":[{"embeddable":true,"href":"https:\/\/quecartucho.es\/blog\/wp-json\/wp\/v2\/pages\/16165"}],"wp:featuredmedia":[{"embeddable":true,"href":"https:\/\/quecartucho.es\/blog\/wp-json\/wp\/v2\/media\/18248"}],"wp:attachment":[{"href":"https:\/\/quecartucho.es\/blog\/wp-json\/wp\/v2\/media?parent=18203"}],"curies":[{"name":"wp","href":"https:\/\/api.w.org\/{rel}","templated":true}]}}