{"id":18215,"date":"2022-12-23T10:54:36","date_gmt":"2022-12-23T08:54:36","guid":{"rendered":"https:\/\/quecartucho.es\/blog\/?page_id=18215"},"modified":"2022-12-23T11:50:01","modified_gmt":"2022-12-23T09:50:01","slug":"la-impresora-imprime-rojo","status":"publish","type":"page","link":"https:\/\/quecartucho.es\/blog\/la-impresora-imprime-rosa-o-verde-azul-amarillo-rojo\/la-impresora-imprime-rojo\/","title":{"rendered":"La impresora imprime Rojo"},"content":{"rendered":"\n<h1 class=\"wp-block-heading\"><strong>Impresora imprime rojo causas y soluciones<\/strong><\/h1>\n\n\n\n<p>Una <a href=\"https:\/\/quecartucho.es\/blog\/cuando-una-impresora-no-imprime-bien\/\">impresora podr\u00eda fallar por muchos motivos<\/a>, pero uno de los que m\u00e1s sorprenden es encontrarnos con un resultado en un \u00fanico color, o con un color m\u00e1s marcado que los otros, como podr\u00eda ser el <strong>rojo<\/strong>.<\/p>\n\n\n\n<p>\u00bfPor qu\u00e9 <strong>mi impresora imprime en rojo<\/strong>? \u00bfCu\u00e1les son las <strong>causas y soluciones<\/strong> ante este problema? Si se trata de un trabajo urgente, probablemente tengas que solucionarlo cuanto antes.<\/p>\n\n\n\n<p>Pueden ser varias cosas, por lo que vamos a ir paso a paso.<\/p>\n\n\n\n<h2 class=\"wp-block-heading\"><strong>\u00bfPor qu\u00e9 mi impresora imprime en rojo?<\/strong><\/h2>\n\n\n\n<h3 class=\"wp-block-heading\"><strong>1.<\/strong> &nbsp; &nbsp; <strong>Se ha quedado sin alg\u00fan color<\/strong><\/h3>\n\n\n\n<p>Para empezar a descartar causas, lo primero que debes hacer es consultar los <strong>niveles de tinta <\/strong>de la impresora. Es posible que te hayas quedado sin alg\u00fan color, como podr\u00eda ser el amarillo, cian, o negro; en este caso, el magenta predominar\u00e1 sobre los dem\u00e1s y es normal que la impresi\u00f3n final adquiera un toque rojizo. Digamos que la mezcla no se est\u00e1 llevando a cabo de la forma adecuada.<\/p>\n\n\n\n<p>La soluci\u00f3n a este problema est\u00e1 clara: <strong><a href=\"https:\/\/quecartucho.es\/blog\/como-cambiar-un-cartucho-de-tinta-hp\/\">cambiar el cartucho<\/a><\/strong>.<\/p>\n\n\n\n<p>Sin embargo, antes de nada, tendr\u00e1s que comprobar que, efectivamente, no tienes tinta: esto se puede hacer a trav\u00e9s del <strong>software de tu impresora<\/strong>:<\/p>\n\n\n\n<p>1) &nbsp; &nbsp; Accede a <strong>inicio -&gt; Panel de control<\/strong>.<\/p>\n\n\n\n<p>2) &nbsp; &nbsp; Pulsa sobre <strong>Impresoras y esc\u00e1neres<\/strong>.<\/p>\n\n\n\n<p>3) &nbsp; &nbsp; En la lista que te aparecer\u00e1 debes encontrar tu modelo de impresora y marcarla.<\/p>\n\n\n\n<p>4) &nbsp; &nbsp; Se har\u00e1 una r\u00e1pida revisi\u00f3n sobre el funcionamiento de la impresora. En el caso de que falte <a href=\"https:\/\/quecartucho.es\/\"><strong>tinta<\/strong><\/a>, el sistema te lo indicar\u00e1.<\/p>\n\n\n\n<h3 class=\"wp-block-heading\"><strong>2.<\/strong> &nbsp; &nbsp; <strong>Cabezales obstruidos<\/strong><\/h3>\n\n\n\n<p>Podr\u00eda ocurrir que los niveles de tinta sean correctos y, aun as\u00ed, la <strong>impresora imprime en rojo<\/strong>. La posible explicaci\u00f3n a esto es que los <a href=\"https:\/\/quecartucho.es\/blog\/que-es-un-cabezal-de-impresion\/\">cabezales<\/a> se han obstruido; esto quiere decir que no puede hacer la mezcla correcta.<\/p>\n\n\n\n<p>Para solucionar el problema, tendremos que hacer una <strong><a href=\"https:\/\/quecartucho.es\/blog\/que-es-un-cabezal-de-impresion\/como-limpiar-un-cabezal-de-impresion\/\">limpieza de cabezales<\/a><\/strong>.<\/p>\n\n\n\n<p>1) &nbsp; &nbsp; Accede a la ruta de <strong>Inicio -&gt; Panel de Control -&gt; Impresoras y Esc\u00e1neres<\/strong> (tambi\u00e9n puedes encontrar este apartado por el nombre de <strong>Dispositivos e impresoras<\/strong>).<\/p>\n\n\n\n<p>2) &nbsp; &nbsp; Busca tu modelo de impresora y pulsa clic derecho sobre la misma. Marca <strong>Preferencias de Impresi\u00f3n<\/strong> -&gt; <strong>Mantenimiento<\/strong> y finalmente haz click en <strong>Limpieza de cabezales de impresi\u00f3n<\/strong>.<\/p>\n\n\n\n<p>Dependiendo de la impresora y del modo deseado, la duraci\u00f3n de este proceso puede ser m\u00e1s o menos elevada. Nunca apagues el perif\u00e9rico mientras se est\u00e9 ejecutando, ya que se podr\u00eda da\u00f1ar.<\/p>\n\n\n\n<h3 class=\"wp-block-heading\"><strong>3.<\/strong> &nbsp; &nbsp; <strong>Usa el solucionador de problemas<\/strong><\/h3>\n\n\n\n<p>Si ninguno de los m\u00e9todos anteriores ha funcionado, siempre puedes probar con el <strong>solucionador de problemas<\/strong>. Es una opci\u00f3n de diagn\u00f3stico que eval\u00faa el funcionamiento de la impresora y nos da ciertas opciones.<\/p>\n\n\n\n<p>Esta opci\u00f3n se encuentra dentro de la <strong>configuraci\u00f3n de la impresora<\/strong>, desde Panel de Control. Simplemente debes ejecutarla y esperar a que se haga el diagn\u00f3stico correspondiente. Cuando haya concluido, te dar\u00e1 los resultados del an\u00e1lisis y diferentes opciones para que puedas dar con el problema.<\/p>\n\n\n\n<p>Estas son las causas m\u00e1s probables que explicar\u00edan el problema de que tu <strong>impresora solo imprima en rojo<\/strong>.<\/p>\n","protected":false},"excerpt":{"rendered":"<p>Impresora imprime rojo causas y soluciones Una impresora podr\u00eda fallar por muchos motivos, pero uno de los que m\u00e1s sorprenden es encontrarnos con un resultado en un \u00fanico color, o con un color m\u00e1s marcado que los otros, como podr\u00eda ser el rojo. \u00bfPor qu\u00e9 mi impresora imprime en rojo? \u00bfCu\u00e1les son las causas y&hellip;&nbsp;<a href=\"https:\/\/quecartucho.es\/blog\/la-impresora-imprime-rosa-o-verde-azul-amarillo-rojo\/la-impresora-imprime-rojo\/\" rel=\"bookmark\">Leer m\u00e1s &raquo;<span class=\"screen-reader-text\">La impresora imprime Rojo<\/span><\/a><\/p>\n","protected":false},"author":1,"featured_media":18243,"parent":16165,"menu_order":0,"comment_status":"closed","ping_status":"closed","template":"","meta":{"neve_meta_sidebar":"full-width","neve_meta_container":"","neve_meta_enable_content_width":"on","neve_meta_content_width":100,"neve_meta_title_alignment":"","neve_meta_author_avatar":"","neve_post_elements_order":"","neve_meta_disable_header":"","neve_meta_disable_footer":"","neve_meta_disable_title":"","episode_type":"","audio_file":"","podmotor_file_id":"","podmotor_episode_id":"","cover_image":"","cover_image_id":"","duration":"","filesize":"","filesize_raw":"","date_recorded":"","explicit":"","block":"","footnotes":""},"class_list":["post-18215","page","type-page","status-publish","has-post-thumbnail","hentry"],"_links":{"self":[{"href":"https:\/\/quecartucho.es\/blog\/wp-json\/wp\/v2\/pages\/18215","targetHints":{"allow":["GET"]}}],"collection":[{"href":"https:\/\/quecartucho.es\/blog\/wp-json\/wp\/v2\/pages"}],"about":[{"href":"https:\/\/quecartucho.es\/blog\/wp-json\/wp\/v2\/types\/page"}],"author":[{"embeddable":true,"href":"https:\/\/quecartucho.es\/blog\/wp-json\/wp\/v2\/users\/1"}],"replies":[{"embeddable":true,"href":"https:\/\/quecartucho.es\/blog\/wp-json\/wp\/v2\/comments?post=18215"}],"version-history":[{"count":2,"href":"https:\/\/quecartucho.es\/blog\/wp-json\/wp\/v2\/pages\/18215\/revisions"}],"predecessor-version":[{"id":18247,"href":"https:\/\/quecartucho.es\/blog\/wp-json\/wp\/v2\/pages\/18215\/revisions\/18247"}],"up":[{"embeddable":true,"href":"https:\/\/quecartucho.es\/blog\/wp-json\/wp\/v2\/pages\/16165"}],"wp:featuredmedia":[{"embeddable":true,"href":"https:\/\/quecartucho.es\/blog\/wp-json\/wp\/v2\/media\/18243"}],"wp:attachment":[{"href":"https:\/\/quecartucho.es\/blog\/wp-json\/wp\/v2\/media?parent=18215"}],"curies":[{"name":"wp","href":"https:\/\/api.w.org\/{rel}","templated":true}]}}