{"id":18231,"date":"2022-12-23T11:22:49","date_gmt":"2022-12-23T09:22:49","guid":{"rendered":"https:\/\/quecartucho.es\/blog\/?page_id=18231"},"modified":"2022-12-27T16:38:00","modified_gmt":"2022-12-27T14:38:00","slug":"la-impresora-imprime-cian","status":"publish","type":"page","link":"https:\/\/quecartucho.es\/blog\/la-impresora-imprime-rosa-o-verde-azul-amarillo-rojo\/la-impresora-imprime-cian\/","title":{"rendered":"La impresora imprime Cian"},"content":{"rendered":"\n<h1 class=\"wp-block-heading\"><strong>Imprime cian toda la p\u00e1gina<\/strong><\/h1>\n\n\n\n<p>Los <a href=\"https:\/\/quecartucho.es\/blog\/cuando-una-impresora-no-imprime-bien\/\"><strong>problemas de impresi\u00f3n<\/strong><\/a> se pueden dar en cualquier momento, pero parece ser que solo ocurre en las peores ocasiones, que es cuando m\u00e1s prisa tenemos.<\/p>\n\n\n\n<p>Muchos usuarios han reportado el problema de que la impresora <strong>imprime cian toda la p\u00e1gina<\/strong>; puede que este color predomine sobre todos los dem\u00e1s, o solo tenga una leve saturaci\u00f3n. En cualquier caso, el resultado no nos valdr\u00e1 y tendremos que buscar una soluci\u00f3n.<\/p>\n\n\n\n<p>Aqu\u00ed te indicamos el procedimiento a seguir para solucionarlo:<\/p>\n\n\n\n<h2 class=\"wp-block-heading\"><strong>Motivos de que una impresora imprima solo en cian<\/strong><\/h2>\n\n\n\n<ul class=\"wp-block-list\">\n<li><strong>Niveles de tinta demasiado bajos o agotados.<\/strong><\/li>\n\n\n\n<li><strong>Cabezal obstruido.<\/strong><\/li>\n\n\n\n<li><strong>Configuraci\u00f3n de cartucho inadecuada<\/strong>.<\/li>\n<\/ul>\n\n\n\n<h2 class=\"wp-block-heading\"><strong>\u00bfC\u00f3mo solucionar el problema de una impresora que imprime en Cian toda la p\u00e1gina?<\/strong><\/h2>\n\n\n\n<h3 class=\"wp-block-heading\"><strong>Niveles de tinta bajos o agotados<\/strong><\/h3>\n\n\n\n<p>La impresora deber\u00eda haberte avisado de que los <strong>niveles de tinta son bajos<\/strong> a trav\u00e9s de alguna alerta. Pero puede que hayas desactivado las alertas o que no te hayas dado cuenta de ello.<\/p>\n\n\n\n<p>Lo puedes comprobar desde el <strong>software de la impresora<\/strong>: nada m\u00e1s ejecutarlo se har\u00e1 un r\u00e1pido an\u00e1lisis en el que se te indicar\u00e1n los problemas del perif\u00e9rico.<\/p>\n\n\n\n<p>No dudes en sustituir el <a href=\"https:\/\/quecartucho.es\/\"><strong>cartucho de la impresora<\/strong><\/a> en el caso de que los niveles sean muy bajos; no esperes a que se terminen.<\/p>\n\n\n\n<h3 class=\"wp-block-heading\"><strong>Cabezal obstruido<\/strong><\/h3>\n\n\n\n<p>Las impresoras requieren de un cierto mantenimiento: por ejemplo, es muy importante imprimir de vez en cuando, evitando as\u00ed que el cabezal se pueda llegar a obstruir.<\/p>\n\n\n\n<p>Si esto ya ha ocurrido, desde la propia herramienta de la impresora nos encontraremos la opci\u00f3n de <strong><a href=\"https:\/\/quecartucho.es\/blog\/que-es-un-cabezal-de-impresion\/como-limpiar-un-cabezal-de-impresion\/\">limpieza de cabezales<\/a><\/strong>. Puede que tengas que activarla varias veces para que haga alg\u00fan tipo de efecto.<\/p>\n\n\n\n<p>Si esto no funciona, no quedar\u00e1 otra que hacer la limpieza de forma manual, pasando una servilleta humedecida por el lugar donde deber\u00eda estar arrojando la tinta.<\/p>\n\n\n\n<h3 class=\"wp-block-heading\"><strong>Configuraci\u00f3n de cartucho inadecuado<\/strong><\/h3>\n\n\n\n<h4 class=\"wp-block-heading\"><strong>Windows<\/strong><\/h4>\n\n\n\n<p>Puede que el software del S.O. se haya configurado para imprimir en un solo color. Para comprobar si es as\u00ed, puedes acceder a la siguiente ruta:<\/p>\n\n\n\n<p><strong>1)<\/strong> Abre el documento que quieres imprimir. Pulsa en <strong>imprimir -&gt; Ajustes<\/strong> desde el men\u00fa de impresi\u00f3n de la aplicaci\u00f3n en cuesti\u00f3n.<\/p>\n\n\n\n<p><strong>2)<\/strong> Pulsa en la pesta\u00f1a de <strong>Ajustes detallados<\/strong> y marca en <strong>Colores<\/strong>.<\/p>\n\n\n\n<p><strong>3)<\/strong> Aqu\u00ed te aparecer\u00e1n los colores que est\u00e1s utilizando en la impresi\u00f3n. Si se est\u00e1 utilizando tan solo el color azul, tendremos que desactivar la opci\u00f3n.<\/p>\n\n\n\n<p><strong>4)<\/strong> Pulsa en <strong>Aplicar <\/strong>y <strong>Aceptar<\/strong>.<\/p>\n\n\n\n<h4 class=\"wp-block-heading\"><strong>MAC<\/strong><\/h4>\n\n\n\n<p>Si este problema te est\u00e1 pasando en el sistema operativo MAC, lo puedes solucionar de esta forma:<\/p>\n\n\n\n<p>1) &nbsp; &nbsp; Abre la aplicaci\u00f3n y el documento que quieres imprimir. Pulsa en <strong>imprimir <\/strong>y despu\u00e9s abre los <strong>ajustes de impresi\u00f3n<\/strong>.<\/p>\n\n\n\n<p>2) &nbsp; &nbsp; Configura los criterios de impresi\u00f3n (como la orientaci\u00f3n del papel, tipo, tama\u00f1o, entre otros).<\/p>\n\n\n\n<p>3) &nbsp; &nbsp; Marca <strong>Color<\/strong> y accede a la opci\u00f3n de <strong><em>Features Sets<\/em><\/strong><strong>. <\/strong>Pulsa en<strong> Separar en CMYK <\/strong>y marca los colores que vayas a utilizar.<\/p>\n\n\n\n<p>4) &nbsp; &nbsp; Acepta las opciones.<\/p>\n\n\n\n<p>Haz una impresi\u00f3n de prueba para ver si se sigue imprimiendo cian en toda la p\u00e1gina, o si se ha solucionado el problema.<\/p>\n","protected":false},"excerpt":{"rendered":"<p>Imprime cian toda la p\u00e1gina Los problemas de impresi\u00f3n se pueden dar en cualquier momento, pero parece ser que solo ocurre en las peores ocasiones, que es cuando m\u00e1s prisa tenemos. Muchos usuarios han reportado el problema de que la impresora imprime cian toda la p\u00e1gina; puede que este color predomine sobre todos los dem\u00e1s,&hellip;&nbsp;<a href=\"https:\/\/quecartucho.es\/blog\/la-impresora-imprime-rosa-o-verde-azul-amarillo-rojo\/la-impresora-imprime-cian\/\" rel=\"bookmark\">Leer m\u00e1s &raquo;<span class=\"screen-reader-text\">La impresora imprime Cian<\/span><\/a><\/p>\n","protected":false},"author":1,"featured_media":18240,"parent":16165,"menu_order":0,"comment_status":"closed","ping_status":"closed","template":"","meta":{"neve_meta_sidebar":"full-width","neve_meta_container":"","neve_meta_enable_content_width":"on","neve_meta_content_width":100,"neve_meta_title_alignment":"","neve_meta_author_avatar":"","neve_post_elements_order":"","neve_meta_disable_header":"","neve_meta_disable_footer":"","neve_meta_disable_title":"","episode_type":"","audio_file":"","podmotor_file_id":"","podmotor_episode_id":"","cover_image":"","cover_image_id":"","duration":"","filesize":"","filesize_raw":"","date_recorded":"","explicit":"","block":"","footnotes":""},"class_list":["post-18231","page","type-page","status-publish","has-post-thumbnail","hentry"],"_links":{"self":[{"href":"https:\/\/quecartucho.es\/blog\/wp-json\/wp\/v2\/pages\/18231","targetHints":{"allow":["GET"]}}],"collection":[{"href":"https:\/\/quecartucho.es\/blog\/wp-json\/wp\/v2\/pages"}],"about":[{"href":"https:\/\/quecartucho.es\/blog\/wp-json\/wp\/v2\/types\/page"}],"author":[{"embeddable":true,"href":"https:\/\/quecartucho.es\/blog\/wp-json\/wp\/v2\/users\/1"}],"replies":[{"embeddable":true,"href":"https:\/\/quecartucho.es\/blog\/wp-json\/wp\/v2\/comments?post=18231"}],"version-history":[{"count":2,"href":"https:\/\/quecartucho.es\/blog\/wp-json\/wp\/v2\/pages\/18231\/revisions"}],"predecessor-version":[{"id":18267,"href":"https:\/\/quecartucho.es\/blog\/wp-json\/wp\/v2\/pages\/18231\/revisions\/18267"}],"up":[{"embeddable":true,"href":"https:\/\/quecartucho.es\/blog\/wp-json\/wp\/v2\/pages\/16165"}],"wp:featuredmedia":[{"embeddable":true,"href":"https:\/\/quecartucho.es\/blog\/wp-json\/wp\/v2\/media\/18240"}],"wp:attachment":[{"href":"https:\/\/quecartucho.es\/blog\/wp-json\/wp\/v2\/media?parent=18231"}],"curies":[{"name":"wp","href":"https:\/\/api.w.org\/{rel}","templated":true}]}}