{"id":18234,"date":"2022-12-23T11:26:10","date_gmt":"2022-12-23T09:26:10","guid":{"rendered":"https:\/\/quecartucho.es\/blog\/?page_id=18234"},"modified":"2022-12-23T11:43:47","modified_gmt":"2022-12-23T09:43:47","slug":"la-impresora-imprime-magenta","status":"publish","type":"page","link":"https:\/\/quecartucho.es\/blog\/la-impresora-imprime-rosa-o-verde-azul-amarillo-rojo\/la-impresora-imprime-magenta\/","title":{"rendered":"La impresora imprime Magenta"},"content":{"rendered":"\n<h1 class=\"wp-block-heading\"><strong>Imprime rosa<\/strong><\/h1>\n\n\n\n<p>\u00bfTe has encontrado con una imagen o documento impreso importante en color rosa? Puede que no sea totalmente rosa, pero s\u00ed que exista una elevada saturaci\u00f3n en relaci\u00f3n con este color.<\/p>\n\n\n\n<p>En casos m\u00e1s graves, es posible que el color negro (o cualquier otro) haya sido sustituido directamente por el color magenta.<\/p>\n\n\n\n<p>\u00bfQu\u00e9 es lo que est\u00e1 pasando? \u00bfPor qu\u00e9 la <strong>impresora imprime rosa<\/strong>? Aqu\u00ed vamos a ver algunos de los posibles problemas y soluciones a aplicar.<\/p>\n\n\n\n<h2 class=\"wp-block-heading\"><strong>\u00bfC\u00f3mo se explica que mi impresora imprima rosa?<\/strong><\/h2>\n\n\n\n<h3 class=\"wp-block-heading\"><strong>Revisi\u00f3n de los niveles de tinta<\/strong><\/h3>\n\n\n\n<p>Empieza revisando los <strong>niveles de tinta<\/strong>. Puede que alg\u00fan color se haya agotado y la impresora lo est\u00e9 sustituyendo por el color magenta; con la proporci\u00f3n adecuada, a partir de ah\u00ed se consigue el rosa.<\/p>\n\n\n\n<p>Esta comprobaci\u00f3n se puede hacer a trav\u00e9s de la herramienta correspondiente de los cabezales desde el software del sistema operativo (desde <strong>Panel de Control -&gt; Impresoras<\/strong>), desde la <strong>app para m\u00f3vil<\/strong> o desde la <strong>pantalla t\u00e1ctil<\/strong> si contamos con una impresora actual.<\/p>\n\n\n\n<p>Si alguno de los <strong><a href=\"https:\/\/quecartucho.es\/\">cartuchos<\/a><\/strong> no tiene tinta, o el nivel es muy bajo, es el momento de hacer el cambio sin pens\u00e1rselo. Aunque creas que tenga tinta suficiente, puede que no lo sea para hacer la mezcla y por eso aparecen tus documentos en rosa.<\/p>\n\n\n\n<h3 class=\"wp-block-heading\"><strong>Cabezales obstruidos<\/strong><\/h3>\n\n\n\n<p>Otra posibilidad es que los niveles de tinta sean los adecuados y, aun as\u00ed, falte alg\u00fan color como el negro. En ese caso, lo que est\u00e1 pasando es que el cartucho de tinta se ha obstruido.<\/p>\n\n\n\n<p>La mayor\u00eda de los modelos de impresoras actuales cuentan con alguna funci\u00f3n que permite <strong>comprobar los cabezales obstruidos o boquillas<\/strong>.<\/p>\n\n\n\n<p>En el caso de que se trate de una impresora Epson, podemos acceder a la ruta de <strong>Utilidades \u2013 Comprobaci\u00f3n de cabezales<\/strong> y as\u00ed se activar\u00e1 una funci\u00f3n para determinar si algo raro est\u00e1 pasando con dichos componentes.<\/p>\n\n\n\n<p>La soluci\u00f3n a aplicar es la funci\u00f3n de <strong><a href=\"https:\/\/quecartucho.es\/blog\/que-es-un-cabezal-de-impresion\/como-limpiar-un-cabezal-de-impresion\/\">limpieza de cabezales<\/a><\/strong>. Esta se puede activar desde la propia configuraci\u00f3n de la impresora y tardar\u00e1 un tiempo. Puede que tengas que activarla varias veces para notar alguna diferencia.<\/p>\n\n\n\n<p>Si la obstrucci\u00f3n del cartucho es muy extrema, no te quedar\u00e1 otra que llevarla a cabo de forma manual: para ello tienes que aplicar un poco de <strong>alcohol isoprop\u00edlico<\/strong> con una servilleta en el propio cabezal. En el momento en el que empiece a manchar significar\u00e1 que se ha solucionado el atasco.<\/p>\n\n\n\n<h3 class=\"wp-block-heading\"><strong>Problema de software<\/strong><\/h3>\n\n\n\n<p>Una <strong>incorrecta configuraci\u00f3n<\/strong> o un fallo en alguna <strong>actualizaci\u00f3n<\/strong> tambi\u00e9n podr\u00eda explicar este problema. Por ejemplo, muchos usuarios de IOS han reportado problemas de impresi\u00f3n con colores an\u00f3malos despu\u00e9s de las \u00faltimas actualizaciones.<\/p>\n\n\n\n<p>Lo primero que debemos hacer es si existe una nueva actualizaci\u00f3n que pueda solucionar el problema. Tambi\u00e9n podemos probar a desinstalar el controlador y volverlo a instalar, por si se hubiera estropeado.<\/p>\n\n\n\n<p>Echa un vistazo a los <strong>foros oficiales<\/strong> para ver si la compa\u00f1\u00eda de tu impresora tiene alguna soluci\u00f3n para el problema.<\/p>\n\n\n\n<p>Con este procedimiento podr\u00e1s solucionar el problema de la impresora que <strong>imprime rosa<\/strong>.<\/p>\n","protected":false},"excerpt":{"rendered":"<p>Imprime rosa \u00bfTe has encontrado con una imagen o documento impreso importante en color rosa? Puede que no sea totalmente rosa, pero s\u00ed que exista una elevada saturaci\u00f3n en relaci\u00f3n con este color. En casos m\u00e1s graves, es posible que el color negro (o cualquier otro) haya sido sustituido directamente por el color magenta. \u00bfQu\u00e9&hellip;&nbsp;<a href=\"https:\/\/quecartucho.es\/blog\/la-impresora-imprime-rosa-o-verde-azul-amarillo-rojo\/la-impresora-imprime-magenta\/\" rel=\"bookmark\">Leer m\u00e1s &raquo;<span class=\"screen-reader-text\">La impresora imprime Magenta<\/span><\/a><\/p>\n","protected":false},"author":1,"featured_media":18242,"parent":16165,"menu_order":0,"comment_status":"closed","ping_status":"closed","template":"","meta":{"neve_meta_sidebar":"full-width","neve_meta_container":"","neve_meta_enable_content_width":"on","neve_meta_content_width":100,"neve_meta_title_alignment":"","neve_meta_author_avatar":"","neve_post_elements_order":"","neve_meta_disable_header":"","neve_meta_disable_footer":"","neve_meta_disable_title":"","episode_type":"","audio_file":"","podmotor_file_id":"","podmotor_episode_id":"","cover_image":"","cover_image_id":"","duration":"","filesize":"","filesize_raw":"","date_recorded":"","explicit":"","block":"","footnotes":""},"class_list":["post-18234","page","type-page","status-publish","has-post-thumbnail","hentry"],"_links":{"self":[{"href":"https:\/\/quecartucho.es\/blog\/wp-json\/wp\/v2\/pages\/18234","targetHints":{"allow":["GET"]}}],"collection":[{"href":"https:\/\/quecartucho.es\/blog\/wp-json\/wp\/v2\/pages"}],"about":[{"href":"https:\/\/quecartucho.es\/blog\/wp-json\/wp\/v2\/types\/page"}],"author":[{"embeddable":true,"href":"https:\/\/quecartucho.es\/blog\/wp-json\/wp\/v2\/users\/1"}],"replies":[{"embeddable":true,"href":"https:\/\/quecartucho.es\/blog\/wp-json\/wp\/v2\/comments?post=18234"}],"version-history":[{"count":2,"href":"https:\/\/quecartucho.es\/blog\/wp-json\/wp\/v2\/pages\/18234\/revisions"}],"predecessor-version":[{"id":18238,"href":"https:\/\/quecartucho.es\/blog\/wp-json\/wp\/v2\/pages\/18234\/revisions\/18238"}],"up":[{"embeddable":true,"href":"https:\/\/quecartucho.es\/blog\/wp-json\/wp\/v2\/pages\/16165"}],"wp:featuredmedia":[{"embeddable":true,"href":"https:\/\/quecartucho.es\/blog\/wp-json\/wp\/v2\/media\/18242"}],"wp:attachment":[{"href":"https:\/\/quecartucho.es\/blog\/wp-json\/wp\/v2\/media?parent=18234"}],"curies":[{"name":"wp","href":"https:\/\/api.w.org\/{rel}","templated":true}]}}