{"id":18378,"date":"2023-01-10T18:35:51","date_gmt":"2023-01-10T16:35:51","guid":{"rendered":"https:\/\/quecartucho.es\/blog\/?page_id=18378"},"modified":"2023-01-10T19:17:00","modified_gmt":"2023-01-10T17:17:00","slug":"como-calibrar-los-colores-de-una-impresora","status":"publish","type":"page","link":"https:\/\/quecartucho.es\/blog\/como-calibrar-los-colores-de-una-impresora\/","title":{"rendered":"C\u00f3mo calibrar los colores de una impresora"},"content":{"rendered":"\n<p>C\u00f3mo conseguir que tu impresora no te haga el feo y te imprima los colores como Dios manda.<\/p>\n\n\n\n<p>\u00bfAlguna vez te has preguntado por qu\u00e9 a veces las impresiones salen verdes cuando deber\u00edan ser azules? \u00bfO por qu\u00e9 el rojo es demasiado intenso? Pues amigo, es porque t\u00fa no has calibrado correctamente tus colores.<\/p>\n\n\n\n<p>Pero tranquilo, que aqu\u00ed estamos para ayudarte. A continuaci\u00f3n te daremos las instrucciones para calibrar tu impresora en los diferentes sistemas operativos. \u00a1Aqu\u00ed vamos!<\/p>\n\n\n<div id=\"rank-math-faq\" class=\"rank-math-block\">\n<div class=\"rank-math-list \">\n<div id=\"faq-question-1673368499450\" class=\"rank-math-list-item\">\n<h2 class=\"rank-math-question \">\u00bfPor qu\u00e9 es tan importante calibrar el color de una impresora?<\/h2>\n<div class=\"rank-math-answer \">\n<img loading=\"lazy\" decoding=\"async\" width=\"150\" height=\"150\" src=\"https:\/\/quecartucho.es\/blog\/wp-content\/uploads\/2023\/01\/\u00bfPor-que-es-tan-importante-calibrar-el-color-de-una-impresora-1-150x150.jpg\" class=\"alignright\" alt=\"\u00bfPor qu\u00e9 es tan importante calibrar el color de una impresora?\" title=\"\">\n<p>F\u00e1cil. Porque, de lo contrario, tu impresora te estar\u00e1 enga\u00f1ando y te estar\u00e1 dando unos colores que no se corresponden con lo que ves en pantalla. \u00a1Y eso no est\u00e1 bien!<\/p>\n<p>La impresora utiliza una mezcla de tintas de diferentes cartuchos para lograr los colores secundarios. Por ejemplo, el color naranja se consigue mezclando amarillo y rojo. Si el amarillo est\u00e1 mal calibrado, puede que el naranja salga como rojo. \u00a1Y eso no es nada bonito! Pod\u00e9is ver m\u00e1s informaci\u00f3n sobre este tema en: \u00ab<a href=\"https:\/\/quecartucho.es\/blog\/la-impresora-imprime-rosa-o-verde-azul-amarillo-rojo\/\">La impresora no imprime bien los colores (rosa, verde, azul, amarillo, rojo<\/a>)\u00bb<\/p>\n<p>Adem\u00e1s, calibrar tambi\u00e9n te permitir\u00e1 conseguir una mejor calidad en tus impresiones a color.<\/p>\n\n<\/div>\n<\/div>\n<\/div>\n<\/div>\n\n\n<h3 class=\"wp-block-heading\">\u00bfC\u00f3mo calibrar los colores en Windows?<\/h3>\n\n\n\n<ol class=\"wp-block-list\">\n<li>Accede al panel de control y busca \u00abDispositivos e impresoras\u00bb.<\/li>\n\n\n\n<li>Haz clic derecho en la impresora que quieres calibrar y selecciona \u00abPropiedades de impresi\u00f3n\u00bb o \u00abPreferencias de impresi\u00f3n\u00bb.<\/li>\n\n\n\n<li>Busca el apartado de administraci\u00f3n de colores y sigue las instrucciones que te den.<\/li>\n<\/ol>\n\n\n\n<p><\/p>\n\n\n\n<h3 class=\"wp-block-heading\">\u00bfC\u00f3mo calibrar los colores en MAC?<\/h3>\n\n\n\n<p>Calibrar los colores en una impresora en un sistema operativo Mac es similar al proceso en Windows, pero con algunas diferencias en los pasos espec\u00edficos. Aqu\u00ed te doy una gu\u00eda general del proceso:<\/p>\n\n\n\n<ol class=\"wp-block-list\">\n<li>Abre el men\u00fa de preferencias de impresoras y escaneres en tu Mac, se encuentra en el sistema en Aplicaciones &gt; Utilidades &gt; Impresoras y esc\u00e1neres.<\/li>\n\n\n\n<li>Haz clic derecho en la impresora que quieres calibrar y selecciona \u00abAbrir preferencias de impresora\u00bb.<\/li>\n\n\n\n<li>Busca la secci\u00f3n de \u00abColores y Calidad de impresi\u00f3n\u00bb y haz clic en el bot\u00f3n \u00abCalibrar\u00bb.<\/li>\n\n\n\n<li>En algunas impresoras podr\u00edas tener que seleccionar el \u00abModo de Calibraci\u00f3n\u00bb, en este caso, selecciona el que m\u00e1s te convenga.<\/li>\n\n\n\n<li>Sigue las instrucciones en pantalla para completar el proceso de calibraci\u00f3n. Puede que te pidan imprimir un patr\u00f3n de prueba y utilizar una herramienta de medici\u00f3n para medir los colores impresos.<\/li>\n\n\n\n<li>Una vez que hayas completado el proceso, imprime algo de color y compara los colores impresos con los que viste en pantalla. Si todo est\u00e1 en su sitio, \u00a1enhorabuena! has calibrado correctamente tus colores.<\/li>\n<\/ol>\n\n\n\n<p>Ten en cuenta que cada impresora puede tener un proceso de calibraci\u00f3n diferente, as\u00ed que te recomendar\u00eda revisar el manual del usuario o la gu\u00eda en l\u00ednea para obtener informaci\u00f3n espec\u00edfica para tu modelo de impresora.<\/p>\n\n\n\n<p><\/p>\n\n\n\n<h2 class=\"wp-block-heading\">\u00bfPor qu\u00e9 seguir viendo a tu impresora y monitor como dos extra\u00f1os desconocidos? \u00a1Es hora de que se conozcan y se pongan al d\u00eda!<\/h2>\n\n\n\n<p>S\u00ed, amigos, no solo es importante calibrar tu impresora, sino tambi\u00e9n tu monitor. De lo contrario, podr\u00edas imprimir una hermosa foto de tu perro en tonos rosados y verde lima. \u00a1Y eso no es lo que queremos!<\/p>\n\n\n\n<p>La raz\u00f3n es sencilla: la impresora se basa en los colores CMYK (Cian, Magenta, Amarillo, y Negro) para mostrar todos los colores de las im\u00e1genes. Pero el monitor, ese gran artista, puede mostrar millones de colores, cada p\u00edxel puede mostrar un color que es el resultado de la mezcla de los colores RGB (Rojo, Verde, y Azul).<\/p>\n\n\n\n<p>As\u00ed que si no has calibrado, puedes obtener im\u00e1genes muy diferentes en el papel en relaci\u00f3n a lo que viste en la pantalla (pueden ser m\u00e1s oscuras, m\u00e1s claras o con colores totalmente distintos).<\/p>\n\n\n\n<h2 class=\"wp-block-heading\">\u00bfC\u00f3mo calibrar entonces? Bueno, hay tres cosas clave:<\/h2>\n\n\n\n<div class=\"wp-block-columns is-layout-flex wp-container-core-columns-is-layout-9d6595d7 wp-block-columns-is-layout-flex\">\n<div class=\"wp-block-column is-layout-flow wp-block-column-is-layout-flow\">\n<ol class=\"wp-block-list\">\n<li><strong>Configuraci\u00f3n y mantenimiento de los cabezales<\/strong>. Aseg\u00farate de que los <a href=\"https:\/\/quecartucho.es\/\">cartuchos de tinta<\/a> est\u00e1n colocados correctamente y funcionando correctamente. Tambi\u00e9n es recomendable hacer una alineaci\u00f3n de cabezales.<\/li>\n\n\n\n<li><strong>Actualizaci\u00f3n de drivers<\/strong>. Es crucial trabajar con los \u00faltimos drivers o controladores, directamente desde la web del fabricante, para evitar descargar cualquier archivo fraudulento que pueda da\u00f1ar tu ordenador.<\/li>\n\n\n\n<li><strong>Perfiles ICC<\/strong>. International Color Consortium son perfiles de color espec\u00edficos para diferentes dispositivos, ofrecidos por fabricantes y disponibles en internet. Busca el perfil adecuado y desc\u00e1rgalo en tu PC, o si no est\u00e1 disponible, sol\u00edcita uno nuevo a la marca.<\/li>\n<\/ol>\n<\/div>\n\n\n\n<div class=\"wp-block-column is-layout-flow wp-block-column-is-layout-flow\">\n<figure class=\"wp-block-image size-full\"><img loading=\"lazy\" decoding=\"async\" width=\"643\" height=\"379\" src=\"https:\/\/quecartucho.es\/blog\/wp-content\/uploads\/2023\/01\/calibrar-lo-que-vemos-en-la-pantalla-con-lo-que-imprime-la-impresora.jpg\" alt=\"Calibrar lo que vemos en la pantalla con lo que imprime la impresora\" class=\"wp-image-18388\" title=\"\" srcset=\"https:\/\/quecartucho.es\/blog\/wp-content\/uploads\/2023\/01\/calibrar-lo-que-vemos-en-la-pantalla-con-lo-que-imprime-la-impresora.jpg 643w, https:\/\/quecartucho.es\/blog\/wp-content\/uploads\/2023\/01\/calibrar-lo-que-vemos-en-la-pantalla-con-lo-que-imprime-la-impresora-300x177.jpg 300w\" sizes=\"auto, (max-width: 643px) 100vw, 643px\" \/><\/figure>\n<\/div>\n<\/div>\n\n\n\n<p><\/p>\n\n\n\n<p>Siguiendo estos pasos, conseguir\u00e1s una mayor concordancia entre lo que ves en el monitor y lo que imprimes. \u00a1As\u00ed que no esperes m\u00e1s y comienza la fiesta de la calibraci\u00f3n! \u00ab<\/p>\n\n\n\n<p>\u00a1Eso es! Ahora solo tienes que imprimir una foto de un arco iris y comprobar si todo est\u00e1 en su sitio. \u00a1Que imprimas feliz!<\/p>\n","protected":false},"excerpt":{"rendered":"<p>C\u00f3mo conseguir que tu impresora no te haga el feo y te imprima los colores como Dios manda. \u00bfAlguna vez te has preguntado por qu\u00e9 a veces las impresiones salen verdes cuando deber\u00edan ser azules? \u00bfO por qu\u00e9 el rojo es demasiado intenso? Pues amigo, es porque t\u00fa no has calibrado correctamente tus colores. Pero&hellip;&nbsp;<a href=\"https:\/\/quecartucho.es\/blog\/como-calibrar-los-colores-de-una-impresora\/\" rel=\"bookmark\">Leer m\u00e1s &raquo;<span class=\"screen-reader-text\">C\u00f3mo calibrar los colores de una impresora<\/span><\/a><\/p>\n","protected":false},"author":1,"featured_media":18379,"parent":0,"menu_order":0,"comment_status":"closed","ping_status":"closed","template":"","meta":{"neve_meta_sidebar":"full-width","neve_meta_container":"","neve_meta_enable_content_width":"on","neve_meta_content_width":100,"neve_meta_title_alignment":"","neve_meta_author_avatar":"","neve_post_elements_order":"","neve_meta_disable_header":"","neve_meta_disable_footer":"","neve_meta_disable_title":"","episode_type":"","audio_file":"","podmotor_file_id":"","podmotor_episode_id":"","cover_image":"","cover_image_id":"","duration":"","filesize":"","filesize_raw":"","date_recorded":"","explicit":"","block":"","footnotes":""},"class_list":["post-18378","page","type-page","status-publish","has-post-thumbnail","hentry"],"_links":{"self":[{"href":"https:\/\/quecartucho.es\/blog\/wp-json\/wp\/v2\/pages\/18378","targetHints":{"allow":["GET"]}}],"collection":[{"href":"https:\/\/quecartucho.es\/blog\/wp-json\/wp\/v2\/pages"}],"about":[{"href":"https:\/\/quecartucho.es\/blog\/wp-json\/wp\/v2\/types\/page"}],"author":[{"embeddable":true,"href":"https:\/\/quecartucho.es\/blog\/wp-json\/wp\/v2\/users\/1"}],"replies":[{"embeddable":true,"href":"https:\/\/quecartucho.es\/blog\/wp-json\/wp\/v2\/comments?post=18378"}],"version-history":[{"count":7,"href":"https:\/\/quecartucho.es\/blog\/wp-json\/wp\/v2\/pages\/18378\/revisions"}],"predecessor-version":[{"id":18390,"href":"https:\/\/quecartucho.es\/blog\/wp-json\/wp\/v2\/pages\/18378\/revisions\/18390"}],"wp:featuredmedia":[{"embeddable":true,"href":"https:\/\/quecartucho.es\/blog\/wp-json\/wp\/v2\/media\/18379"}],"wp:attachment":[{"href":"https:\/\/quecartucho.es\/blog\/wp-json\/wp\/v2\/media?parent=18378"}],"curies":[{"name":"wp","href":"https:\/\/api.w.org\/{rel}","templated":true}]}}