{"id":18457,"date":"2023-01-16T19:39:54","date_gmt":"2023-01-16T17:39:54","guid":{"rendered":"https:\/\/quecartucho.es\/blog\/?page_id=18457"},"modified":"2024-08-01T16:41:19","modified_gmt":"2024-08-01T14:41:19","slug":"como-imprimir-etiquetas-adhesivas","status":"publish","type":"page","link":"https:\/\/quecartucho.es\/blog\/como-imprimir-etiquetas-adhesivas\/","title":{"rendered":"C\u00f3mo imprimir etiquetas adhesivas"},"content":{"rendered":"\n<p><\/p>\n\n\n\n<div class=\"wp-block-columns is-layout-flex wp-container-core-columns-is-layout-9d6595d7 wp-block-columns-is-layout-flex\">\n<div class=\"wp-block-column is-layout-flow wp-block-column-is-layout-flow\">\n<p>\u00bfTodav\u00eda no sabes <strong>c\u00f3mo imprimir etiquetas adhesivas<\/strong>? Pueden resultar muy pr\u00e1cticas a la hora de aplicarlas a diferentes soportes, como cart\u00f3n, pl\u00e1stico, cristal, consiguiendo una total adherencia. Por ejemplo, podr\u00edan ser muy interesantes en el \u00e1mbito del packaging a la hora de dar a conocer alg\u00fan tipo de producto.<\/p>\n\n\n\n<p>Sin embargo, no es tan f\u00e1cil como elegir la imagen y pulsar en imprimir, sino que necesitaremos de un tipo de software especial, as\u00ed como de impresoras especiales que permitan conseguir este efecto.<\/p>\n\n\n\n<p>Vamos a hacer un completo recorrido para ense\u00f1arte como debes hacerlo:<\/p>\n<\/div>\n\n\n\n<div class=\"wp-block-column is-layout-flow wp-block-column-is-layout-flow\">\n<p><\/p>\n\n\n<div class=\"wp-block-image\">\n<figure class=\"aligncenter size-medium\"><img loading=\"lazy\" decoding=\"async\" width=\"300\" height=\"282\" src=\"https:\/\/quecartucho.es\/blog\/wp-content\/uploads\/2023\/01\/impresora-digital-de-etiquetas-bajo-demanda-300x282.webp\" alt=\"\" class=\"wp-image-18464\" title=\"\" srcset=\"https:\/\/quecartucho.es\/blog\/wp-content\/uploads\/2023\/01\/impresora-digital-de-etiquetas-bajo-demanda-300x282.webp 300w, https:\/\/quecartucho.es\/blog\/wp-content\/uploads\/2023\/01\/impresora-digital-de-etiquetas-bajo-demanda-1024x961.webp 1024w, https:\/\/quecartucho.es\/blog\/wp-content\/uploads\/2023\/01\/impresora-digital-de-etiquetas-bajo-demanda-768x721.webp 768w, https:\/\/quecartucho.es\/blog\/wp-content\/uploads\/2023\/01\/impresora-digital-de-etiquetas-bajo-demanda-1536x1442.webp 1536w, https:\/\/quecartucho.es\/blog\/wp-content\/uploads\/2023\/01\/impresora-digital-de-etiquetas-bajo-demanda.webp 2000w\" sizes=\"auto, (max-width: 300px) 100vw, 300px\" \/><\/figure>\n<\/div><\/div>\n<\/div>\n\n\n\n<h2 class=\"wp-block-heading\"><strong>Programas y aplicaciones para dise\u00f1ar e imprimir stickers adhesivos<\/strong><\/h2>\n\n\n\n<p>El primer paso ser\u00e1 encontrar un <strong>programa para imprimir <a href=\"https:\/\/quecartucho.es\/16246-etiquetas\">etiquetas adhesivas<\/a><\/strong>. Nada m\u00e1s echar un vistazo a Google se pueden visualizar diferentes opciones\u2026 sin embargo, habr\u00e1 que evaluar si realmente son interesantes, f\u00e1ciles de utilizar y si se adaptan a lo que buscamos.<\/p>\n\n\n\n<p>Aqu\u00ed podr\u00e1s conocer las m\u00e1s interesantes:<\/p>\n\n\n\n<h3 class=\"wp-block-heading\"><strong>Label Joy<\/strong><\/h3>\n\n\n\n<p><strong>Label Joy<\/strong> es una interesante propuesta para dise\u00f1ar etiquetas a nivel profesional. Se caracteriza por estar muy completo y por ser muy f\u00e1cil de utilizar. Con unos sencillos pasos podr\u00e1s obtener c\u00f3digos de barras lineales o en 2D, adem\u00e1s de poder importar datos de diferentes fuentes.<\/p>\n\n\n\n<p>Si lo que necesitas es <strong>imprimir c\u00f3digos QR<\/strong>, este programa tambi\u00e9n te va a valer.<\/p>\n\n\n\n<h3 class=\"wp-block-heading\"><strong>Avery Design And Print<\/strong><\/h3>\n\n\n\n<p>Esta alternativa es muy interesante para el <strong>dise\u00f1o de etiquetas<\/strong>, pero tambi\u00e9n ofrece muchas opciones para el dise\u00f1o de tarjetas, portadas, car\u00e1tulas, entre otros elementos gr\u00e1ficos.<\/p>\n\n\n\n<p>Puedes elegir empezar el trabajo desde cero, o bien emplear algunas de las plantillas que el programa trae de serie.<\/p>\n\n\n\n<p>Lo mejor de todo es que no hace falta descargarlo, por lo que es posible utilizarlo online.<\/p>\n\n\n\n<h3 class=\"wp-block-heading\"><strong>iPrint &amp; Label<\/strong><\/h3>\n\n\n\n<p><strong>iPrint &amp; Label <\/strong>es una app completamente gratuita que se puede descargar tanto para dispositivos Android, como para IOS. Es la mejor opci\u00f3n para <strong>imprimir etiquetas adhesivas<\/strong> desde el tel\u00e9fono m\u00f3vil.<\/p>\n\n\n\n<p>Puedes agregar cualquier imagen que tengas en la memoria del tel\u00e9fono.<\/p>\n\n\n\n<p>Adem\u00e1s, trae una serie de plantillas para que no tengas que crear el dise\u00f1o desde cero.<\/p>\n\n\n\n<h3 class=\"wp-block-heading\"><strong>Plabel WIN Lite<\/strong><\/h3>\n\n\n\n<p>Es una opci\u00f3n gratuita de <strong>dise\u00f1o de etiquetas profesional desde casa<\/strong>. Te permite a\u00f1adir plantillas predefinidas a las que les puedes incorporar im\u00e1genes, textos, c\u00f3digos de barras, l\u00edneas, entre otros elementos.<\/p>\n\n\n\n<h3 class=\"wp-block-heading\"><strong>Codesoft<\/strong><\/h3>\n\n\n\n<p>Nuestra \u00faltima opci\u00f3n es <strong>Codesoft<\/strong>, un programa de retoque profesional muy vers\u00e1til, capaz de darte amplias opciones de retoque.<\/p>\n\n\n\n<p>Una de sus caracter\u00edsticas por excelencia es que nos permite trabajar con cualquier formato de etiquetado.<\/p>\n\n\n<div id=\"rank-math-faq\" class=\"rank-math-block\">\n<div class=\"rank-math-list \">\n<div id=\"faq-question-1673889983565\" class=\"rank-math-list-item\">\n<h2 class=\"rank-math-question \"><strong>\u00bfQu\u00e9 se necesita para imprimir etiquetas adhesivas?<\/strong><\/h2>\n<div class=\"rank-math-answer \">\n<img loading=\"lazy\" decoding=\"async\" width=\"300\" height=\"200\" src=\"https:\/\/quecartucho.es\/blog\/wp-content\/uploads\/2023\/01\/etiquetas-navidad-imprimir-300x200.jpg\" class=\"alignright\" alt=\"etiquetas navidad imprimir\" title=\"\">\n<p>Aunque hayamos elegido el mejor programa para imprimir etiquetas adhesivas, no servir\u00e1 de nada si no tenemos un dispositivo que sea compatible con este soporte. Estas son las 3 opciones m\u00e1s comunes:<br \/><strong>1.<\/strong> <strong>Impresora<\/strong><br \/><strong>2.<\/strong> <strong>Vinilo Plotter Adhesivo<\/strong><br \/><strong>3.<\/strong> <strong>Plotter de corte<\/strong><br \/><strong>4.<\/strong> <strong>Papel<\/strong><\/p>\n\n<\/div>\n<\/div>\n<\/div>\n<\/div>\n\n\n<h3 class=\"wp-block-heading\"><strong>1.<\/strong> &nbsp; &nbsp; <strong>Impresora<\/strong><\/h3>\n\n\n\n<p>No vale cualquier impresora, sino que debe ser una<strong> <\/strong><a href=\"https:\/\/quecartucho.es\/blog\/impresoras-de-etiquetas\/\"><strong>impresora especial<\/strong> que tenga la funci\u00f3n de <strong>imprimir etiquetas adhesivas<\/strong><\/a>.<\/p>\n\n\n\n<p>Es posible encontrar 3 grandes tipos de impresoras para este uso:<\/p>\n\n\n\n<ul class=\"wp-block-list\">\n<li><strong>Impresora t\u00e9rmica directa: <\/strong>en este tipo de impresi\u00f3n, el cabezal es el que incide directamente sobre el papel o rollo fotosensible que pueda reaccionar al calor del mismo. Es una buena opci\u00f3n para aplicaciones en las que no se necesita que la durabilidad sea demasiado elevada (Con un ciclo de vida corto). Podr\u00eda usarse para tickets de supermercados, o para pulseras identificativas de centros de salud. Esta impresi\u00f3n no se recomienda exponerla al sol o acabar por borrarse por completo.<br>Si est\u00e1s considerando esta opci\u00f3n te recomendamos que veas nuestro art\u00edculo \u00ab<a href=\"https:\/\/quecartucho.es\/blog\/como-imprimir-etiquetas-en-una-impresora-termica\/\">\u00bfC\u00f3mo imprimir etiquetas en una impresora t\u00e9rmica?<\/a>\u00ab<\/li>\n\n\n\n<li><strong>Impresora de transferencia t\u00e9rmica: <\/strong>a diferencia de la anterior, se recomienda para etiquetas y tickets que necesiten de una mayor duraci\u00f3n. En esta impresi\u00f3n, la cera se derretir\u00e1 por el calor y se transferir\u00e1 al papel con una fijaci\u00f3n m\u00e1s s\u00f3lida. No requiere de un papel fotosensible, por lo que se puede usar en materiales m\u00e1s variados, como podr\u00eda ser el polipropileno, poli\u00e9ster, etc. Se emplea en sectores muy variados, como en laboratorios c\u00e1maras frigor\u00edficas, etc.<\/li>\n\n\n\n<li><strong>Impresora com\u00fan: <\/strong>tambi\u00e9n se puede usar la <strong>impresora t\u00edpica<\/strong> que tienes en casa comprando papel autoadhesivo est\u00e1ndar. No conseguiremos la misma calidad que con el resto de opciones, pero, por lo menos, podremos terminar el trabajo.<\/li>\n<\/ul>\n\n\n\n<figure class=\"wp-block-embed is-type-video is-provider-youtube wp-block-embed-youtube wp-embed-aspect-16-9 wp-has-aspect-ratio\"><div class=\"wp-block-embed__wrapper\">\n<div class=\"nv-iframe-embed\"><iframe loading=\"lazy\" title=\"Impresora de Etiquetas Epson ColorWork TM-C3500\" width=\"1200\" height=\"675\" src=\"https:\/\/www.youtube.com\/embed\/fPpgMwqiNKU?start=24&#038;feature=oembed\" frameborder=\"0\" allow=\"accelerometer; autoplay; clipboard-write; encrypted-media; gyroscope; picture-in-picture; web-share\" referrerpolicy=\"strict-origin-when-cross-origin\" allowfullscreen><\/iframe><\/div>\n<\/div><\/figure>\n\n\n\n<h3 class=\"wp-block-heading\"><strong>2.<\/strong> &nbsp; &nbsp; <strong>Vinilo Plotter Adhesivo<\/strong><\/h3>\n\n\n\n<p>Si vas a imprimir las etiquetas a un nivel profesional, entonces te har\u00e1 falta contar con un <strong>Vinilo Plotter Adhesivo<\/strong>. No es un aparato precisamente barato, por lo que tan solo est\u00e1 recomendado a nivel comercial.<\/p>\n\n\n\n<p>Trabaja con un material que tiene adhesivo en una de sus caras, mientras que en la otra cuenta con pigmento de color y plastificantes.<\/p>\n\n\n\n<h3 class=\"wp-block-heading\"><strong>3.<\/strong> &nbsp; &nbsp; <strong>Plotter de corte<\/strong><\/h3>\n\n\n\n<p>El <strong>plotter de corte<\/strong> es otra herramienta avanzada que tambi\u00e9n te puede ayudar con este trabajo. Se controla a trav\u00e9s de un sistema inform\u00e1tico y requiere de altos conocimientos para poder controlar la cuchilla y que haga los cortes en las <strong>etiquetas adhesivas<\/strong>.<\/p>\n\n\n\n<p>La gran ventaja de usar el plotter es la precisi\u00f3n y versatilidad, y es que podr\u00e1s hacer cortes muy detallados en base a la forma que estemos buscando en cada trabajo.<\/p>\n\n\n\n<h3 class=\"wp-block-heading\"><strong>4.<\/strong> &nbsp; &nbsp; <strong>Papel<\/strong><\/h3>\n\n\n\n<p>En la impresi\u00f3n de <strong>etiquetas adhesivas, <\/strong>el soporte que se utiliza es crucial, ya que determinar\u00e1 el resultado final que va a tener nuestro trabajo. Las posibilidades son bastante amplias, pero lo m\u00e1s com\u00fan es que se utilice uno de estos tipos de papel:<\/p>\n\n\n\n<ul class=\"wp-block-list\">\n<li><strong>Papel estucado: <\/strong>tambi\u00e9n recibe el nombre de <em>papel couch\u00e9<\/em> y es una de las opciones m\u00e1s habituales para la impresi\u00f3n de etiquetas adhesivas. Se caracteriza por su acabado liso y tacto satinado, pudi\u00e9ndose elegir tanto en mate, como en satinado. Es bastante resistente, soportando muy bien la humedad, la grasa, etc.<\/li>\n\n\n\n<li><strong>Papel no estucado: <\/strong>en cambio, el papel no estucado cuenta con una <strong>superficie m\u00e1s rugosa<\/strong> <strong>y m\u00e1s absorbente<\/strong>. Es una buena opci\u00f3n si queremos que la etiqueta tenga un aspecto m\u00e1s natural. Una de sus particularidades es que le pueden aplicar acabados espec\u00edficos para transformarlas en <strong>etiquetas premium<\/strong>. Son muy utilizadas por algunos sectores, como el del vino, cava o aceite.<\/li>\n\n\n\n<li><strong>Papel verjurado: <\/strong>es un papel de alta calidad con ciertas irregularidades en l\u00edneas o en tramas de distinto grosor, consiguiendo un aspecto r\u00fastico muy caracter\u00edstico.<\/li>\n<\/ul>\n\n\n\n<p>Adem\u00e1s, tambi\u00e9n podemos encontrar otros tipos de papel para imprimir etiquetas adhesivas, como es el caso del <strong>papel gofrado, papel perlado o metalizado<\/strong>.<\/p>\n\n\n\n<h2 class=\"wp-block-heading\"><strong>\u00bfQu\u00e9 m\u00e1quina escoger para imprimir etiquetas?<\/strong><\/h2>\n\n\n\n<p>Si todav\u00eda no tienes una m\u00e1quina para imprimir etiquetas, la primera decisi\u00f3n que tendr\u00e1s que tomar es la elecci\u00f3n de una que se adapte a tus necesidades. Aqu\u00ed tienes algunos criterios en los que te puedes basar:<\/p>\n\n\n\n<h3 class=\"wp-block-heading\"><strong>1.<\/strong> &nbsp; &nbsp; <strong>Tipo de impresora<\/strong><\/h3>\n\n\n\n<p>La primera decisi\u00f3n a tomar es si te decides por una <strong>impresora T\u00e9rmica Directa<\/strong> o si la mejor opci\u00f3n es de <strong>Transferencia T\u00e9rmica<\/strong>. Para ello, tendremos muy en cuenta la <strong>duraci\u00f3n y calidad<\/strong> que necesitamos en cada impresi\u00f3n.<\/p>\n\n\n\n<ul class=\"wp-block-list\">\n<li>Las impresoras de t\u00e9rmica directa son las m\u00e1s recomendables para una tienda o entornos de oficina; en definitiva, lugares en donde no se recibe mucha luz del sol.<\/li>\n\n\n\n<li>Las impresoras de transferencia t\u00e9rmica consiguen resultados m\u00e1s duraderos, por lo que son ideales para entornos m\u00e1s duros o para exteriores.<\/li>\n<\/ul>\n\n\n<div class=\"wp-block-image\">\n<figure class=\"aligncenter size-large\"><img loading=\"lazy\" decoding=\"async\" width=\"1024\" height=\"438\" src=\"https:\/\/quecartucho.es\/blog\/wp-content\/uploads\/2023\/01\/Claves-impresion-etiquetas-no-se-convierta-en-imposible-1024x438.webp\" alt=\"\" class=\"wp-image-18463\" title=\"\" srcset=\"https:\/\/quecartucho.es\/blog\/wp-content\/uploads\/2023\/01\/Claves-impresion-etiquetas-no-se-convierta-en-imposible-1024x438.webp 1024w, https:\/\/quecartucho.es\/blog\/wp-content\/uploads\/2023\/01\/Claves-impresion-etiquetas-no-se-convierta-en-imposible-300x128.webp 300w, https:\/\/quecartucho.es\/blog\/wp-content\/uploads\/2023\/01\/Claves-impresion-etiquetas-no-se-convierta-en-imposible-768x328.webp 768w, https:\/\/quecartucho.es\/blog\/wp-content\/uploads\/2023\/01\/Claves-impresion-etiquetas-no-se-convierta-en-imposible.webp 1170w\" sizes=\"auto, (max-width: 1024px) 100vw, 1024px\" \/><\/figure>\n<\/div>\n\n\n<h3 class=\"wp-block-heading\"><strong>2.<\/strong> &nbsp; &nbsp; <strong>Uso que se le va a dar<\/strong><\/h3>\n\n\n\n<p>Otro criterio clave para elegir la impresora es el <strong>uso<\/strong> que le vamos a dar. Por ejemplo, puede que no elijamos el mismo modelo si queremos imprimir etiquetas para una joyer\u00eda que para un supermercado, para el sector industrial, para env\u00edos, para impresoras inal\u00e1mbricas, etc.<\/p>\n\n\n\n<h3 class=\"wp-block-heading\"><strong>3.<\/strong> &nbsp; &nbsp; <strong>Marca<\/strong><\/h3>\n\n\n\n<p>Elegir una marca de calidad es sin\u00f3nimo de conseguir unos resultados que marcar\u00e1n la diferencia. Hay muchas marcas que se especializan en este tipo de impresora, aunque estas son las m\u00e1s destacadas: <strong>Brother, Zebra, Toshiba y Epson<\/strong>.<\/p>\n\n\n\n<h3 class=\"wp-block-heading\"><strong>4.<\/strong> &nbsp; &nbsp; <strong>Presupuesto<\/strong><\/h3>\n\n\n\n<p>Aunque si bien es cierto que el presupuesto no lo puede ser todo, es innegable que se trata de un criterio muy importante. Quiz\u00e1, deber\u00edas pensar previamente en lo que est\u00e1s pensando en gastar y, teniendo este dato como referencia, empezar a mirar opciones.<\/p>\n\n\n\n<h2 class=\"wp-block-heading\"><strong>C\u00f3mo imprimir etiquetas adhesivas en Word<\/strong><\/h2>\n\n\n\n<p>Una vez tengas la impresora y los materiales, es el momento de hacer la impresi\u00f3n. Estos son los pasos que debes seguir para <strong>imprimir etiquetas adhesivas en Word:<\/strong><\/p>\n\n\n\n<p>1) &nbsp; &nbsp; Inicia Microsoft Word.<\/p>\n\n\n\n<p>2) &nbsp; &nbsp; Haz clic en el apartado de <strong>Correspondencia -&gt; Etiquetas<\/strong>.<\/p>\n\n\n\n<p>3) &nbsp; &nbsp; Inserta una direcci\u00f3n. En el caso de que tan solo necesites imprimir una etiqueta debes pulsar en <strong>Solo una etiqueta <\/strong>en la secci\u00f3n de imprimir. Adem\u00e1s, tendr\u00e1 que indicar tanto la fila como la columna en donde se encuentra dicha etiqueta.<\/p>\n\n\n\n<p>4) &nbsp; &nbsp; Marca en <strong>opciones<\/strong> para elegir el tipo de etiqueta de hoja que se imprimir\u00e1. Por ejemplo, en el caso de que contemos con una hoja de 20 etiquetas, marcaremos la opci\u00f3n de 20 por hoja (eso s\u00ed, aseg\u00farate de que se ajuste al tama\u00f1o en cuesti\u00f3n).<\/p>\n\n\n\n<p>5) &nbsp; &nbsp; Define las opciones de etiqueta que correspondan y pulsa en <strong>aceptar<\/strong>.<\/p>\n\n\n\n<p>6) &nbsp; &nbsp; Haz clic en <strong>imprimir<\/strong> si ya has terminado de dise\u00f1arlas, o pulsa en <strong>Nuevo Documento<\/strong> si tu intenci\u00f3n es darles formato a las etiquetas, o bien imprimirlas de manera individual.<\/p>\n\n\n\n<p>7) &nbsp; &nbsp; Dependiendo de la acci\u00f3n que hayas elegido, las etiquetas se imprimir\u00e1n directamente, o se visualizar\u00e1n en un nuevo documento.<\/p>\n\n\n\n<h2 class=\"wp-block-heading\"><strong>C\u00f3mo imprimir varias etiquetas en una sola hoja<\/strong><\/h2>\n\n\n\n<p>En el caso de que se quiera imprimir <strong>varias etiquetas en la misma hoja<\/strong>, siempre se pueden escribir de forma manual en un documento vac\u00edo de etiqueta. Sin embargo, existe la opci\u00f3n de <strong>combinar correspondencia<\/strong>.<\/p>\n\n\n\n<p>1) &nbsp; &nbsp; Pulsa en la pesta\u00f1a de <strong>Correspondencia<\/strong> y luego marca la opci\u00f3n de <strong>iniciar combinaci\u00f3n de correspondencia<\/strong>.<\/p>\n\n\n\n<p>2) &nbsp; &nbsp; Haz clic en <strong>Paso a paso en el asistente para combinar correspondencia<\/strong>. Nos aparecer\u00e1 un panel a la derecha que nos ayudar\u00e1 con el proceso.<\/p>\n\n\n\n<p>3) &nbsp; &nbsp; Indica el tipo de documento a crear y marca en <strong>Siguiente: Inicie el documento<\/strong> (puedes usar el documento actual o elegir uno ya existente).<\/p>\n\n\n\n<p>4) &nbsp; &nbsp; Pulsa en <strong>Siguiente: Seleccione los destinatarios<\/strong>.<\/p>\n\n\n\n<p>5) &nbsp; &nbsp; En el siguiente paso tendr\u00e1s que <strong>escribir las etiquetas<\/strong>.<\/p>\n\n\n\n<p>6) &nbsp; &nbsp; Marca en <strong>Vista Previa<\/strong> para ver c\u00f3mo quedar\u00eda la impresi\u00f3n antes de seguir.<\/p>\n\n\n\n<p>7) &nbsp; &nbsp; Completa la combinaci\u00f3n y env\u00eda el trabajo a la impresora adhesiva.<\/p>\n\n\n\n<h2 class=\"wp-block-heading\"><strong>C\u00f3mo imprimir etiquetas adhesivas en casa<\/strong><\/h2>\n\n\n\n<p>No hace falta recurrir a un servicio profesional para <strong>imprimir etiquetas adhesivas en casa<\/strong>. Con la informaci\u00f3n que has visto en este art\u00edculo lo podr\u00e1s conseguir por tu cuenta. A modo de recopilaci\u00f3n tan solo lee estos pasos y aseg\u00farate de seguirlos con detalle.<\/p>\n\n\n\n<p>1) &nbsp; &nbsp; Elige un software para dise\u00f1ar tus etiquetas (recuerda que hay algunas opciones gratuitas).<\/p>\n\n\n\n<p>2) &nbsp; &nbsp; Crea el dise\u00f1o y gu\u00e1rdalo en tu ordenador.<\/p>\n\n\n\n<p>3) &nbsp; &nbsp; Edita las opciones de impresi\u00f3n y selecciona el m\u00e9todo m\u00e1s adecuado en base al resultado que quieras conseguir.<\/p>\n\n\n\n<p>4) &nbsp; &nbsp; Aseg\u00farate de marcar la impresora con la que vas a <strong>imprimir las etiquetas<\/strong>. Revisa la Vista Previa para determinar que todo est\u00e1 correcto.<\/p>\n\n\n\n<p>5) &nbsp; &nbsp; Marca en <strong>Imprimir<\/strong> y ya tendr\u00e1s las etiquetas adhesivas sin necesidad de haber encargado el servicio a ninguna empresa.<\/p>\n\n\n\n<p>Si necesitas papel de etiqueta adhesivo, puedes ver nuestras ofertas en \u00ab<strong><a href=\"https:\/\/quecartucho.es\/18044-etiquetas-din-a4-para-impresora\">Etiquetas Din A4 para Impresora<\/a><\/strong>\u00ab<\/p>\n\n\n\n<figure class=\"wp-block-image\"><a href=\"https:\/\/quecartucho.es\/18044-etiquetas-din-a4-para-impresora\"><img decoding=\"async\" src=\"https:\/\/quecartucho.es\/img\/cms\/Impresoras\/Papel de etiqueta a4 para impresora_1.jpg\" alt=\"Papel de etiqueta a4 para impresora\" title=\"\"><\/a><\/figure>\n\n\n\n<p><br>Con estos consejos lo tendr\u00e1s muy f\u00e1cil para imprimir etiquetas adhesivas con la calidad que est\u00e9s buscando.<\/p>\n\n\n\n<p><\/p>\n\n\n\n<div class=\"wp-block-columns is-layout-flex wp-container-core-columns-is-layout-9d6595d7 wp-block-columns-is-layout-flex\">\n<div class=\"wp-block-column is-layout-flow wp-block-column-is-layout-flow\">\n<figure class=\"wp-block-embed is-type-video is-provider-youtube wp-block-embed-youtube wp-embed-aspect-16-9 wp-has-aspect-ratio\"><div class=\"wp-block-embed__wrapper\">\n<div class=\"nv-iframe-embed\"><iframe loading=\"lazy\" title=\"\u2705ETIQUETAS ADHESIVAS - Trucos y consejos para imprimirlas\ud83c\udf81 \ud83d\udd34\" width=\"1200\" height=\"675\" src=\"https:\/\/www.youtube.com\/embed\/1S7TjN54eOU?feature=oembed\" frameborder=\"0\" allow=\"accelerometer; autoplay; clipboard-write; encrypted-media; gyroscope; picture-in-picture; web-share\" referrerpolicy=\"strict-origin-when-cross-origin\" allowfullscreen><\/iframe><\/div>\n<\/div><\/figure>\n<\/div>\n\n\n\n<div class=\"wp-block-column is-layout-flow wp-block-column-is-layout-flow\">\n<figure class=\"wp-block-embed is-type-video is-provider-youtube wp-block-embed-youtube wp-embed-aspect-16-9 wp-has-aspect-ratio\"><div class=\"wp-block-embed__wrapper\">\n<div class=\"nv-iframe-embed\"><iframe loading=\"lazy\" title=\"Como imprimir etiquetas adhesivas personalizadas en Word\" width=\"1200\" height=\"675\" src=\"https:\/\/www.youtube.com\/embed\/bHtMZJFWJfk?feature=oembed\" frameborder=\"0\" allow=\"accelerometer; autoplay; clipboard-write; encrypted-media; gyroscope; picture-in-picture; web-share\" referrerpolicy=\"strict-origin-when-cross-origin\" allowfullscreen><\/iframe><\/div>\n<\/div><\/figure>\n<\/div>\n\n\n\n<div class=\"wp-block-column is-layout-flow wp-block-column-is-layout-flow\">\n<figure class=\"wp-block-embed is-type-video is-provider-youtube wp-block-embed-youtube wp-embed-aspect-4-3 wp-has-aspect-ratio\"><div class=\"wp-block-embed__wrapper\">\n<div class=\"nv-iframe-embed\"><iframe loading=\"lazy\" title=\"IMPRIMIR STIKERS, ETIQUETAS AUTOADHESIVAS  EN CASA  (pegatinas )\" width=\"1200\" height=\"900\" src=\"https:\/\/www.youtube.com\/embed\/aOFFvOwGYSQ?feature=oembed\" frameborder=\"0\" allow=\"accelerometer; autoplay; clipboard-write; encrypted-media; gyroscope; picture-in-picture; web-share\" referrerpolicy=\"strict-origin-when-cross-origin\" allowfullscreen><\/iframe><\/div>\n<\/div><\/figure>\n<\/div>\n<\/div>\n","protected":false},"excerpt":{"rendered":"<p>\u00bfTodav\u00eda no sabes c\u00f3mo imprimir etiquetas adhesivas? Pueden resultar muy pr\u00e1cticas a la hora de aplicarlas a diferentes soportes, como cart\u00f3n, pl\u00e1stico, cristal, consiguiendo una total adherencia. Por ejemplo, podr\u00edan ser muy interesantes en el \u00e1mbito del packaging a la hora de dar a conocer alg\u00fan tipo de producto. Sin embargo, no es tan f\u00e1cil&hellip;&nbsp;<a href=\"https:\/\/quecartucho.es\/blog\/como-imprimir-etiquetas-adhesivas\/\" rel=\"bookmark\">Leer m\u00e1s &raquo;<span class=\"screen-reader-text\">C\u00f3mo imprimir etiquetas adhesivas<\/span><\/a><\/p>\n","protected":false},"author":1,"featured_media":18462,"parent":0,"menu_order":0,"comment_status":"closed","ping_status":"closed","template":"","meta":{"neve_meta_sidebar":"full-width","neve_meta_container":"","neve_meta_enable_content_width":"on","neve_meta_content_width":100,"neve_meta_title_alignment":"","neve_meta_author_avatar":"","neve_post_elements_order":"","neve_meta_disable_header":"","neve_meta_disable_footer":"","neve_meta_disable_title":"","episode_type":"","audio_file":"","podmotor_file_id":"","podmotor_episode_id":"","cover_image":"","cover_image_id":"","duration":"","filesize":"","filesize_raw":"","date_recorded":"","explicit":"","block":"","footnotes":""},"class_list":["post-18457","page","type-page","status-publish","has-post-thumbnail","hentry"],"_links":{"self":[{"href":"https:\/\/quecartucho.es\/blog\/wp-json\/wp\/v2\/pages\/18457","targetHints":{"allow":["GET"]}}],"collection":[{"href":"https:\/\/quecartucho.es\/blog\/wp-json\/wp\/v2\/pages"}],"about":[{"href":"https:\/\/quecartucho.es\/blog\/wp-json\/wp\/v2\/types\/page"}],"author":[{"embeddable":true,"href":"https:\/\/quecartucho.es\/blog\/wp-json\/wp\/v2\/users\/1"}],"replies":[{"embeddable":true,"href":"https:\/\/quecartucho.es\/blog\/wp-json\/wp\/v2\/comments?post=18457"}],"version-history":[{"count":6,"href":"https:\/\/quecartucho.es\/blog\/wp-json\/wp\/v2\/pages\/18457\/revisions"}],"predecessor-version":[{"id":22706,"href":"https:\/\/quecartucho.es\/blog\/wp-json\/wp\/v2\/pages\/18457\/revisions\/22706"}],"wp:featuredmedia":[{"embeddable":true,"href":"https:\/\/quecartucho.es\/blog\/wp-json\/wp\/v2\/media\/18462"}],"wp:attachment":[{"href":"https:\/\/quecartucho.es\/blog\/wp-json\/wp\/v2\/media?parent=18457"}],"curies":[{"name":"wp","href":"https:\/\/api.w.org\/{rel}","templated":true}]}}