{"id":18511,"date":"2023-01-26T19:56:38","date_gmt":"2023-01-26T17:56:38","guid":{"rendered":"https:\/\/quecartucho.es\/blog\/?page_id=18511"},"modified":"2023-01-26T20:03:10","modified_gmt":"2023-01-26T18:03:10","slug":"como-imprimir-a-doble-cara-en-mac","status":"publish","type":"page","link":"https:\/\/quecartucho.es\/blog\/como-imprimir-a-doble-cara\/como-imprimir-a-doble-cara-en-mac\/","title":{"rendered":"<strong>C\u00f3mo imprimir a doble cara en Mac<\/strong>"},"content":{"rendered":"\n<p><strong>Imprimir a doble cara<\/strong> puede ser un recurso muy interesante para evitar gastar m\u00e1s papel de la cuenta. Se utiliza normalmente para documentos informales, aunque todo depender\u00e1 del \u00e1mbito del que estemos hablando.<\/p>\n\n\n\n<p>Adem\u00e1s del claro ahorro de papel, imprimir en doble cara tiene otras ventajas muy interesantes:<\/p>\n\n\n\n<ul class=\"wp-block-list\">\n<li>Facilita poder compaginar documentos que tengan una importante longitud.<\/li>\n\n\n\n<li>Los documentos m\u00e1s grandes no tendr\u00e1n un volumen demasiado elevado (esto es habitual en los libros de texto o en otros recursos relacionados).<\/li>\n\n\n\n<li>Ayuda a conseguir una mejor <strong>experiencia de lectura<\/strong>, mucho m\u00e1s natural, similar a la que se consigue con un libro electr\u00f3nico.<\/li>\n<\/ul>\n\n\n\n<p>Aplicar este tipo de configuraci\u00f3n en un Mac puede ser algo complicado si estamos acostumbrados a otros sistemas operativos. Por esta raz\u00f3n, en las siguientes l\u00edneas te vamos a dar las claves para <strong><a href=\"https:\/\/support.apple.com\/es-es\/guide\/mac-help\/mchl0e97f8b7\/mac\" rel=\"nofollow noopener\" target=\"_blank\">imprimir a doble cara en Mac<\/a><\/strong> y as\u00ed evitar cualquier problema:<\/p>\n\n\n\n<h2 class=\"wp-block-heading\"><strong>C\u00f3mo activar la impresi\u00f3n a doble cara autom\u00e1tica en Mac<\/strong><\/h2>\n\n\n\n<div class=\"wp-block-columns is-layout-flex wp-container-core-columns-is-layout-9d6595d7 wp-block-columns-is-layout-flex\">\n<div class=\"wp-block-column is-layout-flow wp-block-column-is-layout-flow\">\n<p>Lo primero que necesitar\u00e1s para activar la impresi\u00f3n a doble cara es una impresora que tenga la funci\u00f3n de <strong>D\u00faplex<\/strong>, aunque siempre tienes la opci\u00f3n de darle la vuelta al papel de forma manual para lograr el mismo efecto (aunque ser\u00e1 m\u00e1s engorroso si estamos hablando de una elevada cantidad de folios).<\/p>\n\n\n\n<p>Estas impresoras son recomendadas tan solo en el caso de que imprimas mucho, ya que no son excesivamente caras.<\/p>\n\n\n\n<p>Una vez que tengas tu impresora d\u00faplex, tan solo sigue estos pasos para configurarla para una impresi\u00f3n a <strong>doble cara<\/strong>.<\/p>\n<\/div>\n\n\n\n<div class=\"wp-block-column is-layout-flow wp-block-column-is-layout-flow\">\n<figure class=\"wp-block-image size-large\"><img loading=\"lazy\" decoding=\"async\" width=\"1024\" height=\"576\" src=\"https:\/\/quecartucho.es\/blog\/wp-content\/uploads\/2023\/01\/Como-imprimir-a-doble-cara-en-Mac-1024x576.webp\" alt=\"C\u00f3mo imprimir a doble cara en Mac\" class=\"wp-image-18517\" title=\"\" srcset=\"https:\/\/quecartucho.es\/blog\/wp-content\/uploads\/2023\/01\/Como-imprimir-a-doble-cara-en-Mac-1024x576.webp 1024w, https:\/\/quecartucho.es\/blog\/wp-content\/uploads\/2023\/01\/Como-imprimir-a-doble-cara-en-Mac-300x169.webp 300w, https:\/\/quecartucho.es\/blog\/wp-content\/uploads\/2023\/01\/Como-imprimir-a-doble-cara-en-Mac-768x432.webp 768w, https:\/\/quecartucho.es\/blog\/wp-content\/uploads\/2023\/01\/Como-imprimir-a-doble-cara-en-Mac.webp 1200w\" sizes=\"auto, (max-width: 1024px) 100vw, 1024px\" \/><\/figure>\n<\/div>\n<\/div>\n\n\n\n<p><\/p>\n\n\n\n<p>1) &nbsp; &nbsp; Busca el archivo que quieras imprimir y \u00e1brelo.<\/p>\n\n\n\n<p>2) &nbsp; &nbsp; Accede a la ruta de <strong>Archivo -&gt; Imprimir<\/strong> (puedes acceder directamente a trav\u00e9s de la combinaci\u00f3n <strong>CMD+P<\/strong>).<\/p>\n\n\n\n<p>3) &nbsp; &nbsp; Aqu\u00ed encontrar\u00e1s los <strong>ajustes de impresi\u00f3n<\/strong>. Elige la impresora que corresponda y aseg\u00farate de que est\u00e1 conectada (ya sea por cable, ya sea a trav\u00e9s del WiFi).<\/p>\n\n\n\n<p>4) &nbsp; &nbsp; Haz clic ahora en la opci\u00f3n de <strong>Ajustes de salida<\/strong> y nuevamente en <strong>Impresi\u00f3n a 2 caras<\/strong>.<\/p>\n\n\n\n<p>5) &nbsp; &nbsp; Aqu\u00ed tendr\u00e1s que elegir si quieres imprimir en <strong>orientaci\u00f3n vertical o en orientaci\u00f3n horizontal<\/strong>. Para que te sea m\u00e1s f\u00e1cil tomar la decisi\u00f3n, el sistema operativo te mostrar\u00e1 un dibujo esquem\u00e1tico de c\u00f3mo quedar\u00eda el resultado.<\/p>\n\n\n\n<p>6) &nbsp; &nbsp; Termina pulsando en <strong>Imprimir<\/strong>.<\/p>\n\n\n\n<p>Ten presente que no importar\u00e1 que tu impresora sea D\u00faplex: si no la has configurado con antelaci\u00f3n para que imprima de esta manera, la opci\u00f3n no estar\u00e1 activada de forma predeterminada.<\/p>\n\n\n\n<div class=\"wp-block-columns is-layout-flex wp-container-core-columns-is-layout-9d6595d7 wp-block-columns-is-layout-flex\">\n<div class=\"wp-block-column is-layout-flow wp-block-column-is-layout-flow\">\n<figure class=\"wp-block-embed is-type-video is-provider-youtube wp-block-embed-youtube wp-embed-aspect-16-9 wp-has-aspect-ratio\"><div class=\"wp-block-embed__wrapper\">\n<div class=\"nv-iframe-embed\"><iframe loading=\"lazy\" title=\"C\u00f3mo imprimir a doble cara de forma autom\u00e1tica en impresoras HP desde un Mac | HP Support\" width=\"1200\" height=\"675\" src=\"https:\/\/www.youtube.com\/embed\/qC15WXBIPJM?feature=oembed\" frameborder=\"0\" allow=\"accelerometer; autoplay; clipboard-write; encrypted-media; gyroscope; picture-in-picture; web-share\" allowfullscreen><\/iframe><\/div>\n<\/div><\/figure>\n<\/div>\n\n\n\n<div class=\"wp-block-column is-layout-flow wp-block-column-is-layout-flow\">\n<figure class=\"wp-block-embed is-type-video is-provider-youtube wp-block-embed-youtube wp-embed-aspect-16-9 wp-has-aspect-ratio\"><div class=\"wp-block-embed__wrapper\">\n<div class=\"nv-iframe-embed\"><iframe loading=\"lazy\" title=\"\u00bfC\u00f3mo imprimir a doble cara en equipos MacOS?\" width=\"1200\" height=\"675\" src=\"https:\/\/www.youtube.com\/embed\/fCKy1rUIzxU?feature=oembed\" frameborder=\"0\" allow=\"accelerometer; autoplay; clipboard-write; encrypted-media; gyroscope; picture-in-picture; web-share\" allowfullscreen><\/iframe><\/div>\n<\/div><\/figure>\n<\/div>\n\n\n\n<div class=\"wp-block-column is-layout-flow wp-block-column-is-layout-flow\">\n<figure class=\"wp-block-embed is-type-video is-provider-youtube wp-block-embed-youtube wp-embed-aspect-16-9 wp-has-aspect-ratio\"><div class=\"wp-block-embed__wrapper\">\n<div class=\"nv-iframe-embed\"><iframe loading=\"lazy\" title=\"Configuracion Impresion Doble Cara en Mac OS\" width=\"1200\" height=\"675\" src=\"https:\/\/www.youtube.com\/embed\/0OxMU6ZO5_M?feature=oembed\" frameborder=\"0\" allow=\"accelerometer; autoplay; clipboard-write; encrypted-media; gyroscope; picture-in-picture; web-share\" allowfullscreen><\/iframe><\/div>\n<\/div><\/figure>\n<\/div>\n<\/div>\n\n\n\n<h2 class=\"wp-block-heading\"><strong>Imprimir un documento en Word para Mac<\/strong><\/h2>\n\n\n\n<p><strong>Word<\/strong> es el procesador de textos por excelencia y uno de los programas aliados que m\u00e1s podemos utilizar en Mac.<\/p>\n\n\n\n<p><strong>Imprimir un documento en Word para Mac<\/strong> es bastante sencillo, y es que tan solo habr\u00e1 que seguir estos pasos:<\/p>\n\n\n\n<div class=\"wp-block-columns is-layout-flex wp-container-core-columns-is-layout-9d6595d7 wp-block-columns-is-layout-flex\">\n<div class=\"wp-block-column is-layout-flow wp-block-column-is-layout-flow\">\n<ul class=\"wp-block-list\">\n<li>1) &nbsp; &nbsp; Pulsa en <strong>Archivo<\/strong> y haz clic en la opci\u00f3n de <strong>Imprimir<\/strong>.<\/li>\n\n\n\n<li>2) &nbsp; &nbsp; En la zona central izquierda te aparecer\u00e1 una <strong>vista previa<\/strong> para que puedas ver c\u00f3mo quedar\u00e1 cada p\u00e1gina impresa. Si pulsas en las flechas podr\u00e1s ir pasando de p\u00e1gina a p\u00e1gina. Localiza el men\u00fa desplegable de <strong>Doble Cara<\/strong> y marca en la opci\u00f3n de <strong>activado<\/strong> (si m\u00e1s adelante la quieres desactivar, accede al mismo lugar y pulsa en <strong>desactivado<\/strong>).<\/li>\n\n\n\n<li>3) &nbsp; &nbsp; Desde este mismo lugar puedes aplicar la configuraci\u00f3n de <strong>Si <\/strong>(borde corto) con el objetivo de que el documento a imprimir est\u00e9 listo para la encuadernaci\u00f3n en la parte superior de la p\u00e1gina.<\/li>\n\n\n\n<li>4) &nbsp; &nbsp; Haz clic en imprimir.<\/li>\n<\/ul>\n<\/div>\n\n\n\n<div class=\"wp-block-column is-layout-flow wp-block-column-is-layout-flow\">\n<figure class=\"wp-block-image size-full\"><img loading=\"lazy\" decoding=\"async\" width=\"680\" height=\"408\" src=\"https:\/\/quecartucho.es\/blog\/wp-content\/uploads\/2023\/01\/Como-activar-la-impresion-a-doble-cara-automatica-en-Mac.webp\" alt=\"C\u00f3mo activar la impresi\u00f3n a doble cara autom\u00e1tica en Mac\" class=\"wp-image-18516\" title=\"\" srcset=\"https:\/\/quecartucho.es\/blog\/wp-content\/uploads\/2023\/01\/Como-activar-la-impresion-a-doble-cara-automatica-en-Mac.webp 680w, https:\/\/quecartucho.es\/blog\/wp-content\/uploads\/2023\/01\/Como-activar-la-impresion-a-doble-cara-automatica-en-Mac-300x180.webp 300w\" sizes=\"auto, (max-width: 680px) 100vw, 680px\" \/><\/figure>\n<\/div>\n<\/div>\n\n\n\n<h2 class=\"wp-block-heading\"><strong>\u00bfC\u00f3mo Imprimir un PDF en Doble Cara en Mac?<\/strong><\/h2>\n\n\n\n<p>El formato <strong>PDF<\/strong> es compatible con cualquier tipo de sistema operativo, pero puede que necesitemos de una determinada aplicaci\u00f3n para poder ejecutarlo. <strong>Acrobat Reader<\/strong> es una de las m\u00e1s t\u00edpicas y de las que m\u00e1s funciones nos propone.<\/p>\n\n\n\n<p>Puede resultar muy interesante <strong>imprimir un PDF a Doble Cara en Mac<\/strong> por las razones que hemos comentado al principio del art\u00edculo. Esto se puede hacer siguiendo unos sencillos pasos:<\/p>\n\n\n\n<p>1) &nbsp; &nbsp; Abre el archivo con el software correspondiente y arr\u00e1stralo directamente para que se cargue sin m\u00e1s.<\/p>\n\n\n\n<p>2) &nbsp; &nbsp; Localiza la pesta\u00f1a de <strong>Archivo<\/strong> y dentro de la misma marca en <strong>Imprimir<\/strong> para que se abra el di\u00e1logo de impresi\u00f3n.<\/p>\n\n\n\n<p>3) &nbsp; &nbsp; Se te abrir\u00e1n todas las funciones relacionadas con la impresora y simplemente marca en <strong>Activado<\/strong> en el men\u00fa desplegable de <strong>Dos Caras<\/strong> (recuerda que m\u00e1s adelante lo podr\u00e1s desactivar tambi\u00e9n desde aqu\u00ed).<\/p>\n\n\n\n<p>4) &nbsp; &nbsp; Pulsa en imprimir y la orden se enviar\u00e1 a la impresora.<\/p>\n\n\n\n<p>Como dato adicional, existe un peque\u00f1o truco que nos permitir\u00e1 imprimir a doble cara con facilidad en el caso de que no tengamos una impresora d\u00faplex. Lo que recomiendan los expertos es imprimir previamente las p\u00e1ginas impares y despu\u00e9s dar la vuelta a la pila de papeles para imprimir las pares en el otro lado. Con esto se consigue que la correlaci\u00f3n sea correcta y evitar el esfuerzo de tener que estar gir\u00e1ndolas una a una.<\/p>\n\n\n\n<p>Ahora ya sabes <strong>c\u00f3mo imprimir a doble cara en Mac<\/strong>.<\/p>\n","protected":false},"excerpt":{"rendered":"<p>Imprimir a doble cara puede ser un recurso muy interesante para evitar gastar m\u00e1s papel de la cuenta. Se utiliza normalmente para documentos informales, aunque todo depender\u00e1 del \u00e1mbito del que estemos hablando. Adem\u00e1s del claro ahorro de papel, imprimir en doble cara tiene otras ventajas muy interesantes: Aplicar este tipo de configuraci\u00f3n en un&hellip;&nbsp;<a href=\"https:\/\/quecartucho.es\/blog\/como-imprimir-a-doble-cara\/como-imprimir-a-doble-cara-en-mac\/\" rel=\"bookmark\">Leer m\u00e1s &raquo;<span class=\"screen-reader-text\"><strong>C\u00f3mo imprimir a doble cara en Mac<\/strong><\/span><\/a><\/p>\n","protected":false},"author":1,"featured_media":18525,"parent":15231,"menu_order":0,"comment_status":"closed","ping_status":"closed","template":"","meta":{"neve_meta_sidebar":"full-width","neve_meta_container":"","neve_meta_enable_content_width":"on","neve_meta_content_width":100,"neve_meta_title_alignment":"","neve_meta_author_avatar":"","neve_post_elements_order":"","neve_meta_disable_header":"","neve_meta_disable_footer":"","neve_meta_disable_title":"","episode_type":"","audio_file":"","podmotor_file_id":"","podmotor_episode_id":"","cover_image":"","cover_image_id":"","duration":"","filesize":"","filesize_raw":"","date_recorded":"","explicit":"","block":"","footnotes":""},"class_list":["post-18511","page","type-page","status-publish","has-post-thumbnail","hentry"],"_links":{"self":[{"href":"https:\/\/quecartucho.es\/blog\/wp-json\/wp\/v2\/pages\/18511","targetHints":{"allow":["GET"]}}],"collection":[{"href":"https:\/\/quecartucho.es\/blog\/wp-json\/wp\/v2\/pages"}],"about":[{"href":"https:\/\/quecartucho.es\/blog\/wp-json\/wp\/v2\/types\/page"}],"author":[{"embeddable":true,"href":"https:\/\/quecartucho.es\/blog\/wp-json\/wp\/v2\/users\/1"}],"replies":[{"embeddable":true,"href":"https:\/\/quecartucho.es\/blog\/wp-json\/wp\/v2\/comments?post=18511"}],"version-history":[{"count":2,"href":"https:\/\/quecartucho.es\/blog\/wp-json\/wp\/v2\/pages\/18511\/revisions"}],"predecessor-version":[{"id":18527,"href":"https:\/\/quecartucho.es\/blog\/wp-json\/wp\/v2\/pages\/18511\/revisions\/18527"}],"up":[{"embeddable":true,"href":"https:\/\/quecartucho.es\/blog\/wp-json\/wp\/v2\/pages\/15231"}],"wp:featuredmedia":[{"embeddable":true,"href":"https:\/\/quecartucho.es\/blog\/wp-json\/wp\/v2\/media\/18525"}],"wp:attachment":[{"href":"https:\/\/quecartucho.es\/blog\/wp-json\/wp\/v2\/media?parent=18511"}],"curies":[{"name":"wp","href":"https:\/\/api.w.org\/{rel}","templated":true}]}}