{"id":18595,"date":"2023-02-09T19:32:42","date_gmt":"2023-02-09T17:32:42","guid":{"rendered":"https:\/\/quecartucho.es\/blog\/?page_id=18595"},"modified":"2023-02-09T19:32:44","modified_gmt":"2023-02-09T17:32:44","slug":"error-5b00-de-canon-cual-es-su-causa-y-como-solucionarlo","status":"publish","type":"page","link":"https:\/\/quecartucho.es\/blog\/error-5b00-de-canon-cual-es-su-causa-y-como-solucionarlo\/","title":{"rendered":"Error 5B00 de Canon \u00bfCu\u00e1l es su causa y c\u00f3mo solucionarlo?"},"content":{"rendered":"\n<p>El <strong>error 5B00 de Canon<\/strong> es uno de los m\u00e1s habituales que nos podemos encontrar con las impresoras de esta compa\u00f1\u00eda. Lo m\u00e1s com\u00fan es que nos aparezca un mensaje emergente con este error, pero no se nos d\u00e9 ninguna informaci\u00f3n sobre el motivo por el que se ha producido, ni mucho menos c\u00f3mo solucionarlo.<\/p>\n\n\n\n<p>Lo peor de todo es que tampoco encontraremos mucha informaci\u00f3n sobre el <strong>error 5B00<\/strong> en el manual de instrucciones. Quiz\u00e1 se nos indique algo as\u00ed como que el <strong>absorbedor de tinta est\u00e1 lleno<\/strong>, pero esto no nos dar\u00e1 demasiada informaci\u00f3n sobre c\u00f3mo seguir.<\/p>\n\n\n\n<p>En este art\u00edculo te podemos ayudar a solucionarlo:<\/p>\n\n\n<div id=\"rank-math-faq\" class=\"rank-math-block\">\n<div class=\"rank-math-list \">\n<div id=\"faq-question-1675962013471\" class=\"rank-math-list-item\">\n<h2 class=\"rank-math-question \">\u00bfCu\u00e1l es el problema?<\/h2>\n<div class=\"rank-math-answer \">\n<img loading=\"lazy\" decoding=\"async\" width=\"300\" height=\"157\" src=\"https:\/\/quecartucho.es\/blog\/wp-content\/uploads\/2023\/02\/Error-5B00-Canon-300x157.png\" class=\"alignright\" alt=\"Error-5B00-Canon\" title=\"\">\n<p>Las impresoras cuentan con un elemento interno que tiene la capacidad de <strong>absorber el exceso de tinta<\/strong>. Es fundamental durante el proceso de limpieza e impresi\u00f3n, ya que, de lo contrario, los documentos aparecer\u00edan siempre manchados y con mala calidad. Esta pieza recibe el nombre de <strong>absorbedor de tinta<\/strong> o <strong><a href=\"https:\/\/quecartucho.es\/blog\/tanque-de-mantenimiento\/\" data-type=\"page\" data-id=\"18597\">tanque de mantenimiento<\/a><\/strong>.<\/p>\n<p>Existe un contador que se encarga de registrar cuando este componente se llena y ser\u00e1 entonces cuando aparece el <strong>error 5B00<\/strong>.<\/p>\n<p>Llegados a ese punto, la <a href=\"https:\/\/quecartucho.es\/blog\/impresoras-canon\/\">impresora Canon<\/a> habr\u00e1 quedado completamente bloqueada hasta que solucionemos el error.<\/p>\n\n<\/div>\n<\/div>\n<div id=\"faq-question-1675962039190\" class=\"rank-math-list-item\">\n<h2 class=\"rank-math-question \">\u00bfSe puede reparar?<\/h2>\n<div class=\"rank-math-answer \">\n<img loading=\"lazy\" decoding=\"async\" width=\"300\" height=\"169\" src=\"https:\/\/quecartucho.es\/blog\/wp-content\/uploads\/2023\/02\/Error-5B00-de-impresoras-Canon-300x169.jpg\" class=\"alignright\" alt=\"Error 5B00 de impresoras Canon\" title=\"\">\n<p>Estas son algunas de las soluciones con las que puedes probar para <strong>solucionar el error 5B00:<\/strong><\/p>\n<p>\u279c <strong>Reinicia la impresora<\/strong>: como ocurre con muchos de los errores de las impresoras, reiniciarla puede funcionar. Desconecta la impresora de la fuente de alimentaci\u00f3n y espera unos minutos antes de volver a conectarla. Luego, enciende la impresora y verifica si el error ha sido solucionado.<br \/>\u279c <strong>Vac\u00eda el contador de absorci\u00f3n de tinta<\/strong>: algunos modelos de impresoras Canon tienen un contador de absorci\u00f3n de tinta que puede estar lleno. Vaciar este contador puede solucionar el error 5B00. Por ejemplo, podemos utilizar un programa llamado <strong>Canon Service Tool<\/strong> en su \u00faltima versi\u00f3n.<br \/>\u279c <strong>Verificaci\u00f3n de cables<\/strong>: Aseg\u00farate de que todos los cables est\u00e9n conectados correctamente. Verifica que los cables est\u00e9n conectados firmemente tanto en la impresora como en la computadora o en la fuente de alimentaci\u00f3n. Es poco problema que la fuente del motivo sea un cable en mal estado, pero conviene comprobarlo por si acaso.<br \/>\u279c <strong>Cambio de tinta<\/strong>: Si la tinta se ha agotado o si el nivel es muy bajo, esto podr\u00eda ser el origen del <strong>error 5B00<\/strong>. Reemplaza la tinta con un <a href=\"https:\/\/quecartucho.es\/\"><strong><em>cartucho<\/em><\/strong><\/a> nuevo o ll\u00e9nalo si est\u00e1s usando un cartucho de tinta reutilizable.<br \/>\u279c <strong>Reseteo de f\u00e1brica:<\/strong> Si los pasos anteriores no funcionan, puedes intentarlo con un reseteo de f\u00e1brica. Esto restablecer\u00e1 la impresora a sus configuraciones de f\u00e1brica y puede solucionar el error 5B00. Para llevar a cabo un reseteo de f\u00e1brica, consulta el manual del usuario o busca por Internet para obtener instrucciones espec\u00edficas para tu modelo de impresora Canon.<\/p>\n<p>Si nada de lo anterior ha funcionado, es mejor dejar la impresora en manos de un reparador profesional. Puede que el problema sea m\u00e1s grave de lo esperado; quiz\u00e1, se trate de alg\u00fan componente interno que est\u00e1 en mal estado.<\/p>\n\n<\/div>\n<\/div>\n<\/div>\n<\/div>\n\n\n<div class=\"wp-block-columns is-layout-flex wp-container-core-columns-is-layout-9d6595d7 wp-block-columns-is-layout-flex\">\n<div class=\"wp-block-column is-layout-flow wp-block-column-is-layout-flow\">\n<figure class=\"wp-block-embed is-type-video is-provider-youtube wp-block-embed-youtube wp-embed-aspect-16-9 wp-has-aspect-ratio\"><div class=\"wp-block-embed__wrapper\">\n<div class=\"nv-iframe-embed\"><iframe loading=\"lazy\" title=\"\ud83d\udc4a \u25b6SOLUCI\u00d3N\u25c0 a error 5B00 \ud83d\udc4d Canon Pixma G3100 \ud83d\udda8 FUNCIONA\" width=\"1200\" height=\"675\" src=\"https:\/\/www.youtube.com\/embed\/6Xaw6vkeDNA?feature=oembed\" frameborder=\"0\" allow=\"accelerometer; autoplay; clipboard-write; encrypted-media; gyroscope; picture-in-picture; web-share\" allowfullscreen><\/iframe><\/div>\n<\/div><\/figure>\n<\/div>\n\n\n\n<div class=\"wp-block-column is-layout-flow wp-block-column-is-layout-flow\">\n<figure class=\"wp-block-embed is-type-video is-provider-youtube wp-block-embed-youtube wp-embed-aspect-16-9 wp-has-aspect-ratio\"><div class=\"wp-block-embed__wrapper\">\n<div class=\"nv-iframe-embed\"><iframe loading=\"lazy\" title=\"\ud83d\udc4a SOLUCION a ERROR 5B00 \ud83d\udc4d canon pixma G3100 - Reset  Error 5b00 en CANON G3100 G2100-G3100-G4100\" width=\"1200\" height=\"675\" src=\"https:\/\/www.youtube.com\/embed\/421pETtbkVU?feature=oembed\" frameborder=\"0\" allow=\"accelerometer; autoplay; clipboard-write; encrypted-media; gyroscope; picture-in-picture; web-share\" allowfullscreen><\/iframe><\/div>\n<\/div><\/figure>\n<\/div>\n\n\n\n<div class=\"wp-block-column is-layout-flow wp-block-column-is-layout-flow\">\n<figure class=\"wp-block-embed is-type-video is-provider-youtube wp-block-embed-youtube wp-embed-aspect-16-9 wp-has-aspect-ratio\"><div class=\"wp-block-embed__wrapper\">\n<div class=\"nv-iframe-embed\"><iframe loading=\"lazy\" title=\"\u00bfC\u00f3mo reparar el error 5b00 de la impresora Canon? \ud83d\udda8\ufe0f Canon G2110 SOLUCION ERROR 5B00 FACIL Y GRATIS\" width=\"1200\" height=\"675\" src=\"https:\/\/www.youtube.com\/embed\/yTCEXwcCUdc?feature=oembed\" frameborder=\"0\" allow=\"accelerometer; autoplay; clipboard-write; encrypted-media; gyroscope; picture-in-picture; web-share\" allowfullscreen><\/iframe><\/div>\n<\/div><\/figure>\n<\/div>\n<\/div>\n","protected":false},"excerpt":{"rendered":"<p>El error 5B00 de Canon es uno de los m\u00e1s habituales que nos podemos encontrar con las impresoras de esta compa\u00f1\u00eda. Lo m\u00e1s com\u00fan es que nos aparezca un mensaje emergente con este error, pero no se nos d\u00e9 ninguna informaci\u00f3n sobre el motivo por el que se ha producido, ni mucho menos c\u00f3mo solucionarlo.&hellip;&nbsp;<a href=\"https:\/\/quecartucho.es\/blog\/error-5b00-de-canon-cual-es-su-causa-y-como-solucionarlo\/\" rel=\"bookmark\">Leer m\u00e1s &raquo;<span class=\"screen-reader-text\">Error 5B00 de Canon \u00bfCu\u00e1l es su causa y c\u00f3mo solucionarlo?<\/span><\/a><\/p>\n","protected":false},"author":1,"featured_media":18607,"parent":0,"menu_order":0,"comment_status":"closed","ping_status":"closed","template":"","meta":{"neve_meta_sidebar":"full-width","neve_meta_container":"","neve_meta_enable_content_width":"on","neve_meta_content_width":100,"neve_meta_title_alignment":"","neve_meta_author_avatar":"","neve_post_elements_order":"","neve_meta_disable_header":"","neve_meta_disable_footer":"","neve_meta_disable_title":"","episode_type":"","audio_file":"","podmotor_file_id":"","podmotor_episode_id":"","cover_image":"","cover_image_id":"","duration":"","filesize":"","filesize_raw":"","date_recorded":"","explicit":"","block":"","footnotes":""},"class_list":["post-18595","page","type-page","status-publish","has-post-thumbnail","hentry"],"_links":{"self":[{"href":"https:\/\/quecartucho.es\/blog\/wp-json\/wp\/v2\/pages\/18595","targetHints":{"allow":["GET"]}}],"collection":[{"href":"https:\/\/quecartucho.es\/blog\/wp-json\/wp\/v2\/pages"}],"about":[{"href":"https:\/\/quecartucho.es\/blog\/wp-json\/wp\/v2\/types\/page"}],"author":[{"embeddable":true,"href":"https:\/\/quecartucho.es\/blog\/wp-json\/wp\/v2\/users\/1"}],"replies":[{"embeddable":true,"href":"https:\/\/quecartucho.es\/blog\/wp-json\/wp\/v2\/comments?post=18595"}],"version-history":[{"count":2,"href":"https:\/\/quecartucho.es\/blog\/wp-json\/wp\/v2\/pages\/18595\/revisions"}],"predecessor-version":[{"id":18611,"href":"https:\/\/quecartucho.es\/blog\/wp-json\/wp\/v2\/pages\/18595\/revisions\/18611"}],"wp:featuredmedia":[{"embeddable":true,"href":"https:\/\/quecartucho.es\/blog\/wp-json\/wp\/v2\/media\/18607"}],"wp:attachment":[{"href":"https:\/\/quecartucho.es\/blog\/wp-json\/wp\/v2\/media?parent=18595"}],"curies":[{"name":"wp","href":"https:\/\/api.w.org\/{rel}","templated":true}]}}