{"id":18597,"date":"2023-02-09T19:21:13","date_gmt":"2023-02-09T17:21:13","guid":{"rendered":"https:\/\/quecartucho.es\/blog\/?page_id=18597"},"modified":"2023-02-09T19:26:35","modified_gmt":"2023-02-09T17:26:35","slug":"tanque-de-mantenimiento","status":"publish","type":"page","link":"https:\/\/quecartucho.es\/blog\/tanque-de-mantenimiento\/","title":{"rendered":"Tanque de mantenimiento"},"content":{"rendered":"\n<p>Un dep\u00f3sito de mantenimiento (tanque, o absorbedor de tinta) es un consumible dise\u00f1ado exclusivamente para impresoras de inyecci\u00f3n de tinta que recoge el exceso de tinta que la impresora produce al <a href=\"https:\/\/quecartucho.es\/blog\/que-es-un-cabezal-de-impresion\/como-limpiar-un-cabezal-de-impresion\/\">limpiar el cabezal de impresi\u00f3n<\/a>.<\/p>\n\n\n\n<p>El exceso de <a href=\"https:\/\/quecartucho.es\/\">tinta<\/a> que se produce al limpiar el cabezal de impresi\u00f3n se almacena en este dep\u00f3sito (algunas impresoras tienen dos dep\u00f3sitos), evitando as\u00ed el uso del dep\u00f3sito interno de la impresora y alargando su vida \u00fatil.<\/p>\n\n\n\n<p>En nuestro sitio web <a href=\"https:\/\/quecartucho.es\/\">QueCartucho.es<\/a> encontrar\u00e1 dep\u00f3sitos de servicio para varios modelos de impresoras Epson, Ricoh, Canon, etc.<\/p>\n\n\n\n<h2 class=\"wp-block-heading\">Tanques de mantenimiento m\u00e1s vendidos:<\/h2>\n\n\n\n<div class=\"wp-block-columns is-layout-flex wp-container-core-columns-is-layout-9d6595d7 wp-block-columns-is-layout-flex\">\n<div class=\"wp-block-column is-layout-flow wp-block-column-is-layout-flow\">\n<ul class=\"wp-block-list\">\n<li>Epson <a href=\"https:\/\/quecartucho.es\/3816-epson-c12c934461-t9344-tanque-de-mantenimiento.html\">C12C934461<\/a> T9344 tanque de mantenimiento<\/li>\n\n\n\n<li>Epson <a href=\"https:\/\/quecartucho.es\/1833-3802-epson-27xl-cartuchos-de-tinta-compatibles.html#\/114-marca-marca_blanca\/146-color-tanque_mantenimiento\">T6711<\/a><\/li>\n\n\n\n<li><a href=\"https:\/\/quecartucho.es\/2774-deposito-de-residuos-cexv11-cexv12-compatible-alternativo-con-canon-fm2-0303-000.html\">Dep\u00f3sito de residuos CEXV11 \/ CEXV12<\/a><\/li>\n\n\n\n<li><a href=\"https:\/\/quecartucho.es\/2777-cexv32-cexv33-deposito-resudual-compatible-alternativo-a-fm3-9276-000-c-exv32-c-exv33-.html\">CEXV32 \/ CEXV33 Dep\u00f3sito resudual<\/a><\/li>\n\n\n\n<li><a href=\"https:\/\/quecartucho.es\/3577-imc2500-compatible-toner-residual-con-ricoh-d0bq6400.html\">IMC2500 Compatible toner residual con ricoh D0BQ6400<\/a><\/li>\n\n\n\n<li><a href=\"https:\/\/quecartucho.es\/3578-mpc2503w-compatible-toner-residual-con-ricoh-416890-d2426400.html\">MPC2503W Compatible toner residual con ricoh 416890 D2426400<\/a><\/li>\n<\/ul>\n<\/div>\n\n\n\n<div class=\"wp-block-column is-layout-flow wp-block-column-is-layout-flow\">\n<figure class=\"wp-block-image size-medium\"><img loading=\"lazy\" decoding=\"async\" width=\"300\" height=\"169\" src=\"https:\/\/quecartucho.es\/blog\/wp-content\/uploads\/2023\/02\/Tanque-de-mantenimiento-300x169.jpg\" alt=\"Tanque de mantenimiento\" class=\"wp-image-18598\" title=\"\" srcset=\"https:\/\/quecartucho.es\/blog\/wp-content\/uploads\/2023\/02\/Tanque-de-mantenimiento-300x169.jpg 300w, https:\/\/quecartucho.es\/blog\/wp-content\/uploads\/2023\/02\/Tanque-de-mantenimiento-1024x576.jpg 1024w, https:\/\/quecartucho.es\/blog\/wp-content\/uploads\/2023\/02\/Tanque-de-mantenimiento-768x432.jpg 768w, https:\/\/quecartucho.es\/blog\/wp-content\/uploads\/2023\/02\/Tanque-de-mantenimiento.jpg 1200w\" sizes=\"auto, (max-width: 300px) 100vw, 300px\" \/><\/figure>\n<\/div>\n<\/div>\n\n\n\n<p><\/p>\n","protected":false},"excerpt":{"rendered":"<p>Un dep\u00f3sito de mantenimiento (tanque, o absorbedor de tinta) es un consumible dise\u00f1ado exclusivamente para impresoras de inyecci\u00f3n de tinta que recoge el exceso de tinta que la impresora produce al limpiar el cabezal de impresi\u00f3n. El exceso de tinta que se produce al limpiar el cabezal de impresi\u00f3n se almacena en este dep\u00f3sito (algunas&hellip;&nbsp;<a href=\"https:\/\/quecartucho.es\/blog\/tanque-de-mantenimiento\/\" rel=\"bookmark\">Leer m\u00e1s &raquo;<span class=\"screen-reader-text\">Tanque de mantenimiento<\/span><\/a><\/p>\n","protected":false},"author":1,"featured_media":18599,"parent":0,"menu_order":0,"comment_status":"closed","ping_status":"closed","template":"","meta":{"neve_meta_sidebar":"full-width","neve_meta_container":"","neve_meta_enable_content_width":"on","neve_meta_content_width":100,"neve_meta_title_alignment":"","neve_meta_author_avatar":"","neve_post_elements_order":"","neve_meta_disable_header":"","neve_meta_disable_footer":"","neve_meta_disable_title":"","episode_type":"","audio_file":"","podmotor_file_id":"","podmotor_episode_id":"","cover_image":"","cover_image_id":"","duration":"","filesize":"","filesize_raw":"","date_recorded":"","explicit":"","block":"","footnotes":""},"class_list":["post-18597","page","type-page","status-publish","has-post-thumbnail","hentry"],"_links":{"self":[{"href":"https:\/\/quecartucho.es\/blog\/wp-json\/wp\/v2\/pages\/18597","targetHints":{"allow":["GET"]}}],"collection":[{"href":"https:\/\/quecartucho.es\/blog\/wp-json\/wp\/v2\/pages"}],"about":[{"href":"https:\/\/quecartucho.es\/blog\/wp-json\/wp\/v2\/types\/page"}],"author":[{"embeddable":true,"href":"https:\/\/quecartucho.es\/blog\/wp-json\/wp\/v2\/users\/1"}],"replies":[{"embeddable":true,"href":"https:\/\/quecartucho.es\/blog\/wp-json\/wp\/v2\/comments?post=18597"}],"version-history":[{"count":3,"href":"https:\/\/quecartucho.es\/blog\/wp-json\/wp\/v2\/pages\/18597\/revisions"}],"predecessor-version":[{"id":18603,"href":"https:\/\/quecartucho.es\/blog\/wp-json\/wp\/v2\/pages\/18597\/revisions\/18603"}],"wp:featuredmedia":[{"embeddable":true,"href":"https:\/\/quecartucho.es\/blog\/wp-json\/wp\/v2\/media\/18599"}],"wp:attachment":[{"href":"https:\/\/quecartucho.es\/blog\/wp-json\/wp\/v2\/media?parent=18597"}],"curies":[{"name":"wp","href":"https:\/\/api.w.org\/{rel}","templated":true}]}}