{"id":18612,"date":"2023-02-09T20:03:30","date_gmt":"2023-02-09T18:03:30","guid":{"rendered":"https:\/\/quecartucho.es\/blog\/?page_id=18612"},"modified":"2023-02-09T20:03:32","modified_gmt":"2023-02-09T18:03:32","slug":"error-0x97-en-epson-a-que-se-debe-claves-para-solucionarlo","status":"publish","type":"page","link":"https:\/\/quecartucho.es\/blog\/error-0x97-en-epson-a-que-se-debe-claves-para-solucionarlo\/","title":{"rendered":"Error 0x97 en EPSON \u00bfA qu\u00e9 se debe? Claves para solucionarlo"},"content":{"rendered":"\n<p>El <strong>error 0X97<\/strong> es uno de los m\u00e1s temidos en una <a href=\"https:\/\/quecartucho.es\/blog\/impresoras-epson\/\">impresora Epson<\/a>. No porque sea excesivamente complicado de solucionar, sino por la poca informaci\u00f3n que recibiremos cuando aparezca en pantalla.<\/p>\n\n\n\n<p>Suele ser habitual de algunos modelos espec\u00edficos, como es el caso de las impresoras <strong>WF-3640, WF-4630<\/strong> o <strong>WF-7610<\/strong>. Lo m\u00e1s com\u00fan es que aparezca en una pantalla LED, aunque tambi\u00e9n podr\u00eda aparecer en forma de alerta en el sistema operativo.<\/p>\n\n\n\n<p>Si quieres saber a qu\u00e9 se debe y c\u00f3mo solucionarlo, este art\u00edculo te interesa:<\/p>\n\n\n<div id=\"rank-math-faq\" class=\"rank-math-block\">\n<div class=\"rank-math-list \">\n<div id=\"faq-question-1675964745802\" class=\"rank-math-list-item\">\n<h3 class=\"rank-math-question \">\u00bfQu\u00e9 es el error de c\u00f3digo Epson 0x97?<\/h3>\n<div class=\"rank-math-answer \">\n<img loading=\"lazy\" decoding=\"async\" width=\"150\" height=\"150\" src=\"https:\/\/quecartucho.es\/blog\/wp-content\/uploads\/2023\/02\/\u00bfQue-es-el-error-de-codigo-Epson-0x97-1-150x150.jpg\" class=\"alignright\" alt=\"\u00bfQu\u00e9 es el error de c\u00f3digo Epson 0x97?\" title=\"\">\n<p>En el manual de instrucciones de nuestra <strong>Impresa Epson<\/strong> tampoco encontramos mucha informaci\u00f3n sobre el <strong>error 0x97<\/strong> ni en otras fuentes.<\/p>\n<p>Los expertos coinciden en que est\u00e1 relacionado con alg\u00fan tipo de <strong>problema de hardware<\/strong> con el perif\u00e9rico. Sin embargo, tambi\u00e9n podr\u00edamos estar hablando de una <strong>obstrucci\u00f3n <\/strong>en los <a href=\"https:\/\/quecartucho.es\/\">cartuchos de la impresora<\/a>.<\/p>\n<p>Incluso, hay muchos usuarios que aseguran que se han encontrado con este error debido a que se les ha colado un <strong>virus<\/strong> en el PC.<\/p>\n<p>As\u00ed que tendremos que probar diferentes m\u00e9todos para solucionarlo:<\/p>\n\n<\/div>\n<\/div>\n<div id=\"faq-question-1675964771597\" class=\"rank-math-list-item\">\n<h3 class=\"rank-math-question \">\u00bfC\u00f3mo solucionar el c\u00f3digo de error de Epson 0x97?<\/h3>\n<div class=\"rank-math-answer \">\n<img loading=\"lazy\" decoding=\"async\" width=\"150\" height=\"150\" src=\"https:\/\/quecartucho.es\/blog\/wp-content\/uploads\/2023\/02\/\u00bfComo-solucionar-el-codigo-de-error-de-Epson-0x97-1-150x150.webp\" class=\"alignright\" alt=\"\" title=\"\">\n<p>\u279c <strong>Reinicia la impresora: <\/strong>lo primero que vamos a comprobar es que el problema no est\u00e9 relacionado con una mala configuraci\u00f3n temporal de la impresora. As\u00ed que la vamos a reiniciar: para ello, la apagamos, desconectamos los cables de corriente y de conexi\u00f3n al PC, dejamos que pasen unos minutos y lo volvemos a conectar todo. Esto deber\u00eda elimina cualquier configuraci\u00f3n err\u00f3nea que pudiera estar provocando el error.<\/p>\n<p>\u279c <strong>Limpieza de cabezales: <\/strong>por si acaso el problema se debiese a una obstrucci\u00f3n en los cartuchos, los vamos a limpiar. Si se trata de un atasco menor, con la funci\u00f3n de <a href=\"https:\/\/quecartucho.es\/blog\/que-es-un-cabezal-de-impresion\/como-limpiar-un-cabezal-de-impresion\/como-limpiar-los-cabezales-de-la-impresora-epson\/\"><strong>limpieza de cabezales<\/strong> del software de la impresora Epson<\/a> deber\u00eda ser m\u00e1s que suficiente. Si esto no arregla el problema, nos tocar\u00e1 hacer una limpieza manual.<\/p>\n<p>\u279c <strong>Comprueba atascos: <\/strong>un atasco de papel (o de cualquier elemento extra\u00f1o), tambi\u00e9n podr\u00e1 explicar el <strong>c\u00f3digo de error de Epson 0x97<\/strong>, as\u00ed que deber\u00edamos hacer una inspecci\u00f3n para retirar todo aquello que no debiese estar all\u00ed. Simplemente, la abrimos y lo comprobamos. En el caso de que detectes algo atascado, es importante retirarlo poco a poco, haciendo girar los rodillos, para no agravar el problema estropeando alg\u00fan componente.<\/p>\n<p>\u279c <strong>Pasa el antivirus: <\/strong>es buen momento para comprobar si se ha colado alg\u00fan virus en el ordenador. Si no quieres complicarte buscando un buen antivirus en este momento, siempre puedes probar a pasar un <strong>antivirus online<\/strong>. Recurre a los m\u00e1s conocidos. Como est\u00e1n siempre actualizados, podr\u00e1n encontrar cualquier anomal\u00eda sin complicaciones.<\/p>\n<p>\u279c <strong>Actualizaci\u00f3n de controladores: <\/strong>es posible que haya una versi\u00f3n superior de los controladores (drivers) que est\u00e9s usando. La <strong>actualizaci\u00f3n<\/strong> podr\u00eda solucionar el problema en cuesti\u00f3n de minutos.<\/p>\n<p>\u279c <strong>Utiliza el solucionador de problemas: <\/strong>puedes hacer el seguimiento del solucionador de problemas para ver qu\u00e9 soluci\u00f3n te propone el sistema operativo.<\/p>\n<p>Sigue estos pasos y ver\u00e1s c\u00f3mo das con la soluci\u00f3n del <strong>error 0x97 en Epson<\/strong>.<\/p>\n\n<\/div>\n<\/div>\n<\/div>\n<\/div>\n\n\n<div class=\"wp-block-columns is-layout-flex wp-container-core-columns-is-layout-9d6595d7 wp-block-columns-is-layout-flex\">\n<div class=\"wp-block-column is-layout-flow wp-block-column-is-layout-flow\">\n<figure class=\"wp-block-embed is-type-video is-provider-youtube wp-block-embed-youtube wp-embed-aspect-16-9 wp-has-aspect-ratio\"><div class=\"wp-block-embed__wrapper\">\n<div class=\"nv-iframe-embed\"><iframe loading=\"lazy\" title=\"How to Fix ERROR CODE 0x97 on EPSON Printer \/ How To Clean EPSON Printer Head\" width=\"1200\" height=\"675\" src=\"https:\/\/www.youtube.com\/embed\/3S8O6g1ABR8?feature=oembed\" frameborder=\"0\" allow=\"accelerometer; autoplay; clipboard-write; encrypted-media; gyroscope; picture-in-picture; web-share\" allowfullscreen><\/iframe><\/div>\n<\/div><\/figure>\n<\/div>\n\n\n\n<div class=\"wp-block-column is-layout-flow wp-block-column-is-layout-flow\">\n<figure class=\"wp-block-embed is-type-video is-provider-youtube wp-block-embed-youtube wp-embed-aspect-16-9 wp-has-aspect-ratio\"><div class=\"wp-block-embed__wrapper\">\n<div class=\"nv-iframe-embed\"><iframe loading=\"lazy\" title=\"How to fix Error 0x97 on Epson printers\" width=\"1200\" height=\"675\" src=\"https:\/\/www.youtube.com\/embed\/pcpg5PXgMSU?feature=oembed\" frameborder=\"0\" allow=\"accelerometer; autoplay; clipboard-write; encrypted-media; gyroscope; picture-in-picture; web-share\" allowfullscreen><\/iframe><\/div>\n<\/div><\/figure>\n<\/div>\n\n\n\n<div class=\"wp-block-column is-layout-flow wp-block-column-is-layout-flow\">\n<figure class=\"wp-block-embed is-type-video is-provider-youtube wp-block-embed-youtube wp-embed-aspect-16-9 wp-has-aspect-ratio\"><div class=\"wp-block-embed__wrapper\">\n<div class=\"nv-iframe-embed\"><iframe loading=\"lazy\" title=\"Soluci\u00f3n al error 0x97, Epson wf 3620, WF 3640, WF 7610, WF 7620\" width=\"1200\" height=\"675\" src=\"https:\/\/www.youtube.com\/embed\/u5y53dD36fs?feature=oembed\" frameborder=\"0\" allow=\"accelerometer; autoplay; clipboard-write; encrypted-media; gyroscope; picture-in-picture; web-share\" allowfullscreen><\/iframe><\/div>\n<\/div><\/figure>\n<\/div>\n<\/div>\n","protected":false},"excerpt":{"rendered":"<p>El error 0X97 es uno de los m\u00e1s temidos en una impresora Epson. No porque sea excesivamente complicado de solucionar, sino por la poca informaci\u00f3n que recibiremos cuando aparezca en pantalla. Suele ser habitual de algunos modelos espec\u00edficos, como es el caso de las impresoras WF-3640, WF-4630 o WF-7610. Lo m\u00e1s com\u00fan es que aparezca&hellip;&nbsp;<a href=\"https:\/\/quecartucho.es\/blog\/error-0x97-en-epson-a-que-se-debe-claves-para-solucionarlo\/\" rel=\"bookmark\">Leer m\u00e1s &raquo;<span class=\"screen-reader-text\">Error 0x97 en EPSON \u00bfA qu\u00e9 se debe? Claves para solucionarlo<\/span><\/a><\/p>\n","protected":false},"author":1,"featured_media":18621,"parent":0,"menu_order":0,"comment_status":"closed","ping_status":"closed","template":"","meta":{"neve_meta_sidebar":"full-width","neve_meta_container":"","neve_meta_enable_content_width":"on","neve_meta_content_width":100,"neve_meta_title_alignment":"","neve_meta_author_avatar":"","neve_post_elements_order":"","neve_meta_disable_header":"","neve_meta_disable_footer":"","neve_meta_disable_title":"","episode_type":"","audio_file":"","podmotor_file_id":"","podmotor_episode_id":"","cover_image":"","cover_image_id":"","duration":"","filesize":"","filesize_raw":"","date_recorded":"","explicit":"","block":"","footnotes":""},"class_list":["post-18612","page","type-page","status-publish","has-post-thumbnail","hentry"],"_links":{"self":[{"href":"https:\/\/quecartucho.es\/blog\/wp-json\/wp\/v2\/pages\/18612","targetHints":{"allow":["GET"]}}],"collection":[{"href":"https:\/\/quecartucho.es\/blog\/wp-json\/wp\/v2\/pages"}],"about":[{"href":"https:\/\/quecartucho.es\/blog\/wp-json\/wp\/v2\/types\/page"}],"author":[{"embeddable":true,"href":"https:\/\/quecartucho.es\/blog\/wp-json\/wp\/v2\/users\/1"}],"replies":[{"embeddable":true,"href":"https:\/\/quecartucho.es\/blog\/wp-json\/wp\/v2\/comments?post=18612"}],"version-history":[{"count":3,"href":"https:\/\/quecartucho.es\/blog\/wp-json\/wp\/v2\/pages\/18612\/revisions"}],"predecessor-version":[{"id":18622,"href":"https:\/\/quecartucho.es\/blog\/wp-json\/wp\/v2\/pages\/18612\/revisions\/18622"}],"wp:featuredmedia":[{"embeddable":true,"href":"https:\/\/quecartucho.es\/blog\/wp-json\/wp\/v2\/media\/18621"}],"wp:attachment":[{"href":"https:\/\/quecartucho.es\/blog\/wp-json\/wp\/v2\/media?parent=18612"}],"curies":[{"name":"wp","href":"https:\/\/api.w.org\/{rel}","templated":true}]}}