{"id":18628,"date":"2023-02-17T11:22:21","date_gmt":"2023-02-17T09:22:21","guid":{"rendered":"https:\/\/quecartucho.es\/blog\/?page_id=18628"},"modified":"2023-02-22T19:51:42","modified_gmt":"2023-02-22T17:51:42","slug":"como-imprimir-un-pdf-protegido","status":"publish","type":"page","link":"https:\/\/quecartucho.es\/blog\/como-imprimir-un-pdf-protegido\/","title":{"rendered":"C\u00f3mo imprimir un PDF protegido"},"content":{"rendered":"\n<p>El <strong>formato PDF<\/strong> ofrece muchas ventajas interesantes. Es un formato que se adapta a cualquier sistema operativo y permite que la estructura se mantenga exacta (a diferencia de lo que pasa con otros formatos como el DOC).<\/p>\n\n\n\n<p>Una de las funciones m\u00e1s destacadas es la posibilidad de <strong>proteger un PDF<\/strong> (esto se utiliza para proteger el contenido).<\/p>\n\n\n\n<p>Puede darse el caso de que tengas que imprimir un documento PDF protegido y no tengas mucha idea de c\u00f3mo hacerlo. No bastar\u00e1 con imprimirlo sin m\u00e1s, ya que el sistema no te dejar\u00e1. Habr\u00e1 que desbloquearlo previamente, y esto lo har\u00e1s hacer siguiendo estos pasos:<\/p>\n\n\n<div id=\"rank-math-faq\" class=\"rank-math-block\">\n<div class=\"rank-math-list \">\n<div id=\"faq-question-1676625221245\" class=\"rank-math-list-item\">\n<h2 class=\"rank-math-question \"><strong>\u00bfQu\u00e9 herramientas necesito para imprimir un PDF protegido?<\/strong><\/h2>\n<div class=\"rank-math-answer \">\n<img loading=\"lazy\" decoding=\"async\" width=\"300\" height=\"168\" src=\"https:\/\/quecartucho.es\/blog\/wp-content\/uploads\/2023\/02\/imprimir-pdf-protegido-thegem-blog-timeline-large-300x168.jpg\" class=\"alignright\" alt=\"\" title=\"\">\n<p>No se puede desbloquear el PDF de forma nativa con las herramientas que trae el sistema operativo, sino que necesitaremos descargar un software adicional que tenga disponible esta funci\u00f3n. Aqu\u00ed te indicamos algunas de las mejores opciones:<\/p>\n<p><strong>1.<\/strong> <strong>Adobe Acrobat DC<\/strong><br \/><strong>2.<\/strong> <strong>ILovePDF<\/strong><br \/><strong>3.<\/strong> <strong>SmallPDF<\/strong><br \/><strong>4.<\/strong> <strong>PDFUnlock<\/strong><br \/><strong>5.<\/strong> <strong>Seida Online<\/strong><br \/><strong>6.<\/strong> <strong>Google Drive<\/strong><\/p>\n<p>A continuaci\u00f3n te detallamos punto por punto:<\/p>\n\n<\/div>\n<\/div>\n<\/div>\n<\/div>\n\n\n<h3 class=\"wp-block-heading\"><strong>1.<\/strong> &nbsp; &nbsp; <strong>Adobe Acrobat DC<\/strong><\/h3>\n\n\n\n<p>Se trata de la aplicaci\u00f3n por excelencia para trabajar con PDFs. Es posible utilizar el <strong>Adobe Acrobat<\/strong> con el objetivo de eliminar la contrase\u00f1a y as\u00ed desbloquear el documento para poder proceder con su impresi\u00f3n. Incluso es posible hacerlo, aunque no la sepamos, pero tienes que cumplir una condici\u00f3n: el documento se tiene que haber editado por parte de la misma cuenta de propietario que tenemos en Adobe Acrobat (si no es as\u00ed, debemos buscar otra opci\u00f3n).<\/p>\n\n\n\n<p>El proceso que tendr\u00e1s que seguir para quitar la contrase\u00f1a ser\u00e1 este:<\/p>\n\n\n\n<p>1) &nbsp; &nbsp; Abre<strong> Adobe Acrobat DC.<\/strong><\/p>\n\n\n\n<p>2) &nbsp; &nbsp; Pulsa en <strong>Herramientas -&gt; Protecci\u00f3n.<\/strong><\/p>\n\n\n\n<p>3) &nbsp; &nbsp; Marca en la opci\u00f3n de <strong>Codificar<\/strong> y despu\u00e9s en <strong>quitar<\/strong>.<\/p>\n\n\n\n<p>Si tienes permisos de administrador para retirar la contrase\u00f1a, el programa no deber\u00eda darte ning\u00fan problema. Una vez se haya retirado, el documento no estar\u00e1 protegido y podr\u00e1s editar e imprimir.<\/p>\n\n\n\n<h3 class=\"wp-block-heading\"><strong>2.<\/strong> &nbsp; &nbsp; <strong>ILovePDF<\/strong><\/h3>\n\n\n\n<figure class=\"wp-block-image size-large\"><img loading=\"lazy\" decoding=\"async\" width=\"1024\" height=\"336\" src=\"https:\/\/quecartucho.es\/blog\/wp-content\/uploads\/2023\/02\/Desbloquear-PDF-1024x336.webp\" alt=\"Desbloquear PDF\" class=\"wp-image-18630\" title=\"\" srcset=\"https:\/\/quecartucho.es\/blog\/wp-content\/uploads\/2023\/02\/Desbloquear-PDF-1024x336.webp 1024w, https:\/\/quecartucho.es\/blog\/wp-content\/uploads\/2023\/02\/Desbloquear-PDF-300x98.webp 300w, https:\/\/quecartucho.es\/blog\/wp-content\/uploads\/2023\/02\/Desbloquear-PDF-768x252.webp 768w, https:\/\/quecartucho.es\/blog\/wp-content\/uploads\/2023\/02\/Desbloquear-PDF.webp 1300w\" sizes=\"auto, (max-width: 1024px) 100vw, 1024px\" \/><figcaption class=\"wp-element-caption\">Desbloquear PDF<\/figcaption><\/figure>\n\n\n\n<p><strong>ILovePDF<\/strong> es una interesante opci\u00f3n para <strong>imprimir PDF protegido<\/strong> que se caracteriza por no necesitar instalar nada en nuestro ordenador; funciona totalmente online, por lo que el proceso es muy r\u00e1pido:<\/p>\n\n\n\n<p>1) &nbsp; &nbsp; Accedes a la web de ILovePDF<\/p>\n\n\n\n<p>2) &nbsp; &nbsp; Marcas el bot\u00f3n rojo que dice <strong>Seleccionar Archivo PDF<\/strong>.<\/p>\n\n\n\n<p>3) &nbsp; &nbsp; Eliges el fichero que quieres desbloquear para luego imprimir.<\/p>\n\n\n\n<p>4) &nbsp; &nbsp; El programa se encargar\u00e1 de procesarlo para retirar la contrase\u00f1a y as\u00ed conseguir que no est\u00e9 bloqueado. Te aparecer\u00e1 un bot\u00f3n para descargarlo, aunque tambi\u00e9n se puede descargar de manera autom\u00e1tica en <strong>Google Drive<\/strong> o en <strong>Dropbox<\/strong>.<\/p>\n\n\n\n<p>Este programa funcionar\u00e1 con cualquier <strong><a href=\"https:\/\/quecartucho.es\/blog\/impresoras-review\/\">impresora<\/a><\/strong> para la mayor\u00eda de los PDFs protegidos.<\/p>\n\n\n\n<h3 class=\"wp-block-heading\"><strong>3.<\/strong> &nbsp; &nbsp; <strong>SmallPDF<\/strong><\/h3>\n\n\n\n<p>Tal y como indica su propio nombre, <strong>SmallPDF<\/strong> es un programa bastante sencillo, pero cumple a la perfecci\u00f3n con su cometido. No solo te ayuda a quitar la contrase\u00f1a, sino que tambi\u00e9n es muy efectivo para convertir, editar o combinar diferentes archivos PDF sin tener que pagar nada por cada opci\u00f3n.<\/p>\n\n\n\n<p>Funciona como la opci\u00f3n anterior: es una <strong>herramienta online<\/strong> en la que tan solo tendr\u00e1s que cargar el archivo y esperar a que se procese para que la contrase\u00f1a desaparezca.<\/p>\n\n\n\n<p>El \u00fanico problema es que, al ser bastante simple, tan solo se atreve con sistemas de encriptaci\u00f3n que no sean demasiado elevados. Si la cosa se complica, puede que tengas que recurrir a una opci\u00f3n de pago.<\/p>\n\n\n<div class=\"wp-block-image\">\n<figure class=\"aligncenter size-full\"><img loading=\"lazy\" decoding=\"async\" width=\"916\" height=\"422\" src=\"https:\/\/quecartucho.es\/blog\/wp-content\/uploads\/2023\/02\/como-desbloquear-un-pdf-online-smallpdf.gif\" alt=\"como desbloquear un pdf online smallpdf\" class=\"wp-image-18629\" title=\"\"><\/figure>\n<\/div>\n\n\n<h3 class=\"wp-block-heading\"><strong>4.<\/strong> &nbsp; &nbsp; <strong>PDFUnlock<\/strong><\/h3>\n\n\n\n<p>Si buscas algo m\u00e1s completo, puedes probar con <strong>PDFUnlock<\/strong>. No solo te permite subir archivos que tengas en el disco duro con contrase\u00f1a, sino que tambi\u00e9n los puedes cargar desde Google Drive o Dropbox de forma directa, sin hacer ninguna descarga previa.<\/p>\n\n\n\n<p>Como en las herramientas online anteriores, tan solo tendr\u00e1s que cargar el archivo y esperar a que se procese y todo esto requiere de pulsar un \u00fanico bot\u00f3n.<\/p>\n\n\n\n<p>Pero las capacidades de PDFUnlock van mucho m\u00e1s all\u00e1. Tambi\u00e9n puede unir varios archivos, dividirlos, comprimirlos, incluso hasta proteger archivos.<\/p>\n\n\n\n<h3 class=\"wp-block-heading\"><strong>5.<\/strong> &nbsp; &nbsp; <strong>Seida Online<\/strong><\/h3>\n\n\n\n<p><strong>Seida Online<\/strong> es una opci\u00f3n no tan conocida como las anteriores, pero funciona muy bien. Hace las mismas funciones que las herramientas descritas, con la diferencia de que se toma muy en serio tu <strong>privacidad<\/strong>. La p\u00e1gina est\u00e1 dise\u00f1ada para que se borren los archivos subidos cuando hayan pasado 2 horas; as\u00ed, nadie podr\u00e1 tener acceso a la misma.<\/p>\n\n\n\n<p>Tambi\u00e9n existe una versi\u00f3n de Seida offline, pero tiene un coste de alrededor de <strong>7\u20ac<\/strong> (aunque existe una versi\u00f3n de prueba de 7 d\u00edas).<\/p>\n\n\n\n<h3 class=\"wp-block-heading\"><strong>6.<\/strong> &nbsp; &nbsp; <strong>Google Drive<\/strong><\/h3>\n\n\n\n<p>Podr\u00eda darse el caso de que la opci\u00f3n de <strong>edici\u00f3n de PDF<\/strong> se encuentre activada, pero que el propio archivo no est\u00e9 protegido. Si fuese as\u00ed, <strong>Google Drive<\/strong> podr\u00eda ayudarte a solucionar el problema sin necesidad de contar con herramientas adicionales.<\/p>\n\n\n\n<p>1) &nbsp; &nbsp; Accede a <strong>Google Docs<\/strong>.<\/p>\n\n\n\n<p>2) &nbsp; &nbsp; Pulsa en <strong>Abrir selector de archivos<\/strong> y marca el archivo PDF que quieres desproteger.<\/p>\n\n\n\n<p>3) &nbsp; &nbsp; Pulsa en <strong>Imprimir<\/strong>.<\/p>\n\n\n\n<p>4) &nbsp; &nbsp; Si el archivo no estuviera bloqueado, deber\u00eda imprimirlo sin ning\u00fan problema.<\/p>\n\n\n\n<p>Utiliza estas herramientas y ver\u00e1s c\u00f3mo consigues desbloquear cualquier PDF para poder imprimirlo cuando quieras.<\/p>\n","protected":false},"excerpt":{"rendered":"<p>El formato PDF ofrece muchas ventajas interesantes. Es un formato que se adapta a cualquier sistema operativo y permite que la estructura se mantenga exacta (a diferencia de lo que pasa con otros formatos como el DOC). Una de las funciones m\u00e1s destacadas es la posibilidad de proteger un PDF (esto se utiliza para proteger&hellip;&nbsp;<a href=\"https:\/\/quecartucho.es\/blog\/como-imprimir-un-pdf-protegido\/\" rel=\"bookmark\">Leer m\u00e1s &raquo;<span class=\"screen-reader-text\">C\u00f3mo imprimir un PDF protegido<\/span><\/a><\/p>\n","protected":false},"author":1,"featured_media":18631,"parent":0,"menu_order":0,"comment_status":"closed","ping_status":"closed","template":"","meta":{"neve_meta_sidebar":"full-width","neve_meta_container":"","neve_meta_enable_content_width":"on","neve_meta_content_width":100,"neve_meta_title_alignment":"","neve_meta_author_avatar":"","neve_post_elements_order":"","neve_meta_disable_header":"","neve_meta_disable_footer":"","neve_meta_disable_title":"","episode_type":"","audio_file":"","podmotor_file_id":"","podmotor_episode_id":"","cover_image":"","cover_image_id":"","duration":"","filesize":"","filesize_raw":"","date_recorded":"","explicit":"","block":"","footnotes":""},"class_list":["post-18628","page","type-page","status-publish","has-post-thumbnail","hentry"],"_links":{"self":[{"href":"https:\/\/quecartucho.es\/blog\/wp-json\/wp\/v2\/pages\/18628","targetHints":{"allow":["GET"]}}],"collection":[{"href":"https:\/\/quecartucho.es\/blog\/wp-json\/wp\/v2\/pages"}],"about":[{"href":"https:\/\/quecartucho.es\/blog\/wp-json\/wp\/v2\/types\/page"}],"author":[{"embeddable":true,"href":"https:\/\/quecartucho.es\/blog\/wp-json\/wp\/v2\/users\/1"}],"replies":[{"embeddable":true,"href":"https:\/\/quecartucho.es\/blog\/wp-json\/wp\/v2\/comments?post=18628"}],"version-history":[{"count":3,"href":"https:\/\/quecartucho.es\/blog\/wp-json\/wp\/v2\/pages\/18628\/revisions"}],"predecessor-version":[{"id":18692,"href":"https:\/\/quecartucho.es\/blog\/wp-json\/wp\/v2\/pages\/18628\/revisions\/18692"}],"wp:featuredmedia":[{"embeddable":true,"href":"https:\/\/quecartucho.es\/blog\/wp-json\/wp\/v2\/media\/18631"}],"wp:attachment":[{"href":"https:\/\/quecartucho.es\/blog\/wp-json\/wp\/v2\/media?parent=18628"}],"curies":[{"name":"wp","href":"https:\/\/api.w.org\/{rel}","templated":true}]}}