{"id":18687,"date":"2023-02-22T19:50:47","date_gmt":"2023-02-22T17:50:47","guid":{"rendered":"https:\/\/quecartucho.es\/blog\/?page_id=18687"},"modified":"2023-02-22T19:51:09","modified_gmt":"2023-02-22T17:51:09","slug":"impresion-en-color-un-aliado-para-estimular-la-creatividad-y-el-aprendizaje-en-ninos","status":"publish","type":"page","link":"https:\/\/quecartucho.es\/blog\/impresion-en-color-un-aliado-para-estimular-la-creatividad-y-el-aprendizaje-en-ninos\/","title":{"rendered":"Impresi\u00f3n en color: un aliado para estimular la creatividad y el aprendizaje en ni\u00f1os"},"content":{"rendered":"\n<p>OKI ha compartido recientemente informaci\u00f3n sobre la importancia de la impresi\u00f3n en color en el \u00e1mbito educativo. Aunque la tecnolog\u00eda digital est\u00e1 cada vez m\u00e1s presente en las aulas, la impresi\u00f3n en papel sigue siendo fundamental para el aprendizaje de los estudiantes, desde los libros de texto hasta los boletines y los avisos de seguridad. De hecho, la <strong>impresi\u00f3n en color<\/strong> puede ser especialmente \u00fatil para captar la atenci\u00f3n de los ni\u00f1os y mejorar su estado de \u00e1nimo, tanto en las aulas como en los pasillos.<\/p>\n\n\n<div class=\"wp-block-image\">\n<figure class=\"aligncenter size-large\"><img loading=\"lazy\" decoding=\"async\" width=\"1024\" height=\"538\" src=\"https:\/\/quecartucho.es\/blog\/wp-content\/uploads\/2023\/02\/DD-1200x630-16-MAR-1024x538.png\" alt=\"Las ventajas de la impresi\u00f3n en color para los ni\u00f1os\" class=\"wp-image-18689\" title=\"\" srcset=\"https:\/\/quecartucho.es\/blog\/wp-content\/uploads\/2023\/02\/DD-1200x630-16-MAR-1024x538.png 1024w, https:\/\/quecartucho.es\/blog\/wp-content\/uploads\/2023\/02\/DD-1200x630-16-MAR-300x158.png 300w, https:\/\/quecartucho.es\/blog\/wp-content\/uploads\/2023\/02\/DD-1200x630-16-MAR-768x403.png 768w, https:\/\/quecartucho.es\/blog\/wp-content\/uploads\/2023\/02\/DD-1200x630-16-MAR.png 1200w\" sizes=\"auto, (max-width: 1024px) 100vw, 1024px\" \/><\/figure>\n<\/div>\n\n\n<p>En un art\u00edculo publicado en l\u00ednea, OKI ha explorado la correlaci\u00f3n entre la combinaci\u00f3n de colores y el estado de \u00e1nimo de los alumnos. En particular, se han estudiado los \u00abcolores c\u00e1lidos\u00bb, como el rojo, el naranja y el amarillo, que pueden tener un efecto relajante y fomentar la creatividad. No obstante, es importante tener en cuenta que el tono adecuado es esencial, ya que estos colores pueden resultar estresantes si son demasiado chillones o brillantes.<\/p>\n\n\n\n<p>En el art\u00edculo se menciona que el rojo puede ser un color excitante que sugiere determinaci\u00f3n y audacia, aunque tambi\u00e9n puede utilizarse para advertencias o indicar peligro. Por otro lado, el amarillo se asocia con la energ\u00eda, el sol y la felicidad. Por lo tanto, estos colores podr\u00edan ser ideales para mensajes m\u00e1s informales, especialmente para los ni\u00f1os.<\/p>\n\n\n\n<p>Para conseguir un efecto m\u00e1s relajante o \u00abfr\u00edo\u00bb, se recomiendan los colores azul y verde. Sin embargo, estos colores podr\u00edan reservarse para comunicaciones m\u00e1s formales, como los boletines para los padres. Tambi\u00e9n se mencionan los colores neutros como el blanco, el gris y el negro, aunque se puede a\u00f1adir sutiles tintes y matices de otros colores para lograr el mismo efecto.<\/p>\n\n\n\n<p>En resumen, la impresi\u00f3n en color puede tener un impacto significativo en el aprendizaje y el estado de \u00e1nimo de los estudiantes. Por lo tanto, es importante asegurarse de tener un suministro adecuado de <strong><a href=\"https:\/\/quecartucho.es\/\">cartuchos de tinta<\/a><\/strong> de calidad en el centro escolar. Los <a href=\"https:\/\/quecartucho.es\/11-oki\">cartuchos de tinta reciclados OKI<\/a> pueden ser una opci\u00f3n econ\u00f3mica y ecol\u00f3gica para mantener el suministro de tinta bien abastecido.<\/p>\n","protected":false},"excerpt":{"rendered":"<p>OKI ha compartido recientemente informaci\u00f3n sobre la importancia de la impresi\u00f3n en color en el \u00e1mbito educativo. Aunque la tecnolog\u00eda digital est\u00e1 cada vez m\u00e1s presente en las aulas, la impresi\u00f3n en papel sigue siendo fundamental para el aprendizaje de los estudiantes, desde los libros de texto hasta los boletines y los avisos de seguridad.&hellip;&nbsp;<a href=\"https:\/\/quecartucho.es\/blog\/impresion-en-color-un-aliado-para-estimular-la-creatividad-y-el-aprendizaje-en-ninos\/\" rel=\"bookmark\">Leer m\u00e1s &raquo;<span class=\"screen-reader-text\">Impresi\u00f3n en color: un aliado para estimular la creatividad y el aprendizaje en ni\u00f1os<\/span><\/a><\/p>\n","protected":false},"author":1,"featured_media":18688,"parent":0,"menu_order":0,"comment_status":"closed","ping_status":"closed","template":"","meta":{"neve_meta_sidebar":"full-width","neve_meta_container":"","neve_meta_enable_content_width":"on","neve_meta_content_width":100,"neve_meta_title_alignment":"","neve_meta_author_avatar":"","neve_post_elements_order":"","neve_meta_disable_header":"","neve_meta_disable_footer":"","neve_meta_disable_title":"","episode_type":"","audio_file":"","podmotor_file_id":"","podmotor_episode_id":"","cover_image":"","cover_image_id":"","duration":"","filesize":"","filesize_raw":"","date_recorded":"","explicit":"","block":"","footnotes":""},"class_list":["post-18687","page","type-page","status-publish","has-post-thumbnail","hentry"],"_links":{"self":[{"href":"https:\/\/quecartucho.es\/blog\/wp-json\/wp\/v2\/pages\/18687","targetHints":{"allow":["GET"]}}],"collection":[{"href":"https:\/\/quecartucho.es\/blog\/wp-json\/wp\/v2\/pages"}],"about":[{"href":"https:\/\/quecartucho.es\/blog\/wp-json\/wp\/v2\/types\/page"}],"author":[{"embeddable":true,"href":"https:\/\/quecartucho.es\/blog\/wp-json\/wp\/v2\/users\/1"}],"replies":[{"embeddable":true,"href":"https:\/\/quecartucho.es\/blog\/wp-json\/wp\/v2\/comments?post=18687"}],"version-history":[{"count":1,"href":"https:\/\/quecartucho.es\/blog\/wp-json\/wp\/v2\/pages\/18687\/revisions"}],"predecessor-version":[{"id":18691,"href":"https:\/\/quecartucho.es\/blog\/wp-json\/wp\/v2\/pages\/18687\/revisions\/18691"}],"wp:featuredmedia":[{"embeddable":true,"href":"https:\/\/quecartucho.es\/blog\/wp-json\/wp\/v2\/media\/18688"}],"wp:attachment":[{"href":"https:\/\/quecartucho.es\/blog\/wp-json\/wp\/v2\/media?parent=18687"}],"curies":[{"name":"wp","href":"https:\/\/api.w.org\/{rel}","templated":true}]}}