{"id":18760,"date":"2023-03-10T10:53:57","date_gmt":"2023-03-10T08:53:57","guid":{"rendered":"https:\/\/quecartucho.es\/blog\/?page_id=18760"},"modified":"2023-03-21T12:31:44","modified_gmt":"2023-03-21T10:31:44","slug":"la-impresora-hace-ruido-al-imprimir","status":"publish","type":"page","link":"https:\/\/quecartucho.es\/blog\/la-impresora-hace-ruido-al-imprimir\/","title":{"rendered":"La impresora hace ruido al imprimir"},"content":{"rendered":"\n<div class=\"wp-block-columns is-layout-flex wp-container-core-columns-is-layout-9d6595d7 wp-block-columns-is-layout-flex\">\n<div class=\"wp-block-column is-layout-flow wp-block-column-is-layout-flow\" style=\"flex-basis:66.66%\">\n<p>El hecho de que <a href=\"https:\/\/quecartucho.es\/blog\/cuando-una-impresora-no-imprime-bien\/\">la impresora haga m\u00e1s ruido de lo normal, o un ruido extra\u00f1o, est\u00e1 indic\u00e1ndonos que algo no funciona bien<\/a>. Quiz\u00e1 se trate de alg\u00fan componente que se est\u00e1 deteriorando, por lo que se recomienda parar la impresi\u00f3n de inmediato para evitar que el problema se agrave.<\/p>\n\n\n\n<p>Lo cierto es que el motivo del <strong>ruido de una impresora<\/strong> puede ser muy variable. En las siguientes l\u00edneas vamos a ver algunos de los motivos m\u00e1s habituales, as\u00ed como sus posibles soluciones:<\/p>\n<\/div>\n\n\n\n<div class=\"wp-block-column is-layout-flow wp-block-column-is-layout-flow\" style=\"flex-basis:33.33%\">\n<figure class=\"wp-block-image size-large\"><img loading=\"lazy\" decoding=\"async\" width=\"1024\" height=\"532\" src=\"https:\/\/quecartucho.es\/blog\/wp-content\/uploads\/2023\/03\/ruido-al-imprimir-1024x532.jpg\" alt=\"ruido al imprimir\" class=\"wp-image-18763\" title=\"\" srcset=\"https:\/\/quecartucho.es\/blog\/wp-content\/uploads\/2023\/03\/ruido-al-imprimir-1024x532.jpg 1024w, https:\/\/quecartucho.es\/blog\/wp-content\/uploads\/2023\/03\/ruido-al-imprimir-300x156.jpg 300w, https:\/\/quecartucho.es\/blog\/wp-content\/uploads\/2023\/03\/ruido-al-imprimir-768x399.jpg 768w, https:\/\/quecartucho.es\/blog\/wp-content\/uploads\/2023\/03\/ruido-al-imprimir.jpg 1158w\" sizes=\"auto, (max-width: 1024px) 100vw, 1024px\" \/><figcaption class=\"wp-element-caption\">Ruido al imprimir<\/figcaption><\/figure>\n<\/div>\n<\/div>\n\n\n\n<h2 class=\"wp-block-heading\"><strong>\u00bfPor qu\u00e9 mi impresora hace ruido al imprimir? Causas y soluciones<\/strong><\/h2>\n\n\n\n<h3 class=\"wp-block-heading\"><strong>1.<\/strong> &nbsp; &nbsp; <strong>Atasco de papel<\/strong><\/h3>\n\n\n\n<p>El motivo m\u00e1s probable que explica este ruido es un <strong>atasco de papel<\/strong>. Quiz\u00e1 hemos introducido un tipo de papel demasiado grueso, bien se ha formado alg\u00fan pliegue o se ha producido alg\u00fan tipo de acumulaci\u00f3n de importancia.<\/p>\n\n\n\n<p><strong>La soluci\u00f3n es esta:<\/strong><\/p>\n\n\n\n<ol class=\"wp-block-list\">\n<li>Apaga la impresora y descon\u00e9ctala de la corriente para estar m\u00e1s seguros.<\/li>\n\n\n\n<li>Extrae la bandeja de papel.<\/li>\n\n\n\n<li>En ese momento tendr\u00e1s que comprobar si existe alg\u00fan tipo de papel atascado, o si hay cualquier elemento extra\u00f1o que pueda estar provocando el problema.<\/li>\n\n\n\n<li>Vuelve a colocar la bandeja y el cable de la electricidad.<\/li>\n<\/ol>\n\n\n\n<p>Ahora prueba a hacer una impresi\u00f3n simple. Si el problema estuviera relacionado con un <strong><a href=\"https:\/\/quecartucho.es\/blog\/como-solucionar-un-atasco-de-papel-en-la-impresora\/\" data-type=\"page\" data-id=\"17610\">atasco de papel<\/a><\/strong>, ya no deber\u00eda existir.<\/p>\n\n\n\n<h3 class=\"wp-block-heading\"><strong>2.<\/strong> &nbsp; &nbsp; <strong>Posici\u00f3n de los cartuchos<\/strong><\/h3>\n\n\n\n<p>Otra posible explicaci\u00f3n al <strong>ruido al imprimir de tu impresora<\/strong> lo podr\u00edamos encontrar en los <strong><a href=\"https:\/\/quecartucho.es\/\">cartuchos<\/a><\/strong>. Quiz\u00e1 estos no se encuentren debidamente colocados o se hayan desprendido por alg\u00fan motivo.<\/p>\n\n\n\n<ol class=\"wp-block-list\">\n<li>Pulsa el bot\u00f3n de la impresora que apretar\u00edas para hacer el cambio de cartucho.<\/li>\n\n\n\n<li>Aseg\u00farate de que est\u00e1n bien colocados y que no queda ning\u00fan resorte que bajar.<\/li>\n\n\n\n<li>Comprueba si est\u00e1n alineados o si hay alguno que est\u00e1 por encima\/debajo del otro.<\/li>\n<\/ol>\n\n\n\n<p>Este problema es poco probable, ya que la mayor\u00eda de impresoras no te dejar\u00e1n hacer el cambio de cartuchos de forma incorrecta; esto es debido a que cuentan con mecanismos que lo impedir\u00e1n. Si esto ha ocurrido, es posible que necesites asistencia t\u00e9cnica m\u00e1s avanzada.<\/p>\n\n\n\n<h3 class=\"wp-block-heading\"><strong>3.<\/strong> &nbsp; &nbsp; <strong>Cartuchos obstruidos<\/strong><\/h3>\n\n\n\n<p>Podr\u00eda ocurrir que los cartuchos se hayan obstruido y el ruido que escuchas es el esfuerzo in\u00fatil que har\u00eda la m\u00e1quina para imprimir. En este caso, la soluci\u00f3n es desatascarlos.<\/p>\n\n\n\n<p>1) &nbsp; &nbsp; La forma m\u00e1s sencilla de proceder es hacer una <a href=\"https:\/\/quecartucho.es\/blog\/que-es-un-cabezal-de-impresion\/como-limpiar-un-cabezal-de-impresion\/\"><strong>limpieza de cartuchos<\/strong><\/a> con la funcionalidad propia de la impresora. Dependiendo del modelo que tengas, la podr\u00e1s activar directamente desde el software, o bien desde el panel del perif\u00e9rico.<\/p>\n\n\n\n<p>2) &nbsp; &nbsp; Si la limpieza no funciona, no quedar\u00e1 otra que hacerla <strong>manual<\/strong>. Esto entra\u00f1a extraer los cartuchos y pasarle un trapo h\u00famedo por la parte donde sale la tinta. En el momento en el que veas que empieza a manchar es buena se\u00f1al, ya que indica que el atasco ha sido eliminado.<\/p>\n\n\n\n<p>Para evitar que este problema ocurra es importante imprimir de vez en cuando. En el caso de no hacerlo, la tinta se seca y esto da pie a que el cartucho se obstruya.<\/p>\n\n\n\n<h3 class=\"wp-block-heading\"><strong>4.<\/strong> &nbsp; &nbsp; <strong>Cartucho con poca tinta<\/strong><\/h3>\n\n\n\n<p>Algunos usuarios han reportado ciertos errores cuando el nivel de <strong>tinta<\/strong> de su cartucho est\u00e1 muy bajo (aproximadamente, por debajo del <strong>25%<\/strong>). No solo afectar\u00e1 a la calidad de la impresi\u00f3n, haciendo que esta se muestre deficiente, sino que tambi\u00e9n podr\u00eda producir un molesto ruido.<\/p>\n\n\n\n<div class=\"wp-block-columns is-layout-flex wp-container-core-columns-is-layout-9d6595d7 wp-block-columns-is-layout-flex\">\n<div class=\"wp-block-column is-layout-flow wp-block-column-is-layout-flow\" style=\"flex-basis:66.66%\">\n<p>Lo primero que tendr\u00e1s que hacer es comprobar el nivel de tinta de tu impresora: esto se puede hacer desde el software del PC, desde la app para tel\u00e9fonos m\u00f3viles o desde la pantalla.<\/p>\n\n\n\n<p><strong>Importante: <\/strong>si acabas de cambiar los cartuchos, quiz\u00e1 tarde alg\u00fan tiempo en actualizar los niveles de tinta.<\/p>\n<\/div>\n\n\n\n<div class=\"wp-block-column is-layout-flow wp-block-column-is-layout-flow\" style=\"flex-basis:33.33%\">\n<figure class=\"wp-block-image size-full\"><img loading=\"lazy\" decoding=\"async\" width=\"178\" height=\"116\" src=\"https:\/\/quecartucho.es\/blog\/wp-content\/uploads\/2023\/03\/Cartucho-con-poca-tinta.jpg\" alt=\"Cartucho con poca tinta\" class=\"wp-image-18767\" title=\"\"><figcaption class=\"wp-element-caption\">Cartucho con poca tinta<\/figcaption><\/figure>\n<\/div>\n<\/div>\n\n\n\n<h3 class=\"wp-block-heading\"><strong>5.<\/strong> &nbsp; &nbsp; <strong>Velocidad de la impresora<\/strong><\/h3>\n\n\n\n<p>\u00bfHas cambiado la velocidad de la impresora? Dependiendo de la configuraci\u00f3n de tu modelo, es posible que puedas hacer que tu impresora funcione m\u00e1s o menos r\u00e1pida (las impresoras de mayor calidad funcionan a una velocidad que las <a href=\"https:\/\/quecartucho.es\/blog\/como-imprimir-en-borrador\/\">impresiones de baja calidad o borrador<\/a>).<\/p>\n\n\n\n<p>En este caso, no estar\u00edamos hablando de ning\u00fan problema, pero es normal que lo pienses porque nunca antes hab\u00edas escuchado ese ruido.<\/p>\n\n\n\n<p>Si has cambiado recientemente la velocidad de tu impresora, y la impresi\u00f3n ha salido correctamente, entonces no deber\u00eda existir ning\u00fan motivo de alarma.<\/p>\n\n\n\n<h3 class=\"wp-block-heading\"><strong>6.<\/strong> &nbsp; &nbsp; <strong>Problemas de componentes<\/strong><\/h3>\n\n\n\n<p>Hasta ahora hemos visto aquellos problemas m\u00e1s o menos sencillos que podr\u00edamos resolver con bastante facilidad. La cosa cambia cuando hay un problema en un componente que es el que provoca este ruido.<\/p>\n\n\n\n<p>Podr\u00eda haberse desprendido alguna pieza de la bandeja, haberse trabado el carro, o existir alg\u00fan problema m\u00e1s grave con el fusor.<\/p>\n\n\n\n<p>A no ser que seas un experto en estos perif\u00e9ricos, la soluci\u00f3n pasa por llevar la impresora al t\u00e9cnico. En el caso de que sea muy econ\u00f3mica, quiz\u00e1 no valga la pena debido al coste de la reparaci\u00f3n.<\/p>\n\n\n\n<p>Estos son los <strong>motivos m\u00e1s comunes por los que una impresora hace ruido al imprimir<\/strong>.<\/p>\n\n\n<div id=\"rank-math-faq\" class=\"rank-math-block\">\n<div class=\"rank-math-list \">\n<div id=\"faq-question-1678436928118\" class=\"rank-math-list-item\">\n<h2 class=\"rank-math-question \">\u00bfComo imprimir en modo silencioso?<\/h2>\n<div class=\"rank-math-answer \">\n<img loading=\"lazy\" decoding=\"async\" width=\"150\" height=\"150\" src=\"https:\/\/quecartucho.es\/blog\/wp-content\/uploads\/2023\/03\/La-impresora-hace-ruido-al-imprimir-150x150.jpg\" class=\"alignright\" alt=\"Imprimir en modo silencioso\" title=\"\">\n<p>El Modo silencioso de la impresora reduce el ruido de la impresi\u00f3n al disminuir su velocidad, pero esto no compromete la calidad de impresi\u00f3n. Es posible habilitar o deshabilitar esta opci\u00f3n desde el panel de control de la impresora.<\/p>\n<p>Para activar el Modo silencioso, dir\u00edjase al panel de control de la impresora y siga estos pasos:<\/p>\n<p>1. En el panel de control de la impresora, deslice el dedo por la pantalla hacia la izquierda, luego toque Configuraci\u00f3n.<br \/>2. Seleccione Preferencias.<br \/>3. Marque la casilla al lado de Modo silencioso para habilitar esta opci\u00f3n.<br \/>4. Finalmente, presione OK para guardar los cambios.<\/p>\n<p>Para desactivar el Modo silencioso, simplemente repita los mismos pasos y desmarque la casilla de Modo silencioso para deshabilitar esta opci\u00f3n.<\/p>\n\n<\/div>\n<\/div>\n<\/div>\n<\/div>","protected":false},"excerpt":{"rendered":"<p>El hecho de que la impresora haga m\u00e1s ruido de lo normal, o un ruido extra\u00f1o, est\u00e1 indic\u00e1ndonos que algo no funciona bien. Quiz\u00e1 se trate de alg\u00fan componente que se est\u00e1 deteriorando, por lo que se recomienda parar la impresi\u00f3n de inmediato para evitar que el problema se agrave. Lo cierto es que el&hellip;&nbsp;<a href=\"https:\/\/quecartucho.es\/blog\/la-impresora-hace-ruido-al-imprimir\/\" rel=\"bookmark\">Leer m\u00e1s &raquo;<span class=\"screen-reader-text\">La impresora hace ruido al imprimir<\/span><\/a><\/p>\n","protected":false},"author":1,"featured_media":18762,"parent":0,"menu_order":0,"comment_status":"closed","ping_status":"closed","template":"","meta":{"neve_meta_sidebar":"full-width","neve_meta_container":"","neve_meta_enable_content_width":"on","neve_meta_content_width":100,"neve_meta_title_alignment":"","neve_meta_author_avatar":"","neve_post_elements_order":"","neve_meta_disable_header":"","neve_meta_disable_footer":"","neve_meta_disable_title":"","episode_type":"","audio_file":"","podmotor_file_id":"","podmotor_episode_id":"","cover_image":"","cover_image_id":"","duration":"","filesize":"","filesize_raw":"","date_recorded":"","explicit":"","block":"","footnotes":""},"class_list":["post-18760","page","type-page","status-publish","has-post-thumbnail","hentry"],"_links":{"self":[{"href":"https:\/\/quecartucho.es\/blog\/wp-json\/wp\/v2\/pages\/18760","targetHints":{"allow":["GET"]}}],"collection":[{"href":"https:\/\/quecartucho.es\/blog\/wp-json\/wp\/v2\/pages"}],"about":[{"href":"https:\/\/quecartucho.es\/blog\/wp-json\/wp\/v2\/types\/page"}],"author":[{"embeddable":true,"href":"https:\/\/quecartucho.es\/blog\/wp-json\/wp\/v2\/users\/1"}],"replies":[{"embeddable":true,"href":"https:\/\/quecartucho.es\/blog\/wp-json\/wp\/v2\/comments?post=18760"}],"version-history":[{"count":8,"href":"https:\/\/quecartucho.es\/blog\/wp-json\/wp\/v2\/pages\/18760\/revisions"}],"predecessor-version":[{"id":18774,"href":"https:\/\/quecartucho.es\/blog\/wp-json\/wp\/v2\/pages\/18760\/revisions\/18774"}],"wp:featuredmedia":[{"embeddable":true,"href":"https:\/\/quecartucho.es\/blog\/wp-json\/wp\/v2\/media\/18762"}],"wp:attachment":[{"href":"https:\/\/quecartucho.es\/blog\/wp-json\/wp\/v2\/media?parent=18760"}],"curies":[{"name":"wp","href":"https:\/\/api.w.org\/{rel}","templated":true}]}}