{"id":18876,"date":"2023-03-21T12:31:06","date_gmt":"2023-03-21T10:31:06","guid":{"rendered":"https:\/\/quecartucho.es\/blog\/?page_id=18876"},"modified":"2024-03-05T13:28:30","modified_gmt":"2024-03-05T11:28:30","slug":"como-cancelar-hp-instant-ink-y-empezar-a-ahorrar-dinero","status":"publish","type":"page","link":"https:\/\/quecartucho.es\/blog\/como-cancelar-hp-instant-ink-y-empezar-a-ahorrar-dinero\/","title":{"rendered":"C\u00f3mo cancelar HP Instant Ink y empezar a ahorrar dinero"},"content":{"rendered":"\n<p>Tienes 2 maneras de hacerlo; si eres autodidacta hazlo tu mismo online te lo explicamos en <a href=\"https:\/\/quecartucho.es\/blog\/como-cancelar-hp-instant-ink-y-empezar-a-ahorrar-dinero\/#Como_me_doy_de_baja_de_HP_Instant_Ink\">\u00bfC\u00f3mo me doy de baja de HP Instant Ink?<\/a> , o si tienes m\u00e1s paciencia tambi\u00e9n lo puedes hacer <strong>por tel\u00e9fono al 912158031<\/strong>, tienes que pulsar la opci\u00f3n 2, donde dicen \u00ab<em>para cualquier otro problema de impresi\u00f3n<\/em>.\u00bb Y si lo que necesitas es un <strong>presupuesto de tinta barata compatible antes de lanzarte<\/strong>, \u00e9chale un ojo a <a previewlistener=\"true\" href=\"http:\/\/www.quecartucho.es\">quecartucho.es<\/a> y busca tu tinta o simplemente <strong>haz clic en el chat de la esquina inferior derecha de la p\u00e1gina y te ayudamos<\/strong>.<\/p>\n\n\n\n<p><strong>HP<\/strong> ha invertido mucho en campa\u00f1as publicitarias para poder promocionar su servicio de <strong><a href=\"https:\/\/quecartucho.es\/blog\/hp-instant-ink-que-es-como-funciona-y-que-necesitas-saber\/\" data-type=\"page\" data-id=\"20287\">HP Instant Ink<\/a><\/strong> y hay que reconocer que ha sabido hacer muy bien su trabajo. Usuarios de diferentes partes del mundo se sintieron atra\u00eddos de inmediato por un servicio que promet\u00eda tener <strong><a href=\"https:\/\/quecartucho.es\/4336-cartuchos-de-tinta-hp-compatibles\">tinta HP<\/a><\/strong> a un precio econ\u00f3mico con un coste de suscripci\u00f3n mensual.<\/p>\n\n\n\n<p>Sin embargo, es posible que con el paso del tiempo te hayas dado cuenta de que no resulta tan interesante como parece. De hecho, tiene algunos puntos en contra que han sido muy criticados por parte de hasta sus clientes m\u00e1s fieles.<\/p>\n\n\n\n<p>Como cualquier servicio de suscripci\u00f3n, es posible <strong>darse de baja en HP Instant Ink<\/strong>. Sin embargo, es posible que el proceso para hacerlo no sea demasiado intuitivo (pueden existir algunos pasos confusos).<\/p>\n\n\n\n<p>En este art\u00edculo te ense\u00f1amos c\u00f3mo hacerlo, adem\u00e1s de los principales beneficios de hacerlo.<\/p>\n\n\n\n<h2 class=\"wp-block-heading\"><strong>\u00bfC\u00f3mo me doy de baja de HP Instant Ink?<\/strong><\/h2>\n\n\n\n<p>Estos son los pasos que debes dar para proceder con la <strong>baja de HP Instant Ink<\/strong>:<\/p>\n\n\n\n<p>1) &nbsp; &nbsp; Inicia sesi\u00f3n en la p\u00e1gina de HP, en el servicio de HP Instant Ink (esto lo puede hacer pulsando directamente en el<a href=\"https:\/\/instantink.hpconnected.com\/subscriptions\" rel=\"nofollow noopener\" target=\"_blank\"> <strong>siguiente enlace<\/strong><\/a>).<\/p>\n\n\n\n<p>2) &nbsp; &nbsp; Directamente deber\u00eda aparecer el listado de las impresoras que tienen este servicio activado. Si tienes m\u00e1s de una, debes asegurarte de que vas a cancelarlo en la adecuada. Simplemente pulsa en el apartado de <strong>Estado<\/strong> y selecciona la impresora correcta desde el desplegable que te aparecer\u00e1.<\/p>\n\n\n\n<p>3) &nbsp; &nbsp; Una forma de detectar que se trata de la impresora correcta es pulsar en <strong>Historial de impresi\u00f3n<\/strong>. Desde esta opci\u00f3n se puede visualizar un listado de todas las impresiones que ha hecho ese perif\u00e9rico en el pasado, con datos como la fecha y la hora exacta, entre otros datos.<\/p>\n\n\n\n<p>4) &nbsp; &nbsp; Pulsa en <strong>Mi Cuenta<\/strong> y despu\u00e9s marca <strong>Configuraci\u00f3n de la cuenta<\/strong>.<\/p>\n\n\n\n<p>5) &nbsp; &nbsp; En el listado de opciones debes buscar la que pone <strong>Cancelar mi suscripci\u00f3n de HP Instant Ink<\/strong> (que es la \u00fanica).<\/p>\n\n\n\n<p>6) &nbsp; &nbsp; Si todo ha ido bien, deber\u00edas recibir un e-mail con la confirmaci\u00f3n de cancelaci\u00f3n.<\/p>\n\n\n\n<p>Te recomendamos leer el \u00faltimo apartado de este art\u00edculo para saber lo que ocurre si te das de baja.<\/p>\n\n\n\n<h2 class=\"wp-block-heading\">\u2705 <strong>Beneficios de darme de baja del servicio HP Instant Ink<\/strong><\/h2>\n\n\n\n<h3 class=\"wp-block-heading\"><strong>1.<\/strong> <strong>Ahorro<\/strong><\/h3>\n\n\n\n<p>Los planes de HP Instant Ink solo suelen salir rentables para aquellas personas que imprimen mucho contenido de forma habitual. Aunque des el perfil, lo m\u00e1s com\u00fan es que tan solo imprimas durante un periodo puntual y despu\u00e9s la impresora se convierta en un objeto in\u00fatil durante alg\u00fan tiempo.<\/p>\n\n\n\n<p>Al <strong>darte de baja en el servicio HP Instant Ink<\/strong> est\u00e1s ahorrando m\u00e1s de lo que te piensas. Es cierto que es una cantidad peque\u00f1a al mes, pero forma parte de uno de esos <em>gastos fantasmas<\/em> que pueden ahorrar tu presupuesto.<\/p>\n\n\n\n<p>Si no le est\u00e1s dando uso, lo mejor que puedes hacer es darlo de baja cuanto antes. Si un mes no imprimes, no gastas dinero.<\/p>\n\n\n\n<h3 class=\"wp-block-heading\"><strong>2.<\/strong> <strong>No tienes por qu\u00e9 tener conectada la impresora a Internet<\/strong><\/h3>\n\n\n\n<p>HP obliga a que tu impresora est\u00e9 conectada a Internet para poder reconocer los niveles de tinta y as\u00ed proceder o no al env\u00edo de cartuchos, seg\u00fan corresponda. Pero no bastar\u00e1 \u00fanicamente con eso, sino que tambi\u00e9n debe estar encendida.<\/p>\n\n\n\n<p>En el caso de que pase un tiempo y no se pueda detectar la marca, recibir\u00e1s molestos correos electr\u00f3nicos en donde se pedir\u00e1 que la impresora se conecte a Internet para que se pueda llevar a cabo la correspondiente detecci\u00f3n.<\/p>\n\n\n\n<p>Al <strong>dar de baja HP Instant Ink<\/strong> no hace falta que conectes la impresora a la red si no quieres.<\/p>\n\n\n\n<h3 class=\"wp-block-heading\"><strong>3.<\/strong> <strong>No pagar\u00e1s cuotas sin darte cuenta<\/strong><\/h3>\n\n\n\n<p>El gran problema de HP Instant Ink, y de las suscripciones autom\u00e1ticas, es que puede llegar el d\u00eda en el que no las utilices y que, por pereza, las mantengas pensando que le dar\u00e1s uso al mes siguiente. Con el paso del tiempo esto ir\u00e1 derivando en una serie de cuotas que, sumadas, entra\u00f1an importantes cantidades de dinero.<\/p>\n\n\n\n<p>Si no le est\u00e1s sacando partido, es m\u00e1s que recomendable darlo de baja\u2026 por lo menos, de forma temporal. En el caso de que quieras imprimir con una mayor frecuencia en los siguientes meses, o si tienes que imprimir un gran volumen de repente, podr\u00e1s darlo de alta cuando quieras y de una forma muy sencilla.<\/p>\n\n\n\n<h3 class=\"wp-block-heading\"><strong>4.<\/strong> <strong>Mejor distribuci\u00f3n del coste por p\u00e1gina<\/strong><\/h3>\n\n\n\n<p><strong>HP Instant Ink<\/strong> es un servicio en el que se tarificar\u00e1 una determinada cantidad econ\u00f3mica en base a un n\u00famero de p\u00e1ginas estipuladas. Por ejemplo, el plan m\u00e1s b\u00e1sico (aquel que est\u00e1 pensado para una impresi\u00f3n espor\u00e1dica) tiene un coste de <strong>0.99\u20ac<\/strong> e incluye un total de hasta 10 p\u00e1ginas al mes. El siguiente plan (pensado para una impresi\u00f3n ocasional), tiene un coste de <strong>3.99\u20ac mensuales<\/strong> e incluye <strong>hasta 50 p\u00e1ginas<\/strong>.<\/p>\n\n\n\n<p>El problema de este sistema es que te cobrar\u00e1n el coste por cada p\u00e1gina de impresi\u00f3n, con independencia de que decidas imprimir una p\u00e1gina con una palabra o una fotograf\u00eda en tama\u00f1o A4. Lo m\u00e1s probable es que termines despilfarrando las p\u00e1ginas, ya que raramente se cubren todas (por ejemplo, la \u00faltima p\u00e1gina de un documento suele estar bastante vac\u00eda).<\/p>\n\n\n\n<p>Al <strong>darse de baja de HP Instant Ink<\/strong> y probar los <strong>cartuchos compatibles<\/strong>, nos beneficiaremos de no tener que pagar una cuota mensual fija y no importar\u00e1 la forma en la que distribuyamos los contenidos, ya que siempre gastaremos la misma cantidad de <strong><a href=\"https:\/\/quecartucho.es\/\">tinta<\/a><\/strong>.<\/p>\n\n\n\n<p>Estos son los principales beneficios de cursar la baja.<\/p>\n\n\n\n<p><\/p>\n\n\n\n<blockquote class=\"wp-block-quote is-layout-flow wp-block-quote-is-layout-flow\">\n<p>Al final HP Instant Ink es una forma cara de aplazar el pago de los cartuchos, solo se deber\u00edan aplazar pagos que no se puede acometer. <\/p>\n\n\n\n<p>Si necesitas ahorrar, la mejor opci\u00f3n es siempre mirar una <a href=\"https:\/\/quecartucho.es\/blog\/cartuchos\/baratos\/\">impresora con cartuchos econ\u00f3micos compatibles<\/a>.<\/p>\n<cite>Manuel Garrido<\/cite><\/blockquote>\n\n\n<div id=\"rank-math-faq\" class=\"rank-math-block\">\n<div class=\"rank-math-list \">\n<div id=\"faq-question-1679393746175\" class=\"rank-math-list-item\">\n<h2 class=\"rank-math-question \"><strong>\u00bfQu\u00e9 es el servicio HP Instant Ink?<\/strong><\/h2>\n<div class=\"rank-math-answer \">\n<img loading=\"lazy\" decoding=\"async\" width=\"150\" height=\"150\" src=\"https:\/\/quecartucho.es\/blog\/wp-content\/uploads\/2023\/03\/\u00bfQue-es-el-servicio-HP-Instant-Ink-150x150.jpeg\" class=\"alignright\" alt=\"\u00bfQu\u00e9 es el servicio HP Instant Ink?\" title=\"\">\n<p><strong>HP Instant Ink<\/strong> es un servicio de impresi\u00f3n que lanz\u00f3 al mercado la compa\u00f1\u00eda, con el supuesto objetivo de ayudarte a ahorrar tiempo y dinero. Requiere de darse de alta en una determinada suscripci\u00f3n que se mide en base a la cantidad de impresiones que se van a llevar al mes.<\/p>\n<p>Con independencia de que se imprima o no, se seguir\u00e1 pagando la misma cantidad. Si nos excedemos de la cantidad estipulada para cada plan, habr\u00e1 que pagar un suplemento.<\/p>\n\n<\/div>\n<\/div>\n<\/div>\n<\/div>\n\n\n<h2 class=\"wp-block-heading\"><strong>\u00bfQu\u00e9 pasa si decido darme de baja en HP Instant INK?<\/strong><\/h2>\n\n\n\n<h3 class=\"wp-block-heading\">\u26d4 <strong>Los cartuchos Instant Ink no funcionan<\/strong><\/h3>\n\n\n\n<p>Una vez que te des de baja del servicio, HP ha programado sus cartuchos para que dejen de funcionar. Es decir que, aunque sigan teniendo tinta, incluso aunque est\u00e9n nuevos y no se hayan utilizado, <strong>dejar\u00e1n de funcionar<\/strong> y se tienen que <strong>devolver a HP<\/strong>.<\/p>\n\n\n\n<p>Una vez haya terminado el ciclo de facturaci\u00f3n correspondiente, el usuario de una impresora HP que haya activado dicho servicio debe de contar con un cartucho de tinta para reemplazarlo o no podr\u00e1 seguir usando el perif\u00e9rico.<\/p>\n\n\n\n<p>En resumen, la impresora podr\u00e1 volver a utilizar, pero no con los mismos cartuchos de HP Instant Link.<\/p>\n\n\n\n<h3 class=\"wp-block-heading\">\u26d4 <strong>Fin del servicio<\/strong><\/h3>\n\n\n\n<p>Una vez hayamos tramitado la baja, esta se har\u00e1 efectiva en el <strong>final del periodo de facturaci\u00f3n<\/strong> que se haya elegido. Esto quiere decir que habr\u00e1 que pagar por el mes completo y en ning\u00fan momento se proceder\u00e1 con ning\u00fan tipo de reembolso.<\/p>\n\n\n\n<p>Por esta raz\u00f3n, es mejor <strong>darse de baja en HP Instant Link<\/strong> cuando quede poco tiempo para el final del periodo de facturaci\u00f3n, incluso hasta en el mismo d\u00eda. Pero es conveniente tener cuidado de no esperar demasiado y que se inicie un nuevo periodo.<\/p>\n\n\n\n<h3 class=\"wp-block-heading\">\u26d4 <strong>Cargos adicionales<\/strong><\/h3>\n\n\n\n<p>Durante el tiempo en el que se procede con la baja y termina el periodo podr\u00edan producirse gastos adicionales (por ejemplo, puede que hayamos impreso m\u00e1s hojas de las que nos corresponden en base al plan que hayamos contratado).<\/p>\n\n\n\n<p>Estos cargos ser\u00e1n cobrados directamente en el m\u00e9todo de pago que se haya elegido. Dependiendo del momento en el que se haga la cancelaci\u00f3n, el cargo podr\u00eda ocurrir en el mismo mes o en el siguiente.<\/p>\n\n\n\n<h2 class=\"wp-block-heading\"><strong>\u00bfServicio de HP Instant Ink en espera?<\/strong><\/h2>\n\n\n\n<p>Por el momento, el servicio de <strong>HP Instant Ink<\/strong> no se puede pasar (por ejemplo, esto podr\u00eda ser pr\u00e1ctico por si vamos a estar alg\u00fan tipo de sin usar la impresora, como durante unas vacaciones). En lugar de ello, habr\u00e1 que <strong>cancelar el servicio<\/strong> y <strong>darse de alta<\/strong> cuando se quiera volver a usar.<\/p>\n\n\n\n<ul class=\"wp-block-list\">\n<li><strong>Importante: <\/strong>HP advierte de que la cancelaci\u00f3n de la cuenta lleva consigo la p\u00e9rdida de cualquier mes promocional gratis y de las p\u00e1ginas que se hayan podido acumular. Aunque nos volvamos a inscribir de cara al futuro, todos estos beneficios se habr\u00e1n perdido. Digamos que es una forma de beneficiar tan s\u00f3lo a los fieles usuarios.<\/li>\n<\/ul>\n\n\n\n<p>Ahora ya sabes <strong>c\u00f3mo cancelar HP Instant Link<\/strong>, los beneficios de hacerlo y las consecuencias de tomar la decisi\u00f3n.<\/p>\n","protected":false},"excerpt":{"rendered":"<p>Tienes 2 maneras de hacerlo; si eres autodidacta hazlo tu mismo online te lo explicamos en \u00bfC\u00f3mo me doy de baja de HP Instant Ink? , o si tienes m\u00e1s paciencia tambi\u00e9n lo puedes hacer por tel\u00e9fono al 912158031, tienes que pulsar la opci\u00f3n 2, donde dicen \u00abpara cualquier otro problema de impresi\u00f3n.\u00bb Y si&hellip;&nbsp;<a href=\"https:\/\/quecartucho.es\/blog\/como-cancelar-hp-instant-ink-y-empezar-a-ahorrar-dinero\/\" rel=\"bookmark\">Leer m\u00e1s &raquo;<span class=\"screen-reader-text\">C\u00f3mo cancelar HP Instant Ink y empezar a ahorrar dinero<\/span><\/a><\/p>\n","protected":false},"author":1,"featured_media":18885,"parent":0,"menu_order":0,"comment_status":"closed","ping_status":"closed","template":"","meta":{"neve_meta_sidebar":"full-width","neve_meta_container":"","neve_meta_enable_content_width":"on","neve_meta_content_width":100,"neve_meta_title_alignment":"","neve_meta_author_avatar":"","neve_post_elements_order":"","neve_meta_disable_header":"","neve_meta_disable_footer":"","neve_meta_disable_title":"","episode_type":"","audio_file":"","podmotor_file_id":"","podmotor_episode_id":"","cover_image":"","cover_image_id":"","duration":"","filesize":"","filesize_raw":"","date_recorded":"","explicit":"","block":"","footnotes":""},"class_list":["post-18876","page","type-page","status-publish","has-post-thumbnail","hentry"],"_links":{"self":[{"href":"https:\/\/quecartucho.es\/blog\/wp-json\/wp\/v2\/pages\/18876","targetHints":{"allow":["GET"]}}],"collection":[{"href":"https:\/\/quecartucho.es\/blog\/wp-json\/wp\/v2\/pages"}],"about":[{"href":"https:\/\/quecartucho.es\/blog\/wp-json\/wp\/v2\/types\/page"}],"author":[{"embeddable":true,"href":"https:\/\/quecartucho.es\/blog\/wp-json\/wp\/v2\/users\/1"}],"replies":[{"embeddable":true,"href":"https:\/\/quecartucho.es\/blog\/wp-json\/wp\/v2\/comments?post=18876"}],"version-history":[{"count":11,"href":"https:\/\/quecartucho.es\/blog\/wp-json\/wp\/v2\/pages\/18876\/revisions"}],"predecessor-version":[{"id":22098,"href":"https:\/\/quecartucho.es\/blog\/wp-json\/wp\/v2\/pages\/18876\/revisions\/22098"}],"wp:featuredmedia":[{"embeddable":true,"href":"https:\/\/quecartucho.es\/blog\/wp-json\/wp\/v2\/media\/18885"}],"wp:attachment":[{"href":"https:\/\/quecartucho.es\/blog\/wp-json\/wp\/v2\/media?parent=18876"}],"curies":[{"name":"wp","href":"https:\/\/api.w.org\/{rel}","templated":true}]}}