{"id":19178,"date":"2023-05-03T10:16:22","date_gmt":"2023-05-03T08:16:22","guid":{"rendered":"https:\/\/quecartucho.es\/blog\/?page_id=19178"},"modified":"2023-05-03T10:23:08","modified_gmt":"2023-05-03T08:23:08","slug":"quecartucho-tu-tienda-de-cartuchos-de-impresora-mas-cercana-aunque-sea-online","status":"publish","type":"page","link":"https:\/\/quecartucho.es\/blog\/quehistoria\/quecartucho-tu-tienda-de-cartuchos-de-impresora-mas-cercana-aunque-sea-online\/","title":{"rendered":"\u00a1Quecartucho, tu tienda de cartuchos de impresora m\u00e1s cercana (aunque sea online)! \ud83d\udc9a"},"content":{"rendered":"\n<p><\/p>\n\n\n\n<p>\u00bfTe ha pasado alguna vez que necesitas un <strong><a href=\"https:\/\/quecartucho.es\/\">cartucho de tinta para tu impresora<\/a><\/strong> y no sabes d\u00f3nde encontrarlo, o peor a\u00fan, no puedes soportar el precio de los cartuchos originales? \u00a1No te preocupes! Somos la soluci\u00f3n a tus problemas: la <strong>tienda de cartuchos de impresora m\u00e1s cercana <\/strong>a ti, aunque no la puedas ver desde tu ventana.<\/p>\n\n\n\n<p>\u00bfQuieres saber c\u00f3mo se come eso? Te lo contamos.<\/p>\n\n\n\n<h2 class=\"wp-block-heading\"><a><\/a>Ventajas de Quecartucho frente a una tienda f\u00edsica de barrio<\/h2>\n\n\n\n<p>Quecartucho es una tienda online, pero con un coraz\u00f3n de barrio. Aunque no tenemos tienda f\u00edsica, nos enorgullecemos de ofrecer las ventajas de una tienda de barrio, pero con el plus de estar en l\u00ednea.<\/p>\n\n\n\n<h3 class=\"wp-block-heading\"><a><\/a>1. Reduce el tiempo de compra<\/h3>\n\n\n\n<p>\u00bfSab\u00edas que <strong>comprar cartuchos online<\/strong> es m\u00e1s r\u00e1pido que ir a la tienda? \u00a1Claro que s\u00ed! Solo tienes que buscar Quecartucho en tu navegador favorito y, en menos tiempo del que tardas en ponerte los zapatos, tendr\u00e1s a tu disposici\u00f3n nuestro mega amplio cat\u00e1logo de cartuchos para elegir. \u00a1Adi\u00f3s a hacer cola!<\/p>\n\n\n\n<h3 class=\"wp-block-heading\"><a><\/a>2. Precios imbatibles<\/h3>\n\n\n\n<p>Si buscas calidad y precio, Quecartucho es tu mejor opci\u00f3n. Te ofrecemos <strong>cartuchos de impresora a precios m\u00e1s competitivos que los originales<\/strong> y sin que tengas que renunciar a la calidad de tus impresiones. Aqu\u00ed no te hacemos elegir entre bueno y barato, \u00a1te damos las dos cosas!<\/p>\n\n\n\n<h3 class=\"wp-block-heading\"><a><\/a>3. Stock de casi todo, aunque sea viejo o raro<\/h3>\n\n\n\n<p>\u00bfTienes una impresora antigua o un modelo poco com\u00fan? \u00a1No hay problema! En Quecartucho disponemos de un amplio stock de <strong>cartuchos para impresoras antiguas<\/strong>, incluso para modelos que ya han pasado a mejor vida o marcas de impresora que no las conoce ni el que las invent\u00f3.<\/p>\n\n\n\n<h2 class=\"wp-block-heading\"><a><\/a>Pero sin perder las ventajas de la tienda de barrio<\/h2>\n\n\n\n<p>Nos gusta pensar que somos una tienda de barrio digital. Por eso, no perdemos las cosas buenas de las tiendas tradicionales:<\/p>\n\n\n\n<ul class=\"wp-block-list\">\n<li><strong>Asesoramiento personalizado<\/strong>: \u00bfque no sabes qu\u00e9 tinta usa tu impresora? <em>Don\u2019t panic. <\/em>Olv\u00eddate de pasarte media vida googleando. En nuestra web tienes un buscador que es la repanocha: pones tu modelo de impresora y\u2026 <em>Voil\u00e0, <\/em>te lleva a la p\u00e1gina donde encontrar\u00e1s tus cartuchos. \u00a1No m\u00e1s confusiones!<\/li>\n<\/ul>\n\n\n\n<ul class=\"wp-block-list\">\n<li><strong>Respuesta a tus dudas<\/strong>:si tienes alguna pregunta o inquietud, estamos aqu\u00ed para ayudarte (somos m\u00e1s majetes\u2026). Puedes contactarnos y te asesoraremos con mucho gusto en casi todo lo que nos preguntes (menos cosas como por qu\u00e9 se te baja el bizcocho en el horno o por qu\u00e9 llueve cuando acabas de lavar el coche).<\/li>\n<\/ul>\n\n\n\n<ul class=\"wp-block-list\">\n<li><strong>Somos tus c\u00f3mplices:<\/strong> toda tienda de barrio necesita sus marujas\/os de barrio. \u00bfQuieres poner a los fabricantes de cartuchos originales y sus precios abusivos a caer de un burro? \u00a1\u00danete al club! Aqu\u00ed no nos cortamos.<\/li>\n<\/ul>\n\n\n\n<ul class=\"wp-block-list\">\n<li><strong>Entrega en 24 horas<\/strong>: \u00bfnecesitas tus cartuchos para ayer? No hay problema. Realiza tu pedido tranquilamente y lo tendr\u00e1s en tu puerta como si se hubiera teletransportado.<\/li>\n<\/ul>\n\n\n\n<p>En resumen, si est\u00e1s buscando una<strong> tienda de cartuchos de impresora cerca de ti<\/strong>, pero con todas las ventajas de una compra online, \u00a1somos tu <em>match <\/em>ideal! Te esperamos con los brazos abiertos (digitales) para ofrecerte un servicio cercano, r\u00e1pido y \u00bfpor qu\u00e9 no?, para hacer que te eches unas buenas risas leyendo nuestra web (tenemos clientes que entran aunque no necesiten nada, solo para alegrarse el d\u00eda).<\/p>\n\n\n\n<p>As\u00ed que ya sabes, ya sea porque necesitas un cartucho compatible, o un t\u00f3ner, o papel, o cintas para la impresora\u2026 o porque quieres pasar un rato divertido, Quecartucho es tu tienda online con corazoncito de tienda de barrio.<\/p>\n\n\n\n<p>\u00a1<a href=\"http:\/\/quecartucho.es\">Entra<\/a>, te estamos esperando tras el mostrador digital!<\/p>\n","protected":false},"excerpt":{"rendered":"<p>\u00bfTe ha pasado alguna vez que necesitas un cartucho de tinta para tu impresora y no sabes d\u00f3nde encontrarlo, o peor a\u00fan, no puedes soportar el precio de los cartuchos originales? \u00a1No te preocupes! Somos la soluci\u00f3n a tus problemas: la tienda de cartuchos de impresora m\u00e1s cercana a ti, aunque no la puedas ver&hellip;&nbsp;<a href=\"https:\/\/quecartucho.es\/blog\/quehistoria\/quecartucho-tu-tienda-de-cartuchos-de-impresora-mas-cercana-aunque-sea-online\/\" rel=\"bookmark\">Leer m\u00e1s &raquo;<span class=\"screen-reader-text\">\u00a1Quecartucho, tu tienda de cartuchos de impresora m\u00e1s cercana (aunque sea online)! \ud83d\udc9a<\/span><\/a><\/p>\n","protected":false},"author":1,"featured_media":19179,"parent":13922,"menu_order":0,"comment_status":"closed","ping_status":"closed","template":"","meta":{"neve_meta_sidebar":"","neve_meta_container":"","neve_meta_enable_content_width":"","neve_meta_content_width":0,"neve_meta_title_alignment":"","neve_meta_author_avatar":"","neve_post_elements_order":"","neve_meta_disable_header":"","neve_meta_disable_footer":"","neve_meta_disable_title":"","episode_type":"","audio_file":"","podmotor_file_id":"","podmotor_episode_id":"","cover_image":"","cover_image_id":"","duration":"","filesize":"","filesize_raw":"","date_recorded":"","explicit":"","block":"","footnotes":""},"class_list":["post-19178","page","type-page","status-publish","has-post-thumbnail","hentry"],"_links":{"self":[{"href":"https:\/\/quecartucho.es\/blog\/wp-json\/wp\/v2\/pages\/19178","targetHints":{"allow":["GET"]}}],"collection":[{"href":"https:\/\/quecartucho.es\/blog\/wp-json\/wp\/v2\/pages"}],"about":[{"href":"https:\/\/quecartucho.es\/blog\/wp-json\/wp\/v2\/types\/page"}],"author":[{"embeddable":true,"href":"https:\/\/quecartucho.es\/blog\/wp-json\/wp\/v2\/users\/1"}],"replies":[{"embeddable":true,"href":"https:\/\/quecartucho.es\/blog\/wp-json\/wp\/v2\/comments?post=19178"}],"version-history":[{"count":2,"href":"https:\/\/quecartucho.es\/blog\/wp-json\/wp\/v2\/pages\/19178\/revisions"}],"predecessor-version":[{"id":19182,"href":"https:\/\/quecartucho.es\/blog\/wp-json\/wp\/v2\/pages\/19178\/revisions\/19182"}],"up":[{"embeddable":true,"href":"https:\/\/quecartucho.es\/blog\/wp-json\/wp\/v2\/pages\/13922"}],"wp:featuredmedia":[{"embeddable":true,"href":"https:\/\/quecartucho.es\/blog\/wp-json\/wp\/v2\/media\/19179"}],"wp:attachment":[{"href":"https:\/\/quecartucho.es\/blog\/wp-json\/wp\/v2\/media?parent=19178"}],"curies":[{"name":"wp","href":"https:\/\/api.w.org\/{rel}","templated":true}]}}