{"id":19226,"date":"2023-05-05T11:27:39","date_gmt":"2023-05-05T09:27:39","guid":{"rendered":"https:\/\/quecartucho.es\/blog\/?page_id=19226"},"modified":"2023-05-05T11:42:05","modified_gmt":"2023-05-05T09:42:05","slug":"como-saber-el-modelo-de-mi-impresora","status":"publish","type":"page","link":"https:\/\/quecartucho.es\/blog\/como-saber-el-modelo-de-mi-impresora\/","title":{"rendered":"C\u00f3mo saber el modelo de mi impresora"},"content":{"rendered":"\n<p>\u00bfAlguna vez te has preguntado c\u00f3mo saber cu\u00e1l es el modelo de tu impresora? A veces necesitamos esta informaci\u00f3n para descargar los drivers, <strong><a href=\"https:\/\/quecartucho.es\/\">comprar cartuchos de tinta<\/a><\/strong> o solicitar una reparaci\u00f3n. En este art\u00edculo te explicaremos <strong>c\u00f3mo puedes averiguar el modelo de tu impresora de forma f\u00e1cil y r\u00e1pida<\/strong>, seg\u00fan el sistema operativo que uses y el fabricante de tu dispositivo.<\/p>\n\n\n\n<p>Lo primero que debes hacer es buscar la etiqueta de identificaci\u00f3n en la parte trasera o inferior de la impresora. Si esta etiqueta est\u00e1 da\u00f1ada o no se puede leer correctamente, puedes buscar pistas en la p\u00e1gina de configuraci\u00f3n de la impresora en Windows. Una vez en la p\u00e1gina de configuraci\u00f3n, haz clic en la opci\u00f3n \u00abPropiedades\u00bb para encontrar informaci\u00f3n detallada sobre la impresora, incluyendo el modelo. Si la opci\u00f3n \u00abPropiedades\u00bb no est\u00e1 disponible, busca el nombre de la impresora en l\u00ednea para encontrar el modelo. Si todav\u00eda no puedes encontrar la informaci\u00f3n del modelo, <strong>te recomiendo buscar en la documentaci\u00f3n de la impresora o en la caja original<\/strong>.<\/p>\n\n\n\n<h2 class=\"wp-block-heading\">C\u00f3mo saber el modelo de mi impresora en Windows<\/h2>\n\n\n\n<p>En Windows, hay varias formas de conocer el modelo de tu impresora. Una de ellas es ir al Panel de Control y hacer clic en Dispositivos e Impresoras. All\u00ed ver\u00e1s una lista de las impresoras instaladas en tu ordenador, y podr\u00e1s identificar la tuya por el nombre o el icono. Si haces clic derecho sobre la impresora y luego en Propiedades, podr\u00e1s ver m\u00e1s detalles sobre el modelo y el fabricante.<\/p>\n\n\n\n<p>Otra forma de saber el modelo de tu impresora en Windows es usar el comando WMIC. Para ello, abre el s\u00edmbolo del sistema (puedes buscarlo en el men\u00fa Inicio o presionar las teclas Windows + R y escribir cmd) y escribe el siguiente comando: wmic printer get name, manufacturer. Esto te mostrar\u00e1 el nombre y el fabricante de todas las impresoras conectadas a tu ordenador.<\/p>\n\n\n<div class=\"wp-block-image\">\n<figure class=\"aligncenter size-full\"><img loading=\"lazy\" decoding=\"async\" width=\"729\" height=\"403\" src=\"https:\/\/quecartucho.es\/blog\/wp-content\/uploads\/2023\/05\/Como-saber-el-modelo-de-mi-impresora-en-Windows.webp\" alt=\"C\u00f3mo saber el modelo de mi impresora en Windows\" class=\"wp-image-19228\" title=\"\" srcset=\"https:\/\/quecartucho.es\/blog\/wp-content\/uploads\/2023\/05\/Como-saber-el-modelo-de-mi-impresora-en-Windows.webp 729w, https:\/\/quecartucho.es\/blog\/wp-content\/uploads\/2023\/05\/Como-saber-el-modelo-de-mi-impresora-en-Windows-300x166.webp 300w\" sizes=\"auto, (max-width: 729px) 100vw, 729px\" \/><\/figure>\n<\/div>\n\n\n<h2 class=\"wp-block-heading\">C\u00f3mo saber el modelo de mi impresora en Mac<\/h2>\n\n\n\n<p>En Mac, tambi\u00e9n puedes consultar el modelo de tu impresora desde el Panel de Preferencias del Sistema. All\u00ed debes hacer clic en Impresoras y Esc\u00e1neres, y ver\u00e1s una lista de las impresoras disponibles. Si seleccionas la tuya, podr\u00e1s ver su nombre y su fabricante en la parte inferior de la ventana.<\/p>\n\n\n\n<p>Otra opci\u00f3n para saber el modelo de tu impresora en Mac es usar la aplicaci\u00f3n Utilidad de Impresoras. Puedes encontrarla en la carpeta Utilidades del Finder, o buscarla con Spotlight. Al abrirla, ver\u00e1s una lista de las impresoras instaladas en tu Mac, y podr\u00e1s hacer clic en la que te interese para ver su informaci\u00f3n detallada.<\/p>\n\n\n<div class=\"wp-block-image\">\n<figure class=\"aligncenter size-full\"><img loading=\"lazy\" decoding=\"async\" width=\"520\" height=\"520\" src=\"https:\/\/quecartucho.es\/blog\/wp-content\/uploads\/2023\/05\/Como-saber-el-modelo-de-mi-impresora-en-Mac.jpg\" alt=\"C\u00f3mo saber el modelo de mi impresora en Mac\" class=\"wp-image-19229\" title=\"\" srcset=\"https:\/\/quecartucho.es\/blog\/wp-content\/uploads\/2023\/05\/Como-saber-el-modelo-de-mi-impresora-en-Mac.jpg 520w, https:\/\/quecartucho.es\/blog\/wp-content\/uploads\/2023\/05\/Como-saber-el-modelo-de-mi-impresora-en-Mac-300x300.jpg 300w, https:\/\/quecartucho.es\/blog\/wp-content\/uploads\/2023\/05\/Como-saber-el-modelo-de-mi-impresora-en-Mac-150x150.jpg 150w, https:\/\/quecartucho.es\/blog\/wp-content\/uploads\/2023\/05\/Como-saber-el-modelo-de-mi-impresora-en-Mac-120x120.jpg 120w\" sizes=\"auto, (max-width: 520px) 100vw, 520px\" \/><\/figure>\n<\/div>\n\n\n<p>Si no tienes acceso al ordenador o no puedes identificar tu impresora por el nombre o el icono, siempre puedes recurrir a mirar la caja o la propia impresora. La mayor\u00eda de los fabricantes incluyen una etiqueta con el nombre del modelo y el n\u00famero de serie en alg\u00fan lugar visible del dispositivo, como la parte frontal, lateral o trasera. Tambi\u00e9n puedes buscar esta informaci\u00f3n en la caja o en el manual de instrucciones que ven\u00eda con la impresora.<\/p>\n\n\n\n<p>Seg\u00fan el fabricante de tu impresora, puede haber otras formas de saber el modelo. Por ejemplo, en las impresoras HP puedes usar la pantalla t\u00e1ctil o los botones del panel de control para acceder al men\u00fa Configuraci\u00f3n o Ayuda, donde podr\u00e1s ver el nombre del producto. En las impresoras Epson puedes imprimir un informe de estado que incluye el modelo y otros datos. En las impresoras Canon puedes consultar el c\u00f3digo QR que aparece en la etiqueta del producto con una aplicaci\u00f3n m\u00f3vil. Y en las impresoras Brother puedes usar la funci\u00f3n Web Based Management para ver el modelo desde un navegador web.<\/p>\n\n\n\n<h2 class=\"wp-block-heading\">C\u00f3mo saber el modelo de mi impresora en Linux<\/h2>\n\n\n\n<p>En Linux, se puede identificar el modelo de la impresora utilizando el siguiente comando en la terminal:<\/p>\n\n\n\n<pre class=\"wp-block-code\"><code>lpinfo -v\n<\/code><\/pre>\n\n\n\n<p>Este comando muestra una lista de las impresoras conectadas al sistema y sus correspondientes ubicaciones de conexi\u00f3n. Para obtener informaci\u00f3n m\u00e1s detallada sobre una impresora en particular, se puede utilizar el siguiente comando en la terminal:<\/p>\n\n\n\n<pre class=\"wp-block-code\"><code>lpinfo -m\n<\/code><\/pre>\n\n\n\n<p>Este comando muestra una lista de los drivers de impresoras disponibles en el sistema. Al buscar el modelo de la impresora en la lista, se puede identificar el nombre del driver necesario para la impresora.<\/p>\n\n\n\n<p>Tambi\u00e9n se puede acceder a la configuraci\u00f3n de la impresora y su informaci\u00f3n de modelo a trav\u00e9s de la interfaz gr\u00e1fica del sistema operativo. Dependiendo del entorno de escritorio que se est\u00e9 utilizando (por ejemplo, GNOME o KDE), se puede acceder a la configuraci\u00f3n de la impresora a trav\u00e9s del men\u00fa de configuraci\u00f3n del sistema o desde la barra de herramientas en la parte superior de la pantalla.<\/p>\n\n\n\n<h2 class=\"wp-block-heading\">Imprimir p\u00e1gina de Prueba<\/h2>\n\n\n\n<p>Una opci\u00f3n r\u00e1pida de saber cu\u00e1l es tu impresora si ya la tienen en funcionamiento es Imprimir p\u00e1gina de prueba. Pod\u00e9is ver como hacerlo en nuestro art\u00edculo \u00ab<a href=\"https:\/\/quecartucho.es\/blog\/prueba-de-la-impresora-imprimir-pagina-de-prueba\/#Como_imprimir_una_pagina_de_prueba_desde_el_ordenador\">C\u00f3mo imprimir una p\u00e1gina de prueba desde el ordenador<\/a>\u00bb <\/p>\n\n\n\n<p><\/p>\n\n\n\n<h2 class=\"wp-block-heading\">En HP c\u00f3mo encontrar el n\u00famero de producto y el modelo de tu impresora<\/h2>\n\n\n\n<figure class=\"wp-block-embed is-type-video is-provider-youtube wp-block-embed-youtube wp-embed-aspect-16-9 wp-has-aspect-ratio\"><div class=\"wp-block-embed__wrapper\">\n<div class=\"nv-iframe-embed\"><iframe loading=\"lazy\" title=\"D\u00f3nde encontrar el modelo o el n\u00famero de la impresora | Impresoras HP | HP Support\" width=\"1200\" height=\"675\" src=\"https:\/\/www.youtube.com\/embed\/496yV-gnEkk?feature=oembed\" frameborder=\"0\" allow=\"accelerometer; autoplay; clipboard-write; encrypted-media; gyroscope; picture-in-picture; web-share\" allowfullscreen><\/iframe><\/div>\n<\/div><\/figure>\n\n\n\n<p>Aunque haremos una distinci\u00f3n seg\u00fan la marca, el procedimiento para determinar el modelo de la impresora es similar en todos los casos. Nuestro objetivo es identificar el modelo de nuestra impresora y, en el caso de que sea una HP, es probable que est\u00e9 ubicado en la parte frontal encima o al lado del panel de control. No obstante, si no se encuentra en la parte frontal, se debe verificar la parte superior, ya que algunas DeskJet lo tienen all\u00ed. En el caso de que no se encuentre en ninguna de estas ubicaciones, es necesario abrir la cubierta y examinar la parte interior de la puerta de acceso a los cartuchos de tinta.<\/p>\n\n\n\n<p>En cuanto al n\u00famero de serie y el n\u00famero de producto, se pueden encontrar en una etiqueta adhesiva colocada en la impresora. Se sugiere tomar nota de estos n\u00fameros en un papel por si la etiqueta se da\u00f1a y se necesita consultar el n\u00famero m\u00e1s adelante.<\/p>\n\n\n\n<p><\/p>\n\n\n\n<h2 class=\"wp-block-heading\">En Canon como saber el modelo de tu impresora <\/h2>\n\n\n\n<p>Cuando se trata de impresoras Canon, el modelo no siempre es visible de manera clara y evidente. No obstante, es posible revisar tanto la parte delantera como la trasera de la impresora y prestar atenci\u00f3n a la zona que rodea la bandeja de entrada del papel.<\/p>\n\n\n\n<p>En el caso de que el modelo no se encuentre visible (lo cual es un problema com\u00fan en cualquier impresora que ya est\u00e9 conectada a una computadora, independientemente de la marca), se puede solucionar de la siguiente manera: ir a la opci\u00f3n \u00abInicio\u00bb en la computadora, luego hacer clic en \u00abImpresoras y esc\u00e1neres\u00bb, donde se mostrar\u00e1 el nombre de la impresora.<\/p>\n\n\n\n<p>Adjuntamos un PDF en donde se ve m\u00e1s f\u00e1cil donde encontrar las etiquetas en funci\u00f3n del tipo de impresora.<\/p>\n\n\n\n<div class=\"wp-block-file\"><a id=\"wp-block-file--media-4d1fd8aa-bdfa-4cf8-9c08-8de6d703278e\" href=\"https:\/\/quecartucho.es\/blog\/wp-content\/uploads\/2023\/05\/\u00bfDonde-se-encuentra-el-numero-deimpresora-y-de-serie.pdf\">\u00bfD\u00f3nde se encuentra el n\u00famero de impresora y de serie?<\/a><a href=\"https:\/\/quecartucho.es\/blog\/wp-content\/uploads\/2023\/05\/\u00bfDonde-se-encuentra-el-numero-deimpresora-y-de-serie.pdf\" class=\"wp-block-file__button wp-element-button\" download aria-describedby=\"wp-block-file--media-4d1fd8aa-bdfa-4cf8-9c08-8de6d703278e\">Descarga<\/a><\/div>\n\n\n\n<p><\/p>\n\n\n\n<figure class=\"wp-block-image size-full\"><img loading=\"lazy\" decoding=\"async\" width=\"780\" height=\"989\" src=\"https:\/\/quecartucho.es\/blog\/wp-content\/uploads\/2023\/05\/Canon-PIXMA-Comprobacion-del-nombre-de-dispositivo-de-la-impresora.png\" alt=\"Canon PIXMA Comprobaci\u00f3n del nombre de dispositivo de la impresora\" class=\"wp-image-19242\" title=\"\" srcset=\"https:\/\/quecartucho.es\/blog\/wp-content\/uploads\/2023\/05\/Canon-PIXMA-Comprobacion-del-nombre-de-dispositivo-de-la-impresora.png 780w, https:\/\/quecartucho.es\/blog\/wp-content\/uploads\/2023\/05\/Canon-PIXMA-Comprobacion-del-nombre-de-dispositivo-de-la-impresora-237x300.png 237w, https:\/\/quecartucho.es\/blog\/wp-content\/uploads\/2023\/05\/Canon-PIXMA-Comprobacion-del-nombre-de-dispositivo-de-la-impresora-768x974.png 768w\" sizes=\"auto, (max-width: 780px) 100vw, 780px\" \/><\/figure>\n\n\n\n<h2 class=\"wp-block-heading\">En Epson <\/h2>\n\n\n\n<p>En el caso de las impresoras de la marca Epson, el modelo suele estar escrito en la parte frontal, debajo del nombre de la marca, en la parte superior o en la parte trasera de la impresora. Es importante prestar atenci\u00f3n a estas \u00e1reas para poder identificar el modelo.<\/p>\n\n\n\n<p>Adem\u00e1s, es recomendable revisar la etiqueta blanca adhesiva de la impresora, ya que en ella se encuentra el n\u00famero de serie que tambi\u00e9n puede ser \u00fatil en ciertas circunstancias.<\/p>\n\n\n\n<p>Si quieres hacerlo con el PC puede acceder a las propiedades de la impresora para ver y cambiar los ajustes del producto.<\/p>\n\n\n\n<p>1 . &#8211; Realice una de las siguientes acciones: <\/p>\n\n\n\n<ul class=\"wp-block-list\" id=\"taskID__choices_CE43992A04604FC291FE916A5D4D8BB9\">\n<li>Windows 10: Haga clic con el bot\u00f3n de derecho del mouse en <a><\/a><img decoding=\"async\" src=\"https:\/\/files.support.epson.com\/docid\/cpd5\/cpd50617\/source\/printers\/source\/images\/icons\/icon_win10_start.jpg\" alt=\"\" title=\"\"> y seleccione Panel de control &gt; Hardware y sonido &gt; Dispositivos e impresoras. Haga clic con el bot\u00f3n derecho del mouse en el nombre del producto y seleccione Propiedades de impresora.<\/li>\n\n\n\n<li><a><\/a>Windows 8.x: Navegue a la pantalla Aplicaciones y seleccione Panel de control &gt; Hardware y sonido &gt; Dispositivos e impresoras. Haga clic con el bot\u00f3n derecho del mouse en el driver PostScript para su producto y seleccione Propiedades de impresora.<\/li>\n\n\n\n<li>Windows 7: Haga clic en <img decoding=\"async\" src=\"https:\/\/files.support.epson.com\/docid\/cpd5\/cpd50617\/source\/printers\/source\/images\/icons\/windows7_vista_start_icon.jpg\" alt=\"\" title=\"\"> y seleccione Dispositivos e impresoras. Haga clic con el bot\u00f3n derecho del mouse en el driver PostScript para su producto y seleccione Propiedades de impresora.<\/li>\n<\/ul>\n\n\n\n<ul class=\"wp-block-list\" id=\"taskID__choices_373DEFC1FC3F48C9867F52ED22B3FA9E\">\n<li><a><\/a>Windows Vista: Haga clic en <a><\/a><img decoding=\"async\" src=\"https:\/\/files.support.epson.com\/docid\/cpd5\/cpd50617\/source\/printers\/source\/images\/icons\/windows7_vista_start_icon.jpg\" alt=\"\" title=\"\"> y seleccione Panel de control. Haga clic en Impresora debajo de Hardware y sonido, luego haga clic con el bot\u00f3n derecho del mouse en el driver PostScript para su producto y seleccione Propiedades.<\/li>\n\n\n\n<li><a><\/a>Windows XP: Haga clic en Inicio y seleccione Impresoras y faxes. Haga clic con el bot\u00f3n derecho del mouse en el driver PostScript para su producto y seleccione Propiedades.<\/li>\n<\/ul>\n\n\n\n<p> 2 . &#8211; Haga clic en cualquier ficha para ver y cambiar los ajustes de propiedad de la impresora.<\/p>\n\n\n\n<h2 class=\"wp-block-heading\">En Brother<\/h2>\n\n\n\n<p>Cuando se trata de impresoras de la marca Brother, el modelo o nombre suele aparecer encima, debajo o al lado de la pantalla o los botones de control de la impresora. Solo es necesario prestar atenci\u00f3n a estas \u00e1reas para poder identificar el modelo de la impresora Brother.<\/p>\n\n\n\n<h2 class=\"wp-block-heading\">En  Lexmark<\/h2>\n\n\n\n<p>\u00bfC\u00f3mo puedo encontrar el \u00abn\u00famero de modelo de tipo de m\u00e1quina\u00bb o MTMN de mi impresora?<\/p>\n\n\n\n<p>Combinado con el n\u00famero de serie (SN), el MTMN de 7 u 13 d\u00edgitos proporciona informaci\u00f3n importante sobre las opciones de servicio y el estado de la garant\u00eda de la impresora a los representantes del servicio t\u00e9cnico.<\/p>\n\n\n\n<p>Para encontrar el n\u00famero de modelo del tipo de m\u00e1quina, es necesario localizar la etiqueta que contiene el n\u00famero de serie del dispositivo. La etiqueta de campo \u00abTYPE\u00bb identificar\u00e1 el n\u00famero de modelo de tipo de m\u00e1quina.<\/p>\n\n\n\n<p>A continuaci\u00f3n, se muestran algunos ejemplos de etiquetas con el n\u00famero de modelo de tipo de m\u00e1quina resaltado.<\/p>\n\n\n<div class=\"wp-block-image\">\n<figure class=\"aligncenter size-large\"><img loading=\"lazy\" decoding=\"async\" width=\"754\" height=\"1024\" src=\"https:\/\/quecartucho.es\/blog\/wp-content\/uploads\/2023\/05\/Como-encontrar-el-numero-de-modelo-de-tipo-de-maquina-en-Lexmark-754x1024.png\" alt=\"C\u00f3mo encontrar el n\u00famero de modelo de tipo de m\u00e1quina en Lexmark\" class=\"wp-image-19233\" title=\"\" srcset=\"https:\/\/quecartucho.es\/blog\/wp-content\/uploads\/2023\/05\/Como-encontrar-el-numero-de-modelo-de-tipo-de-maquina-en-Lexmark-754x1024.png 754w, https:\/\/quecartucho.es\/blog\/wp-content\/uploads\/2023\/05\/Como-encontrar-el-numero-de-modelo-de-tipo-de-maquina-en-Lexmark-221x300.png 221w, https:\/\/quecartucho.es\/blog\/wp-content\/uploads\/2023\/05\/Como-encontrar-el-numero-de-modelo-de-tipo-de-maquina-en-Lexmark-768x1043.png 768w, https:\/\/quecartucho.es\/blog\/wp-content\/uploads\/2023\/05\/Como-encontrar-el-numero-de-modelo-de-tipo-de-maquina-en-Lexmark.png 1024w\" sizes=\"auto, (max-width: 754px) 100vw, 754px\" \/><figcaption class=\"wp-element-caption\">C\u00f3mo encontrar el n\u00famero de modelo de tipo de m\u00e1quina en Lexmark<\/figcaption><\/figure>\n<\/div>\n\n\n<p>Como ves, hay muchas formas de saber cu\u00e1l es el modelo de tu impresora. Esperamos que este art\u00edculo te haya sido \u00fatil y que puedas encontrar la informaci\u00f3n que necesitas sin problemas.<\/p>\n","protected":false},"excerpt":{"rendered":"<p>\u00bfAlguna vez te has preguntado c\u00f3mo saber cu\u00e1l es el modelo de tu impresora? A veces necesitamos esta informaci\u00f3n para descargar los drivers, comprar cartuchos de tinta o solicitar una reparaci\u00f3n. En este art\u00edculo te explicaremos c\u00f3mo puedes averiguar el modelo de tu impresora de forma f\u00e1cil y r\u00e1pida, seg\u00fan el sistema operativo que uses&hellip;&nbsp;<a href=\"https:\/\/quecartucho.es\/blog\/como-saber-el-modelo-de-mi-impresora\/\" rel=\"bookmark\">Leer m\u00e1s &raquo;<span class=\"screen-reader-text\">C\u00f3mo saber el modelo de mi impresora<\/span><\/a><\/p>\n","protected":false},"author":1,"featured_media":19237,"parent":0,"menu_order":0,"comment_status":"closed","ping_status":"closed","template":"","meta":{"neve_meta_sidebar":"","neve_meta_container":"","neve_meta_enable_content_width":"","neve_meta_content_width":0,"neve_meta_title_alignment":"","neve_meta_author_avatar":"","neve_post_elements_order":"","neve_meta_disable_header":"","neve_meta_disable_footer":"","neve_meta_disable_title":"","episode_type":"","audio_file":"","podmotor_file_id":"","podmotor_episode_id":"","cover_image":"","cover_image_id":"","duration":"","filesize":"","filesize_raw":"","date_recorded":"","explicit":"","block":"","footnotes":""},"class_list":["post-19226","page","type-page","status-publish","has-post-thumbnail","hentry"],"_links":{"self":[{"href":"https:\/\/quecartucho.es\/blog\/wp-json\/wp\/v2\/pages\/19226","targetHints":{"allow":["GET"]}}],"collection":[{"href":"https:\/\/quecartucho.es\/blog\/wp-json\/wp\/v2\/pages"}],"about":[{"href":"https:\/\/quecartucho.es\/blog\/wp-json\/wp\/v2\/types\/page"}],"author":[{"embeddable":true,"href":"https:\/\/quecartucho.es\/blog\/wp-json\/wp\/v2\/users\/1"}],"replies":[{"embeddable":true,"href":"https:\/\/quecartucho.es\/blog\/wp-json\/wp\/v2\/comments?post=19226"}],"version-history":[{"count":6,"href":"https:\/\/quecartucho.es\/blog\/wp-json\/wp\/v2\/pages\/19226\/revisions"}],"predecessor-version":[{"id":19245,"href":"https:\/\/quecartucho.es\/blog\/wp-json\/wp\/v2\/pages\/19226\/revisions\/19245"}],"wp:featuredmedia":[{"embeddable":true,"href":"https:\/\/quecartucho.es\/blog\/wp-json\/wp\/v2\/media\/19237"}],"wp:attachment":[{"href":"https:\/\/quecartucho.es\/blog\/wp-json\/wp\/v2\/media?parent=19226"}],"curies":[{"name":"wp","href":"https:\/\/api.w.org\/{rel}","templated":true}]}}