{"id":19480,"date":"2023-06-09T12:30:10","date_gmt":"2023-06-09T10:30:10","guid":{"rendered":"https:\/\/quecartucho.es\/blog\/?page_id=19480"},"modified":"2023-06-09T12:32:04","modified_gmt":"2023-06-09T10:32:04","slug":"diferencias-entre-una-impresora-y-una-multifuncional","status":"publish","type":"page","link":"https:\/\/quecartucho.es\/blog\/diferencias-entre-una-impresora-y-una-multifuncional\/","title":{"rendered":"Diferencias entre una impresora y una multifuncional"},"content":{"rendered":"<div id=\"rank-math-faq\" class=\"rank-math-block\">\n<div class=\"rank-math-list \">\n<div id=\"faq-question-1686305516566\" class=\"rank-math-list-item\">\n<h2 class=\"rank-math-question \">\u00bfCu\u00e1les son las diferencias entre una impresora y una multifuncional?<\/h2>\n<div class=\"rank-math-answer \">\n\n<p>Si est\u00e1s pensando en comprar un dispositivo para imprimir documentos, fotos o gr\u00e1ficos, es posible que te preguntes cu\u00e1les son las diferencias entre una impresora y una <a href=\"https:\/\/quecartucho.es\/blog\/impresoras\/multifuncion\/\">multifuncional<\/a>. Ambos tipos de equipos tienen sus ventajas y desventajas, y la elecci\u00f3n depender\u00e1 de tus necesidades y preferencias.<\/p>\n<p>Una impresora es un aparato que se conecta a un ordenador o a una red y que tiene como \u00fanica funci\u00f3n imprimir los archivos que se le env\u00edan. Puede ser de <strong><a href=\"https:\/\/quecartucho.es\/\">tinta<\/a><\/strong> o de t\u00f3ner l\u00e1ser, y puede tener diferentes caracter\u00edsticas como la velocidad, la resoluci\u00f3n, el tama\u00f1o del papel o la capacidad de la bandeja.<\/p>\n<p>Una multifuncional es un dispositivo que combina varias funciones en uno solo: imprimir, escanear, copiar y enviar o recibir faxes. Tambi\u00e9n se conecta a un ordenador o a una red, pero tiene m\u00e1s opciones de conectividad como el wifi, el bluetooth o el USB. Adem\u00e1s, suele tener una pantalla t\u00e1ctil que permite acceder a diferentes funciones y ajustes.<\/p>\n\n<\/div>\n<\/div>\n<\/div>\n<\/div>\n\n\n<div class=\"wp-block-columns is-layout-flex wp-container-core-columns-is-layout-9d6595d7 wp-block-columns-is-layout-flex\">\n<div class=\"wp-block-column is-layout-flow wp-block-column-is-layout-flow\">\n<h3 class=\"wp-block-heading\"><strong><em>\u2705 Las principales ventajas de una impresora son:<\/em><\/strong><\/h3>\n\n\n\n<ul class=\"has-background wp-block-list\" style=\"background-color:#e7f8db\">\n<li>Es <strong>m\u00e1s econ\u00f3mica<\/strong> que una multifuncional.<\/li>\n\n\n\n<li>Ocupa <strong>menos espacio<\/strong> que una multifuncional.<\/li>\n\n\n\n<li>Es m\u00e1s <strong>f\u00e1cil de instalar y configurar<\/strong> que una multifuncional.<\/li>\n\n\n\n<li>Tiene menos componentes que pueden fallar o averiarse que una multifuncional.<\/li>\n\n\n\n<li>Solo hace una cosa, pero la suele hacer muy bien.<\/li>\n<\/ul>\n\n\n\n<h3 class=\"wp-block-heading\"><strong><em>\u26d4 Las principales desventajas de una impresora son:<\/em><\/strong><\/h3>\n\n\n\n<ul class=\"has-background wp-block-list\" style=\"background-color:#ffcac2\">\n<li>Solo puede imprimir y no tiene otras funciones adicionales.<\/li>\n\n\n\n<li>Puede tener menos opciones de personalizaci\u00f3n que una multifuncional.<\/li>\n<\/ul>\n<\/div>\n\n\n\n<div class=\"wp-block-column is-layout-flow wp-block-column-is-layout-flow\">\n<h3 class=\"wp-block-heading\"><em><strong>\u2705  Las principales ventajas de una multifuncional son:<\/strong><\/em><\/h3>\n\n\n\n<ul class=\"has-background wp-block-list\" style=\"background-color:#e7f8db\">\n<li>Ofrece <strong>m\u00e1s funciones<\/strong> que una impresora y puede sustituir a otros equipos como el esc\u00e1ner o el fax.<\/li>\n\n\n\n<li><strong>Ahorra espacio, tiempo y dinero<\/strong> al tener todo en uno solo.<\/li>\n\n\n\n<li>Suele tener m\u00e1s opciones de conectividad y compatibilidad que una impresora.<\/li>\n\n\n\n<li>Tiene m\u00e1s funciones inteligentes y autom\u00e1ticas que una impresora.<\/li>\n<\/ul>\n\n\n\n<h3 class=\"wp-block-heading\"><strong><em>\u26d4 Las principales desventajas de una multifuncional son:<\/em><\/strong><\/h3>\n\n\n\n<ul class=\"has-background wp-block-list\" style=\"background-color:#ffcac2\">\n<li>Es<strong> m\u00e1s cara<\/strong> que una impresora.<\/li>\n\n\n\n<li>Ocupa <strong>m\u00e1s espacio<\/strong> que una impresora.<\/li>\n\n\n\n<li>Es m\u00e1s <strong>compleja de instalar y configurar <\/strong>que una impresora.<\/li>\n\n\n\n<li>Tiene m\u00e1s componentes que pueden fallar o averiarse que una impresora.<\/li>\n<\/ul>\n<\/div>\n<\/div>\n\n\n\n<h2 class=\"wp-block-heading\">Conclusi\u00f3n \ud83e\udd14<\/h2>\n\n\n\n<p>En conclusi\u00f3n, la elecci\u00f3n entre una impresora y una multifuncional depender\u00e1 de tus necesidades y preferencias. Si solo necesitas imprimir documentos ocasionalmente y no quieres gastar mucho dinero, quiz\u00e1s te convenga m\u00e1s una impresora. Si quieres tener varias funciones en un solo equipo y aprovechar las ventajas de la tecnolog\u00eda, quiz\u00e1s te interese m\u00e1s una multifuncional. Sea cual sea tu decisi\u00f3n, recuerda comparar las caracter\u00edsticas y los precios de los diferentes modelos antes de comprar.<\/p>\n\n\n\n<p>En este p\u00f3dcast tratamos el tema con mucha m\u00e1s profundidad, haciendo las preguntas claves, para qu\u00e9 puedas elegir tu mejor opci\u00f3n.<\/p>\n\n\n\n<figure class=\"wp-block-audio\"><audio controls src=\"https:\/\/quecartucho.es\/blog\/wp-content\/uploads\/2022\/04\/\u00bfImpresoras-multifuncion-O-mejor-monofuncion.mp3\"><\/audio><figcaption class=\"wp-element-caption\"><a href=\"https:\/\/quecartucho.es\/blog\/podcast\/impresoras-multifuncion-o-mejor-monofuncion\/\">\u00bfImpresoras multifunci\u00f3n? O mejor monofunci\u00f3n<\/a><\/figcaption><\/figure>\n","protected":false},"excerpt":{"rendered":"<p>\u2705 Las principales ventajas de una impresora son: \u26d4 Las principales desventajas de una impresora son: \u2705 Las principales ventajas de una multifuncional son: \u26d4 Las principales desventajas de una multifuncional son: Conclusi\u00f3n \ud83e\udd14 En conclusi\u00f3n, la elecci\u00f3n entre una impresora y una multifuncional depender\u00e1 de tus necesidades y preferencias. Si solo necesitas imprimir documentos&hellip;&nbsp;<a href=\"https:\/\/quecartucho.es\/blog\/diferencias-entre-una-impresora-y-una-multifuncional\/\" rel=\"bookmark\">Leer m\u00e1s &raquo;<span class=\"screen-reader-text\">Diferencias entre una impresora y una multifuncional<\/span><\/a><\/p>\n","protected":false},"author":1,"featured_media":19485,"parent":0,"menu_order":0,"comment_status":"closed","ping_status":"closed","template":"","meta":{"neve_meta_sidebar":"","neve_meta_container":"","neve_meta_enable_content_width":"","neve_meta_content_width":0,"neve_meta_title_alignment":"","neve_meta_author_avatar":"","neve_post_elements_order":"","neve_meta_disable_header":"","neve_meta_disable_footer":"","neve_meta_disable_title":"","episode_type":"","audio_file":"","podmotor_file_id":"","podmotor_episode_id":"","cover_image":"","cover_image_id":"","duration":"","filesize":"","filesize_raw":"","date_recorded":"","explicit":"","block":"","footnotes":""},"class_list":["post-19480","page","type-page","status-publish","has-post-thumbnail","hentry"],"_links":{"self":[{"href":"https:\/\/quecartucho.es\/blog\/wp-json\/wp\/v2\/pages\/19480","targetHints":{"allow":["GET"]}}],"collection":[{"href":"https:\/\/quecartucho.es\/blog\/wp-json\/wp\/v2\/pages"}],"about":[{"href":"https:\/\/quecartucho.es\/blog\/wp-json\/wp\/v2\/types\/page"}],"author":[{"embeddable":true,"href":"https:\/\/quecartucho.es\/blog\/wp-json\/wp\/v2\/users\/1"}],"replies":[{"embeddable":true,"href":"https:\/\/quecartucho.es\/blog\/wp-json\/wp\/v2\/comments?post=19480"}],"version-history":[{"count":5,"href":"https:\/\/quecartucho.es\/blog\/wp-json\/wp\/v2\/pages\/19480\/revisions"}],"predecessor-version":[{"id":19491,"href":"https:\/\/quecartucho.es\/blog\/wp-json\/wp\/v2\/pages\/19480\/revisions\/19491"}],"wp:featuredmedia":[{"embeddable":true,"href":"https:\/\/quecartucho.es\/blog\/wp-json\/wp\/v2\/media\/19485"}],"wp:attachment":[{"href":"https:\/\/quecartucho.es\/blog\/wp-json\/wp\/v2\/media?parent=19480"}],"curies":[{"name":"wp","href":"https:\/\/api.w.org\/{rel}","templated":true}]}}