{"id":19542,"date":"2023-06-21T18:10:27","date_gmt":"2023-06-21T16:10:27","guid":{"rendered":"https:\/\/quecartucho.es\/blog\/?page_id=19542"},"modified":"2023-06-22T18:26:52","modified_gmt":"2023-06-22T16:26:52","slug":"mi-impresora-samsung-no-imprime-que-pasos-tengo-que-seguir","status":"publish","type":"page","link":"https:\/\/quecartucho.es\/blog\/mi-impresora-samsung-no-imprime-que-pasos-tengo-que-seguir\/","title":{"rendered":"Mi impresora Samsung no imprime: \u00bfQu\u00e9 pasos tengo que seguir?"},"content":{"rendered":"\n<p>No importa que hayas adquirido la <strong><a href=\"https:\/\/quecartucho.es\/blog\/impresoras-samsung\/\">mejor impresora Samsung<\/a><\/strong>, la m\u00e1s cara del mercado y\/o la que tiene las mejores prestaciones. En cualquier momento se podr\u00eda producir alg\u00fan tipo de problema que impidiese la impresi\u00f3n.<\/p>\n\n\n\n<p>Samsung es una de las&nbsp;<strong><a href=\"https:\/\/quecartucho.es\/blog\/impresoras\/cuales-las-mejores-marcas-impresoras\/\">mejores marcas de impresora<\/a><\/strong>, pero tampoco est\u00e1 exenta de errores (algunos de ellos pueden ser desquiciantes \ud83d\ude21).<\/p>\n\n\n\n<p>En este art\u00edculo vamos a ver algunos de los <a href=\"https:\/\/quecartucho.es\/blog\/cuando-una-impresora-no-imprime-bien\/\">errores m\u00e1s comunes que impiden la impresi\u00f3n y sus posibles soluciones<\/a>.<\/p>\n\n\n\n<h2 class=\"wp-block-heading\"><strong>Motivos y soluciones \ud83d\udca1<\/strong> <strong>para una impresora Samsung que no imprime<\/strong><\/h2>\n\n\n\n<h3 class=\"wp-block-heading\"><strong>Conexi\u00f3n incorrecta<\/strong><\/h3>\n\n\n\n<p>Para que la impresora funcione es necesario que&nbsp;<strong>est\u00e9 conectada con el equipo<\/strong>&nbsp;(ya sea por cable o bien por WiFi si se trata de una impresora moderna).<\/p>\n\n\n\n<ul class=\"wp-block-list\">\n<li>&nbsp; &nbsp; &nbsp;&nbsp;Si&nbsp;<strong>falla el cable de alimentaci\u00f3n<\/strong>,&nbsp;<strong>la impresora no se encender\u00e1:&nbsp;<\/strong>prueba a cambiar el cable o el enchufe y a encenderla. Si no se enciende ninguna luz, es posible que haya que sustituir el cable, o que se haya estropeado alg\u00fan componente interno.<\/li>\n\n\n\n<li>&nbsp; &nbsp; &nbsp;&nbsp;<strong>Si falla el cable USB o de RED:&nbsp;<\/strong>la impresora se encender\u00e1, pero no ser\u00e1 detectada por el equipo inform\u00e1tico. Puedes probar a cambiar el cable de red\/USB o a conectarla en otro puerto. No es uno de los fallos m\u00e1s comunes, pero podr\u00eda ocurrir.<\/li>\n\n\n\n<li>&nbsp; &nbsp; &nbsp;&nbsp;<strong>Si <a href=\"https:\/\/quecartucho.es\/blog\/mi-impresora-aparece-sin-conexion-como-solucionarlo\/\">falla la conexi\u00f3n WiFi<\/a><\/strong>, lo m\u00e1s probable es que haya alg\u00fan error de conexi\u00f3n con el router. En este caso, la soluci\u00f3n m\u00e1s sencilla suele consistir en&nbsp;<strong>reiniciar el router<\/strong>. Si esto no arreglase el problema, se recomienda reiniciar la impresora o la conexi\u00f3n WiFi.<\/li>\n<\/ul>\n\n\n\n<p>Este problema es m\u00e1s habitual cuando tienes una&nbsp;<strong>impresora Samsung<\/strong>&nbsp;desde hace bastante tiempo. Si el cable se ha torcido en exceso, es posible que se haya roto en alguna parte interna y haya que proceder con la sustituci\u00f3n.<\/p>\n\n\n\n<h3 class=\"wp-block-heading\"><strong>Atasco de papel<\/strong><\/h3>\n\n\n\n<p>El&nbsp;<strong><a href=\"https:\/\/quecartucho.es\/blog\/como-solucionar-un-atasco-de-papel-en-la-impresora\/\">atasco de papel<\/a><\/strong>&nbsp;es otro de los motivos m\u00e1s probables que podr\u00edan explicar&nbsp;<strong>por qu\u00e9 mi impresora Samsung no imprime<\/strong>.<\/p>\n\n\n\n<p>Para solucionarlo, puedes seguir estos pasos:<\/p>\n\n\n\n<p>1)&nbsp;&nbsp; &nbsp;&nbsp;Revisa que no haya ning\u00fan trozo de papel, hojas o folios dentro del recorrido de la impresora.<\/p>\n\n\n\n<p>2)&nbsp;&nbsp; &nbsp;&nbsp;Comprueba que est\u00e1s utilizando el papel correcto (puede que un papel demasiado grueso no sea compatible con tu impresora).<\/p>\n\n\n\n<p>3)&nbsp;&nbsp; &nbsp;&nbsp;Puede que el atasco sea m\u00e1s grave de lo que parece y exista un trozo al que no puedas llegar con facilidad. En este caso, la \u00fanica soluci\u00f3n ser\u00e1&nbsp;<strong>desmontar el perif\u00e9rico<\/strong>&nbsp;para poder alcanzar el problema.<\/p>\n\n\n\n<p>Con un poco de sentido com\u00fan es f\u00e1cil evitar este problema:<\/p>\n\n\n\n<ul class=\"wp-block-list\">\n<li>&nbsp; &nbsp; &nbsp;&nbsp;No cargues m\u00e1s cantidad de folios de la capacidad permitida por el fabricante en la bandeja de la impresora.<\/li>\n\n\n\n<li>&nbsp; &nbsp; &nbsp;&nbsp;Comprueba que el papel est\u00e9 en buen estado; si alg\u00fan folio est\u00e1 doblado, roto o presenta alg\u00fan tipo de deterioro, desc\u00e1rtalo o puede atascarse.<\/li>\n\n\n\n<li>&nbsp; &nbsp; &nbsp;&nbsp;Es importante que la impresora est\u00e9 situada en una zona en donde no puedan caer cosas dentro. Piensa que cualquier elemento, como un clip, podr\u00eda llegar a causar un error irreparable cuando el mecanismo empiece a moverse.<\/li>\n<\/ul>\n\n\n<div class=\"wp-block-image\">\n<figure class=\"aligncenter size-full\"><img loading=\"lazy\" decoding=\"async\" width=\"550\" height=\"368\" src=\"https:\/\/quecartucho.es\/blog\/wp-content\/uploads\/2023\/06\/atasco-de-papel-en-impresora-Samsung.jpg\" alt=\"Atasco de papel en impresora Samsung\" class=\"wp-image-19556\" title=\"\" srcset=\"https:\/\/quecartucho.es\/blog\/wp-content\/uploads\/2023\/06\/atasco-de-papel-en-impresora-Samsung.jpg 550w, https:\/\/quecartucho.es\/blog\/wp-content\/uploads\/2023\/06\/atasco-de-papel-en-impresora-Samsung-300x201.jpg 300w\" sizes=\"auto, (max-width: 550px) 100vw, 550px\" \/><\/figure>\n<\/div>\n\n\n<h3 class=\"wp-block-heading\"><strong>Cubierta mal cerrada<\/strong><\/h3>\n\n\n\n<p>Aunque pueda parecer una tonter\u00eda, lo cierto es que muchos de los errores que impiden la impresi\u00f3n con una impresora Samsung se refieren a una&nbsp;<strong>cubierta mal cerrada<\/strong>. Aseg\u00farate de que encajan las piezas y de que no aparece ning\u00fan mensaje de error (este mensaje puede ser visible desde la pantalla si es un modelo actual, o bien desde el perif\u00e9rico al que se encuentre en contacto).<\/p>\n\n\n\n<p>Si tienes alguna duda sobre c\u00f3mo cerrar la cubierta correctamente, lo m\u00e1s recomendable es&nbsp;<strong>consultar el manual del fabricante<\/strong>. Tambi\u00e9n es posible que se haya deformado por alguna raz\u00f3n y necesites ayuda t\u00e9cnica.<\/p>\n\n\n\n<h3 class=\"wp-block-heading\"><strong>Mala configuraci\u00f3n<\/strong><\/h3>\n\n\n\n<p>Un mal funcionamiento, un corte de luz, entre otras acciones podr\u00edan causar una&nbsp;<strong>mala configuraci\u00f3n en la impresora<\/strong>. Llegados a este punto, por mucho que hagas, la impresora Samsung no va a reaccionar:&nbsp;<strong>la soluci\u00f3n m\u00e1s r\u00e1pida ser\u00e1 hacer un reinicio<\/strong>.<\/p>\n\n\n\n<p>1)&nbsp;&nbsp; &nbsp;&nbsp;Pulsa el bot\u00f3n de encendido de la impresora hasta que veas que la luz empieza a parpadear. Esto significa que se est\u00e1 apagando por completo.<\/p>\n\n\n\n<p>2)&nbsp;&nbsp; &nbsp;&nbsp;Ten en cuenta que la memoria RAM interna de la impresora seguir\u00e1 almacenando informaci\u00f3n debido a que el perif\u00e9rico sigue conectado a la luz. Para conseguir un buen reinicio es crucial&nbsp;<strong>desconectar los cables de alimentaci\u00f3n, USB y red y esperar unos minutos<\/strong>.<\/p>\n\n\n\n<p>3)&nbsp;&nbsp; &nbsp;&nbsp;Vuelve a enchufar los cables y pulsa el bot\u00f3n de encendido durante 5 segundos.<\/p>\n\n\n\n<p>4)&nbsp;&nbsp; &nbsp;&nbsp;Si todo va bien, la impresora se iniciar\u00e1 e<strong>&nbsp;imprimir\u00e1 una p\u00e1gina de prueba.<\/strong><\/p>\n\n\n\n<p>Podr\u00eda ocurrir que la mala configuraci\u00f3n se mantenga, incluso aunque hayamos seguido los pasos anteriores al pie de la letra. En este supuesto, el paso que queda seguir es&nbsp;<strong>hacer un reinicio de f\u00e1brica<\/strong>. Para ello, es mejor que sigas las instrucciones del fabricante y del modelo, ya que los pasos pueden ser diferentes para cada unidad.<\/p>\n\n\n\n<h3 class=\"wp-block-heading\"><strong>Driver en mal estado<\/strong><\/h3>\n\n\n\n<p>Los&nbsp;<strong>drivers<\/strong>&nbsp;<strong>o controladores<\/strong>&nbsp;son peque\u00f1as funcionalidades que permiten que un sistema se comunique con la impresora. Algo as\u00ed como el cable, pero act\u00faa de forma l\u00f3gica como si fuese un traductor entre ambos dispositivos. Si el driver no se ha instalado, o se ha vuelto corrupto por alg\u00fan motivo, la impresora tampoco funcionar\u00e1.<\/p>\n\n\n\n<p>Es un error m\u00e1s complicado de detectar porque es posible que el equipo s\u00ed que detecte la impresora, aunque no funcione.<\/p>\n\n\n\n<p>Con estos pasos puedes solucionarlo r\u00e1pidamente:<\/p>\n\n\n\n<p>1)&nbsp;&nbsp; &nbsp;&nbsp;Accede a&nbsp;<strong>Panel de Control -&gt; Administrador de sistemas<\/strong><\/p>\n\n\n\n<p>2)&nbsp;&nbsp; &nbsp;&nbsp;Busca el&nbsp;<strong>apartado de impresoras y tu modelo de Samsung<\/strong>.<\/p>\n\n\n\n<p>3)&nbsp;&nbsp; &nbsp;&nbsp;Marca la opci\u00f3n de&nbsp;<strong>Actualizar controlador<\/strong>.<\/p>\n\n\n\n<p>Si existe una versi\u00f3n m\u00e1s reciente, el sistema operativo se encargar\u00e1 de actualizarlo por su cuenta y el problema se deber\u00eda arreglar.&nbsp; Si no existe una nueva versi\u00f3n, sigue estos pasos:<\/p>\n\n\n\n<p>1)&nbsp;&nbsp; &nbsp;&nbsp;Pulsa sobre tu modelo de impresora Samsung, haz clic derecho y marca&nbsp;<strong>desinstalar<\/strong>.<\/p>\n\n\n\n<p>2)&nbsp;&nbsp; &nbsp;&nbsp;Desconecta el cable de conexi\u00f3n con el equipo.<\/p>\n\n\n\n<p>3)&nbsp;&nbsp; &nbsp;&nbsp;Accede a la p\u00e1gina oficial y descarga el&nbsp;<strong>\u00faltimo driver disponible<\/strong>.<\/p>\n\n\n\n<p>4)&nbsp;&nbsp; &nbsp;&nbsp;Inst\u00e1lalo y sigue los pasos. Conecta el cable cuando el sistema te lo pida.<\/p>\n\n\n\n<h3 class=\"wp-block-heading\"><strong>Problemas con cartuchos<\/strong><\/h3>\n\n\n\n<p>Los problemas con los&nbsp;<strong><a href=\"https:\/\/quecartucho.es\/\">cartuchos<\/a> <\/strong>tambi\u00e9n son muy habituales. En esencia, podr\u00edan ocurrir estas 3 cosas:<\/p>\n\n\n\n<ul class=\"wp-block-list\">\n<li><strong>Atasco de tinta:&nbsp;<\/strong>se suele producir si llevamos un tiempo sin imprimir. La tinta se ha atascado y no consigue salir del cartucho, as\u00ed que utilizando la funci\u00f3n de&nbsp;<strong>limpieza de cabezales<\/strong>&nbsp;(durante varias veces si fuese necesario), deber\u00eda funcionar. Si no es as\u00ed, podemos sacar el cartucho y frotar la parte por donde sale la tinta con una gamuza ligeramente humedecida.<\/li>\n\n\n\n<li><strong>Sin tinta:&nbsp;<\/strong>obviamente, si el cartucho no tiene tinta, la impresora no imprimir\u00e1. Revisa los&nbsp;<strong>niveles de tinta<\/strong>&nbsp;para ver si el error es ese.<\/li>\n\n\n\n<li><strong>No se reconoce el cartucho compatible:&nbsp;<\/strong>algunos modelos de impresoras requieren que el cartucho nuevo se active para poder utilizarlo. Esto puede resultar un poco confuso debido a que todo en la impresora est\u00e1 bien, simplemente falta el \u00faltimo paso que es terminar la activaci\u00f3n.<\/li>\n<\/ul>\n\n\n\n<h2 class=\"wp-block-heading\"><strong>Mi impresora Samsung no imprime en Windows<\/strong><\/h2>\n\n\n\n<p>Una de las maneras para descartar que el problema de la impresora sea f\u00edsico (del hardware) es probarla en otro sistema operativo. Si&nbsp;<strong>tu impresora Samsung no imprime en Windows, pero s\u00ed que lo hace en otros sistemas operativos<\/strong>, es cuesti\u00f3n del S.O.<\/p>\n\n\n\n<p>Adem\u00e1s de tener en cuenta los motivos y soluciones anteriores, en Windows podemos encontrar una pr\u00e1ctica herramienta conocida como&nbsp;<strong>solucionador de problemas<\/strong>&nbsp;que suele funcionar muy bien la gran mayor\u00eda de las veces.<\/p>\n\n\n\n<p>Se trata de un asistente en el que el equipo te ir\u00e1 preguntando algunos datos y te recomendar\u00e1 probar algunas soluciones para ver si el problema se arregla.<\/p>\n\n\n\n<h2 class=\"wp-block-heading\"><strong>Resolviendo problemas de una impresora l\u00e1ser Samsung<\/strong><\/h2>\n\n\n\n<p>Si tienes una&nbsp;<strong>impresora l\u00e1ser Samsung<\/strong>&nbsp;que no imprime, aqu\u00ed tienes una lista de pasos para resolver los principales problemas:<\/p>\n\n\n\n<p><strong>1)<\/strong>&nbsp;<strong>Cartucho de t\u00f3ner con bajo nivel de tinta o vac\u00edo:&nbsp;<\/strong>podr\u00eda darse el caso de que los indicadores del sistema operativo no sean del todo fiables; es decir, que el cartucho de t\u00f3ner estar\u00eda con bajo nivel de tinta o vac\u00edo y no vas a poder imprimir hasta que hagas el cambio. Tambi\u00e9n puedes intentar sacar el <strong><a href=\"https:\/\/quecartucho.es\/16393-toneres\">t\u00f3ner<\/a> <\/strong>y agitarlo un par de veces para alargar su tiempo de vida \u00fatil. Si la impresora imprime en blanco, no te queda otra que cambiarlo.<\/p>\n\n\n\n<p><strong>2)<\/strong>&nbsp;<strong>Atasco:&nbsp;<\/strong>si el papel se atasca de forma habitual en la impresora, carga menos hojas en la bandeja de papel. El gran problema de que haya papel de m\u00e1s es que la impresora puede coger m\u00e1s de una hoja a la vez, lo que propiciar\u00e1 el atasco. Ten en cuenta que algunos papeles especiales pueden hacer que la impresora se atasque, como aquellos que son muy delgados o muy gruesos.<\/p>\n\n\n\n<p><strong>3)<\/strong>&nbsp;<strong>Tiempo de calibrado:&nbsp;<\/strong>cualquier impresora, incluso hasta las m\u00e1s modernas, necesitan de algo de tiempo para iniciar y empezar a imprimir. Es posible que&nbsp;<strong>tengas que esperar algunos minutos<\/strong>&nbsp;para que la empresa haya completado este proceso y pueda comenzar con la impresi\u00f3n.<\/p>\n\n\n\n<p><strong>Importante:&nbsp;<\/strong>si nada de lo anterior funciona, puede que el problema sea m\u00e1s grave de lo que parece. En ese caso, recurre a un t\u00e9cnico que se encargue de la reparaci\u00f3n.&nbsp;<\/p>\n","protected":false},"excerpt":{"rendered":"<p>No importa que hayas adquirido la mejor impresora Samsung, la m\u00e1s cara del mercado y\/o la que tiene las mejores prestaciones. En cualquier momento se podr\u00eda producir alg\u00fan tipo de problema que impidiese la impresi\u00f3n. Samsung es una de las&nbsp;mejores marcas de impresora, pero tampoco est\u00e1 exenta de errores (algunos de ellos pueden ser desquiciantes&hellip;&nbsp;<a href=\"https:\/\/quecartucho.es\/blog\/mi-impresora-samsung-no-imprime-que-pasos-tengo-que-seguir\/\" rel=\"bookmark\">Leer m\u00e1s &raquo;<span class=\"screen-reader-text\">Mi impresora Samsung no imprime: \u00bfQu\u00e9 pasos tengo que seguir?<\/span><\/a><\/p>\n","protected":false},"author":1,"featured_media":19544,"parent":0,"menu_order":0,"comment_status":"closed","ping_status":"closed","template":"","meta":{"neve_meta_sidebar":"","neve_meta_container":"","neve_meta_enable_content_width":"","neve_meta_content_width":0,"neve_meta_title_alignment":"","neve_meta_author_avatar":"","neve_post_elements_order":"","neve_meta_disable_header":"","neve_meta_disable_footer":"","neve_meta_disable_title":"","episode_type":"","audio_file":"","podmotor_file_id":"","podmotor_episode_id":"","cover_image":"","cover_image_id":"","duration":"","filesize":"","filesize_raw":"","date_recorded":"","explicit":"","block":"","footnotes":""},"class_list":["post-19542","page","type-page","status-publish","has-post-thumbnail","hentry"],"_links":{"self":[{"href":"https:\/\/quecartucho.es\/blog\/wp-json\/wp\/v2\/pages\/19542","targetHints":{"allow":["GET"]}}],"collection":[{"href":"https:\/\/quecartucho.es\/blog\/wp-json\/wp\/v2\/pages"}],"about":[{"href":"https:\/\/quecartucho.es\/blog\/wp-json\/wp\/v2\/types\/page"}],"author":[{"embeddable":true,"href":"https:\/\/quecartucho.es\/blog\/wp-json\/wp\/v2\/users\/1"}],"replies":[{"embeddable":true,"href":"https:\/\/quecartucho.es\/blog\/wp-json\/wp\/v2\/comments?post=19542"}],"version-history":[{"count":8,"href":"https:\/\/quecartucho.es\/blog\/wp-json\/wp\/v2\/pages\/19542\/revisions"}],"predecessor-version":[{"id":19561,"href":"https:\/\/quecartucho.es\/blog\/wp-json\/wp\/v2\/pages\/19542\/revisions\/19561"}],"wp:featuredmedia":[{"embeddable":true,"href":"https:\/\/quecartucho.es\/blog\/wp-json\/wp\/v2\/media\/19544"}],"wp:attachment":[{"href":"https:\/\/quecartucho.es\/blog\/wp-json\/wp\/v2\/media?parent=19542"}],"curies":[{"name":"wp","href":"https:\/\/api.w.org\/{rel}","templated":true}]}}