{"id":19559,"date":"2023-06-22T18:56:25","date_gmt":"2023-06-22T16:56:25","guid":{"rendered":"https:\/\/quecartucho.es\/blog\/?page_id=19559"},"modified":"2023-06-22T18:56:26","modified_gmt":"2023-06-22T16:56:26","slug":"como-cambiar-un-cartucho-de-tinta-brother","status":"publish","type":"page","link":"https:\/\/quecartucho.es\/blog\/como-cambiar-un-cartucho-de-tinta-brother\/","title":{"rendered":"Como cambiar un cartucho de tinta Brother"},"content":{"rendered":"\n<p>Brother es uno de los mejores fabricantes de impresoras que podemos encontrar actualmente en el mercado. En su cat\u00e1logo podemos encontrar lo \u00faltimo en tecnolog\u00eda, con prestaciones que nos ayudan a conseguir desde impresiones m\u00e1s n\u00edtidas, hasta un considerable <strong><a href=\"https:\/\/quecartucho.es\/blog\/ahorrar-en-la-tinta-de-la-impresora-en-dos-pasos\/\">ahorro de tinta<\/a><\/strong> en cada trabajo.<\/p>\n\n\n\n<p>\u00bfTe preguntas <strong>c\u00f3mo cambiar un cartucho de tinta Brother<\/strong>? Aunque esto es algo que se indica en el manual de instrucciones del fabricante, puede que los pasos no queden claros o que alguna imagen no sea lo suficientemente representativa. Por esta raz\u00f3n, procedemos a enumerar los pasos para hacer el cambio de un <a href=\"https:\/\/quecartucho.es\/\"><strong>consumible de tinta<\/strong><\/a> o de un t\u00f3ner:<\/p>\n\n\n\n<h2 class=\"wp-block-heading\"><strong>Pasos para cambiar un cartucho de tinta Brother<\/strong><\/h2>\n\n\n\n<p>Ten presente que la informaci\u00f3n que te damos en este art\u00edculo es representativa y que <strong>puede variar dependiendo de cada modelo de impresora Brother<\/strong>. No dudes en consultarnos, mirar el manual de instrucciones de tu perif\u00e9rico o a tu proveedor si tienes alg\u00fan tipo de duda:<\/p>\n\n\n\n<figure class=\"wp-block-gallery has-nested-images columns-default is-cropped wp-block-gallery-2 is-layout-flex wp-block-gallery-is-layout-flex\">\n<figure class=\"wp-block-image size-large\"><img loading=\"lazy\" decoding=\"async\" width=\"694\" height=\"587\" data-id=\"19567\" src=\"https:\/\/quecartucho.es\/blog\/wp-content\/uploads\/2023\/06\/Screenshot-2023-06-22-at-18-45-36-Cambiar-el-Cartucho-de-Tinta-Brother.png\" alt=\"Cambiar el Cartucho de Tinta Brother\" class=\"wp-image-19567\" title=\"\" srcset=\"https:\/\/quecartucho.es\/blog\/wp-content\/uploads\/2023\/06\/Screenshot-2023-06-22-at-18-45-36-Cambiar-el-Cartucho-de-Tinta-Brother.png 694w, https:\/\/quecartucho.es\/blog\/wp-content\/uploads\/2023\/06\/Screenshot-2023-06-22-at-18-45-36-Cambiar-el-Cartucho-de-Tinta-Brother-300x254.png 300w\" sizes=\"auto, (max-width: 694px) 100vw, 694px\" \/><\/figure>\n\n\n\n<figure class=\"wp-block-image size-large\"><img loading=\"lazy\" decoding=\"async\" width=\"450\" height=\"317\" data-id=\"19568\" src=\"https:\/\/quecartucho.es\/blog\/wp-content\/uploads\/2023\/06\/000203_step8.gif\" alt=\"Cambiar el Cartucho de Tinta\" class=\"wp-image-19568\" title=\"\"><\/figure>\n\n\n\n<figure class=\"wp-block-image size-large\"><img loading=\"lazy\" decoding=\"async\" width=\"322\" height=\"289\" data-id=\"19569\" src=\"https:\/\/quecartucho.es\/blog\/wp-content\/uploads\/2023\/06\/Pasos-para-cambiar-un-cartucho-de-tinta-Brother.gif\" alt=\"Pasos para cambiar un cartucho de tinta Brother\" class=\"wp-image-19569\" title=\"\"><\/figure>\n<\/figure>\n\n\n\n<p>1) &nbsp; &nbsp; Aseg\u00farate de que la impresora est\u00e9 conectada a la luz y enci\u00e9ndela. Deja que cargue por completo la configuraci\u00f3n inicial antes de empezar con el <strong>reemplazo de cartucho<\/strong>.<\/p>\n\n\n\n<p>2) \u00a0 \u00a0 Abre la tapa desde la que acceder\u00e1s a los <strong>cartuchos de tinta<\/strong>. Con este tutorial podr\u00e1s sustituir tanto los cartuchos de tinta a color, c\u00f3mo los de negro.<\/p>\n\n\n\n<p>3) &nbsp; &nbsp; Cuando se abre la tapa, la impresora funciona de manera autom\u00e1tica consiguiendo que los cartuchos se desplacen para colocarse en una posici\u00f3n m\u00e1s c\u00f3moda y as\u00ed proceder con la sustituci\u00f3n correspondiente. Espera a que se complete este proceso y no hagas nada para bloquear el avance del carro.<\/p>\n\n\n\n<p>4) &nbsp; &nbsp; <strong>Pulsa la palanca de liberaci\u00f3n de cada cartucho<\/strong> y extr\u00e1elo de la impresora. La extracci\u00f3n debe hacerse de forma f\u00e1cil, sin aplicar m\u00e1s fuerza de lo normal. Normalmente, los cabezales funcionan con un sistema de clic que permite introducir o extraer los cartuchos.<\/p>\n\n\n\n<p>5) &nbsp; &nbsp; Abre el cartucho de tinta y ag\u00edtalo horizontalmente unas 15 veces antes de introducirlo en la m\u00e1quina. Cuidado con tocarlo por el sensor de la parte superior, ya que podr\u00eda haber problemas para que la m\u00e1quina lo reconozca luego.<\/p>\n\n\n\n<p>6) &nbsp; &nbsp; El nuevo cartucho tendr\u00e1 una etiqueta que <strong>te indicar\u00e1 la direcci\u00f3n en la que se debe insertar<\/strong>. Cada color tiene su posici\u00f3n adecuada.<\/p>\n\n\n\n<p>7) &nbsp; &nbsp; Presiona el cartucho de forma ligera en donde dice <strong>PUSH<\/strong> hasta que encaje y luego cierra la cubierta de los cartuchos. La impresora se encargar\u00e1 de ajustar el carro y de configurar el nuevo cartucho.<\/p>\n\n\n\n<p>Podr\u00eda ocurrir que la pantalla o el sistema operativo muestre un mensaje de error del estilo <strong>\u201cNo se puede detectar\u201d o \u201cNo hay cartucho de tinta<\/strong>\u201d. En cualquier caso, este mensaje te indica que la impresora no puede imprimir.<\/p>\n\n\n\n<p>Vuelve a extraer el cartucho y comprueba que lo has introducido correctamente. Tambi\u00e9n deber\u00edas investigar si es necesario activar los cartuchos con tu modelo de impresora.<\/p>\n\n\n\n<div class=\"wp-block-columns is-layout-flex wp-container-core-columns-is-layout-9d6595d7 wp-block-columns-is-layout-flex\">\n<div class=\"wp-block-column is-layout-flow wp-block-column-is-layout-flow\">\n<p><strong>Importante:<\/strong>Aunque Brother no recomienda rellenar los cartuchos de tinta incluidos y advierte sobre la posibilidad de incompatibilidades y da\u00f1os con cartuchos de fabricantes no autorizados, existen alternativas de calidad igualmente fiables a los originales. Si decides utilizar cartuchos diferentes, es fundamental elegir opciones de buena calidad que hayan demostrado su funcionamiento previamente.<\/p>\n\n\n\n<p>En este sentido, te invitamos a visitar nuestra p\u00e1gina, donde ofrecemos una amplia selecci\u00f3n de <strong><a href=\"https:\/\/quecartucho.es\/2081-cartuchos-de-tinta-brother-compatible\">cartuchos de tinta Brother compatibles<\/a><\/strong> de calidad. Estos cartuchos cumplen con todas las garant\u00edas y certificados necesarios, brindando un rendimiento confiable y satisfactorio para tu m\u00e1quina Brother.<\/p>\n<\/div>\n\n\n\n<div class=\"wp-block-column is-layout-flow wp-block-column-is-layout-flow\">\n<figure class=\"wp-block-image size-full\"><img loading=\"lazy\" decoding=\"async\" width=\"585\" height=\"400\" src=\"https:\/\/quecartucho.es\/blog\/wp-content\/uploads\/2023\/06\/Pasos-para-cambiar-un-cartucho-de-tinta-Brother.webp\" alt=\"Cambiar un cartucho de tinta Brother\" class=\"wp-image-19566\" title=\"\" srcset=\"https:\/\/quecartucho.es\/blog\/wp-content\/uploads\/2023\/06\/Pasos-para-cambiar-un-cartucho-de-tinta-Brother.webp 585w, https:\/\/quecartucho.es\/blog\/wp-content\/uploads\/2023\/06\/Pasos-para-cambiar-un-cartucho-de-tinta-Brother-300x205.webp 300w\" sizes=\"auto, (max-width: 585px) 100vw, 585px\" \/><\/figure>\n<\/div>\n<\/div>\n\n\n\n<p><br><br><\/p>\n\n\n\n<p><\/p>\n\n\n\n<h2 class=\"wp-block-heading\"><strong>\u00bfC\u00f3mo cambiar un t\u00f3ner Brother?<\/strong><\/h2>\n\n\n\n<p>Si tienes una impresora l\u00e1ser, el consumible que tendr\u00e1s que sustituir cuando se termine ser\u00e1 el <strong><a href=\"https:\/\/quecartucho.es\/16393-toneres\">t\u00f3ner<\/a><\/strong>. A diferencia de un cartucho de tinta, un t\u00f3ner tiene tinta en polvo, por lo que su funcionamiento, calidad y resultado ser\u00e1 muy diferente.<\/p>\n\n\n\n<p>De la misma manera que en el proceso anterior, vamos a ver <strong>c\u00f3mo cambiar un <a href=\"https:\/\/quecartucho.es\/2083-toner-brother-compatible\">t\u00f3ner Brother<\/a><\/strong>:<\/p>\n\n\n\n<p>1) &nbsp; &nbsp; Empezamos abriendo la <strong>cubierta de la impresora<\/strong>. Aunque esto depende de cada modelo, lo m\u00e1s habitual es empezar abriendo la cubierta de la parte superior y despu\u00e9s la del interior (es decir, que se trata de un sistema de 2 cubiertas).<\/p>\n\n\n\n<p>2) \u00a0 \u00a0 Busca la <strong>unidad del <a href=\"https:\/\/quecartucho.es\/2075-tambor-brother-compatible\">tambor Brother<\/a> y ret\u00edrala de la impresora<\/strong>; se trata de un elemento que sirve para transferir el t\u00f3ner al papel.<\/p>\n\n\n\n<p>3) &nbsp; &nbsp; En este componente encontrar\u00e1s el t\u00f3ner que tendr\u00e1s que extraer y proceder con su reemplazo. Para ello, pulsa la pesta\u00f1a verde que suele estar colocada en la zona de la derecha un total de 3 veces.<\/p>\n\n\n\n<p>4) &nbsp; &nbsp; Coloca el nuevo t\u00f3ner asegur\u00e1ndote de que dicha pesta\u00f1a permanece en la posici\u00f3n en la que la hemos encontrado.<\/p>\n\n\n\n<p>5) &nbsp; &nbsp; Cierra primero la cubierta inferior y luego la cubierta exterior. La impresora l\u00e1ser Brother deber\u00eda detectar que se ha introducido el t\u00f3ner y hacer la configuraci\u00f3n correspondiente para que puedas empezar a usarlo.<\/p>\n\n\n\n<p>6) \u00a0 \u00a0 En la pantalla deber\u00eda desaparecer cualquier mensaje del estilo \u201cSustituir t\u00f3ner\u201d. Si no es as\u00ed, el <strong>t\u00f3ner no se habr\u00e1 colocado de forma correcta y tendr\u00e1s que empezar este proceso desde el paso 1).<\/strong><\/p>\n\n\n\n<figure class=\"wp-block-embed is-type-video is-provider-youtube wp-block-embed-youtube wp-embed-aspect-4-3 wp-has-aspect-ratio\"><div class=\"wp-block-embed__wrapper\">\n<div class=\"nv-iframe-embed\"><iframe loading=\"lazy\" title=\"Cambiar toner tn2420\" width=\"1200\" height=\"900\" src=\"https:\/\/www.youtube.com\/embed\/S3qBtX0NwQQ?feature=oembed\" frameborder=\"0\" allow=\"accelerometer; autoplay; clipboard-write; encrypted-media; gyroscope; picture-in-picture; web-share\" allowfullscreen><\/iframe><\/div>\n<\/div><\/figure>\n\n\n\n<p>Estos son los dos procesos para <strong>cambiar un cartucho de tinta o de t\u00f3ner Brother<\/strong>. Si tienes m\u00e1s dudas, desde el manual del fabricante las podr\u00e1s solucionar.<\/p>\n","protected":false},"excerpt":{"rendered":"<p>Brother es uno de los mejores fabricantes de impresoras que podemos encontrar actualmente en el mercado. En su cat\u00e1logo podemos encontrar lo \u00faltimo en tecnolog\u00eda, con prestaciones que nos ayudan a conseguir desde impresiones m\u00e1s n\u00edtidas, hasta un considerable ahorro de tinta en cada trabajo. \u00bfTe preguntas c\u00f3mo cambiar un cartucho de tinta Brother? Aunque&hellip;&nbsp;<a href=\"https:\/\/quecartucho.es\/blog\/como-cambiar-un-cartucho-de-tinta-brother\/\" rel=\"bookmark\">Leer m\u00e1s &raquo;<span class=\"screen-reader-text\">Como cambiar un cartucho de tinta Brother<\/span><\/a><\/p>\n","protected":false},"author":1,"featured_media":19571,"parent":0,"menu_order":0,"comment_status":"closed","ping_status":"closed","template":"","meta":{"neve_meta_sidebar":"","neve_meta_container":"","neve_meta_enable_content_width":"","neve_meta_content_width":0,"neve_meta_title_alignment":"","neve_meta_author_avatar":"","neve_post_elements_order":"","neve_meta_disable_header":"","neve_meta_disable_footer":"","neve_meta_disable_title":"","episode_type":"","audio_file":"","podmotor_file_id":"","podmotor_episode_id":"","cover_image":"","cover_image_id":"","duration":"","filesize":"","filesize_raw":"","date_recorded":"","explicit":"","block":"","footnotes":""},"class_list":["post-19559","page","type-page","status-publish","has-post-thumbnail","hentry"],"_links":{"self":[{"href":"https:\/\/quecartucho.es\/blog\/wp-json\/wp\/v2\/pages\/19559","targetHints":{"allow":["GET"]}}],"collection":[{"href":"https:\/\/quecartucho.es\/blog\/wp-json\/wp\/v2\/pages"}],"about":[{"href":"https:\/\/quecartucho.es\/blog\/wp-json\/wp\/v2\/types\/page"}],"author":[{"embeddable":true,"href":"https:\/\/quecartucho.es\/blog\/wp-json\/wp\/v2\/users\/1"}],"replies":[{"embeddable":true,"href":"https:\/\/quecartucho.es\/blog\/wp-json\/wp\/v2\/comments?post=19559"}],"version-history":[{"count":3,"href":"https:\/\/quecartucho.es\/blog\/wp-json\/wp\/v2\/pages\/19559\/revisions"}],"predecessor-version":[{"id":19573,"href":"https:\/\/quecartucho.es\/blog\/wp-json\/wp\/v2\/pages\/19559\/revisions\/19573"}],"wp:featuredmedia":[{"embeddable":true,"href":"https:\/\/quecartucho.es\/blog\/wp-json\/wp\/v2\/media\/19571"}],"wp:attachment":[{"href":"https:\/\/quecartucho.es\/blog\/wp-json\/wp\/v2\/media?parent=19559"}],"curies":[{"name":"wp","href":"https:\/\/api.w.org\/{rel}","templated":true}]}}