{"id":19575,"date":"2023-06-23T19:06:18","date_gmt":"2023-06-23T17:06:18","guid":{"rendered":"https:\/\/quecartucho.es\/blog\/?page_id=19575"},"modified":"2023-06-23T19:26:14","modified_gmt":"2023-06-23T17:26:14","slug":"como-cambiar-un-cartucho-de-tinta-canon","status":"publish","type":"page","link":"https:\/\/quecartucho.es\/blog\/como-cambiar-un-cartucho-de-tinta-canon\/","title":{"rendered":"C\u00f3mo cambiar un cartucho de tinta Canon"},"content":{"rendered":"\n<p>Las impresoras necesitan contar con unos recambios para asegurar una buena impresi\u00f3n. Tarde o temprano, el <strong><a href=\"https:\/\/quecartucho.es\/\">cartucho de tinta<\/a><\/strong> se acabar\u00e1 y tendremos que proceder con la sustituci\u00f3n.<\/p>\n\n\n\n<p>El proceso de <strong>cambiar un cartucho de tinta Canon<\/strong> es bastante sencillo, y es que no hace falta m\u00e1s que seguir unos simples pasos que indicar\u00e1 el fabricante a trav\u00e9s del manual de instrucciones. Sin embargo, el proceso se puede complicar m\u00e1s o menos dependiendo de cada modelo de impresora.<\/p>\n\n\n\n<p>Por esta raz\u00f3n, te hemos preparado un art\u00edculo en el que vamos a indicar los pasos a seguir:<\/p>\n\n\n\n<h2 class=\"wp-block-heading\"><strong>Proceso para cambiar un cartucho de Tinta Canon: Paso a paso<\/strong><\/h2>\n\n\n\n<div class=\"wp-block-columns is-layout-flex wp-container-core-columns-is-layout-9d6595d7 wp-block-columns-is-layout-flex\">\n<div class=\"wp-block-column is-layout-flow wp-block-column-is-layout-flow\">\n<p>Lo primero que debes hacer es asegurarte de <strong>no abrir los nuevos cartuchos hasta que se vayan a usar<\/strong>. La raz\u00f3n de ello es que est\u00e1n cerrados herm\u00e9ticamente para evitar que se puedan secar. Adem\u00e1s, no quites los cartuchos gastados hasta a\u00f1adir los nuevos, ya que as\u00ed evitas que se puedan resecar los inyectores.<\/p>\n\n\n\n<p>Tambi\u00e9n deber\u00edas tener en cuenta que <strong>te puedes manchar<\/strong>, por lo que deber\u00edas tener unos guantes puestos y un trapo a mano por si acaso.<\/p>\n\n\n\n<p>Vamos a seguir los <strong>pasos para cambiar un cartucho de tinta en una impresora Canon<\/strong>. Este proceso es gen\u00e9rico y com\u00fan para la mayor\u00eda de los modelos\u2026 pero si tienes una impresora m\u00e1s espec\u00edfica, tendr\u00e1s que seguir el manual o preguntarnos aqu\u00ed en comentarios.<\/p>\n<\/div>\n\n\n\n<div class=\"wp-block-column is-layout-flow wp-block-column-is-layout-flow\">\n<figure class=\"wp-block-image size-full\"><img loading=\"lazy\" decoding=\"async\" width=\"600\" height=\"355\" src=\"https:\/\/quecartucho.es\/blog\/wp-content\/uploads\/2023\/06\/Proceso-para-cambiar-un-cartucho-de-Tinta-Canon-Paso-a-paso.webp\" alt=\"Proceso para cambiar un cartucho de Tinta Canon: Paso a paso\" class=\"wp-image-19592\" title=\"\" srcset=\"https:\/\/quecartucho.es\/blog\/wp-content\/uploads\/2023\/06\/Proceso-para-cambiar-un-cartucho-de-Tinta-Canon-Paso-a-paso.webp 600w, https:\/\/quecartucho.es\/blog\/wp-content\/uploads\/2023\/06\/Proceso-para-cambiar-un-cartucho-de-Tinta-Canon-Paso-a-paso-300x178.webp 300w\" sizes=\"auto, (max-width: 600px) 100vw, 600px\" \/><\/figure>\n<\/div>\n<\/div>\n\n\n\n<p><\/p>\n\n\n\n<p>1) &nbsp; &nbsp; A diferencia de otros procesos, el cambio de cartucho debe procesarse con la <strong>impresora encendida<\/strong>, as\u00ed que aseg\u00farate de que existe conexi\u00f3n el\u00e9ctrica (no ser\u00e1 necesario que est\u00e9 conectada a un equipo inform\u00e1tico).<\/p>\n\n\n\n<p>2) &nbsp; &nbsp; <strong>Recoge la bandeja de salida de papel<\/strong>; esto no es necesario para muchas impresoras, pero lo vamos a hacer por si acaso.<\/p>\n\n\n\n<p>3) &nbsp; &nbsp; <strong>Abre la tapa<\/strong>. No nos referimos a la tapa del esc\u00e1ner (si se trata de una impresora multifuncional), sino aquella que cubre los cartuchos. En el manual de instrucciones se indicar\u00e1 con m\u00e1s detalle c\u00f3mo abrirla, por si no lo has hecho nunca.<\/p>\n\n\n\n<p>4) &nbsp; &nbsp; La propia impresora adoptar\u00e1 una posici\u00f3n para facilitar el cambio de <a href=\"https:\/\/quecartucho.es\/8-canon\"><strong>cartucho Canon<\/strong><\/a>. En este proceso no tienes que hacer nada m\u00e1s que asegurarte de que no hay nada que impida el desplazamiento del mecanismo. Tampoco debes tocar ninguna pieza m\u00e1s de las que te indicamos a lo largo del tutorial<\/p>\n\n\n\n<p>5) &nbsp; &nbsp; Aprieta el cartucho a extraer hasta escuchar un clic (Sin forzar). La posici\u00f3n que adoptar\u00e1 debe ser inclinada para despu\u00e9s sacarlo tirando del mismo.<\/p>\n\n\n\n<p>6) &nbsp; &nbsp; Ahora <strong>vamos a preparar el nuevo cartucho<\/strong>. Simplemente extr\u00e1elo del paquete y retira la cinta protectora; as\u00ed estar\u00e1 listo para poder volcar la tinta cuando empiece a imprimir. Si no se retira la cinta, la tinta quedar\u00e1 bloqueada.<\/p>\n\n\n\n<p>7) &nbsp; &nbsp; Inserta el nuevo cartucho de forma inclinada hasta que escuches un clic. El proceso se debe hacer de una forma casi autom\u00e1tica e intuitiva, por lo que no debes forzarlo. Lo m\u00e1s habitual es que el cartucho de color se coloque a la izquierda y el de color negro a la derecha. Puedes usar tanto el cartucho original como <a href=\"https:\/\/quecartucho.es\/4291-cartuchos-de-tinta-canon-compatibles\"><strong>cartuchos de tinta compatibles Canon<\/strong><\/a>, si son de calidad los dos funcionar\u00e1n igual de bien.<\/p>\n\n\n\n<p>8) &nbsp; &nbsp; Cuando ya lo tengas todo listo, es el momento de cerrar la tapa y la impresora se encargar\u00e1 de procesar el nuevo cartucho.<\/p>\n\n\n\n<p>9) &nbsp; &nbsp; No podr\u00e1 hacer una impresi\u00f3n hasta que hagas una <strong><a href=\"https:\/\/quecartucho.es\/blog\/que-es-un-cabezal-de-impresion\/que-es-la-alineacion-de-cabezales\/\">alineaci\u00f3n del cabezal<\/a> y una <a href=\"https:\/\/quecartucho.es\/blog\/prueba-de-la-impresora-imprimir-pagina-de-prueba\/\">impresi\u00f3n de prueba<\/a><\/strong>. Sigue el proceso que te indique tu impresora Canon y el nuevo cartucho quedar\u00e1 instalado.<\/p>\n\n\n\n<p><strong>Importante: <\/strong>algunos modelos y marcas de impresoras exigir\u00e1n la <strong>activaci\u00f3n del cartucho<\/strong> antes de imprimir. Esto se puede hacer a trav\u00e9s de la web o de la aplicaci\u00f3n correspondiente, mediante tu cuenta de usuario. Es un proceso engorroso, pero nada complicado.<\/p>\n\n\n\n<div class=\"wp-block-columns is-layout-flex wp-container-core-columns-is-layout-9d6595d7 wp-block-columns-is-layout-flex\">\n<div class=\"wp-block-column is-layout-flow wp-block-column-is-layout-flow\">\n<figure class=\"wp-block-gallery has-nested-images columns-4 is-cropped wp-block-gallery-2 is-layout-flex wp-block-gallery-is-layout-flex\">\n<figure class=\"wp-block-image size-large\"><img loading=\"lazy\" decoding=\"async\" width=\"618\" height=\"298\" data-id=\"19576\" src=\"https:\/\/quecartucho.es\/blog\/wp-content\/uploads\/2023\/06\/cambiar-un-cartucho-de-tinta-Canon-abrir-tapa.jpg\" alt=\"cambiar un cartucho de tinta Canon - abrir tapa\" class=\"wp-image-19576\" title=\"\" srcset=\"https:\/\/quecartucho.es\/blog\/wp-content\/uploads\/2023\/06\/cambiar-un-cartucho-de-tinta-Canon-abrir-tapa.jpg 618w, https:\/\/quecartucho.es\/blog\/wp-content\/uploads\/2023\/06\/cambiar-un-cartucho-de-tinta-Canon-abrir-tapa-300x145.jpg 300w\" sizes=\"auto, (max-width: 618px) 100vw, 618px\" \/><\/figure>\n\n\n\n<figure class=\"wp-block-image size-large\"><img loading=\"lazy\" decoding=\"async\" width=\"618\" height=\"298\" data-id=\"19577\" src=\"https:\/\/quecartucho.es\/blog\/wp-content\/uploads\/2023\/06\/cambiar-un-cartucho-de-tinta-Canon-presionar-cartucho.jpg\" alt=\"cambiar un cartucho de tinta Canon - presionar cartucho\" class=\"wp-image-19577\" title=\"\" srcset=\"https:\/\/quecartucho.es\/blog\/wp-content\/uploads\/2023\/06\/cambiar-un-cartucho-de-tinta-Canon-presionar-cartucho.jpg 618w, https:\/\/quecartucho.es\/blog\/wp-content\/uploads\/2023\/06\/cambiar-un-cartucho-de-tinta-Canon-presionar-cartucho-300x145.jpg 300w\" sizes=\"auto, (max-width: 618px) 100vw, 618px\" \/><\/figure>\n\n\n\n<figure class=\"wp-block-image size-large\"><img loading=\"lazy\" decoding=\"async\" width=\"309\" height=\"241\" data-id=\"19578\" src=\"https:\/\/quecartucho.es\/blog\/wp-content\/uploads\/2023\/06\/cambiar-un-cartucho-de-tinta-Canon-sacar-tinta.jpg\" alt=\"cambiar un cartucho de tinta Canon - sacar tinta\" class=\"wp-image-19578\" title=\"\" srcset=\"https:\/\/quecartucho.es\/blog\/wp-content\/uploads\/2023\/06\/cambiar-un-cartucho-de-tinta-Canon-sacar-tinta.jpg 309w, https:\/\/quecartucho.es\/blog\/wp-content\/uploads\/2023\/06\/cambiar-un-cartucho-de-tinta-Canon-sacar-tinta-300x234.jpg 300w\" sizes=\"auto, (max-width: 309px) 100vw, 309px\" \/><\/figure>\n\n\n\n<figure class=\"wp-block-image size-large\"><img loading=\"lazy\" decoding=\"async\" width=\"513\" height=\"366\" data-id=\"19579\" src=\"https:\/\/quecartucho.es\/blog\/wp-content\/uploads\/2023\/06\/cambiar-un-cartucho-de-tinta-Canon-poner-tinta.jpg\" alt=\"cambiar un cartucho de tinta Canon - poner tinta\" class=\"wp-image-19579\" title=\"\" srcset=\"https:\/\/quecartucho.es\/blog\/wp-content\/uploads\/2023\/06\/cambiar-un-cartucho-de-tinta-Canon-poner-tinta.jpg 513w, https:\/\/quecartucho.es\/blog\/wp-content\/uploads\/2023\/06\/cambiar-un-cartucho-de-tinta-Canon-poner-tinta-300x214.jpg 300w\" sizes=\"auto, (max-width: 513px) 100vw, 513px\" \/><\/figure>\n<\/figure>\n<\/div>\n<\/div>\n\n\n\n<h2 class=\"wp-block-heading\"><strong>Algunas consideraciones para cambiar un cartucho de tinta Canon<\/strong><\/h2>\n\n\n\n<ul class=\"wp-block-list\">\n<li>&nbsp; &nbsp; &nbsp; <strong>Manipulaci\u00f3n: <\/strong>el cartucho debe manipularse con mucho cuidado, ya que la tinta podr\u00eda derramarse.<\/li>\n\n\n\n<li>&nbsp; &nbsp; &nbsp; <strong>Protecci\u00f3n del cartucho:<\/strong> una vez se ha retirado la protecci\u00f3n que hace que el cartucho permanezca de forma herm\u00e9tica, es el momento de retirarla. Ya no servir\u00e1 para nada.<\/li>\n\n\n\n<li>&nbsp; &nbsp; &nbsp; <strong>Cuidado con la manipulaci\u00f3n de otros componentes: <\/strong>no manipules nada m\u00e1s all\u00e1 de lo que hemos indicado en el art\u00edculo. Olv\u00eddate de tocar los inyectores o los contactos el\u00e9ctricos, ya que podr\u00edan causar un mal funcionamiento en la impresi\u00f3n.<\/li>\n<\/ul>\n\n\n\n<h2 class=\"wp-block-heading\"><strong>Como cambiar tinta impresora Canon Pixma<\/strong><\/h2>\n\n\n<div class=\"wp-block-image\">\n<figure class=\"aligncenter size-large\"><img loading=\"lazy\" decoding=\"async\" width=\"1024\" height=\"576\" src=\"https:\/\/quecartucho.es\/blog\/wp-content\/uploads\/2021\/03\/cambiar-cartuchos-Canon-Pixma-TS5150-1024x576.jpg\" alt=\"cambiar cartuchos Canon Pixma TS5150\" class=\"wp-image-10650\" title=\"\" srcset=\"https:\/\/quecartucho.es\/blog\/wp-content\/uploads\/2021\/03\/cambiar-cartuchos-Canon-Pixma-TS5150-1024x576.jpg 1024w, https:\/\/quecartucho.es\/blog\/wp-content\/uploads\/2021\/03\/cambiar-cartuchos-Canon-Pixma-TS5150-300x169.jpg 300w, https:\/\/quecartucho.es\/blog\/wp-content\/uploads\/2021\/03\/cambiar-cartuchos-Canon-Pixma-TS5150-768x432.jpg 768w, https:\/\/quecartucho.es\/blog\/wp-content\/uploads\/2021\/03\/cambiar-cartuchos-Canon-Pixma-TS5150-150x84.jpg 150w, https:\/\/quecartucho.es\/blog\/wp-content\/uploads\/2021\/03\/cambiar-cartuchos-Canon-Pixma-TS5150.jpg 1280w\" sizes=\"auto, (max-width: 1024px) 100vw, 1024px\" \/><figcaption class=\"wp-element-caption\">Cambiar cartuchos Canon Pixma TS5150<\/figcaption><\/figure>\n<\/div>\n\n\n<p>La <strong>Canon Pixma<\/strong> es una de las impresoras m\u00e1s representativas de la compa\u00f1\u00eda. Hacer el cambio de cartuchos en este modelo no es precisamente complicado.<\/p>\n\n\n\n<p>En cu\u00e1nto lo hayas hecho una vez, ver\u00e1s que no tienes ning\u00fan problema.<\/p>\n\n\n\n<p>Estos son los <strong><a href=\"https:\/\/quecartucho.es\/404-canon-pixma\">pasos que te explican c\u00f3mo cambiar un cartucho de tinta Canon<\/a><\/strong>. En unos minutos tendr\u00e1s cambiado el perif\u00e9rico y podr\u00e1s seguir imprimiendo como hasta ahora.<\/p>\n\n\n\n<p>El \u00fanico paso algo enrevesado podr\u00eda ser la <strong>apertura del carro de cartuchos<\/strong>; es decir, la apertura de la tapa. Es recomendable ver una imagen de c\u00f3mo se hace a trav\u00e9s del manual de instrucciones para evitar cometer el cl\u00e1sico error de estar abriendo la tapa del esc\u00e1ner.<\/p>\n\n\n\n<div class=\"wp-block-columns is-layout-flex wp-container-core-columns-is-layout-9d6595d7 wp-block-columns-is-layout-flex\">\n<div class=\"wp-block-column is-layout-flow wp-block-column-is-layout-flow\">\n<figure class=\"wp-block-embed is-type-video is-provider-youtube wp-block-embed-youtube wp-embed-aspect-16-9 wp-has-aspect-ratio\"><div class=\"wp-block-embed__wrapper\">\n<div class=\"nv-iframe-embed\"><iframe loading=\"lazy\" title=\"C\u00f3mo cambiar cartucho de tinta en Impresora Canon (Canon MG 3029)\" width=\"1200\" height=\"675\" src=\"https:\/\/www.youtube.com\/embed\/RB-_25s9eVI?feature=oembed\" frameborder=\"0\" allow=\"accelerometer; autoplay; clipboard-write; encrypted-media; gyroscope; picture-in-picture; web-share\" allowfullscreen><\/iframe><\/div>\n<\/div><\/figure>\n<\/div>\n\n\n\n<div class=\"wp-block-column is-layout-flow wp-block-column-is-layout-flow\">\n<figure class=\"wp-block-embed is-type-video is-provider-youtube wp-block-embed-youtube wp-embed-aspect-16-9 wp-has-aspect-ratio\"><div class=\"wp-block-embed__wrapper\">\n<div class=\"nv-iframe-embed\"><iframe loading=\"lazy\" title=\"Sustituir un cartucho Canon Pixma MG 2522\" width=\"1200\" height=\"675\" src=\"https:\/\/www.youtube.com\/embed\/Yzi-tDFh24E?feature=oembed\" frameborder=\"0\" allow=\"accelerometer; autoplay; clipboard-write; encrypted-media; gyroscope; picture-in-picture; web-share\" allowfullscreen><\/iframe><\/div>\n<\/div><\/figure>\n<\/div>\n\n\n\n<div class=\"wp-block-column is-layout-flow wp-block-column-is-layout-flow\">\n<figure class=\"wp-block-embed is-type-video is-provider-youtube wp-block-embed-youtube wp-embed-aspect-16-9 wp-has-aspect-ratio\"><div class=\"wp-block-embed__wrapper\">\n<div class=\"nv-iframe-embed\"><iframe loading=\"lazy\" title=\"Cambiar cartuchos PG40 y CL41 de una Canon IP2600\" width=\"1200\" height=\"675\" src=\"https:\/\/www.youtube.com\/embed\/XjfCgL-KAqU?feature=oembed\" frameborder=\"0\" allow=\"accelerometer; autoplay; clipboard-write; encrypted-media; gyroscope; picture-in-picture; web-share\" allowfullscreen><\/iframe><\/div>\n<\/div><\/figure>\n<\/div>\n<\/div>\n","protected":false},"excerpt":{"rendered":"<p>Las impresoras necesitan contar con unos recambios para asegurar una buena impresi\u00f3n. Tarde o temprano, el cartucho de tinta se acabar\u00e1 y tendremos que proceder con la sustituci\u00f3n. El proceso de cambiar un cartucho de tinta Canon es bastante sencillo, y es que no hace falta m\u00e1s que seguir unos simples pasos que indicar\u00e1 el&hellip;&nbsp;<a href=\"https:\/\/quecartucho.es\/blog\/como-cambiar-un-cartucho-de-tinta-canon\/\" rel=\"bookmark\">Leer m\u00e1s &raquo;<span class=\"screen-reader-text\">C\u00f3mo cambiar un cartucho de tinta Canon<\/span><\/a><\/p>\n","protected":false},"author":1,"featured_media":19601,"parent":0,"menu_order":0,"comment_status":"open","ping_status":"closed","template":"","meta":{"neve_meta_sidebar":"","neve_meta_container":"","neve_meta_enable_content_width":"","neve_meta_content_width":0,"neve_meta_title_alignment":"","neve_meta_author_avatar":"","neve_post_elements_order":"","neve_meta_disable_header":"","neve_meta_disable_footer":"","neve_meta_disable_title":"","episode_type":"","audio_file":"","podmotor_file_id":"","podmotor_episode_id":"","cover_image":"","cover_image_id":"","duration":"","filesize":"","filesize_raw":"","date_recorded":"","explicit":"","block":"","footnotes":""},"class_list":["post-19575","page","type-page","status-publish","has-post-thumbnail","hentry"],"_links":{"self":[{"href":"https:\/\/quecartucho.es\/blog\/wp-json\/wp\/v2\/pages\/19575","targetHints":{"allow":["GET"]}}],"collection":[{"href":"https:\/\/quecartucho.es\/blog\/wp-json\/wp\/v2\/pages"}],"about":[{"href":"https:\/\/quecartucho.es\/blog\/wp-json\/wp\/v2\/types\/page"}],"author":[{"embeddable":true,"href":"https:\/\/quecartucho.es\/blog\/wp-json\/wp\/v2\/users\/1"}],"replies":[{"embeddable":true,"href":"https:\/\/quecartucho.es\/blog\/wp-json\/wp\/v2\/comments?post=19575"}],"version-history":[{"count":4,"href":"https:\/\/quecartucho.es\/blog\/wp-json\/wp\/v2\/pages\/19575\/revisions"}],"predecessor-version":[{"id":19602,"href":"https:\/\/quecartucho.es\/blog\/wp-json\/wp\/v2\/pages\/19575\/revisions\/19602"}],"wp:featuredmedia":[{"embeddable":true,"href":"https:\/\/quecartucho.es\/blog\/wp-json\/wp\/v2\/media\/19601"}],"wp:attachment":[{"href":"https:\/\/quecartucho.es\/blog\/wp-json\/wp\/v2\/media?parent=19575"}],"curies":[{"name":"wp","href":"https:\/\/api.w.org\/{rel}","templated":true}]}}