{"id":19581,"date":"2023-06-23T19:06:31","date_gmt":"2023-06-23T17:06:31","guid":{"rendered":"https:\/\/quecartucho.es\/blog\/?page_id=19581"},"modified":"2023-08-07T11:36:26","modified_gmt":"2023-08-07T09:36:26","slug":"como-poner-un-cartucho-de-tinta-en-la-impresora","status":"publish","type":"page","link":"https:\/\/quecartucho.es\/blog\/como-poner-un-cartucho-de-tinta-en-la-impresora\/","title":{"rendered":"C\u00f3mo poner un cartucho de tinta en la impresora"},"content":{"rendered":"\n<p>Aqu\u00ed tienes los pasos generales para poner un cartucho de tinta en una impresora. Ten en cuenta que los pasos exactos pueden variar dependiendo del modelo de impresora, por lo que siempre es recomendable consultar el manual del usuario proporcionado por el fabricante:<\/p>\n\n\n\n<div class=\"wp-block-columns is-layout-flex wp-container-core-columns-is-layout-9d6595d7 wp-block-columns-is-layout-flex\">\n<div class=\"wp-block-column is-layout-flow wp-block-column-is-layout-flow\">\n<ol class=\"wp-block-list\">\n<li>Enciende la impresora y abre la cubierta o el compartimento donde se encuentran los cartuchos de tinta. Por lo general, encontrar\u00e1s esta cubierta en la parte frontal o superior de la impresora.<\/li>\n\n\n\n<li>Aseg\u00farate de tener a mano el cartucho de tinta nuevo que deseas instalar. Retira el cartucho de tinta vac\u00edo o anterior si a\u00fan est\u00e1 presente.<\/li>\n\n\n\n<li>Antes de abrir el paquete del cartucho de tinta nuevo, verifica que sea el cartucho correcto y compatible con tu modelo de impresora. Adem\u00e1s, agita suavemente el cartucho antes de abrirlo para distribuir uniformemente la tinta en su interior.<\/li>\n\n\n\n<li>Retira con cuidado el embalaje del cartucho de tinta nuevo. Algunos cartuchos pueden tener una cinta o una etiqueta de protecci\u00f3n que debes retirar antes de instalarlo. Aseg\u00farate de seguir las instrucciones proporcionadas con el cartucho.<\/li>\n\n\n\n<li>Observa el cartucho de tinta y busca la parte correspondiente al cabezal de impresi\u00f3n. Es posible que haya una etiqueta o una pesta\u00f1a protectora que debas quitar antes de instalar el cartucho.<\/li>\n\n\n\n<li>Sujeta el cartucho de tinta por los lados, evitando tocar los contactos de metal o los inyectores de tinta. Estos son sensibles y deben mantenerse limpios.<\/li>\n\n\n\n<li>Desliza suavemente el cartucho de tinta en el compartimento correspondiente de la impresora. Aseg\u00farate de que encaje correctamente en su lugar y que el cartucho est\u00e9 orientado en la direcci\u00f3n correcta.<\/li>\n\n\n\n<li>Cierra la cubierta de la impresora y espera unos segundos para que la impresora reconozca el nuevo cartucho de tinta. Es posible que la impresora realice autom\u00e1ticamente un proceso de alineaci\u00f3n o limpieza de los cabezales de impresi\u00f3n.<\/li>\n<\/ol>\n<\/div>\n\n\n\n<div class=\"wp-block-column is-layout-flow wp-block-column-is-layout-flow\">\n<figure class=\"wp-block-image size-full\"><img loading=\"lazy\" decoding=\"async\" width=\"833\" height=\"555\" src=\"https:\/\/quecartucho.es\/blog\/wp-content\/uploads\/2023\/06\/Como-poner-un-cartucho-de-tinta-tricolor.jpg\" alt=\"C\u00f3mo poner un cartucho de tinta tricolor\" class=\"wp-image-19605\" title=\"\" srcset=\"https:\/\/quecartucho.es\/blog\/wp-content\/uploads\/2023\/06\/Como-poner-un-cartucho-de-tinta-tricolor.jpg 833w, https:\/\/quecartucho.es\/blog\/wp-content\/uploads\/2023\/06\/Como-poner-un-cartucho-de-tinta-tricolor-300x200.jpg 300w, https:\/\/quecartucho.es\/blog\/wp-content\/uploads\/2023\/06\/Como-poner-un-cartucho-de-tinta-tricolor-768x512.jpg 768w\" sizes=\"auto, (max-width: 833px) 100vw, 833px\" \/><\/figure>\n\n\n\n<figure class=\"wp-block-image size-large\"><img loading=\"lazy\" decoding=\"async\" width=\"1024\" height=\"683\" src=\"https:\/\/quecartucho.es\/blog\/wp-content\/uploads\/2023\/06\/Como-poner-un-cartucho-de-tinta-de-cada-color-1-1024x683.jpeg\" alt=\"\" class=\"wp-image-19608\" title=\"\" srcset=\"https:\/\/quecartucho.es\/blog\/wp-content\/uploads\/2023\/06\/Como-poner-un-cartucho-de-tinta-de-cada-color-1-1024x683.jpeg 1024w, https:\/\/quecartucho.es\/blog\/wp-content\/uploads\/2023\/06\/Como-poner-un-cartucho-de-tinta-de-cada-color-1-300x200.jpeg 300w, https:\/\/quecartucho.es\/blog\/wp-content\/uploads\/2023\/06\/Como-poner-un-cartucho-de-tinta-de-cada-color-1-768x512.jpeg 768w, https:\/\/quecartucho.es\/blog\/wp-content\/uploads\/2023\/06\/Como-poner-un-cartucho-de-tinta-de-cada-color-1-930x620.jpeg 930w, https:\/\/quecartucho.es\/blog\/wp-content\/uploads\/2023\/06\/Como-poner-un-cartucho-de-tinta-de-cada-color-1.jpeg 1200w\" sizes=\"auto, (max-width: 1024px) 100vw, 1024px\" \/><\/figure>\n<\/div>\n<\/div>\n\n\n\n<p><\/p>\n\n\n\n<p>Una vez completados estos pasos, el cartucho de tinta estar\u00e1 instalado en tu impresora. Puedes <a href=\"https:\/\/quecartucho.es\/blog\/prueba-de-la-impresora-imprimir-pagina-de-prueba\/\">imprimir una p\u00e1gina de prueba<\/a> para verificar que la instalaci\u00f3n se haya realizado correctamente y que la tinta est\u00e9 funcionando correctamente.<\/p>\n\n\n\n<h2 class=\"wp-block-heading\">Gu\u00eda para instalar correctamente cartuchos de tinta compatible en tu impresora<\/h2>\n\n\n\n<p>Si deseas obtener informaci\u00f3n m\u00e1s detallada mira estos art\u00edculos, en ellos incluimos videos y fotos explicativas sobre c\u00f3mo poner un cartucho de tinta en una impresora de una marca espec\u00edfica, te recomiendo que consultes los siguientes recursos:<\/p>\n\n\n\n<div class=\"wp-block-columns is-layout-flex wp-container-core-columns-is-layout-9d6595d7 wp-block-columns-is-layout-flex\">\n<div class=\"wp-block-column is-layout-flow wp-block-column-is-layout-flow\">\n<figure class=\"wp-block-embed is-type-wp-embed is-provider-quecartucho-tu-especialista-en-impresoras wp-block-embed-quecartucho-tu-especialista-en-impresoras\"><div class=\"wp-block-embed__wrapper\">\n<blockquote class=\"wp-embedded-content\" data-secret=\"TjosSSASnl\"><a href=\"https:\/\/quecartucho.es\/blog\/como-cambiar-un-cartucho-de-tinta-hp\/\">Como cambiar un cartucho de tinta HP<\/a><\/blockquote><iframe loading=\"lazy\" class=\"wp-embedded-content\" sandbox=\"allow-scripts\" security=\"restricted\" style=\"position: absolute; clip: rect(1px, 1px, 1px, 1px);\" title=\"\u00abComo cambiar un cartucho de tinta HP\u00bb \u2014 QueCartucho: Tu especialista en Impresoras\" src=\"https:\/\/quecartucho.es\/blog\/como-cambiar-un-cartucho-de-tinta-hp\/embed\/#?secret=MyEOtci5gU#?secret=TjosSSASnl\" data-secret=\"TjosSSASnl\" width=\"600\" height=\"338\" frameborder=\"0\" marginwidth=\"0\" marginheight=\"0\" scrolling=\"no\"><\/iframe>\n<\/div><\/figure>\n<\/div>\n\n\n\n<div class=\"wp-block-column is-layout-flow wp-block-column-is-layout-flow\">\n<figure class=\"wp-block-embed is-type-wp-embed is-provider-quecartucho-tu-especialista-en-impresoras wp-block-embed-quecartucho-tu-especialista-en-impresoras\"><div class=\"wp-block-embed__wrapper\">\n<blockquote class=\"wp-embedded-content\" data-secret=\"9YcpcjrZYr\"><a href=\"https:\/\/quecartucho.es\/blog\/impresoras-epson-cambiar-los-cartuchos-impresoras\/\">\u00bfC\u00f3mo cambiar los cartuchos en sus impresoras Epson?<\/a><\/blockquote><iframe loading=\"lazy\" class=\"wp-embedded-content\" sandbox=\"allow-scripts\" security=\"restricted\" style=\"position: absolute; clip: rect(1px, 1px, 1px, 1px);\" title=\"\u00ab\u00bfC\u00f3mo cambiar los cartuchos en sus impresoras Epson?\u00bb \u2014 QueCartucho: Tu especialista en Impresoras\" src=\"https:\/\/quecartucho.es\/blog\/impresoras-epson-cambiar-los-cartuchos-impresoras\/embed\/#?secret=t5qrOW9Uye#?secret=9YcpcjrZYr\" data-secret=\"9YcpcjrZYr\" width=\"600\" height=\"338\" frameborder=\"0\" marginwidth=\"0\" marginheight=\"0\" scrolling=\"no\"><\/iframe>\n<\/div><\/figure>\n<\/div>\n<\/div>\n\n\n\n<div class=\"wp-block-columns is-layout-flex wp-container-core-columns-is-layout-9d6595d7 wp-block-columns-is-layout-flex\">\n<div class=\"wp-block-column is-layout-flow wp-block-column-is-layout-flow\">\n<figure class=\"wp-block-embed is-type-wp-embed is-provider-quecartucho-tu-especialista-en-impresoras wp-block-embed-quecartucho-tu-especialista-en-impresoras\"><div class=\"wp-block-embed__wrapper\">\n<blockquote class=\"wp-embedded-content\" data-secret=\"0ahC8h8ipY\"><a href=\"https:\/\/quecartucho.es\/blog\/como-cambiar-un-cartucho-de-tinta-brother\/\">Como cambiar un cartucho de tinta Brother<\/a><\/blockquote><iframe loading=\"lazy\" class=\"wp-embedded-content\" sandbox=\"allow-scripts\" security=\"restricted\" style=\"position: absolute; clip: rect(1px, 1px, 1px, 1px);\" title=\"\u00abComo cambiar un cartucho de tinta Brother\u00bb \u2014 QueCartucho: Tu especialista en Impresoras\" src=\"https:\/\/quecartucho.es\/blog\/como-cambiar-un-cartucho-de-tinta-brother\/embed\/#?secret=fCF3pidLxE#?secret=0ahC8h8ipY\" data-secret=\"0ahC8h8ipY\" width=\"600\" height=\"338\" frameborder=\"0\" marginwidth=\"0\" marginheight=\"0\" scrolling=\"no\"><\/iframe>\n<\/div><\/figure>\n<\/div>\n\n\n\n<div class=\"wp-block-column is-layout-flow wp-block-column-is-layout-flow\">\n<figure class=\"wp-block-embed is-type-wp-embed is-provider-quecartucho-tu-especialista-en-impresoras wp-block-embed-quecartucho-tu-especialista-en-impresoras\"><div class=\"wp-block-embed__wrapper\">\n<blockquote class=\"wp-embedded-content\" data-secret=\"altDsRH0qd\"><a href=\"https:\/\/quecartucho.es\/blog\/como-cambiar-un-cartucho-de-tinta-canon\/\">C\u00f3mo cambiar un cartucho de tinta Canon<\/a><\/blockquote><iframe loading=\"lazy\" class=\"wp-embedded-content\" sandbox=\"allow-scripts\" security=\"restricted\" style=\"position: absolute; clip: rect(1px, 1px, 1px, 1px);\" title=\"\u00abC\u00f3mo cambiar un cartucho de tinta Canon\u00bb \u2014 QueCartucho: Tu especialista en Impresoras\" src=\"https:\/\/quecartucho.es\/blog\/como-cambiar-un-cartucho-de-tinta-canon\/embed\/#?secret=DDRCMltQ3U#?secret=altDsRH0qd\" data-secret=\"altDsRH0qd\" width=\"600\" height=\"338\" frameborder=\"0\" marginwidth=\"0\" marginheight=\"0\" scrolling=\"no\"><\/iframe>\n<\/div><\/figure>\n<\/div>\n<\/div>\n\n\n<div id=\"rank-math-howto\" class=\"rank-math-block\">\n<div class=\"rank-math-howto-description\">\n\n<p>C\u00f3mo poner un cartucho de tinta en la impresora<\/p>\n\n<\/div>\n<p class=\"rank-math-howto-duration\"><strong>Tiempo total:<\/strong> <span>5 minutos<\/span><\/p>\n<div class=\"rank-math-steps \">\n<div id=\"howto-step-1691400499041\" class=\"rank-math-step\">\n<h3 class=\"rank-math-step-title \">Enciende la impresora<\/h3>\n<div class=\"rank-math-step-content \"><p>Antiguamente, la impresora se ten\u00eda que apagar, pero al no ser que tengas una impresora del siglo pasado el procedimiento es siempre encender.<\/p>\n<\/div>\n<\/div>\n<div id=\"howto-step-1691400534155\" class=\"rank-math-step\">\n<h3 class=\"rank-math-step-title \"><strong>Abre la cubierta:<\/strong><\/h3>\n<div class=\"rank-math-step-content \"><p>Retira el cartucho de tinta vac\u00edo o anterior si a\u00fan est\u00e1 presente.Localiza la cubierta o compartimiento de los cartuchos de tinta en tu impresora. Por lo general, esto se encuentra en la parte frontal o superior de la impresora. Abre la cubierta con cuidado seg\u00fan las instrucciones del fabricante.<\/p>\n<\/div>\n<\/div>\n<div id=\"howto-step-1691400547759\" class=\"rank-math-step\">\n<h3 class=\"rank-math-step-title \"><strong>Identifica los cartuchos:<\/strong><\/h3>\n<div class=\"rank-math-step-content \"><p>Observa los cartuchos de tinta vac\u00edos que est\u00e1n instalados en la impresora. Deber\u00edan estar etiquetados con el color correspondiente (negro, cian, magenta, amarillo, etc.).<\/p>\n<\/div>\n<\/div>\n<div id=\"howto-step-1691400564008\" class=\"rank-math-step\">\n<h3 class=\"rank-math-step-title \">Retira con cuidado el embalaje del cartucho de tinta nuevo.<strong>Retira el cartucho vac\u00edo:<\/strong><\/h3>\n<div class=\"rank-math-step-content \"><p>Con suavidad, presiona el cartucho que deseas reemplazar y lev\u00e1ntalo cuidadosamente hacia arriba y hacia afuera de su ranura. Si hay una pesta\u00f1a o palanca de liberaci\u00f3n en la impresora, \u00fasala para facilitar el retiro.<\/p>\n<\/div>\n<\/div>\n<div id=\"howto-step-1691400575692\" class=\"rank-math-step\">\n<h3 class=\"rank-math-step-title \"><strong>Desempaqueta el nuevo cartucho:<\/strong><\/h3>\n<div class=\"rank-math-step-content \"><p>Abre el empaque del cartucho nuevo con cuidado, evitando tocar el cabezal de impresi\u00f3n o los contactos el\u00e9ctricos. Algunos cartuchos pueden venir con cintas de protecci\u00f3n que deber\u00e1s retirar antes de instalarlos.<\/p>\n<\/div>\n<\/div>\n<div id=\"howto-step-1691400586709\" class=\"rank-math-step\">\n<h3 class=\"rank-math-step-title \"><strong>Inserta el nuevo cartucho:<\/strong><\/h3>\n<div class=\"rank-math-step-content \"><p>Alinea el cartucho nuevo con la ranura correspondiente en la impresora. Aseg\u00farate de que encaje correctamente y luego emp\u00fajalo hacia abajo hasta que encaje en su lugar con un clic.<\/p>\n<\/div>\n<\/div>\n<div id=\"howto-step-1691400856240\" class=\"rank-math-step\">\n<h3 class=\"rank-math-step-title \"><strong>Cierra la cubierta:<\/strong><\/h3>\n<div class=\"rank-math-step-content \"><p>Una vez que el cartucho est\u00e9 instalado correctamente, cierra la cubierta del compartimiento de cartuchos de tinta.<\/p>\n<\/div>\n<\/div>\n<div id=\"howto-step-1691400878520\" class=\"rank-math-step\">\n<h3 class=\"rank-math-step-title \"><strong>Realiza una prueba de impresi\u00f3n:<\/strong><\/h3>\n<div class=\"rank-math-step-content \"><p>Imprime una p\u00e1gina de prueba para verificar que el cartucho de tinta nuevo funcione correctamente. Esto te permitir\u00e1 asegurarte de que los colores sean correctos y que la impresi\u00f3n sea n\u00edtida.<\/p>\n<\/div>\n<\/div>\n<\/div>\n<\/div>\n\n\n<p>Recuerda que estos pasos son generales y pueden variar ligeramente seg\u00fan el modelo de impresora que tengas. Siempre es recomendable consultar el manual del usuario de tu impresora para obtener instrucciones espec\u00edficas y detalladas sobre c\u00f3mo reemplazar los cartuchos de tinta de manera segura y adecuada.<\/p>\n\n\n\n<p>Si no lo tienes y necesitas ayuda puedes consultarme en este mismo post<\/p>\n","protected":false},"excerpt":{"rendered":"<p>Aqu\u00ed tienes los pasos generales para poner un cartucho de tinta en una impresora. Ten en cuenta que los pasos exactos pueden variar dependiendo del modelo de impresora, por lo que siempre es recomendable consultar el manual del usuario proporcionado por el fabricante: Una vez completados estos pasos, el cartucho de tinta estar\u00e1 instalado en&hellip;&nbsp;<a href=\"https:\/\/quecartucho.es\/blog\/como-poner-un-cartucho-de-tinta-en-la-impresora\/\" rel=\"bookmark\">Leer m\u00e1s &raquo;<span class=\"screen-reader-text\">C\u00f3mo poner un cartucho de tinta en la impresora<\/span><\/a><\/p>\n","protected":false},"author":1,"featured_media":19604,"parent":0,"menu_order":0,"comment_status":"open","ping_status":"closed","template":"","meta":{"neve_meta_sidebar":"","neve_meta_container":"","neve_meta_enable_content_width":"","neve_meta_content_width":0,"neve_meta_title_alignment":"","neve_meta_author_avatar":"","neve_post_elements_order":"","neve_meta_disable_header":"","neve_meta_disable_footer":"","neve_meta_disable_title":"","episode_type":"","audio_file":"","podmotor_file_id":"","podmotor_episode_id":"","cover_image":"","cover_image_id":"","duration":"","filesize":"","filesize_raw":"","date_recorded":"","explicit":"","block":"","footnotes":""},"class_list":["post-19581","page","type-page","status-publish","has-post-thumbnail","hentry"],"_links":{"self":[{"href":"https:\/\/quecartucho.es\/blog\/wp-json\/wp\/v2\/pages\/19581","targetHints":{"allow":["GET"]}}],"collection":[{"href":"https:\/\/quecartucho.es\/blog\/wp-json\/wp\/v2\/pages"}],"about":[{"href":"https:\/\/quecartucho.es\/blog\/wp-json\/wp\/v2\/types\/page"}],"author":[{"embeddable":true,"href":"https:\/\/quecartucho.es\/blog\/wp-json\/wp\/v2\/users\/1"}],"replies":[{"embeddable":true,"href":"https:\/\/quecartucho.es\/blog\/wp-json\/wp\/v2\/comments?post=19581"}],"version-history":[{"count":9,"href":"https:\/\/quecartucho.es\/blog\/wp-json\/wp\/v2\/pages\/19581\/revisions"}],"predecessor-version":[{"id":20121,"href":"https:\/\/quecartucho.es\/blog\/wp-json\/wp\/v2\/pages\/19581\/revisions\/20121"}],"wp:featuredmedia":[{"embeddable":true,"href":"https:\/\/quecartucho.es\/blog\/wp-json\/wp\/v2\/media\/19604"}],"wp:attachment":[{"href":"https:\/\/quecartucho.es\/blog\/wp-json\/wp\/v2\/media?parent=19581"}],"curies":[{"name":"wp","href":"https:\/\/api.w.org\/{rel}","templated":true}]}}