{"id":19626,"date":"2023-06-28T12:23:04","date_gmt":"2023-06-28T10:23:04","guid":{"rendered":"https:\/\/quecartucho.es\/blog\/?page_id=19626"},"modified":"2023-06-28T12:28:54","modified_gmt":"2023-06-28T10:28:54","slug":"impresiones-de-terror-entre-luces-y-tintas-el-legado-de-orson-welles","status":"publish","type":"page","link":"https:\/\/quecartucho.es\/blog\/quehistoria\/impresiones-de-terror-entre-luces-y-tintas-el-legado-de-orson-welles\/","title":{"rendered":"Impresiones de terror entre luces y tintas: El legado de Orson Welles"},"content":{"rendered":"\n<p>\u00bfSabes qu\u00e9 pas\u00f3 el 30 de octubre de 1938? \ud83d\uddd3\ufe0f<\/p>\n\n\n\n<p>Se li\u00f3 una\u2026 \ud83e\udee3<\/p>\n\n\n\n<p>Vale, no nos mandan de \u201cSaber y Ganar\u201d para buscar nuevos concursantes que sepan la respuesta. La pregunta del asunto del email no va por ah\u00ed, no.&nbsp;<\/p>\n\n\n\n<p>Pero ya ver\u00e1s c\u00f3mo al final del email, todo tiene sentido.&nbsp;<\/p>\n\n\n\n<p>El 30 de octubre de 1938, el que ser\u00eda uno de los mejores directores de cine de la historia, Orson Welles, estaba narrando un episodio de su programa de radio <em>\u00abThe Mercury Theatre on the Air\u00bb. <\/em>\ud83d\udcfb<\/p>\n\n\n\n<p>(Porque claro, y esto va para los jovencitos de la sala, en esos a\u00f1os no hab\u00eda Netflix, y la gente se entreten\u00eda con series de radio).<\/p>\n\n\n\n<p>El t\u00edtulo del episodio: \u201cLa Guerra de los Mundos\u201d (\u00bfa que te suena?).<\/p>\n\n\n\n<p>Orson relat\u00f3 los hechos de forma que lo que era aparentemente un programa de variedades, se ve\u00eda interrumpido con noticias de reporteros narrando la ca\u00edda de meteoritos \ud83c\udf86 y la llegada de ovnis \ud83d\udef8 que ven\u00edan para invadir el mundo y arrasarlo con rayos de calor y gases venenosos. Un reportero incluso se mor\u00eda en directo.&nbsp;<\/p>\n\n\n\n<p>\ud83d\udc7d Los alien\u00edgenas eran descritos como unos seres de extra\u00f1o aspecto, con boca en forma de V y babeante, tent\u00e1culos que no paraban de moverse, respiraci\u00f3n dificultosa, movimientos lentos y ojos inmensos.<\/p>\n\n\n\n<p>\ud83d\ude33 (Qu\u00e9 bonito todo, \u00bfno?).<\/p>\n\n\n\n<p>La cuesti\u00f3n es que, aunque el bueno de Welles avis\u00f3 al principio del programa de que iba a narrar una ficci\u00f3n, quienes lo sintonizaron m\u00e1s tarde entraron en p\u00e1nico absoluto \ud83d\ude28 al creerse que los alien\u00edgenas hab\u00edan llegado de verdad a la Tierra y les iban a dar \u201cpal pelo\u201d.&nbsp;<\/p>\n\n\n\n<p>La comisar\u00eda de polic\u00eda y las redacciones de noticias estaban bloqueadas por las llamadas de oyentes aterrorizados y desesperados que intentaban protegerse de los ficticios ataques gaseosos de los marcianitos.<\/p>\n\n\n\n<p>En otras palabras:<\/p>\n\n\n\n<p><strong>&nbsp;\ud83d\ude31 Se li\u00f3 parda.<\/strong><\/p>\n\n\n\n<h2 class=\"wp-block-heading\">\u00bfY qu\u00e9 tiene que ver todo esto con los <strong><a href=\"https:\/\/quecartucho.es\/\">cartuchos compatibles<\/a><\/strong>? \ud83e\udd37<\/h2>\n\n\n\n<p>Pues mira:<\/p>\n\n\n\n<p>Que entrar en histeria colectiva es muy f\u00e1cil.&nbsp;<\/p>\n\n\n\n<p>Y que hay muchas grandes marcas que hacen de Orson Welles \ud83d\udcfb y lanzan mensajes aterradores del estilo:<\/p>\n\n\n\n<ul class=\"wp-block-list\">\n<li>\u2620\ufe0f \u201cLos cartuchos compatibles se cargan la garant\u00eda de tu impresora\u201d<\/li>\n\n\n\n<li>\ud83d\udca3 \u201cEs m\u00e1s, se cargan hasta a tu propia impresora\u201d<\/li>\n\n\n\n<li>\u2623\ufe0f \u201cLo barato te va a salir caro\u201d<\/li>\n\n\n\n<li>\ud83d\udd2b \u201cTe van a salir unas impresiones m\u00e1s churreras que pintadas a rotulador por un ni\u00f1o de 2 a\u00f1os\u201d<\/li>\n\n\n\n<li>Y bla bla bla.<\/li>\n<\/ul>\n\n\n\n<h2 class=\"wp-block-heading\">\u00bfEl consejo de Quecartucho?&nbsp;<\/h2>\n\n\n\n<p>Que no te unas a las masas y pienses fuera de la caja \ud83d\udca1.&nbsp;<\/p>\n\n\n\n<p>Porque t\u00fa eres inteligente (si no, \u00bfde qu\u00e9 ibas a estar leyendo este art\u00edculo mol\u00f3n? \ud83d\ude0e).\u00a0<\/p>\n\n\n\n<p>Dale una oportunidad a nuestros <strong>cartuchos<\/strong> y <strong>toners compatibles<\/strong>.&nbsp;<\/p>\n\n\n\n<ul class=\"wp-block-list\">\n<li>\u2705 Calidad top.<\/li>\n\n\n\n<li>\u2705 Precios de broma.<\/li>\n\n\n\n<li>\u2705 Entrega tan r\u00e1pida que s\u00ed parece una ficci\u00f3n, pero es pura realidad.<\/li>\n\n\n\n<li>\u2705 Pago ultra seguro.<\/li>\n\n\n\n<li>\u2705 Garant\u00eda de (al loro eh) 5 a\u00f1azos.<\/li>\n\n\n\n<li>\u2705 Y devoluci\u00f3n gratis sin darnos explicaciones. \u00bfQue no te convencen? Pues no te convencen, tan amigos.&nbsp;<\/li>\n<\/ul>\n\n\n\n<p>S\u00e9 el ganador\/a en \u201cLa Guerra de los Cartuchos\u201d y disfruta de impresiones buenas, bonitas y muy baratitas.&nbsp;<\/p>\n\n\n\n<p>El equipo de Quecartucho \u201cWelles\u201d.<\/p>\n\n\n\n<p>\u00bfNecesitas imprimir con calidad? Solo haz click aqu\u00ed abajo.<\/p>\n\n\n\n<div class=\"wp-block-buttons is-horizontal is-content-justification-center is-layout-flex wp-container-core-buttons-is-layout-499968f5 wp-block-buttons-is-layout-flex\">\n<div class=\"wp-block-button has-custom-width wp-block-button__width-100 is-style-default\"><a class=\"wp-block-button__link has-background wp-element-button\" href=\"https:\/\/quecartucho.es\/\" style=\"border-radius:10px;background-color:#77ad26\"><strong><strong>QueCartucho<\/strong><\/strong>.es<\/a><\/div>\n<\/div>\n\n\n\n<p><strong><em>Manuel Garrido<\/em><\/strong><\/p>\n\n\n\n<figure class=\"wp-block-image size-full is-resized\"><img loading=\"lazy\" decoding=\"async\" src=\"https:\/\/quecartucho.es\/blog\/wp-content\/uploads\/2021\/11\/firma-manuel-garrido-1-300x206-2.webp\" alt=\"\" class=\"wp-image-14168\" width=\"225\" height=\"155\" title=\"\" srcset=\"https:\/\/quecartucho.es\/blog\/wp-content\/uploads\/2021\/11\/firma-manuel-garrido-1-300x206-2.webp 300w, https:\/\/quecartucho.es\/blog\/wp-content\/uploads\/2021\/11\/firma-manuel-garrido-1-300x206-2-150x103.webp 150w\" sizes=\"auto, (max-width: 225px) 100vw, 225px\" \/><\/figure>\n\n\n\n<p><em>P.D.: El incidente de \u201cLa Guerra de los Mundos\u201d sirvi\u00f3 para catapultar a lo m\u00e1s alto la carrera de Orson Welles\u2026 No hay mal que por bien no venga.&nbsp;<\/em><\/p>\n","protected":false},"excerpt":{"rendered":"<p>\u00bfSabes qu\u00e9 pas\u00f3 el 30 de octubre de 1938? \ud83d\uddd3\ufe0f Se li\u00f3 una\u2026 \ud83e\udee3 Vale, no nos mandan de \u201cSaber y Ganar\u201d para buscar nuevos concursantes que sepan la respuesta. La pregunta del asunto del email no va por ah\u00ed, no.&nbsp; Pero ya ver\u00e1s c\u00f3mo al final del email, todo tiene sentido.&nbsp; El 30 de&hellip;&nbsp;<a href=\"https:\/\/quecartucho.es\/blog\/quehistoria\/impresiones-de-terror-entre-luces-y-tintas-el-legado-de-orson-welles\/\" rel=\"bookmark\">Leer m\u00e1s &raquo;<span class=\"screen-reader-text\">Impresiones de terror entre luces y tintas: El legado de Orson Welles<\/span><\/a><\/p>\n","protected":false},"author":1,"featured_media":19631,"parent":13922,"menu_order":0,"comment_status":"open","ping_status":"closed","template":"","meta":{"neve_meta_sidebar":"","neve_meta_container":"","neve_meta_enable_content_width":"","neve_meta_content_width":0,"neve_meta_title_alignment":"","neve_meta_author_avatar":"","neve_post_elements_order":"","neve_meta_disable_header":"","neve_meta_disable_footer":"","neve_meta_disable_title":"","episode_type":"","audio_file":"","podmotor_file_id":"","podmotor_episode_id":"","cover_image":"","cover_image_id":"","duration":"","filesize":"","filesize_raw":"","date_recorded":"","explicit":"","block":"","footnotes":""},"class_list":["post-19626","page","type-page","status-publish","has-post-thumbnail","hentry"],"_links":{"self":[{"href":"https:\/\/quecartucho.es\/blog\/wp-json\/wp\/v2\/pages\/19626","targetHints":{"allow":["GET"]}}],"collection":[{"href":"https:\/\/quecartucho.es\/blog\/wp-json\/wp\/v2\/pages"}],"about":[{"href":"https:\/\/quecartucho.es\/blog\/wp-json\/wp\/v2\/types\/page"}],"author":[{"embeddable":true,"href":"https:\/\/quecartucho.es\/blog\/wp-json\/wp\/v2\/users\/1"}],"replies":[{"embeddable":true,"href":"https:\/\/quecartucho.es\/blog\/wp-json\/wp\/v2\/comments?post=19626"}],"version-history":[{"count":4,"href":"https:\/\/quecartucho.es\/blog\/wp-json\/wp\/v2\/pages\/19626\/revisions"}],"predecessor-version":[{"id":19632,"href":"https:\/\/quecartucho.es\/blog\/wp-json\/wp\/v2\/pages\/19626\/revisions\/19632"}],"up":[{"embeddable":true,"href":"https:\/\/quecartucho.es\/blog\/wp-json\/wp\/v2\/pages\/13922"}],"wp:featuredmedia":[{"embeddable":true,"href":"https:\/\/quecartucho.es\/blog\/wp-json\/wp\/v2\/media\/19631"}],"wp:attachment":[{"href":"https:\/\/quecartucho.es\/blog\/wp-json\/wp\/v2\/media?parent=19626"}],"curies":[{"name":"wp","href":"https:\/\/api.w.org\/{rel}","templated":true}]}}