{"id":19859,"date":"2023-07-25T11:16:31","date_gmt":"2023-07-25T09:16:31","guid":{"rendered":"https:\/\/quecartucho.es\/blog\/?page_id=19859"},"modified":"2023-07-25T11:18:43","modified_gmt":"2023-07-25T09:18:43","slug":"cartuchos-de-tinta-compatibles-garantia-de-calidad-y-satisfaccion","status":"publish","type":"page","link":"https:\/\/quecartucho.es\/blog\/cartuchos\/cartuchos-de-tinta-compatibles-garantia-de-calidad-y-satisfaccion\/","title":{"rendered":"Cartuchos de tinta compatibles: garant\u00eda de calidad y satisfacci\u00f3n"},"content":{"rendered":"\n<p>Los cartuchos de tinta compatibles son <a href=\"https:\/\/quecartucho.es\/\"><strong>cartuchos de impresora<\/strong><\/a> que son fabricados por terceros y no por el fabricante original de la impresora. Estos cartuchos suelen ser m\u00e1s econ\u00f3micos que los cartuchos originales y ofrecen una alternativa asequible para quienes buscan reducir costos de impresi\u00f3n. Sin embargo, cuando se trata de garant\u00eda de calidad y satisfacci\u00f3n, hay algunos aspectos a considerar:<\/p>\n\n\n\n<div class=\"wp-block-columns is-layout-flex wp-container-core-columns-is-layout-9d6595d7 wp-block-columns-is-layout-flex\">\n<div class=\"wp-block-column is-vertically-aligned-center is-layout-flow wp-block-column-is-layout-flow\">\n<h2 class=\"wp-block-heading\"><p> <\/p><strong>1. Calidad de impresi\u00f3n:<\/strong><\/h2>\n\n\n\n<p><p>Si est\u00e1s considerando usar cartuchos de tinta compatibles para ahorrar dinero en impresiones, ten en cuenta que su calidad de impresi\u00f3n puede ser similar a la de los cartuchos originales, pero esto puede variar seg\u00fan el fabricante y modelo de tu impresora. Algunos cartuchos compatibles podr\u00edan tener una calidad inferior en t\u00e9rminos de nitidez, colores precisos o durabilidad.<\/p><\/p>\n\n\n\n<p>Para asegurarte de obtener una buena calidad, te recomiendo comprar en un comercio especializado que verifique y pruebe cada lote de cartuchos compatibles. As\u00ed podr\u00e1s tener la tranquilidad de que est\u00e1s obteniendo un producto confiable y adecuado para tus necesidades de impresi\u00f3n.<\/p>\n<\/div>\n\n\n\n<div class=\"wp-block-column is-layout-flow wp-block-column-is-layout-flow\">\n<figure class=\"wp-block-image size-full\"><a href=\"https:\/\/quecartucho.es\/\"><img loading=\"lazy\" decoding=\"async\" width=\"1000\" height=\"1000\" src=\"https:\/\/quecartucho.es\/blog\/wp-content\/uploads\/2023\/07\/tinta-compatible.jpg\" alt=\"tinta compatible\" class=\"wp-image-19861\" title=\"\" srcset=\"https:\/\/quecartucho.es\/blog\/wp-content\/uploads\/2023\/07\/tinta-compatible.jpg 1000w, https:\/\/quecartucho.es\/blog\/wp-content\/uploads\/2023\/07\/tinta-compatible-300x300.jpg 300w, https:\/\/quecartucho.es\/blog\/wp-content\/uploads\/2023\/07\/tinta-compatible-150x150.jpg 150w, https:\/\/quecartucho.es\/blog\/wp-content\/uploads\/2023\/07\/tinta-compatible-768x768.jpg 768w, https:\/\/quecartucho.es\/blog\/wp-content\/uploads\/2023\/07\/tinta-compatible-120x120.jpg 120w\" sizes=\"auto, (max-width: 1000px) 100vw, 1000px\" \/><\/a><\/figure>\n<\/div>\n<\/div>\n\n\n\n<h2 class=\"wp-block-heading\"><strong>2. Compatibilidad:<\/strong><\/h2>\n\n\n\n<p> A pesar de llevar el nombre de \u00abcompatibles\u00bb, es fundamental tener en cuenta que no todos los cartuchos de terceros funcionar\u00e1n de manera adecuada en todas las impresoras. Cada impresora tiene sus propios cartuchos compatibles espec\u00edficos, y si intentas utilizar un modelo de cartucho destinado a otra impresora, es posible que no sea reconocido o que muestre mensajes de error. Antes de comprar un cartucho compatible, es imprescindible verificar cuidadosamente su compatibilidad con el modelo exacto de tu impresora. As\u00ed te asegurar\u00e1s de obtener un cartucho que realmente funcione a la perfecci\u00f3n y evites cualquier inconveniente a la hora de imprimir.<\/p>\n\n\n\n<p>Si no sabes cu\u00e1l es el modelo de tu cartucho no te preocupes en tiendas como Quecartucho.es estamos encantados de poder ayudarte <strong>Meri, Pili, Jaume, Toni, Manuel y Estela<\/strong> se encargan de buscarte la referencia de cartucho que necesitas, y encima est\u00e1n siempre de buen humor.<\/p>\n\n\n\n<p> \u00a1Hazlo bien desde el principio y obt\u00e9n el cartucho adecuado para tu impresora! <\/p>\n\n\n\n<h2 class=\"wp-block-heading\"><strong>3. Garant\u00eda y soporte: <\/strong><\/h2>\n\n\n\n<div class=\"wp-block-columns is-layout-flex wp-container-core-columns-is-layout-9d6595d7 wp-block-columns-is-layout-flex\">\n<div class=\"wp-block-column is-layout-flow wp-block-column-is-layout-flow\">\n<p><\/p>\n\n\n\n<p>Algunos fabricantes de impresoras suelen afirmar que no respaldan cartuchos de tinta compatibles y amenazan con invalidar la garant\u00eda de la impresora si se detecta que se est\u00e1n utilizando cartuchos de terceros.<\/p>\n\n\n\n<p> Sin embargo, en realidad, esta afirmaci\u00f3n puede ser enga\u00f1osa y no est\u00e1 permitida en Europa. Existen regulaciones espec\u00edficas que instan a los fabricantes a no emplear cl\u00e1usulas abusivas y a fomentar la libre competencia. Puedes encontrar m\u00e1s informaci\u00f3n sobre estas leyes y referencias en este enlace: [Enlace a la p\u00e1gina: <a href=\"https:\/\/quecartucho.es\/content\/15-garantia-tu-impresora-100-con-cartuchos-compatibles\">https:\/\/quecartucho.es\/content\/15-garantia-tu-impresora-100-con-cartuchos-compatibles<\/a>].<\/p>\n\n\n\n<p>Es fundamental adquirir productos de calidad y confiar en empresas que cumplan con la ley y ofrezcan garant\u00edas. En Quecartucho.es estamos tan seguros de la calidad de nuestros productos que ofrecemos una garant\u00eda GRATUITA de 5 a\u00f1os, sin letra peque\u00f1a. As\u00ed que puedes estar tranquilo al elegir nuestros cartuchos compatibles.<\/p>\n<\/div>\n\n\n\n<div class=\"wp-block-column is-layout-flow wp-block-column-is-layout-flow\">\n<figure class=\"wp-block-image size-full\"><a href=\"https:\/\/quecartucho.es\/content\/15-garantia-tu-impresora-100-con-cartuchos-compatibles\"><img loading=\"lazy\" decoding=\"async\" width=\"500\" height=\"450\" src=\"https:\/\/quecartucho.es\/blog\/wp-content\/uploads\/2023\/07\/min-no-pierdes-tu-garantia-min.jpg\" alt=\"\" class=\"wp-image-19864\" title=\"\" srcset=\"https:\/\/quecartucho.es\/blog\/wp-content\/uploads\/2023\/07\/min-no-pierdes-tu-garantia-min.jpg 500w, https:\/\/quecartucho.es\/blog\/wp-content\/uploads\/2023\/07\/min-no-pierdes-tu-garantia-min-300x270.jpg 300w\" sizes=\"auto, (max-width: 500px) 100vw, 500px\" \/><\/a><\/figure>\n<\/div>\n<\/div>\n\n\n\n<p><\/p>\n\n\n\n<div class=\"wp-block-columns is-layout-flex wp-container-core-columns-is-layout-9d6595d7 wp-block-columns-is-layout-flex\">\n<div class=\"wp-block-column is-layout-flow wp-block-column-is-layout-flow\">\n<h2 class=\"wp-block-heading\">4. Rendimiento y durabilidad:<\/h2>\n\n\n\n<p>Existe una creencia popular que sugiere que algunos cartuchos de tinta compatibles podr\u00edan no tener el mismo rendimiento que los originales en t\u00e9rminos de cantidad de impresiones. Tambi\u00e9n se dice que estos cartuchos pueden tener problemas de secado o de fugas, lo que podr\u00eda afectar negativamente la satisfacci\u00f3n del usuario.<\/p>\n\n\n\n<p>Sin embargo, es importante tener en cuenta que la tinta es el componente m\u00e1s econ\u00f3mico del cartucho, y los fabricantes de cartuchos compatibles que desean ofrecer un producto de calidad para competir en el mercado suelen optar por tama\u00f1os XL y XXL de cartuchos. Estas versiones mejoradas pueden aumentar el rendimiento y la durabilidad de los cartuchos, brindando una experiencia m\u00e1s satisfactoria al usuario.<\/p>\n<\/div>\n<\/div>\n\n\n\n<p>Si deseas obtener m\u00e1s informaci\u00f3n sobre este tema, te invitamos a escuchar nuestro podcast, donde profundizamos en estos aspectos y compartimos datos interesantes sobre los cartuchos de tinta compatibles.<\/p>\n\n\n\n<figure class=\"wp-block-audio\"><audio controls src=\"https:\/\/quecartucho.es\/blog\/wp-content\/uploads\/2022\/05\/8.-Mitos-y-verdades-sobre-los-cartuchos-de-tinta-para-impresoras.mp3\"><\/audio><figcaption class=\"wp-element-caption\"><a href=\"https:\/\/quecartucho.es\/blog\/podcast\/mitos-y-verdades-sobre-los-cartuchos-de-tinta-para-impresoras\/\">Mitos y verdades sobre los cartuchos de tinta para impresoras<\/a><\/figcaption><\/figure>\n\n\n\n<h2 class=\"wp-block-heading\">5. Confianza en la marca: <\/h2>\n\n\n\n<p>Las marcas reconocidas de cartuchos originales dedican tiempo y recursos a la investigaci\u00f3n y desarrollo para brindar productos de alta calidad y confianza. Sin embargo, al optar por cartuchos de tinta compatibles, es esencial investigar y elegir marcas de confianza que ofrezcan garant\u00edas de calidad y satisfacci\u00f3n a sus clientes.<\/p>\n\n\n\n<p>En nuestro caso, trabajamos tanto con marcas blancas que han demostrado ofrecer productos de excelente calidad tras rigurosas pruebas, como con marcas como ColorPremium y otras similares. Estos cartuchos pueden ser un poco m\u00e1s caros que los compatibles marca blanca, pero aun as\u00ed generan un ahorro significativo.<\/p>\n\n\n\n<p>La ventaja es que detr\u00e1s de ColorPremium, un equipo profesional que implementa los mejores materiales y controles de calidad para asegurar siempre el mejor producto. As\u00ed, te garantizamos una experiencia de impresi\u00f3n igual o m\u00e1s confiable que con la tinta original, tienen el m\u00e1s alto nivel.<\/p>\n\n\n\n<p><br>En resumen, los cartuchos de tinta compatibles pueden ser una opci\u00f3n atractiva para reducir costos de impresi\u00f3n, pero es importante investigar y seleccionar marcas de calidad para evitar problemas de compatibilidad, rendimiento y calidad de impresi\u00f3n. Si la garant\u00eda y el soporte t\u00e9cnico son fundamentales para ti, y ese es un aspecto del que no tienen que preocuparte, compres la tinta que compres.<\/p>\n","protected":false},"excerpt":{"rendered":"<p>Los cartuchos de tinta compatibles son cartuchos de impresora que son fabricados por terceros y no por el fabricante original de la impresora. Estos cartuchos suelen ser m\u00e1s econ\u00f3micos que los cartuchos originales y ofrecen una alternativa asequible para quienes buscan reducir costos de impresi\u00f3n. Sin embargo, cuando se trata de garant\u00eda de calidad y&hellip;&nbsp;<a href=\"https:\/\/quecartucho.es\/blog\/cartuchos\/cartuchos-de-tinta-compatibles-garantia-de-calidad-y-satisfaccion\/\" rel=\"bookmark\">Leer m\u00e1s &raquo;<span class=\"screen-reader-text\">Cartuchos de tinta compatibles: garant\u00eda de calidad y satisfacci\u00f3n<\/span><\/a><\/p>\n","protected":false},"author":1,"featured_media":19863,"parent":461,"menu_order":0,"comment_status":"closed","ping_status":"closed","template":"","meta":{"neve_meta_sidebar":"","neve_meta_container":"","neve_meta_enable_content_width":"","neve_meta_content_width":0,"neve_meta_title_alignment":"","neve_meta_author_avatar":"","neve_post_elements_order":"","neve_meta_disable_header":"","neve_meta_disable_footer":"","neve_meta_disable_title":"","episode_type":"","audio_file":"","podmotor_file_id":"","podmotor_episode_id":"","cover_image":"","cover_image_id":"","duration":"","filesize":"","filesize_raw":"","date_recorded":"","explicit":"","block":"","footnotes":""},"class_list":["post-19859","page","type-page","status-publish","has-post-thumbnail","hentry"],"_links":{"self":[{"href":"https:\/\/quecartucho.es\/blog\/wp-json\/wp\/v2\/pages\/19859","targetHints":{"allow":["GET"]}}],"collection":[{"href":"https:\/\/quecartucho.es\/blog\/wp-json\/wp\/v2\/pages"}],"about":[{"href":"https:\/\/quecartucho.es\/blog\/wp-json\/wp\/v2\/types\/page"}],"author":[{"embeddable":true,"href":"https:\/\/quecartucho.es\/blog\/wp-json\/wp\/v2\/users\/1"}],"replies":[{"embeddable":true,"href":"https:\/\/quecartucho.es\/blog\/wp-json\/wp\/v2\/comments?post=19859"}],"version-history":[{"count":4,"href":"https:\/\/quecartucho.es\/blog\/wp-json\/wp\/v2\/pages\/19859\/revisions"}],"predecessor-version":[{"id":19867,"href":"https:\/\/quecartucho.es\/blog\/wp-json\/wp\/v2\/pages\/19859\/revisions\/19867"}],"up":[{"embeddable":true,"href":"https:\/\/quecartucho.es\/blog\/wp-json\/wp\/v2\/pages\/461"}],"wp:featuredmedia":[{"embeddable":true,"href":"https:\/\/quecartucho.es\/blog\/wp-json\/wp\/v2\/media\/19863"}],"wp:attachment":[{"href":"https:\/\/quecartucho.es\/blog\/wp-json\/wp\/v2\/media?parent=19859"}],"curies":[{"name":"wp","href":"https:\/\/api.w.org\/{rel}","templated":true}]}}