{"id":20001,"date":"2023-08-01T11:57:00","date_gmt":"2023-08-01T09:57:00","guid":{"rendered":"https:\/\/quecartucho.es\/blog\/?page_id=20001"},"modified":"2023-08-02T16:36:03","modified_gmt":"2023-08-02T14:36:03","slug":"como-instalar-una-impresora-samsung","status":"publish","type":"page","link":"https:\/\/quecartucho.es\/blog\/como-se-instala-una-impresora\/como-instalar-una-impresora-samsung\/","title":{"rendered":"C\u00f3mo instalar una impresora Samsung"},"content":{"rendered":"\n<p>Si lo tuyo no es la inform\u00e1tica, cada vez que instales un nuevo perif\u00e9rico en tu PC puede ser todo un mundo. Y la situaci\u00f3n puede complicarse todav\u00eda m\u00e1s si viene sin CD de instalaci\u00f3n, o si lo trae, pero t\u00fa ya no cuentas con un lector para introducirlo.<\/p>\n\n\n\n<p>Lo primero que tenemos que decirte sobre <strong>c\u00f3mo instalar una impresora Samsung es que no hace falta el CD de instalaci\u00f3n<\/strong>. De hecho, no es recomendable tenerlo y en los siguientes apartados te vamos a explicar el motivo.<\/p>\n\n\n\n<p>Te garantizamos que, siguiendo los pasos de este art\u00edculo, ser\u00e1 pan comido. En un abrir y cerrar de ojos, estar\u00e1s calentando el <a href=\"https:\/\/quecartucho.es\/16393-toneres\">t\u00f3ner<\/a> y listo para imprimir todos tus documentos. As\u00ed que, \u00bfa qu\u00e9 esperas? \u00a1Vamos a darle ca\u00f1a a esa impresora y ponerla a funcionar como nunca antes! \ud83d\udda8\ufe0f\ud83d\udca8<strong>.<\/strong><\/p>\n\n\n\n<h2 class=\"wp-block-heading\"><strong>\u00bfC\u00f3mo conseguir los drivers o controladores de una impresora Samsung?<\/strong><\/h2>\n\n\n\n<p>Si no tienes un sistema operativo moderno (como Windows 10 u 11), no servir\u00e1 de nada conectar la impresora directamente el PC, ya que no se configurar\u00e1 por s\u00ed misma. Aunque lo haga, quiz\u00e1 no sea el mejor proceso: la instalaci\u00f3n autom\u00e1tica de <strong>Windows Update podr\u00eda configurar drivers incorrectos o incompletos<\/strong>.<\/p>\n\n\n\n<p>Siempre se recomienda <strong>trabajar con drivers oficiales de la web de Samsung<\/strong>.<\/p>\n\n\n\n<p>Antiguamente, estos drivers o controladores se presentaban en un CD de instalaci\u00f3n. El problema de este soporte a d\u00eda de hoy es la falta de actualizaci\u00f3n: con el paso del tiempo, las marcas van puliendo algunos errores y desplegando nuevas funcionalidades que no estar\u00e1n en ese CD. Por esta raz\u00f3n, la mejor opci\u00f3n es descargar los drivers oficiales, y aqu\u00ed sabr\u00e1s c\u00f3mo hacerlo.<\/p>\n\n\n\n<p>1) &nbsp; &nbsp; El primer paso es <strong>averiguar el modelo de la impresora<\/strong>. Por si acaso, tambi\u00e9n deber\u00edas apuntar el n\u00ba de serie, aunque no suele ser necesario.<\/p>\n\n\n\n<p>2) &nbsp; &nbsp; Accede a la web de <strong>Samsung<\/strong> y localiza la <strong>secci\u00f3n de descarga de drivers o controladores<\/strong>. Por lo general, suelen estar clasificados en la secci\u00f3n de \u201cSoporte\u201d.<\/p>\n\n\n\n<p>3) &nbsp; &nbsp; Con introducir tu modelo de impresora deber\u00eda ser m\u00e1s que suficiente para descargar los adecuados\u2026 pero si no es as\u00ed, quiz\u00e1 tengas que probar con el n\u00famero de serie.<\/p>\n\n\n\n<p>4) &nbsp; &nbsp; <strong>Haz clic sobre el driver<\/strong> para que empiece la descarga. Puede que se descargue como archivo .exe (ejecutable) o est\u00e9 comprimido y tengas que descomprimirlo con el click derecho y marcando en <strong>extraer<\/strong>.<\/p>\n\n\n\n<p>5) \u00a0 \u00a0 <strong>Pulsa sobre el ejecutable y sigue las instrucciones de instalaci\u00f3n<\/strong>.<\/p>\n\n\n\n<p><\/p>\n\n\n<div class=\"wp-block-image\">\n<figure class=\"aligncenter size-large\"><img loading=\"lazy\" decoding=\"async\" width=\"1024\" height=\"576\" src=\"https:\/\/quecartucho.es\/blog\/wp-content\/uploads\/2023\/08\/Como-conseguir-los-drivers-o-controladores-de-una-impresora-Samsung-1024x576.jpg\" alt=\"C\u00f3mo conseguir los drivers o controladores de una impresora Samsung\" class=\"wp-image-20071\" title=\"\" srcset=\"https:\/\/quecartucho.es\/blog\/wp-content\/uploads\/2023\/08\/Como-conseguir-los-drivers-o-controladores-de-una-impresora-Samsung-1024x576.jpg 1024w, https:\/\/quecartucho.es\/blog\/wp-content\/uploads\/2023\/08\/Como-conseguir-los-drivers-o-controladores-de-una-impresora-Samsung-300x169.jpg 300w, https:\/\/quecartucho.es\/blog\/wp-content\/uploads\/2023\/08\/Como-conseguir-los-drivers-o-controladores-de-una-impresora-Samsung-768x432.jpg 768w, https:\/\/quecartucho.es\/blog\/wp-content\/uploads\/2023\/08\/Como-conseguir-los-drivers-o-controladores-de-una-impresora-Samsung.jpg 1280w\" sizes=\"auto, (max-width: 1024px) 100vw, 1024px\" \/><\/figure>\n<\/div>\n\n\n<h2 class=\"wp-block-heading\"><strong>\u00bfC\u00f3mo instalar una impresora Samsung? Paso a paso<\/strong><\/h2>\n\n\n\n<h3 class=\"wp-block-heading\"><strong>1.<\/strong> &nbsp; &nbsp; <strong>Instalaci\u00f3n con un cable USB<\/strong><\/h3>\n\n\n\n<p>Lo m\u00e1s habitual es que en la propia instalaci\u00f3n puedas seleccionar el m\u00e9todo de instalaci\u00f3n que m\u00e1s te convenga. Si quieres hacerlo a trav\u00e9s de un <strong>cable USB<\/strong>, debes asegurarte de no conectarlo hasta que te lo indique en la instalaci\u00f3n: de lo contrario, podr\u00edan producirse algunas incompatibilidades, como el hecho de que se instale con un driver inadecuado.<\/p>\n\n\n\n<p>Este camino no entra\u00f1a ninguna dificultad: el PC tendr\u00e1 instalados los drivers; en el momento en el que se establezca la conexi\u00f3n con la impresora Samsung, deber\u00eda empezar a utilizarlos para asegurar la conexi\u00f3n.<\/p>\n\n\n\n<p>Si se produjese alg\u00fan problema, puede que el driver no sea el correcto.<\/p>\n\n\n\n<h3 class=\"wp-block-heading\"><strong>2.<\/strong> &nbsp; &nbsp; <strong>Instalaci\u00f3n WiFi<\/strong><\/h3>\n\n\n\n<p>Para <strong><a href=\"https:\/\/quecartucho.es\/blog\/conoce-las-maneras-conectar-impresora-wifi-exitosamente\/\">instalar una impresora WiFi<\/a><\/strong>  del fabricante Samsung existen varios procedimientos:<\/p>\n\n\n\n<ol class=\"wp-block-list\">\n<li><strong>a)<\/strong> <strong>Con sistema WPS: <\/strong>tan solo tendr\u00e1s que pulsar el bot\u00f3n que dice \u201cInternet\u201d en la impresora al mismo tiempo que pulsas el bot\u00f3n de <strong>WPS<\/strong> del router. Este sistema se ha dise\u00f1ado para que la configuraci\u00f3n sea autom\u00e1tica.<\/li>\n\n\n\n<li><strong>b)<\/strong> <strong>Con pantalla t\u00e1ctil o botones: <\/strong>tambi\u00e9n puedes probar a hacer la conexi\u00f3n manual. Ser\u00e1 cuesti\u00f3n de acceder a la configuraci\u00f3n WiFi y seleccionar la red a la que quieres conectarte. Introduce la clave y estar\u00e1 lista.<\/li>\n<\/ol>\n\n\n\n<p>Con independencia del m\u00e9todo que hayas elegido, termina accediendo a la <strong>configuraci\u00f3n de impresoras y pulsa en Agregar nueva impresora<\/strong>. Marcas el modelo que corresponde y ya estar\u00e1 todo.<\/p>\n\n\n\n<h3 class=\"wp-block-heading\"><strong>3.<\/strong> &nbsp; &nbsp; <strong>Instalaci\u00f3n Ethernet<\/strong><\/h3>\n\n\n\n<p>La <strong>conexi\u00f3n Ethernet de una impresora Samsung<\/strong> no es m\u00e1s que conectar un cable de red que vaya desde el perif\u00e9rico al router. Tambi\u00e9n necesitaremos que los drivers est\u00e9n instalados de antemano para que el sistema operativo la pueda usar.<\/p>\n\n\n\n<p>Para agregar la impresora tendr\u00e1s que seguir el mismo proceso que en el caso anterior: es decir, acceder desde Panel de control y marcar en <strong>Agregar Impresora<\/strong> para luego seleccionarla de la lista.<\/p>\n\n\n\n<h3 class=\"wp-block-heading\"><strong>4.<\/strong> &nbsp; &nbsp; <strong>Configuraci\u00f3n aut\u00f3noma<\/strong><\/h3>\n\n\n\n<p>Ya no es necesario contar con un ordenador para poder utilizar una impresora. Si es multifunci\u00f3n, puede que simplemente la necesitemos para hacer fotocopias, o quiz\u00e1 queramos imprimir alg\u00fan tipo de documento o fotograf\u00eda mediante un pendrive\/disco duro\/tarjeta de memoria.<\/p>\n\n\n\n<p>Para conseguir una <strong>configuraci\u00f3n aut\u00f3noma de la impresora Samsung<\/strong> no tendremos que hacer nada m\u00e1s que conectarla a la corriente (obviamente, tambi\u00e9n habr\u00e1 que preparar los cartuchos si el modelo lo exige). Puede que aparezca alg\u00fan mensaje que indique que no hay conexi\u00f3n con el sistema operativo o red local, pero no deber\u00eda ser un problema para imprimir.<\/p>\n\n\n\n<p>Con este <strong><a href=\"https:\/\/quecartucho.es\/blog\/como-se-instala-una-impresora\/\">proceso de c\u00f3mo instalar una impresora<\/a><\/strong> espec\u00edfico para m\u00e1quinas del fabricante <strong>Samsung<\/strong> no deber\u00edas tener ning\u00fan problema para hacerla funcionar.<\/p>\n","protected":false},"excerpt":{"rendered":"<p>Si lo tuyo no es la inform\u00e1tica, cada vez que instales un nuevo perif\u00e9rico en tu PC puede ser todo un mundo. Y la situaci\u00f3n puede complicarse todav\u00eda m\u00e1s si viene sin CD de instalaci\u00f3n, o si lo trae, pero t\u00fa ya no cuentas con un lector para introducirlo. Lo primero que tenemos que decirte&hellip;&nbsp;<a href=\"https:\/\/quecartucho.es\/blog\/como-se-instala-una-impresora\/como-instalar-una-impresora-samsung\/\" rel=\"bookmark\">Leer m\u00e1s &raquo;<span class=\"screen-reader-text\">C\u00f3mo instalar una impresora Samsung<\/span><\/a><\/p>\n","protected":false},"author":1,"featured_media":20069,"parent":19967,"menu_order":0,"comment_status":"open","ping_status":"closed","template":"","meta":{"neve_meta_sidebar":"","neve_meta_container":"","neve_meta_enable_content_width":"","neve_meta_content_width":0,"neve_meta_title_alignment":"","neve_meta_author_avatar":"","neve_post_elements_order":"","neve_meta_disable_header":"","neve_meta_disable_footer":"","neve_meta_disable_title":"","episode_type":"","audio_file":"","podmotor_file_id":"","podmotor_episode_id":"","cover_image":"","cover_image_id":"","duration":"","filesize":"","filesize_raw":"","date_recorded":"","explicit":"","block":"","footnotes":""},"class_list":["post-20001","page","type-page","status-publish","has-post-thumbnail","hentry"],"_links":{"self":[{"href":"https:\/\/quecartucho.es\/blog\/wp-json\/wp\/v2\/pages\/20001","targetHints":{"allow":["GET"]}}],"collection":[{"href":"https:\/\/quecartucho.es\/blog\/wp-json\/wp\/v2\/pages"}],"about":[{"href":"https:\/\/quecartucho.es\/blog\/wp-json\/wp\/v2\/types\/page"}],"author":[{"embeddable":true,"href":"https:\/\/quecartucho.es\/blog\/wp-json\/wp\/v2\/users\/1"}],"replies":[{"embeddable":true,"href":"https:\/\/quecartucho.es\/blog\/wp-json\/wp\/v2\/comments?post=20001"}],"version-history":[{"count":5,"href":"https:\/\/quecartucho.es\/blog\/wp-json\/wp\/v2\/pages\/20001\/revisions"}],"predecessor-version":[{"id":20074,"href":"https:\/\/quecartucho.es\/blog\/wp-json\/wp\/v2\/pages\/20001\/revisions\/20074"}],"up":[{"embeddable":true,"href":"https:\/\/quecartucho.es\/blog\/wp-json\/wp\/v2\/pages\/19967"}],"wp:featuredmedia":[{"embeddable":true,"href":"https:\/\/quecartucho.es\/blog\/wp-json\/wp\/v2\/media\/20069"}],"wp:attachment":[{"href":"https:\/\/quecartucho.es\/blog\/wp-json\/wp\/v2\/media?parent=20001"}],"curies":[{"name":"wp","href":"https:\/\/api.w.org\/{rel}","templated":true}]}}