{"id":20014,"date":"2023-08-01T12:03:58","date_gmt":"2023-08-01T10:03:58","guid":{"rendered":"https:\/\/quecartucho.es\/blog\/?page_id=20014"},"modified":"2023-08-02T15:57:18","modified_gmt":"2023-08-02T13:57:18","slug":"como-instalar-una-impresora-canon","status":"publish","type":"page","link":"https:\/\/quecartucho.es\/blog\/como-se-instala-una-impresora\/como-instalar-una-impresora-canon\/","title":{"rendered":"C\u00f3mo instalar una impresora Canon"},"content":{"rendered":"\n<p>Canon es una de las mejores marcas de impresoras del mercado. Los perif\u00e9ricos de Canon se caracterizan por su funcionalidad, por la implementaci\u00f3n de lo \u00faltimo de lo \u00faltimo en tecnolog\u00eda en cada modelo, as\u00ed como por su <strong>facilidad de uso<\/strong>.<\/p>\n\n\n\n<p>As\u00ed que no deber\u00edas tener ning\u00fan problema para <strong>instalar una impresora Canon<\/strong>, aunque esto depender\u00e1 de tus habilidades en el mundo de la inform\u00e1tica, as\u00ed como del sistema operativo que utilices y de la forma de conexi\u00f3n.<\/p>\n\n\n\n<p>\u00a1No hace falta que llames al t\u00e9cnico para que se ocupe de la instalaci\u00f3n! Aqu\u00ed te contamos todo lo que necesitas saber para darle ca\u00f1a a tus <strong><a href=\"https:\/\/quecartucho.es\/\">cartuchos<\/a><\/strong> y ponerlos a imprimir en un abrir y cerrar de ojos. As\u00ed que, \u00a1s\u00fabete a bordo y prep\u00e1rate para una aventura llena de impresiones alucinantes! \ud83d\ude09<\/p>\n\n\n\n<h2 class=\"wp-block-heading\"><strong>Formas de instalar una impresora Canon<\/strong><\/h2>\n\n\n\n<p>Para que un perif\u00e9rico pueda <em>comunicarse<\/em> con un equipo inform\u00e1tico es necesario contar con un traductor, conocido como <strong>controlador o driver<\/strong>. Este software se debe conseguir desde la web oficial de Canon debido a que as\u00ed se encontrar\u00e1 totalmente actualizado.<\/p>\n\n\n\n<p>Estas son las formas disponibles de <strong>instalaci\u00f3n de una impresora Canon:<\/strong><\/p>\n\n\n\n<ul class=\"wp-block-list\">\n<li>&nbsp; &nbsp; &nbsp; <strong>Conexi\u00f3n por cable USB: <\/strong>es la m\u00e1s estandarizada y, para muchos, la m\u00e1s sencilla de llevar a cabo. Lo \u00fanico que tendr\u00e1s que hacer para <strong>instalar una impresora Canon por USB<\/strong> es asegurarte de que los drivers est\u00e1n instalados de antemano. En alg\u00fan momento de la instalaci\u00f3n se pedir\u00e1 que conectes el cable, pero, si no es as\u00ed, hazlo cuando haya terminado. C\u00f3mo el sistema tendr\u00e1 los drivers para que funcione, la configuraci\u00f3n deber\u00eda ser autom\u00e1tica.<\/li>\n\n\n\n<li>&nbsp; &nbsp; &nbsp; <strong>Conexi\u00f3n por cable de red: <\/strong>en este caso, necesitas un cable de red RJ45 que vaya desde la impresora hasta el router. Desde el equipo que se quiera imprimir tan solo se tendr\u00e1n que instalar los drivers y elegir la <strong>conexi\u00f3n Ethernet<\/strong> en el proceso de instalaci\u00f3n. Recuerda que el perif\u00e9rico ser\u00e1 independiente al equipo inform\u00e1tico, por lo que todos los ordenadores del entorno podr\u00e1n tener acceso (siempre y cuando, cuenten con los permisos para ello).<\/li>\n\n\n\n<li>&nbsp; &nbsp; &nbsp; <strong>Conexi\u00f3n por WiFi: <\/strong>la manera m\u00e1s f\u00e1cil de <strong>instalar una impresora Canon es por Wifi utilizando la tecnolog\u00eda WPS<\/strong>. Ser\u00e1 tan f\u00e1cil como pulsar el bot\u00f3n correspondiente del router y luego hacer lo mismo en la impresora. Si esto no funcionase, siempre se puede hacer el proceso de manera manual.<\/li>\n<\/ul>\n\n\n\n<h2 class=\"wp-block-heading\"><strong>Instalaci\u00f3n de una impresora Canon en Windows 10<\/strong><\/h2>\n\n\n\n<p><\/p>\n\n\n<div class=\"wp-block-image\">\n<figure class=\"aligncenter size-large\"><img loading=\"lazy\" decoding=\"async\" width=\"1024\" height=\"512\" src=\"https:\/\/quecartucho.es\/blog\/wp-content\/uploads\/2023\/08\/Instalacion-de-una-impresora-Canon-en-Windows-10-1024x512.webp\" alt=\"Instalaci\u00f3n de una impresora Canon en Windows 10\" class=\"wp-image-20047\" title=\"\" srcset=\"https:\/\/quecartucho.es\/blog\/wp-content\/uploads\/2023\/08\/Instalacion-de-una-impresora-Canon-en-Windows-10-1024x512.webp 1024w, https:\/\/quecartucho.es\/blog\/wp-content\/uploads\/2023\/08\/Instalacion-de-una-impresora-Canon-en-Windows-10-300x150.webp 300w, https:\/\/quecartucho.es\/blog\/wp-content\/uploads\/2023\/08\/Instalacion-de-una-impresora-Canon-en-Windows-10-768x384.webp 768w, https:\/\/quecartucho.es\/blog\/wp-content\/uploads\/2023\/08\/Instalacion-de-una-impresora-Canon-en-Windows-10.webp 1200w\" sizes=\"auto, (max-width: 1024px) 100vw, 1024px\" \/><\/figure>\n<\/div>\n\n\n<p>Los sistemas operativos tambi\u00e9n han evolucionado mucho para que sea m\u00e1s sencilla la instalaci\u00f3n de perif\u00e9ricos, por lo que no deber\u00edas tener ning\u00fan problema para <strong>instalar una impresora Canon en Windows 10 o en Windows 11<\/strong>. La cosa cambia cuando estamos hablando de un sistema operativo m\u00e1s antiguo, como Windows XP.<\/p>\n\n\n\n<p>Lo interesante ser\u00eda seguir el mismo camino que hemos visto en los m\u00e9todos anteriores: es decir, acceder a la p\u00e1gina principal de Canon, descargar el driver que corresponde con el modelo de impresora y seleccionar la tipolog\u00eda de conexi\u00f3n que corresponda. Sin embargo, una vez instalados los drivers, tambi\u00e9n hay otra manera de hacer las cosas.<\/p>\n\n\n\n<p>1) &nbsp; &nbsp; Accede a la ruta de <strong>Panel de Control -&gt; Dispositivos e impresoras<\/strong> y pulsa sobre <strong>Agregar una nueva impresora<\/strong>. Esto solo funcionar\u00e1 en el caso de que se trate de un perif\u00e9rico conectado a trav\u00e9s de la red, con independencia de que sea mediante cable o por conexi\u00f3n inal\u00e1mbrica.<\/p>\n\n\n\n<p>2) &nbsp; &nbsp; Elige ahora la impresora que quieres conectar y pulsa en siguiente.<\/p>\n\n\n\n<p>3) &nbsp; &nbsp; El proceso de instalaci\u00f3n del perif\u00e9rico deber\u00eda ser autom\u00e1tico (recuerda: te hacen falta los drivers).<\/p>\n\n\n\n<p>4) &nbsp; &nbsp; Pulsa en <strong>finalizar<\/strong> para que el proceso de instalaci\u00f3n acabe.<\/p>\n\n\n\n<p>Si en alg\u00fan punto de este proceso recibes alguna notificaci\u00f3n que te informe de que existe una actualizaci\u00f3n, no dudes en hacer clic en \u201cAceptar\u201d para que se aplique.<\/p>\n\n\n\n<h2 class=\"wp-block-heading\"><strong>Instalaci\u00f3n de una impresora Canon en MAC<\/strong><\/h2>\n\n\n\n<p>La situaci\u00f3n puede cambiar bastante en el caso de que tengas un <strong>sistema operativo MAC<\/strong>. La dificultad subir\u00e1 si est\u00e1s acostumbrado a utilizar sistemas operativos Windows y nunca has instalado nada en un MAC. No obstante, los pasos a seguir son bastante similares, aunque cambiar\u00e1 bastante la interfaz:<\/p>\n\n\n\n<p>1) &nbsp; &nbsp; Aseg\u00farate de que la impresora est\u00e9 encendida antes de empezar. Pulsa sobre el <strong>men\u00fa principal de Apple<\/strong> (por si todav\u00eda no conoces la interfaz, este se encuentra situado en el logotipo de la zona superior izquierda).<\/p>\n\n\n\n<p>2) &nbsp; &nbsp; Marca la opci\u00f3n de <strong>Preferencias del Sistema <\/strong>y despu\u00e9s en <strong>Impresoras y Esc\u00e1neres.<\/strong><\/p>\n\n\n\n<p>3) &nbsp; &nbsp; Busca el bot\u00f3n de <strong>+<\/strong>. Al pulsarlo, aparecer\u00e1 una ventana con un listado de las impresoras disponibles. Tan solo pulsa en la que quieres instalar. C\u00f3mo en el caso anterior, este proceso tan solo es v\u00e1lido para perif\u00e9ricos conectados a trav\u00e9s de la red local cableada o inal\u00e1mbrica.<\/p>\n\n\n<div class=\"wp-block-image\">\n<figure class=\"aligncenter size-full\"><img loading=\"lazy\" decoding=\"async\" width=\"668\" height=\"430\" src=\"https:\/\/quecartucho.es\/blog\/wp-content\/uploads\/2023\/08\/Instalacion-de-una-impresora-Canon-en-MAC.png\" alt=\"Instalaci\u00f3n de una impresora Canon en MAC\" class=\"wp-image-20049\" title=\"\" srcset=\"https:\/\/quecartucho.es\/blog\/wp-content\/uploads\/2023\/08\/Instalacion-de-una-impresora-Canon-en-MAC.png 668w, https:\/\/quecartucho.es\/blog\/wp-content\/uploads\/2023\/08\/Instalacion-de-una-impresora-Canon-en-MAC-300x193.png 300w\" sizes=\"auto, (max-width: 668px) 100vw, 668px\" \/><\/figure>\n<\/div>\n\n\n<p>Con independencia del <strong><a href=\"https:\/\/quecartucho.es\/blog\/como-se-instala-una-impresora\/\">proceso que hayas seguido para la instalaci\u00f3n de una impresora<\/a> de fabricante Canon<\/strong>, ahora es el momento de probar que funciona. <\/p>\n\n\n\n<p><a href=\"https:\/\/quecartucho.es\/blog\/prueba-de-la-impresora-imprimir-pagina-de-prueba\/\">Haz una <strong>impresi\u00f3n de prueba<\/strong> para comprobar que todo es correcto<\/a>. Y si tienes una impresora multifunci\u00f3n (con esc\u00e1ner) no dudes en calibrar tambi\u00e9n para que el perif\u00e9rico est\u00e9 100% operativo.<\/p>\n","protected":false},"excerpt":{"rendered":"<p>Canon es una de las mejores marcas de impresoras del mercado. Los perif\u00e9ricos de Canon se caracterizan por su funcionalidad, por la implementaci\u00f3n de lo \u00faltimo de lo \u00faltimo en tecnolog\u00eda en cada modelo, as\u00ed como por su facilidad de uso. As\u00ed que no deber\u00edas tener ning\u00fan problema para instalar una impresora Canon, aunque esto&hellip;&nbsp;<a href=\"https:\/\/quecartucho.es\/blog\/como-se-instala-una-impresora\/como-instalar-una-impresora-canon\/\" rel=\"bookmark\">Leer m\u00e1s &raquo;<span class=\"screen-reader-text\">C\u00f3mo instalar una impresora Canon<\/span><\/a><\/p>\n","protected":false},"author":1,"featured_media":20046,"parent":19967,"menu_order":0,"comment_status":"open","ping_status":"closed","template":"","meta":{"neve_meta_sidebar":"","neve_meta_container":"","neve_meta_enable_content_width":"","neve_meta_content_width":0,"neve_meta_title_alignment":"","neve_meta_author_avatar":"","neve_post_elements_order":"","neve_meta_disable_header":"","neve_meta_disable_footer":"","neve_meta_disable_title":"","episode_type":"","audio_file":"","podmotor_file_id":"","podmotor_episode_id":"","cover_image":"","cover_image_id":"","duration":"","filesize":"","filesize_raw":"","date_recorded":"","explicit":"","block":"","footnotes":""},"class_list":["post-20014","page","type-page","status-publish","has-post-thumbnail","hentry"],"_links":{"self":[{"href":"https:\/\/quecartucho.es\/blog\/wp-json\/wp\/v2\/pages\/20014","targetHints":{"allow":["GET"]}}],"collection":[{"href":"https:\/\/quecartucho.es\/blog\/wp-json\/wp\/v2\/pages"}],"about":[{"href":"https:\/\/quecartucho.es\/blog\/wp-json\/wp\/v2\/types\/page"}],"author":[{"embeddable":true,"href":"https:\/\/quecartucho.es\/blog\/wp-json\/wp\/v2\/users\/1"}],"replies":[{"embeddable":true,"href":"https:\/\/quecartucho.es\/blog\/wp-json\/wp\/v2\/comments?post=20014"}],"version-history":[{"count":4,"href":"https:\/\/quecartucho.es\/blog\/wp-json\/wp\/v2\/pages\/20014\/revisions"}],"predecessor-version":[{"id":20054,"href":"https:\/\/quecartucho.es\/blog\/wp-json\/wp\/v2\/pages\/20014\/revisions\/20054"}],"up":[{"embeddable":true,"href":"https:\/\/quecartucho.es\/blog\/wp-json\/wp\/v2\/pages\/19967"}],"wp:featuredmedia":[{"embeddable":true,"href":"https:\/\/quecartucho.es\/blog\/wp-json\/wp\/v2\/media\/20046"}],"wp:attachment":[{"href":"https:\/\/quecartucho.es\/blog\/wp-json\/wp\/v2\/media?parent=20014"}],"curies":[{"name":"wp","href":"https:\/\/api.w.org\/{rel}","templated":true}]}}