{"id":20016,"date":"2023-08-01T12:05:27","date_gmt":"2023-08-01T10:05:27","guid":{"rendered":"https:\/\/quecartucho.es\/blog\/?page_id=20016"},"modified":"2023-08-02T15:26:41","modified_gmt":"2023-08-02T13:26:41","slug":"como-instalar-una-impresora-brother","status":"publish","type":"page","link":"https:\/\/quecartucho.es\/blog\/como-se-instala-una-impresora\/como-instalar-una-impresora-brother\/","title":{"rendered":"C\u00f3mo instalar una impresora Brother"},"content":{"rendered":"\n<p>\u00a1Bienvenido al mundo emocionante de la instalaci\u00f3n de una impresora Brother! S\u00ed, s\u00ed, lo s\u00e9, puede sonar tan emocionante como ver crecer el c\u00e9sped, pero aguanta ah\u00ed. Despu\u00e9s de pasar por estos pasos, estar\u00e1s listo para llenar el mundo con tu gloriosa <a href=\"https:\/\/quecartucho.es\/4-brother\"><strong><mark style=\"background-color:rgba(0, 0, 0, 0);color:#072bfa\" class=\"has-inline-color\">tinta Brother<\/mark><\/strong><\/a>, \u00a1y sin romper la hucha gracias a los <a href=\"https:\/\/quecartucho.es\/\"><strong><mark style=\"background-color:rgba(0, 0, 0, 0)\" class=\"has-inline-color has-neve-text-color-color\">cartuchos baratitos<\/mark><\/strong><\/a> de Quecartucho! <\/p>\n\n\n\n<p>\u00a1Que empiece la impresora-fiesta! \ud83d\udda8\ufe0f\ud83d\udc83<\/p>\n\n\n\n<p>Con el paso del tiempo, el proceso para <strong>instalar una impresora Brother<\/strong>, o de cualquier otra marca, se ha vuelto mucho m\u00e1s sencillo e intuitivo. Tan solo habr\u00e1 que seguir unas simples instrucciones y es raro que exista alguna complicaci\u00f3n.<\/p>\n\n\n\n<p>No obstante, dependiendo de la tipolog\u00eda utilizada (por cable, USB, WiFi o hasta infrarrojos), del sistema operativo que estemos utilizando, entre otras cuestiones, el procedimiento a seguir se puede volver un tanto complicado.<\/p>\n\n\n\n<p>Para ayudarte con ello, te hemos preparado este art\u00edculo en donde detallamos el proceso a seguir en los diferentes casos:<\/p>\n\n\n\n<h2 class=\"wp-block-heading\"><strong>Proceso para instalar una impresora Brother: Paso a paso<\/strong><\/h2>\n\n\n\n<p>Con independencia de la tipolog\u00eda que vayas a usar para la <strong>instalaci\u00f3n de la impresora Brother<\/strong>, el primer paso va a ser siempre el mismo: tendr\u00e1s que <strong>acceder a la web oficial de Brother para descargar e instalar los drivers o controladores<\/strong>.<\/p>\n\n\n\n<p>Es raro que la propia impresora traiga un CD de instalaci\u00f3n a estas alturas. En el caso de que sea as\u00ed, no es recomendable instalarlo: lo m\u00e1s interesante es descargar el controlador desde la web oficial, ya que as\u00ed podr\u00e1s asegurarte de que est\u00e1 actualizado a la \u00faltima versi\u00f3n disponible.<\/p>\n\n\n<div class=\"wp-block-image\">\n<figure class=\"aligncenter size-large\"><a href=\"https:\/\/quecartucho.es\/blog\/como-se-instala-una-impresora\/\"><img loading=\"lazy\" decoding=\"async\" width=\"1024\" height=\"438\" src=\"https:\/\/quecartucho.es\/blog\/wp-content\/uploads\/2023\/08\/Como-instalar-una-impresora-1024x438.webp\" alt=\"C\u00f3mo instalar una impresora\" class=\"wp-image-20024\" title=\"\" srcset=\"https:\/\/quecartucho.es\/blog\/wp-content\/uploads\/2023\/08\/Como-instalar-una-impresora-1024x438.webp 1024w, https:\/\/quecartucho.es\/blog\/wp-content\/uploads\/2023\/08\/Como-instalar-una-impresora-300x128.webp 300w, https:\/\/quecartucho.es\/blog\/wp-content\/uploads\/2023\/08\/Como-instalar-una-impresora-768x328.webp 768w, https:\/\/quecartucho.es\/blog\/wp-content\/uploads\/2023\/08\/Como-instalar-una-impresora.webp 1170w\" sizes=\"auto, (max-width: 1024px) 100vw, 1024px\" \/><\/a><figcaption class=\"wp-element-caption\">C\u00f3mo instalar una impresora<\/figcaption><\/figure>\n<\/div>\n\n\n<h3 class=\"wp-block-heading\"><strong>Instalaci\u00f3n de una impresora Brother con USB<\/strong><\/h3>\n\n\n\n<p>Para proceder con la <strong>instalaci\u00f3n de la impresora Brother con USB<\/strong>, tan solo debes seguir estos pasos:<\/p>\n\n\n\n<ol class=\"wp-block-list\">\n<li>Antes de descargar e instalar los drivers, es recomendable que el puerto USB todav\u00eda no est\u00e9 conectado a la impresora. De lo contrario, podr\u00edan surgir algunos conflictos.<\/li>\n\n\n\n<li> Lo m\u00e1s habitual es que en el propio proceso de la instalaci\u00f3n se te indique que <strong>puedes conectar el cable USB<\/strong>. Si todo va bien, el sistema operativo tendr\u00e1 los recursos necesarios para proceder con la configuraci\u00f3n.<\/li>\n\n\n\n<li>Puedes comprobar si la instalaci\u00f3n ha sido satisfactoria accediendo a <strong>Panel de Control -&gt; Dispositivos e impresoras<\/strong>. En esta secci\u00f3n deber\u00eda aparecer un listado de las impresoras instaladas. Puedes aprovechar para marcarla como predeterminado en el caso de que vaya a ser la que vas a utilizar con mayor frecuencia.<\/li>\n<\/ol>\n\n\n\n<h3 class=\"wp-block-heading\"><strong>Instalaci\u00f3n de una impresora Brother mediante infrarrojos<\/strong><\/h3>\n\n\n\n<p>Las impresoras Brother con infrarrojos no son demasiado habituales, especialmente en los nuevos modelos. Pero si tienes un modelo antiguo, entonces te preguntar\u00e1s c\u00f3mo debes instalarla.<\/p>\n\n\n\n<p>Para ello, te hace falta contar con un <strong>puerto infrarrojos en el ordenador<\/strong>. La buena noticia es que es f\u00e1cil de comprar este dispositivo, incluso hasta con tecnolog\u00eda USB; tan solo tendr\u00e1s que conectarlo a un puerto libre y tu ordenador tendr\u00e1 la opci\u00f3n de transferir v\u00eda infrarrojos.<\/p>\n\n\n\n<p>Una vez tengas instalado y habilitado dicho dispositivo, es cuesti\u00f3n de seguir los pasos:<\/p>\n\n\n\n<p>1) &nbsp; &nbsp; C\u00f3mo en el caso anterior, necesitamos que los drivers est\u00e9n instalados y configurados antes de hacer ning\u00fan movimiento. Esto no es tan importante en la conexi\u00f3n de infrarrojos, pero es mejor hacerlo as\u00ed para evitar cualquier tipo de incompatibilidad.<\/p>\n\n\n\n<p>2) &nbsp; &nbsp; Revisa que el PC est\u00e9 configurado para el env\u00edo de datos por puerto infrarrojos. Como el mando a distancia de una TV, <strong>es necesario que los dos puertos est\u00e9n alineados entre s\u00ed<\/strong>; de lo contrario, no se producir\u00e1 la conexi\u00f3n.<\/p>\n\n\n<div class=\"wp-block-image\">\n<figure class=\"aligncenter size-large\"><img loading=\"lazy\" decoding=\"async\" width=\"1024\" height=\"438\" src=\"https:\/\/quecartucho.es\/blog\/wp-content\/uploads\/2023\/08\/Instalacion-de-una-impresora-Brother-1024x438.webp\" alt=\"Instalaci\u00f3n de una impresora Brother\" class=\"wp-image-20029\" title=\"\" srcset=\"https:\/\/quecartucho.es\/blog\/wp-content\/uploads\/2023\/08\/Instalacion-de-una-impresora-Brother-1024x438.webp 1024w, https:\/\/quecartucho.es\/blog\/wp-content\/uploads\/2023\/08\/Instalacion-de-una-impresora-Brother-300x128.webp 300w, https:\/\/quecartucho.es\/blog\/wp-content\/uploads\/2023\/08\/Instalacion-de-una-impresora-Brother-768x328.webp 768w, https:\/\/quecartucho.es\/blog\/wp-content\/uploads\/2023\/08\/Instalacion-de-una-impresora-Brother-1536x656.webp 1536w, https:\/\/quecartucho.es\/blog\/wp-content\/uploads\/2023\/08\/Instalacion-de-una-impresora-Brother-2048x875.webp 2048w\" sizes=\"auto, (max-width: 1024px) 100vw, 1024px\" \/><figcaption class=\"wp-element-caption\">Instalaci\u00f3n de una impresora Brother<\/figcaption><\/figure>\n<\/div>\n\n\n<h3 class=\"wp-block-heading\"><strong>Instalaci\u00f3n de una impresora Brother por WiFi<\/strong><\/h3>\n\n\n\n<p>Comprueba si tu impresora Brother admite <strong>WPS<\/strong> (<strong><em>Wi-Fi Protected Setup<\/em><\/strong>): si es as\u00ed, entonces puedes seguir el procedimiento m\u00e1s sencillo y completarlo en cuesti\u00f3n de segundos.<\/p>\n\n\n\n<p>1) &nbsp; &nbsp; Localiza el bot\u00f3n WPS del router y p\u00falsalo. Al mismo tiempo, tienes que pulsar el bot\u00f3n WiFi presente en la impresora y mantenerlo as\u00ed durante unos 5 segundos (el tiempo exacto puede variar, dependiendo del modelo del perif\u00e9rico).<\/p>\n\n\n\n<p>2) &nbsp; &nbsp; Si todo va bien, la LED del Wifi se pondr\u00e1 en verde y dejar\u00e1 de parpadear. Esto ser\u00e1 el indicativo de que ha encontrado un nuevo dispositivo y proceder\u00e1 con la configuraci\u00f3n.<\/p>\n\n\n\n<h3 class=\"wp-block-heading\"><strong>Instalaci\u00f3n de una impresora Brother por WiFi sin WPS<\/strong><\/h3>\n\n\n\n<p>Podr\u00eda darse el caso de que tu router no tenga esta tecnolog\u00eda, o que no se termine de conectar por alg\u00fan otro motivo. En este caso, tendr\u00e1s que hacerlo de forma manual<\/p>\n\n\n\n<p>1) &nbsp; &nbsp; Antes de empezar, recuerda tener a mano el <strong>nombre de la red WiFi<\/strong>, ya que te har\u00e1 falta.<\/p>\n\n\n\n<p>2) &nbsp; &nbsp; Descarga los drivers de la impresora desde la web oficial y procede con su instalaci\u00f3n.<\/p>\n\n\n\n<p>3) &nbsp; &nbsp; Pulsa en <strong>conexi\u00f3n a la red inal\u00e1mbrica <\/strong>y elige la opci\u00f3n de <strong>Impresora en red Peer-to-Peer<\/strong>. Tendr\u00e1s que aceptar la configuraci\u00f3n del firewall del sistema para seguir.<\/p>\n\n\n\n<p>4) &nbsp; &nbsp; Sigue las instrucciones que aparecer\u00e1n en la pantalla y se har\u00e1 un testeo de la conexi\u00f3n.<\/p>\n\n\n\n<ul class=\"wp-block-list\">\n<li>&nbsp; &nbsp; &nbsp; Si el SSID y la contrase\u00f1a son correctas, deber\u00eda establecerse la conexi\u00f3n de forma autom\u00e1tica.<\/li>\n\n\n\n<li>&nbsp; &nbsp; &nbsp; Si no fuese as\u00ed, puede que alg\u00fan dato introducido sea incorrecto. Si sigue sin funcionar, prueba a conectarlo con WPS o con cable.<\/li>\n<\/ul>\n\n\n\n<p>Si quieres profundizar m\u00e1s puede que te interese nuestro articulo: \u00ab<a href=\"https:\/\/quecartucho.es\/blog\/conoce-las-maneras-conectar-impresora-wifi-exitosamente\/\" data-type=\"post\" data-id=\"1081\">Maneras de conectar su impresora WIFI<\/a>\u00ab<\/p>\n\n\n\n<p>Estos son los <strong>procesos para instalar una impresora Brother<\/strong>. Una vez realizado este paso ya est\u00e1s listo para empezar a imprimir y gastar cartuchos de tinta Brohter baratos como los que puedes comprar en Quecartucho. Si tienes alguna duda o problema con el perif\u00e9rico, consulta en este mismo post o en el manual de instrucciones de tu modelo.<\/p>\n\n\n\n<p>Espero que estos consejos te hayan sido \u00fatiles y que ahora te sientas listo para imprimir como todo un profesional.<\/p>\n\n\n\n<p><\/p>\n","protected":false},"excerpt":{"rendered":"<p>\u00a1Bienvenido al mundo emocionante de la instalaci\u00f3n de una impresora Brother! S\u00ed, s\u00ed, lo s\u00e9, puede sonar tan emocionante como ver crecer el c\u00e9sped, pero aguanta ah\u00ed. Despu\u00e9s de pasar por estos pasos, estar\u00e1s listo para llenar el mundo con tu gloriosa tinta Brother, \u00a1y sin romper la hucha gracias a los cartuchos baratitos de&hellip;&nbsp;<a href=\"https:\/\/quecartucho.es\/blog\/como-se-instala-una-impresora\/como-instalar-una-impresora-brother\/\" rel=\"bookmark\">Leer m\u00e1s &raquo;<span class=\"screen-reader-text\">C\u00f3mo instalar una impresora Brother<\/span><\/a><\/p>\n","protected":false},"author":1,"featured_media":20022,"parent":19967,"menu_order":0,"comment_status":"open","ping_status":"closed","template":"","meta":{"neve_meta_sidebar":"","neve_meta_container":"","neve_meta_enable_content_width":"","neve_meta_content_width":0,"neve_meta_title_alignment":"","neve_meta_author_avatar":"","neve_post_elements_order":"","neve_meta_disable_header":"","neve_meta_disable_footer":"","neve_meta_disable_title":"","episode_type":"","audio_file":"","podmotor_file_id":"","podmotor_episode_id":"","cover_image":"","cover_image_id":"","duration":"","filesize":"","filesize_raw":"","date_recorded":"","explicit":"","block":"","footnotes":""},"class_list":["post-20016","page","type-page","status-publish","has-post-thumbnail","hentry"],"_links":{"self":[{"href":"https:\/\/quecartucho.es\/blog\/wp-json\/wp\/v2\/pages\/20016","targetHints":{"allow":["GET"]}}],"collection":[{"href":"https:\/\/quecartucho.es\/blog\/wp-json\/wp\/v2\/pages"}],"about":[{"href":"https:\/\/quecartucho.es\/blog\/wp-json\/wp\/v2\/types\/page"}],"author":[{"embeddable":true,"href":"https:\/\/quecartucho.es\/blog\/wp-json\/wp\/v2\/users\/1"}],"replies":[{"embeddable":true,"href":"https:\/\/quecartucho.es\/blog\/wp-json\/wp\/v2\/comments?post=20016"}],"version-history":[{"count":7,"href":"https:\/\/quecartucho.es\/blog\/wp-json\/wp\/v2\/pages\/20016\/revisions"}],"predecessor-version":[{"id":20041,"href":"https:\/\/quecartucho.es\/blog\/wp-json\/wp\/v2\/pages\/20016\/revisions\/20041"}],"up":[{"embeddable":true,"href":"https:\/\/quecartucho.es\/blog\/wp-json\/wp\/v2\/pages\/19967"}],"wp:featuredmedia":[{"embeddable":true,"href":"https:\/\/quecartucho.es\/blog\/wp-json\/wp\/v2\/media\/20022"}],"wp:attachment":[{"href":"https:\/\/quecartucho.es\/blog\/wp-json\/wp\/v2\/media?parent=20016"}],"curies":[{"name":"wp","href":"https:\/\/api.w.org\/{rel}","templated":true}]}}