{"id":20034,"date":"2023-08-02T11:42:28","date_gmt":"2023-08-02T09:42:28","guid":{"rendered":"https:\/\/quecartucho.es\/blog\/?page_id=20034"},"modified":"2023-08-02T11:44:43","modified_gmt":"2023-08-02T09:44:43","slug":"que-pasa-si-los-cartuchos-no-sirven-si-fallan-o-si-los-quieren-devolver","status":"publish","type":"page","link":"https:\/\/quecartucho.es\/blog\/quehistoria\/que-pasa-si-los-cartuchos-no-sirven-si-fallan-o-si-los-quieren-devolver\/","title":{"rendered":"\u00bfQu\u00e9 pasa si los cartuchos no sirven, si fallan o si los quieren devolver?"},"content":{"rendered":"\n<p>Si t\u00fa dices \u201cHouston\u2026\u201d \ud83e\uddd1\u200d\ud83d\ude80  Nosotros vamos al rescate<\/p>\n\n\n\n<p>\u00bfApolo 13 te suena? \u00bfY Tom Hanks flotando en un m\u00f3dulo lunar como si fuera la mism\u00edsima Mary Poppins? Si tu respuesta es \u00ab\u00bfqu\u00e9 me est\u00e1s <em>container<\/em>?\u00bb, es posible que necesites una sesi\u00f3n de cine cl\u00e1sico urgente (\u00a1hazte palomitas, que el plan es gratis!).<\/p>\n\n\n\n<p>Pero no estamos aqu\u00ed para hablarte de cine, sino de <strong><a href=\"https:\/\/quecartucho.es\/\">cartuchos<\/a><\/strong> de tinta.<\/p>\n\n\n\n<p>Y ahora mismo te estar\u00e1s preguntando: \u00ab\u00bfY qu\u00e9 tiene que ver la NASA con mi impresora?\u00bb<\/p>\n\n\n\n<p>(A estas alturas, ya deber\u00edas saber que en Quecartucho somos capaces de encontrar relaci\u00f3n hasta entre un gusano de seda \ud83d\udc1b y un tubo de escape).<\/p>\n\n\n\n<p>Pues lo que tiene que ver es que somos como el equipo de control de misi\u00f3n del Apolo 13: no importa cu\u00e1ntas veces nos digas \u201cHouston, tenemos un problema\u201d, que nosotros iremos al rescate \ud83c\udf15<\/p>\n\n\n\n<p>\u00bfQu\u00e9 tu cartucho decide hacer un amago de despegue y no funciona? \ud83d\ude80 \u00a1Pues ya est\u00e1s tardando en llamarnos! Te ense\u00f1amos a instalarlo o a resolver el problema cu\u00e1l tutorial de YouTube (pero sin anuncios).<\/p>\n\n\n\n<p>\u00bfQu\u00e9 tu impresora est\u00e1 m\u00e1s sola que la una y no encuentra a su media naranja cartuchil? \ud83c\udf4a \u00a1No problemo! Te aconsejamos para que <a href=\"https:\/\/quecartucho.es\/blog\/\">elijas su pareja perfecta<\/a>.<\/p>\n\n\n\n<p>Y oye, si tu cartucho te ha llegado en malas condiciones, si se te ha escacharrado, o si sencillamente, no lo quieres en tu vida \u27a1\ufe0f lo-de-vuel-ves. As\u00ed de facilito. Sin preguntas, sin malos rollos. <strong>Que para algo ofrecemos 5 a\u00f1os de garant\u00eda.<\/strong><\/p>\n\n\n\n<figure class=\"wp-block-image size-large\"><img loading=\"lazy\" decoding=\"async\" width=\"1024\" height=\"384\" src=\"https:\/\/quecartucho.es\/blog\/wp-content\/uploads\/2023\/08\/garantia-en-cartuchos-de-tinta-compatibles-de-Quecartucho.es_-1024x384.jpg\" alt=\"\" class=\"wp-image-20036\" title=\"\" srcset=\"https:\/\/quecartucho.es\/blog\/wp-content\/uploads\/2023\/08\/garantia-en-cartuchos-de-tinta-compatibles-de-Quecartucho.es_-1024x384.jpg 1024w, https:\/\/quecartucho.es\/blog\/wp-content\/uploads\/2023\/08\/garantia-en-cartuchos-de-tinta-compatibles-de-Quecartucho.es_-300x113.jpg 300w, https:\/\/quecartucho.es\/blog\/wp-content\/uploads\/2023\/08\/garantia-en-cartuchos-de-tinta-compatibles-de-Quecartucho.es_-768x288.jpg 768w, https:\/\/quecartucho.es\/blog\/wp-content\/uploads\/2023\/08\/garantia-en-cartuchos-de-tinta-compatibles-de-Quecartucho.es_.jpg 1200w\" sizes=\"auto, (max-width: 1024px) 100vw, 1024px\" \/><\/figure>\n\n\n\n<p>As\u00ed que <a href=\"https:\/\/quecartucho.es\/content\/6-cambios-y-devoluciones\">no te preocupes, tu misi\u00f3n de impresi\u00f3n est\u00e1 segura con nosotros. \u00a1Te llevamos a la luna de ida y vuelta! \ud83c\udf15<\/a><\/p>\n\n\n\n<p>El equipo de Quecartucho<\/p>\n","protected":false},"excerpt":{"rendered":"<p>Si t\u00fa dices \u201cHouston\u2026\u201d \ud83e\uddd1\u200d\ud83d\ude80 Nosotros vamos al rescate \u00bfApolo 13 te suena? \u00bfY Tom Hanks flotando en un m\u00f3dulo lunar como si fuera la mism\u00edsima Mary Poppins? Si tu respuesta es \u00ab\u00bfqu\u00e9 me est\u00e1s container?\u00bb, es posible que necesites una sesi\u00f3n de cine cl\u00e1sico urgente (\u00a1hazte palomitas, que el plan es gratis!). Pero no&hellip;&nbsp;<a href=\"https:\/\/quecartucho.es\/blog\/quehistoria\/que-pasa-si-los-cartuchos-no-sirven-si-fallan-o-si-los-quieren-devolver\/\" rel=\"bookmark\">Leer m\u00e1s &raquo;<span class=\"screen-reader-text\">\u00bfQu\u00e9 pasa si los cartuchos no sirven, si fallan o si los quieren devolver?<\/span><\/a><\/p>\n","protected":false},"author":1,"featured_media":20035,"parent":13922,"menu_order":0,"comment_status":"closed","ping_status":"closed","template":"","meta":{"neve_meta_sidebar":"","neve_meta_container":"","neve_meta_enable_content_width":"","neve_meta_content_width":0,"neve_meta_title_alignment":"","neve_meta_author_avatar":"","neve_post_elements_order":"","neve_meta_disable_header":"","neve_meta_disable_footer":"","neve_meta_disable_title":"","episode_type":"","audio_file":"","podmotor_file_id":"","podmotor_episode_id":"","cover_image":"","cover_image_id":"","duration":"","filesize":"","filesize_raw":"","date_recorded":"","explicit":"","block":"","footnotes":""},"class_list":["post-20034","page","type-page","status-publish","has-post-thumbnail","hentry"],"_links":{"self":[{"href":"https:\/\/quecartucho.es\/blog\/wp-json\/wp\/v2\/pages\/20034","targetHints":{"allow":["GET"]}}],"collection":[{"href":"https:\/\/quecartucho.es\/blog\/wp-json\/wp\/v2\/pages"}],"about":[{"href":"https:\/\/quecartucho.es\/blog\/wp-json\/wp\/v2\/types\/page"}],"author":[{"embeddable":true,"href":"https:\/\/quecartucho.es\/blog\/wp-json\/wp\/v2\/users\/1"}],"replies":[{"embeddable":true,"href":"https:\/\/quecartucho.es\/blog\/wp-json\/wp\/v2\/comments?post=20034"}],"version-history":[{"count":3,"href":"https:\/\/quecartucho.es\/blog\/wp-json\/wp\/v2\/pages\/20034\/revisions"}],"predecessor-version":[{"id":20039,"href":"https:\/\/quecartucho.es\/blog\/wp-json\/wp\/v2\/pages\/20034\/revisions\/20039"}],"up":[{"embeddable":true,"href":"https:\/\/quecartucho.es\/blog\/wp-json\/wp\/v2\/pages\/13922"}],"wp:featuredmedia":[{"embeddable":true,"href":"https:\/\/quecartucho.es\/blog\/wp-json\/wp\/v2\/media\/20035"}],"wp:attachment":[{"href":"https:\/\/quecartucho.es\/blog\/wp-json\/wp\/v2\/media?parent=20034"}],"curies":[{"name":"wp","href":"https:\/\/api.w.org\/{rel}","templated":true}]}}