{"id":20090,"date":"2023-08-03T12:57:51","date_gmt":"2023-08-03T10:57:51","guid":{"rendered":"https:\/\/quecartucho.es\/blog\/?page_id=20090"},"modified":"2023-08-03T12:57:51","modified_gmt":"2023-08-03T10:57:51","slug":"el-impacto-ambiental-de-los-cartuchos-de-tinta-compatible","status":"publish","type":"page","link":"https:\/\/quecartucho.es\/blog\/cartuchos\/el-impacto-ambiental-de-los-cartuchos-de-tinta-compatible\/","title":{"rendered":"El impacto ambiental de los cartuchos de tinta compatible"},"content":{"rendered":"\n<p>Vamos a hablar en verde y te prometemos que no haremos chistes subidos de tono \ud83c\udf36\ufe0f<\/p>\n\n\n\n<p>\u00bfSab\u00edas que cada vez que eliges un <a href=\"https:\/\/quecartucho.es\/\">cartucho compatible<\/a> en lugar de uno original, es como si plantaras un \u00e1rbol imaginario en un bosque virtual? \ud83c\udf33\ud83d\udcbb Ou yeah!!<\/p>\n\n\n\n<p>Los <strong>cartuchos compatibles<\/strong> son los superh\u00e9roes del medio ambiente, los Avengers de tu impresora. Son los recicladores, los regeneradores, \u00a1los inmortales del mundo de la impresi\u00f3n! Los cartuchos de tinta compatibles viven mil vidas, se regeneran una y otra vez, \u00a1son como el F\u00e9nix de las impresiones! (oh, par favar cu\u00e1nto entusiasmo le ponemos\u2026).<\/p>\n\n\n\n<div class=\"wp-block-columns is-layout-flex wp-container-core-columns-is-layout-9d6595d7 wp-block-columns-is-layout-flex\">\n<div class=\"wp-block-column is-vertically-aligned-center is-layout-flow wp-block-column-is-layout-flow\">\n<p>Cuando eliges uno, no solo te est\u00e1s ahorrando unos euros, sino que est\u00e1s ayudando a <strong>reducir la cantidad de pl\u00e1stico que se env\u00eda a los vertederos<\/strong>. \u00a1Casi nada!<\/p>\n\n\n\n<p>Pero espera, que no se acaba aqu\u00ed la cosa. Los cartuchos compatibles tambi\u00e9n ahorran energ\u00eda. Pues s\u00ed, porque si se pueden reciclar \ud83d\udd01, \u00bfpa qu\u00e9 fabricar nuevos \ud83e\udd37? Pues eso.<\/p>\n\n\n\n<p>Total, que cada vez que eliges un <a href=\"https:\/\/quecartucho.es\/blog\/cartuchos\/reciclados\/\">cartucho compatible reciclado<\/a> est\u00e1s contribuyendo a salvar el planeta, y qui\u00e9n sabe, quiz\u00e1 tambi\u00e9n est\u00e9s salvando a una colonia de ping\u00fcinos en alg\u00fan lugar de la Ant\u00e1rtida \ud83d\udc27. Y t\u00fa que pensabas que esto de comprar cartuchos compatibles era moco de \ud83e\udd83\u2026<\/p>\n<\/div>\n\n\n\n<div class=\"wp-block-column is-layout-flow wp-block-column-is-layout-flow\">\n<figure class=\"wp-block-image size-large\"><img loading=\"lazy\" decoding=\"async\" width=\"1024\" height=\"764\" src=\"https:\/\/quecartucho.es\/blog\/wp-content\/uploads\/2023\/08\/El-impacto-ambiental-de-los-cartuchos-de-tinta-compatible-1024x764.jpg\" alt=\"El impacto ambiental de los cartuchos de tinta compatible\" class=\"wp-image-20091\" title=\"\" srcset=\"https:\/\/quecartucho.es\/blog\/wp-content\/uploads\/2023\/08\/El-impacto-ambiental-de-los-cartuchos-de-tinta-compatible-1024x764.jpg 1024w, https:\/\/quecartucho.es\/blog\/wp-content\/uploads\/2023\/08\/El-impacto-ambiental-de-los-cartuchos-de-tinta-compatible-300x224.jpg 300w, https:\/\/quecartucho.es\/blog\/wp-content\/uploads\/2023\/08\/El-impacto-ambiental-de-los-cartuchos-de-tinta-compatible-768x573.jpg 768w, https:\/\/quecartucho.es\/blog\/wp-content\/uploads\/2023\/08\/El-impacto-ambiental-de-los-cartuchos-de-tinta-compatible.jpg 1262w\" sizes=\"auto, (max-width: 1024px) 100vw, 1024px\" \/><\/figure>\n<\/div>\n<\/div>\n\n\n\n<p><\/p>\n","protected":false},"excerpt":{"rendered":"<p>Vamos a hablar en verde y te prometemos que no haremos chistes subidos de tono \ud83c\udf36\ufe0f \u00bfSab\u00edas que cada vez que eliges un cartucho compatible en lugar de uno original, es como si plantaras un \u00e1rbol imaginario en un bosque virtual? \ud83c\udf33\ud83d\udcbb Ou yeah!! Los cartuchos compatibles son los superh\u00e9roes del medio ambiente, los Avengers&hellip;&nbsp;<a href=\"https:\/\/quecartucho.es\/blog\/cartuchos\/el-impacto-ambiental-de-los-cartuchos-de-tinta-compatible\/\" rel=\"bookmark\">Leer m\u00e1s &raquo;<span class=\"screen-reader-text\">El impacto ambiental de los cartuchos de tinta compatible<\/span><\/a><\/p>\n","protected":false},"author":1,"featured_media":20092,"parent":461,"menu_order":0,"comment_status":"closed","ping_status":"closed","template":"","meta":{"neve_meta_sidebar":"","neve_meta_container":"","neve_meta_enable_content_width":"","neve_meta_content_width":0,"neve_meta_title_alignment":"","neve_meta_author_avatar":"","neve_post_elements_order":"","neve_meta_disable_header":"","neve_meta_disable_footer":"","neve_meta_disable_title":"","episode_type":"","audio_file":"","podmotor_file_id":"","podmotor_episode_id":"","cover_image":"","cover_image_id":"","duration":"","filesize":"","filesize_raw":"","date_recorded":"","explicit":"","block":"","footnotes":""},"class_list":["post-20090","page","type-page","status-publish","has-post-thumbnail","hentry"],"_links":{"self":[{"href":"https:\/\/quecartucho.es\/blog\/wp-json\/wp\/v2\/pages\/20090","targetHints":{"allow":["GET"]}}],"collection":[{"href":"https:\/\/quecartucho.es\/blog\/wp-json\/wp\/v2\/pages"}],"about":[{"href":"https:\/\/quecartucho.es\/blog\/wp-json\/wp\/v2\/types\/page"}],"author":[{"embeddable":true,"href":"https:\/\/quecartucho.es\/blog\/wp-json\/wp\/v2\/users\/1"}],"replies":[{"embeddable":true,"href":"https:\/\/quecartucho.es\/blog\/wp-json\/wp\/v2\/comments?post=20090"}],"version-history":[{"count":2,"href":"https:\/\/quecartucho.es\/blog\/wp-json\/wp\/v2\/pages\/20090\/revisions"}],"predecessor-version":[{"id":20094,"href":"https:\/\/quecartucho.es\/blog\/wp-json\/wp\/v2\/pages\/20090\/revisions\/20094"}],"up":[{"embeddable":true,"href":"https:\/\/quecartucho.es\/blog\/wp-json\/wp\/v2\/pages\/461"}],"wp:featuredmedia":[{"embeddable":true,"href":"https:\/\/quecartucho.es\/blog\/wp-json\/wp\/v2\/media\/20092"}],"wp:attachment":[{"href":"https:\/\/quecartucho.es\/blog\/wp-json\/wp\/v2\/media?parent=20090"}],"curies":[{"name":"wp","href":"https:\/\/api.w.org\/{rel}","templated":true}]}}