{"id":20106,"date":"2023-08-04T12:12:41","date_gmt":"2023-08-04T10:12:41","guid":{"rendered":"https:\/\/quecartucho.es\/blog\/?page_id=20106"},"modified":"2024-05-16T10:53:20","modified_gmt":"2024-05-16T08:53:20","slug":"cuanto-puedes-ahorrar-utilizando-cartuchos-de-tinta-compatibles-averigualo-aqui","status":"publish","type":"page","link":"https:\/\/quecartucho.es\/blog\/cartuchos\/cuanto-puedes-ahorrar-utilizando-cartuchos-de-tinta-compatibles-averigualo-aqui\/","title":{"rendered":"\u00bfCu\u00e1nto puedes ahorrar utilizando cartuchos de tinta compatibles? \u00a1Aver\u00edgualo aqu\u00ed!"},"content":{"rendered":"\n<p>Spoiler: una <em>jart\u00e1<\/em>. Pero no nos precipitemos\u2026<\/p>\n\n\n\n<h2 class=\"wp-block-heading\"><a><\/a>Ese dinero que se va volando (literalmente)<\/h2>\n\n\n\n<p>Si te dij\u00e9ramos que est\u00e1s echando dinero a volar cada vez que compras un <a href=\"https:\/\/quecartucho.es\/blog\/cartuchos\/cartuchos-de-tinta-originales\/\">cartucho de tinta original<\/a>, \u00bfnos creer\u00edas? S\u00ed s\u00ed, ya sabemos que eres muy espl\u00e9ndido\/a y lo haces en esos momentos de euforia al pagar la cuenta los findes de fiesta. Pero ahora estamos hablando de tu impresora. Esa fiel compa\u00f1era de batallas que tanto amas, y a veces odias (especialmente cuando te pide un <strong><mark style=\"background-color:rgba(0, 0, 0, 0);color:#1af8bd\" class=\"has-inline-color\"><a href=\"https:\/\/quecartucho.es\/\">cartucho<\/a> <\/mark><\/strong>nuevo).<\/p>\n\n\n\n<p>Y como en Quecartucho somos muy de paz y amor \u262e\ufe0f, tenemos el remedio a tus problemas presupuestarios cartuchiles.<\/p>\n\n\n<div id=\"rank-math-faq\" class=\"rank-math-block\">\n<div class=\"rank-math-list \">\n<div id=\"faq-question-1715849379678\" class=\"rank-math-list-item\">\n<h3 class=\"rank-math-question \">Cartuchos de tinta compatibles: \u00bfvale la pena el ahorro?<\/h3>\n<div class=\"rank-math-answer \">\n<img loading=\"lazy\" decoding=\"async\" width=\"300\" height=\"169\" src=\"https:\/\/quecartucho.es\/blog\/wp-content\/uploads\/2024\/05\/Cartuchos-de-tinta-compatibles-\u00bfvale-la-pena-el-ahorro-300x169.webp\" class=\"alignright\" alt=\"Cartuchos de tinta compatibles: \u00bfvale la pena el ahorro?\" title=\"\">\n<p>Es muy facil encontrar articulos en los que se muestra \u00abLos cartuchos de tinta compatibles suelen tener una duraci\u00f3n menor que los originales, por lo que a largo plazo no se ahorra tanto, ya que habr\u00e1 que reemplazarlos con mayor frecuencia que los cartuchos de la marca de la impresora.\u00bb<\/p>\n<p><strong>Es falso que los cartuchos de tinta compatibles duren menos que los originales<\/strong>. De hecho, los fabricantes de cartuchos compatibles basan su negocio en producir art\u00edculos de mayor duraci\u00f3n. Por esta raz\u00f3n, cada vez m\u00e1s personas conf\u00edan en los cartuchos compatibles y no creen las mentiras que difunden los fabricantes de cartuchos originales.<\/p>\n\n<\/div>\n<\/div>\n<\/div>\n<\/div>\n\n\n<div class=\"wp-block-columns is-layout-flex wp-container-core-columns-is-layout-9d6595d7 wp-block-columns-is-layout-flex\">\n<div class=\"wp-block-column is-vertically-aligned-center is-layout-flow wp-block-column-is-layout-flow\">\n<h2 class=\"wp-block-heading\">\u00bfQu\u00e9 son los cartuchos de tinta compatibles?<\/h2>\n\n\n\n<p><\/p>\n\n\n\n<p>Pues mira: t\u00fa alguna ve has o\u00eddo hablar de Robin Hood, \u00bfno? Por mucho que seas del <em>team<\/em> Harry Potter\u2026<\/p>\n\n\n\n<p><\/p>\n\n\n\n<p>Pues los <strong>cartuchos de tinta compatibles<\/strong> son con el bueno de Robin, quitando a los ricos para dar a los pobres, o mejor dicho, quitando a los caros para dar a los econ\u00f3micos.<\/p>\n\n\n\n<p><\/p>\n\n\n\n<p><strong>Los cartuchos compatibles son versiones m\u00e1s asequibles de los cartuchos originales<\/strong>. Fabricados por terceros, no por la marca de tu impresora, ofrecen la misma calidad de impresi\u00f3n pero a un precio mucho m\u00e1s reducido. Vamos, que son como el hermano mellizo del cartucho original, pero con los bolsillos m\u00e1s llenos.<\/p>\n<\/div>\n\n\n\n<div class=\"wp-block-column is-layout-flow wp-block-column-is-layout-flow\">\n<figure class=\"wp-block-image size-large\"><a href=\"\u00bfQu\u00e9 son los cartuchos de tinta compatibles?\"><img loading=\"lazy\" decoding=\"async\" width=\"792\" height=\"1024\" src=\"https:\/\/quecartucho.es\/blog\/wp-content\/uploads\/2023\/08\/\u00bfQue-son-los-cartuchos-de-tinta-compatibles-792x1024.webp\" alt=\"\u00bfQu\u00e9 son los cartuchos de tinta compatibles?\" class=\"wp-image-20115\" title=\"\" srcset=\"https:\/\/quecartucho.es\/blog\/wp-content\/uploads\/2023\/08\/\u00bfQue-son-los-cartuchos-de-tinta-compatibles-792x1024.webp 792w, https:\/\/quecartucho.es\/blog\/wp-content\/uploads\/2023\/08\/\u00bfQue-son-los-cartuchos-de-tinta-compatibles-232x300.webp 232w, https:\/\/quecartucho.es\/blog\/wp-content\/uploads\/2023\/08\/\u00bfQue-son-los-cartuchos-de-tinta-compatibles-768x993.webp 768w, https:\/\/quecartucho.es\/blog\/wp-content\/uploads\/2023\/08\/\u00bfQue-son-los-cartuchos-de-tinta-compatibles.webp 1100w\" sizes=\"auto, (max-width: 792px) 100vw, 792px\" \/><\/a><\/figure>\n<\/div>\n<\/div>\n\n\n\n<h2 class=\"wp-block-heading\">Ahorra como si no hubiera un ma\u00f1ana<\/h2>\n\n\n\n<p>Ya te estamos escuchando preguntar desde el otro lado de la pantalla: \u00abVale, muy bonito todo, pero hagamos n\u00fameros\u2026 \u00bfCu\u00e1nto puedo ahorrar?\u00bb<\/p>\n\n\n\n<p>\u00bfEst\u00e1s sentado\/a?<\/p>\n\n\n\n<p><strong>El ahorro al elegir cartuchos de tinta compatibles puede ser de hasta el 70%<\/strong>. No te frotes los ojos ni ajustes la nitidez de la pantalla. Has le\u00eddo bien. Eso es casi tres veces m\u00e1s tinta por el mismo precio. Con ese ahorro, puedes invitar a tus amigos a un par de rondas de cervezas \ud83c\udf7b&#8230; o <strong>comprar m\u00e1s cartuchos de tinta<\/strong>, claro.<\/p>\n\n\n\n<h2 class=\"wp-block-heading\"><a><\/a>Ojito con los mitos: los cartuchos compatibles da\u00f1an tu impresora<\/h2>\n\n\n\n<p>Seguro que te has encontrado con alg\u00fan <em>cu\u00f1ao<\/em> que te ha dicho eso de: \u201cUy, \u00bfcompatibles vas a comprar? No, por nada\u2026 Es que se te van a cargar la impresora\u201d.<\/p>\n\n\n\n<p>Pues dile al sabiondo de turno que eso es tan cierto como que los elefantes vuelan. Los cartuchos compatibles est\u00e1n dise\u00f1ados para funcionar exactamente igual que los originales, por lo que no causar\u00e1n da\u00f1o alguno a tu querida impresora.<\/p>\n\n\n\n<p>Y tranqui, te damos garant\u00eda de que tampoco se cargan la \u00eddem (\ud83d\ude1d). Puedes descubrir m\u00e1s en nuestro art\u00edculo: \u00ab\u00bf<a href=\"https:\/\/quecartucho.es\/blog\/que-impresoras-pueden-usar-cartuchos-compatibles\/\">Qu\u00e9 impresoras pueden usar cartuchos compatibles<\/a>?\u00bb<\/p>\n\n\n\n<h2 class=\"wp-block-heading\"><a><\/a>Quecartucho: tu nuevo mejor amigo<\/h2>\n\n\n\n<p>As\u00ed que ya sabes, si quieres ahorrar hasta un 70% en cartuchos de tinta y mantener a tu impresora feliz, los cartuchos compatibles son el camino a seguir. Y \u00bfd\u00f3nde puedes conseguirlos? En Quecartucho, por supuesto.<\/p>\n\n\n\n<p>Te ofrecemos<strong> cartuchos de tinta compatibles de alta calidad<\/strong> para una amplia variedad de modelos de impresoras. Tan amplia que algunas marcas lo mismo no sab\u00edas ni que exist\u00edan. Y todo con nuestro servicio V.E.S.:<\/p>\n\n\n\n<ul class=\"wp-block-list\">\n<li>Veloz<\/li>\n\n\n\n<li>Eficiente<\/li>\n\n\n\n<li>Y con una Sonrisa. Porque oye, la tinta es importante, pero tu felicidad lo es m\u00e1s.<\/li>\n<\/ul>\n\n\n\n<p>Bueno, \u00bfa qu\u00e9 esperas? Ahorra en tinta, imprime m\u00e1s y visita nuestra <a href=\"http:\/\/quecartucho.es\">tienda online<\/a> para descubrir el maravilloso mundo de los cartuchos de tinta compatibles, del que ya jam\u00e1s querr\u00e1s salir. \u00a1Imprime feliz!<\/p>\n","protected":false},"excerpt":{"rendered":"<p>Spoiler: una jart\u00e1. Pero no nos precipitemos\u2026 Ese dinero que se va volando (literalmente) Si te dij\u00e9ramos que est\u00e1s echando dinero a volar cada vez que compras un cartucho de tinta original, \u00bfnos creer\u00edas? S\u00ed s\u00ed, ya sabemos que eres muy espl\u00e9ndido\/a y lo haces en esos momentos de euforia al pagar la cuenta los&hellip;&nbsp;<a href=\"https:\/\/quecartucho.es\/blog\/cartuchos\/cuanto-puedes-ahorrar-utilizando-cartuchos-de-tinta-compatibles-averigualo-aqui\/\" rel=\"bookmark\">Leer m\u00e1s &raquo;<span class=\"screen-reader-text\">\u00bfCu\u00e1nto puedes ahorrar utilizando cartuchos de tinta compatibles? \u00a1Aver\u00edgualo aqu\u00ed!<\/span><\/a><\/p>\n","protected":false},"author":1,"featured_media":20107,"parent":461,"menu_order":0,"comment_status":"closed","ping_status":"closed","template":"","meta":{"neve_meta_sidebar":"","neve_meta_container":"","neve_meta_enable_content_width":"","neve_meta_content_width":0,"neve_meta_title_alignment":"","neve_meta_author_avatar":"","neve_post_elements_order":"","neve_meta_disable_header":"","neve_meta_disable_footer":"","neve_meta_disable_title":"","episode_type":"","audio_file":"","podmotor_file_id":"","podmotor_episode_id":"","cover_image":"","cover_image_id":"","duration":"","filesize":"","filesize_raw":"","date_recorded":"","explicit":"","block":"","footnotes":""},"class_list":["post-20106","page","type-page","status-publish","has-post-thumbnail","hentry"],"_links":{"self":[{"href":"https:\/\/quecartucho.es\/blog\/wp-json\/wp\/v2\/pages\/20106","targetHints":{"allow":["GET"]}}],"collection":[{"href":"https:\/\/quecartucho.es\/blog\/wp-json\/wp\/v2\/pages"}],"about":[{"href":"https:\/\/quecartucho.es\/blog\/wp-json\/wp\/v2\/types\/page"}],"author":[{"embeddable":true,"href":"https:\/\/quecartucho.es\/blog\/wp-json\/wp\/v2\/users\/1"}],"replies":[{"embeddable":true,"href":"https:\/\/quecartucho.es\/blog\/wp-json\/wp\/v2\/comments?post=20106"}],"version-history":[{"count":7,"href":"https:\/\/quecartucho.es\/blog\/wp-json\/wp\/v2\/pages\/20106\/revisions"}],"predecessor-version":[{"id":22433,"href":"https:\/\/quecartucho.es\/blog\/wp-json\/wp\/v2\/pages\/20106\/revisions\/22433"}],"up":[{"embeddable":true,"href":"https:\/\/quecartucho.es\/blog\/wp-json\/wp\/v2\/pages\/461"}],"wp:featuredmedia":[{"embeddable":true,"href":"https:\/\/quecartucho.es\/blog\/wp-json\/wp\/v2\/media\/20107"}],"wp:attachment":[{"href":"https:\/\/quecartucho.es\/blog\/wp-json\/wp\/v2\/media?parent=20106"}],"curies":[{"name":"wp","href":"https:\/\/api.w.org\/{rel}","templated":true}]}}