{"id":20396,"date":"2023-08-22T12:33:28","date_gmt":"2023-08-22T10:33:28","guid":{"rendered":"https:\/\/quecartucho.es\/blog\/?page_id=20396"},"modified":"2023-08-23T11:52:38","modified_gmt":"2023-08-23T09:52:38","slug":"impresora-ricoh-no-me-imprime","status":"publish","type":"page","link":"https:\/\/quecartucho.es\/blog\/impresora-ricoh-no-me-imprime\/","title":{"rendered":"Impresora Ricoh no me imprime"},"content":{"rendered":"\n<p>Tener problemas con tu impresora Ricoh puede ser frustrante, especialmente cuando necesitas imprimir documentos importantes. En esta entrada de blog, exploraremos algunas soluciones comunes para abordar el problema de una impresora Ricoh que <strong><a href=\"https:\/\/quecartucho.es\/blog\/cuando-una-impresora-no-imprime-bien\/\">no imprime correctamente<\/a><\/strong>.<\/p>\n\n\n\n<h2 class=\"wp-block-heading\">Posibles soluciones para problemas de impresi\u00f3n en una impresora Ricoh<\/h2>\n\n\n\n<p>Si tu impresora Ricoh no est\u00e1 imprimiendo como deber\u00eda, aqu\u00ed hay algunas soluciones que podr\u00edan ayudarte a resolver el problema:<\/p>\n\n\n\n<div class=\"wp-block-columns is-layout-flex wp-container-core-columns-is-layout-9d6595d7 wp-block-columns-is-layout-flex\">\n<div class=\"wp-block-column is-layout-flow wp-block-column-is-layout-flow\">\n<h3 class=\"wp-block-heading\">Verificar los niveles de t\u00f3ner y papel<\/h3>\n\n\n\n<p>Uno de los problemas m\u00e1s usuales que pueden afectar la capacidad de impresi\u00f3n de tu Ricoh es la falta de <a href=\"https:\/\/quecartucho.es\/16393-toneres\">t\u00f3ner<\/a>. <\/p>\n\n\n\n<p>Aseg\u00farate de verificar los niveles de <a href=\"https:\/\/quecartucho.es\/15-ricoh\"><strong><mark>t\u00f3ner en tu impresora Ricoh<\/mark><\/strong><\/a>. Si el cartucho est\u00e1 casi vac\u00edo, es probable que necesites reemplazarlo para continuar imprimiendo con calidad.<\/p>\n<\/div>\n\n\n\n<div class=\"wp-block-column is-layout-flow wp-block-column-is-layout-flow\"><div class=\"wp-block-image\">\n<figure class=\"aligncenter size-full\"><a href=\"https:\/\/quecartucho.es\/15-ricoh\"><img loading=\"lazy\" decoding=\"async\" width=\"504\" height=\"252\" src=\"https:\/\/quecartucho.es\/blog\/wp-content\/uploads\/2023\/08\/toner-Ricoh-compatible.jpg\" alt=\"toner Ricoh compatible\" class=\"wp-image-20399\" title=\"\" srcset=\"https:\/\/quecartucho.es\/blog\/wp-content\/uploads\/2023\/08\/toner-Ricoh-compatible.jpg 504w, https:\/\/quecartucho.es\/blog\/wp-content\/uploads\/2023\/08\/toner-Ricoh-compatible-300x150.jpg 300w\" sizes=\"auto, (max-width: 504px) 100vw, 504px\" \/><\/a><figcaption class=\"wp-element-caption\"><a href=\"https:\/\/quecartucho.es\/5524-toner-ricoh-compatible\">T\u00f3ner Ricoh<\/a><\/figcaption><\/figure>\n<\/div><\/div>\n<\/div>\n\n\n\n<p><\/p>\n\n\n\n<h3 class=\"wp-block-heading\">Limpiar los cabezales de impresi\u00f3n<\/h3>\n\n\n\n<p>Los cabezales de impresi\u00f3n sucios o obstruidos pueden afectar la calidad de la impresi\u00f3n. Consulta el manual de usuario o en nuestro art\u00edculo especializado \u00ab<a href=\"https:\/\/quecartucho.es\/blog\/que-es-un-cabezal-de-impresion\/como-limpiar-un-cabezal-de-impresion\/\">Limpiar los cabezales de impresi\u00f3n<\/a>\u00bb para obtener instrucciones sobre c\u00f3mo limpiar los cabezales de impresi\u00f3n de tu modelo de impresora Ricoh.<\/p>\n\n\n\n<h3 class=\"wp-block-heading\">Comprobar las conexiones y configuraciones<\/h3>\n\n\n\n<p>La conectividad defectuosa entre tu computadora y la impresora puede llevar a problemas de impresi\u00f3n. Aseg\u00farate de que los cables est\u00e9n correctamente conectados y que los ajustes de red sean los adecuados. Si est\u00e1s utilizando una conexi\u00f3n inal\u00e1mbrica, revisa que la se\u00f1al sea estable para evitar interrupciones durante la impresi\u00f3n.<\/p>\n\n\n<div class=\"wp-block-image\">\n<figure class=\"aligncenter size-full\"><img loading=\"lazy\" decoding=\"async\" width=\"1024\" height=\"576\" src=\"https:\/\/quecartucho.es\/blog\/wp-content\/uploads\/2023\/08\/Comprobar-las-conexiones-y-configuraciones-en-impresoras-ricoh.jpg\" alt=\"Comprobar las conexiones y configuraciones en impresoras ricoh\" class=\"wp-image-20398\" title=\"\" srcset=\"https:\/\/quecartucho.es\/blog\/wp-content\/uploads\/2023\/08\/Comprobar-las-conexiones-y-configuraciones-en-impresoras-ricoh.jpg 1024w, https:\/\/quecartucho.es\/blog\/wp-content\/uploads\/2023\/08\/Comprobar-las-conexiones-y-configuraciones-en-impresoras-ricoh-300x169.jpg 300w, https:\/\/quecartucho.es\/blog\/wp-content\/uploads\/2023\/08\/Comprobar-las-conexiones-y-configuraciones-en-impresoras-ricoh-768x432.jpg 768w\" sizes=\"auto, (max-width: 1024px) 100vw, 1024px\" \/><\/figure>\n<\/div>\n\n\n<h3 class=\"wp-block-heading\">Actualizar controladores y firmware<\/h3>\n\n\n\n<p>Controladores obsoletos o firmware desactualizado pueden causar problemas de impresi\u00f3n. Visita el sitio web de Ricoh para descargar las \u00faltimas actualizaciones de controladores y firmware para tu modelo de impresora.<\/p>\n\n\n\n<h3 class=\"wp-block-heading\">Atascos de papel y obstrucciones<\/h3>\n\n\n\n<p>Los <strong><a href=\"https:\/\/quecartucho.es\/blog\/como-solucionar-un-atasco-de-papel-en-la-impresora\/\">atascos de papel <\/a><\/strong>y las obstrucciones en la trayectoria de papel pueden ser la raz\u00f3n detr\u00e1s de una impresi\u00f3n incompleta o ausente. Abre las cubiertas de tu impresora y verifica si hay papel atascado o elementos obstruyendo el camino del papel. Ret\u00edralos con cuidado para restablecer un flujo de papel sin interrupciones. <\/p>\n\n\n\n<p>Si crees que es por esta causa, mira nuestro art\u00edculo \u00ab<a href=\"https:\/\/quecartucho.es\/blog\/como-solucionar-un-atasco-de-papel-en-la-impresora\/\">\u00bfC\u00f3mo solucionar un atasco de papel en la impresora?<\/a>\u00bb en el que te mostramos todo lo que tienes que saber<\/p>\n\n\n\n<h3 class=\"wp-block-heading\">Reiniciar la impresora<\/h3>\n\n\n\n<p>A veces, simplemente reiniciar la impresora puede resolver problemas temporales. Apaga la impresora, descon\u00e9ctala de la fuente de alimentaci\u00f3n y espera unos minutos antes de volver a encenderla.<\/p>\n\n\n<div class=\"wp-block-image\">\n<figure class=\"aligncenter size-full\"><img loading=\"lazy\" decoding=\"async\" width=\"836\" height=\"1024\" src=\"https:\/\/quecartucho.es\/blog\/wp-content\/uploads\/2023\/08\/impresora-multifuncional-ricoh.webp\" alt=\"\" class=\"wp-image-20401\" title=\"\" srcset=\"https:\/\/quecartucho.es\/blog\/wp-content\/uploads\/2023\/08\/impresora-multifuncional-ricoh.webp 836w, https:\/\/quecartucho.es\/blog\/wp-content\/uploads\/2023\/08\/impresora-multifuncional-ricoh-245x300.webp 245w, https:\/\/quecartucho.es\/blog\/wp-content\/uploads\/2023\/08\/impresora-multifuncional-ricoh-768x941.webp 768w\" sizes=\"auto, (max-width: 836px) 100vw, 836px\" \/><\/figure>\n<\/div>\n\n\n<h4 class=\"wp-block-heading\"><strong>Comprueba la fuente y el formato del texto<\/strong><\/h4>\n\n\n\n<p>Aseg\u00farate de que la fuente y el estilo de texto que est\u00e1s utilizando sean compatibles con la impresora. Algunas impresoras pueden tener dificultades para imprimir fuentes muy extravagantes o estilos de texto inusuales.<\/p>\n\n\n\n<h4 class=\"wp-block-heading\"><strong>Utiliza un formato de archivo est\u00e1ndar<\/strong><\/h4>\n\n\n\n<p>Aseg\u00farate de que el documento que est\u00e1s intentando imprimir est\u00e9 en un formato de archivo est\u00e1ndar, como PDF o DOCX. Algunos formatos de archivo pueden contener caracter\u00edsticas de formato que no son compatibles con todas las impresoras.<\/p>\n\n\n\n<h4 class=\"wp-block-heading\">Consultar el servicio t\u00e9cnico de Ricoh<\/h4>\n\n\n\n<p>Si ninguna de estas soluciones resuelve el problema, es posible que debas contactar al servicio t\u00e9cnico de Ricoh. Proporciona detalles precisos sobre el problema que est\u00e1s experimentando para que puedan ofrecerte asistencia adecuada. Tambi\u00e9n puedes indicarnos tu fallo en comentarios y lo miraremos con cari\u00f1o para encontrar una soluci\u00f3n.<\/p>\n\n\n\n<h2 class=\"wp-block-heading\">Soluciones paso a paso para recuperar la impresi\u00f3n<\/h2>\n\n\n\n<h3 class=\"wp-block-heading\">Paso 1: Verifica los niveles de t\u00f3ner y papel<\/h3>\n\n\n\n<p>Comienza por asegurarte de que haya suficiente papel en la bandeja y que el cartucho de t\u00f3ner no est\u00e9 vac\u00edo. Esta simple comprobaci\u00f3n puede resolver el problema de falta de impresi\u00f3n en muchos casos.<\/p>\n\n\n\n<h3 class=\"wp-block-heading\">Paso 2: Inspecciona posibles atascos y obstrucciones<\/h3>\n\n\n\n<p>Abre las cubiertas de la impresora y examina cuidadosamente la trayectoria del papel. Si encuentras papel atascado o alg\u00fan objeto obstruyendo, ret\u00edralo siguiendo las indicaciones del manual de usuario.<\/p>\n\n\n\n<h3 class=\"wp-block-heading\">Paso 3: Revisa la conectividad y ajustes de red<\/h3>\n\n\n\n<p>Verifica que todos los cables est\u00e9n correctamente conectados y que la configuraci\u00f3n de red sea la adecuada. Si usas una conexi\u00f3n inal\u00e1mbrica, cerci\u00f3rate de que la se\u00f1al sea estable.<\/p>\n\n\n\n<h3 class=\"wp-block-heading\">Paso 4: Actualiza controladores y firmware<\/h3>\n\n\n\n<p>Visita el sitio web de Ricoh, descarga e instala las \u00faltimas versiones de controladores y firmware para tu modelo de impresora. Esto puede mejorar la compatibilidad y resolver problemas de impresi\u00f3n.<\/p>\n\n\n<div class=\"wp-block-image\">\n<figure class=\"aligncenter size-full\"><img loading=\"lazy\" decoding=\"async\" width=\"875\" height=\"589\" src=\"https:\/\/quecartucho.es\/blog\/wp-content\/uploads\/2023\/08\/Impresora-Ricoh-no-me-imprime.webp\" alt=\"Impresora Ricoh no me imprime\" class=\"wp-image-20403\" title=\"\" srcset=\"https:\/\/quecartucho.es\/blog\/wp-content\/uploads\/2023\/08\/Impresora-Ricoh-no-me-imprime.webp 875w, https:\/\/quecartucho.es\/blog\/wp-content\/uploads\/2023\/08\/Impresora-Ricoh-no-me-imprime-300x202.webp 300w, https:\/\/quecartucho.es\/blog\/wp-content\/uploads\/2023\/08\/Impresora-Ricoh-no-me-imprime-768x517.webp 768w\" sizes=\"auto, (max-width: 875px) 100vw, 875px\" \/><\/figure>\n<\/div>\n\n\n<p>\u00a1Esperamos que estas soluciones te ayuden a resolver los problemas de impresi\u00f3n en tu impresora Ricoh y a volver a imprimir tus documentos sin complicaciones! Si el problema persiste, no dudes en contactar a Ricoh para obtener ayuda profesional.<\/p>\n","protected":false},"excerpt":{"rendered":"<p>Tener problemas con tu impresora Ricoh puede ser frustrante, especialmente cuando necesitas imprimir documentos importantes. En esta entrada de blog, exploraremos algunas soluciones comunes para abordar el problema de una impresora Ricoh que no imprime correctamente. Posibles soluciones para problemas de impresi\u00f3n en una impresora Ricoh Si tu impresora Ricoh no est\u00e1 imprimiendo como deber\u00eda,&hellip;&nbsp;<a href=\"https:\/\/quecartucho.es\/blog\/impresora-ricoh-no-me-imprime\/\" rel=\"bookmark\">Leer m\u00e1s &raquo;<span class=\"screen-reader-text\">Impresora Ricoh no me imprime<\/span><\/a><\/p>\n","protected":false},"author":1,"featured_media":20402,"parent":0,"menu_order":0,"comment_status":"open","ping_status":"closed","template":"","meta":{"neve_meta_sidebar":"","neve_meta_container":"","neve_meta_enable_content_width":"","neve_meta_content_width":0,"neve_meta_title_alignment":"","neve_meta_author_avatar":"","neve_post_elements_order":"","neve_meta_disable_header":"","neve_meta_disable_footer":"","neve_meta_disable_title":"","episode_type":"","audio_file":"","podmotor_file_id":"","podmotor_episode_id":"","cover_image":"","cover_image_id":"","duration":"","filesize":"","filesize_raw":"","date_recorded":"","explicit":"","block":"","footnotes":""},"class_list":["post-20396","page","type-page","status-publish","has-post-thumbnail","hentry"],"_links":{"self":[{"href":"https:\/\/quecartucho.es\/blog\/wp-json\/wp\/v2\/pages\/20396","targetHints":{"allow":["GET"]}}],"collection":[{"href":"https:\/\/quecartucho.es\/blog\/wp-json\/wp\/v2\/pages"}],"about":[{"href":"https:\/\/quecartucho.es\/blog\/wp-json\/wp\/v2\/types\/page"}],"author":[{"embeddable":true,"href":"https:\/\/quecartucho.es\/blog\/wp-json\/wp\/v2\/users\/1"}],"replies":[{"embeddable":true,"href":"https:\/\/quecartucho.es\/blog\/wp-json\/wp\/v2\/comments?post=20396"}],"version-history":[{"count":7,"href":"https:\/\/quecartucho.es\/blog\/wp-json\/wp\/v2\/pages\/20396\/revisions"}],"predecessor-version":[{"id":20410,"href":"https:\/\/quecartucho.es\/blog\/wp-json\/wp\/v2\/pages\/20396\/revisions\/20410"}],"wp:featuredmedia":[{"embeddable":true,"href":"https:\/\/quecartucho.es\/blog\/wp-json\/wp\/v2\/media\/20402"}],"wp:attachment":[{"href":"https:\/\/quecartucho.es\/blog\/wp-json\/wp\/v2\/media?parent=20396"}],"curies":[{"name":"wp","href":"https:\/\/api.w.org\/{rel}","templated":true}]}}