{"id":20507,"date":"2023-08-30T11:41:09","date_gmt":"2023-08-30T09:41:09","guid":{"rendered":"https:\/\/quecartucho.es\/blog\/?page_id=20507"},"modified":"2023-09-18T10:56:10","modified_gmt":"2023-09-18T08:56:10","slug":"toner-se-seca","status":"publish","type":"page","link":"https:\/\/quecartucho.es\/blog\/toner-para-impresoras-compatibles\/toner-se-seca\/","title":{"rendered":"\u00bfEl t\u00f3ner de impresora l\u00e1ser se seca?"},"content":{"rendered":"\n<p>Hoy vamos a abordar una pregunta que ha desconcertado a muchos: \u00bfse seca el t\u00f3ner de una impresora l\u00e1ser? La respuesta corta es <strong>no<\/strong>, \u00a1pero eso no significa que est\u00e9 exento de problemas!<br><br>Si alguna vez has experimentado que tu impresora l\u00e1ser se niega a imprimir correctamente, con l\u00edneas borrosas o manchas extra\u00f1as en el papel, es posible que hayas pensado que el t\u00f3ner se ha secado. Pero, en realidad, lo que ha sucedido es que se ha apelmazado. S\u00ed, amigos, el <strong><a href=\"https:\/\/quecartucho.es\/16393-toneres\" data-type=\"link\" data-id=\"https:\/\/quecartucho.es\/16393-toneres\">t\u00f3ner<\/a><\/strong> tiene una personalidad rebelde y tiende a formar peque\u00f1os grumos cuando no se usa durante un tiempo.<\/p>\n\n\n\n<div class=\"wp-block-columns is-layout-flex wp-container-core-columns-is-layout-9d6595d7 wp-block-columns-is-layout-flex\">\n<div class=\"wp-block-column is-vertically-aligned-center is-layout-flow wp-block-column-is-layout-flow\">\n<p>El<strong> <a href=\"https:\/\/quecartucho.es\/blog\/toner-para-impresoras-compatibles\/\">t\u00f3ner de impresora l\u00e1ser es una combinaci\u00f3n de polvo de tinta y pol\u00edmeros<\/a><\/strong>, que se derrite y se adhiere al papel cuando imprimimos, generando im\u00e1genes y textos impresionantes. Sin embargo, si no utilizamos la impresora con frecuencia, el t\u00f3ner puede presentar problemas y dar la impresi\u00f3n de haberse secado (en realidad, se apelmaza).<\/p>\n\n\n\n<p><\/p>\n\n\n\n<p>A diferencia de los cartuchos de tinta l\u00edquida, que pueden secarse si no los utilizas con frecuencia, el t\u00f3ner en polvo utilizado en las impresoras l\u00e1ser no se ve afectado por el aire ni se evapora. Sin embargo, debido a su naturaleza fina y en polvo, puede aglomerarse y formar grumos cuando no se agita regularmente.<\/p>\n<\/div>\n\n\n\n<div class=\"wp-block-column is-layout-flow wp-block-column-is-layout-flow\"><div class=\"wp-block-image\">\n<figure class=\"aligncenter size-full\"><a href=\"https:\/\/quecartucho.es\/16393-toneres\"><img loading=\"lazy\" decoding=\"async\" width=\"480\" height=\"409\" src=\"https:\/\/quecartucho.es\/blog\/wp-content\/uploads\/2023\/07\/El-toner-de-impresora-laser-se-seca.jpg\" alt=\"El t\u00f3ner de impresora l\u00e1ser se seca\" class=\"wp-image-19790\" title=\"\" srcset=\"https:\/\/quecartucho.es\/blog\/wp-content\/uploads\/2023\/07\/El-toner-de-impresora-laser-se-seca.jpg 480w, https:\/\/quecartucho.es\/blog\/wp-content\/uploads\/2023\/07\/El-toner-de-impresora-laser-se-seca-300x256.jpg 300w\" sizes=\"auto, (max-width: 480px) 100vw, 480px\" \/><\/a><figcaption class=\"wp-element-caption\">El t\u00f3ner de impresora l\u00e1ser<\/figcaption><\/figure>\n<\/div><\/div>\n<\/div>\n\n\n\n<p><br><br><br><br><br><br>Pero, \u00bfc\u00f3mo evitar este desastre de apelmazamiento? \u00a1Aqu\u00ed vienen los trucos! <br><br><strong>\u279c \u00a1Dale ca\u00f1a a la impresora!<\/strong> Imprimir con regularidad ayudar\u00e1 a mantener el t\u00f3ner en movimiento y evitar\u00e1 que se seque. As\u00ed que, \u00a1imprime ese meme divertido o esa lista de la compra que siempre olvidas!<br><br><strong>\u279c \u00a1Sacude, sacude!<\/strong> Si tienes la impresora parada durante un tiempo, dale un mene\u00edto de vez en cuando. As\u00ed el t\u00f3ner no se asentar\u00e1 en el fondo y se mantendr\u00e1 mezclado como un buen c\u00f3ctel.<br><br><strong>\u279c\u00a1Reemplazo fresco<\/strong>! Si, a pesar de tus esfuerzos, el t\u00f3ner de tu impresora l\u00e1ser sigue seco como un chiste malo, es posible que sea hora de reemplazarlo. Un <strong><a href=\"https:\/\/quecartucho.es\/\">cartucho<\/a><\/strong> nuevo y fresco resolver\u00e1 cualquier problema de sequedad y te garantizar\u00e1 impresiones n\u00edtidas y llenas de color.<br><br>Ahora que ya sabes que <strong>el t\u00f3ner de impresora l\u00e1ser no se seca,<\/strong> no olvides que es crucial mantener en \u00f3ptimas condiciones para obtener impresiones de alta calidad y evitar contratiempos.<br><br>\u00a1Imprime y divi\u00e9rtete sin preocupaciones! <strong>Mant\u00e9n tu t\u00f3ner feliz agit\u00e1ndolo con cari\u00f1o y disfruta de resultados impecables<\/strong>.<\/p>\n","protected":false},"excerpt":{"rendered":"<p>Hoy vamos a abordar una pregunta que ha desconcertado a muchos: \u00bfse seca el t\u00f3ner de una impresora l\u00e1ser? La respuesta corta es no, \u00a1pero eso no significa que est\u00e9 exento de problemas! Si alguna vez has experimentado que tu impresora l\u00e1ser se niega a imprimir correctamente, con l\u00edneas borrosas o manchas extra\u00f1as en el&hellip;&nbsp;<a href=\"https:\/\/quecartucho.es\/blog\/toner-para-impresoras-compatibles\/toner-se-seca\/\" rel=\"bookmark\">Leer m\u00e1s &raquo;<span class=\"screen-reader-text\">\u00bfEl t\u00f3ner de impresora l\u00e1ser se seca?<\/span><\/a><\/p>\n","protected":false},"author":1,"featured_media":20500,"parent":464,"menu_order":0,"comment_status":"closed","ping_status":"closed","template":"","meta":{"neve_meta_sidebar":"","neve_meta_container":"","neve_meta_enable_content_width":"","neve_meta_content_width":0,"neve_meta_title_alignment":"","neve_meta_author_avatar":"","neve_post_elements_order":"","neve_meta_disable_header":"","neve_meta_disable_footer":"","neve_meta_disable_title":"","episode_type":"","audio_file":"","podmotor_file_id":"","podmotor_episode_id":"","cover_image":"","cover_image_id":"","duration":"","filesize":"","filesize_raw":"","date_recorded":"","explicit":"","block":"","footnotes":""},"class_list":["post-20507","page","type-page","status-publish","has-post-thumbnail","hentry"],"_links":{"self":[{"href":"https:\/\/quecartucho.es\/blog\/wp-json\/wp\/v2\/pages\/20507","targetHints":{"allow":["GET"]}}],"collection":[{"href":"https:\/\/quecartucho.es\/blog\/wp-json\/wp\/v2\/pages"}],"about":[{"href":"https:\/\/quecartucho.es\/blog\/wp-json\/wp\/v2\/types\/page"}],"author":[{"embeddable":true,"href":"https:\/\/quecartucho.es\/blog\/wp-json\/wp\/v2\/users\/1"}],"replies":[{"embeddable":true,"href":"https:\/\/quecartucho.es\/blog\/wp-json\/wp\/v2\/comments?post=20507"}],"version-history":[{"count":1,"href":"https:\/\/quecartucho.es\/blog\/wp-json\/wp\/v2\/pages\/20507\/revisions"}],"predecessor-version":[{"id":20508,"href":"https:\/\/quecartucho.es\/blog\/wp-json\/wp\/v2\/pages\/20507\/revisions\/20508"}],"up":[{"embeddable":true,"href":"https:\/\/quecartucho.es\/blog\/wp-json\/wp\/v2\/pages\/464"}],"wp:featuredmedia":[{"embeddable":true,"href":"https:\/\/quecartucho.es\/blog\/wp-json\/wp\/v2\/media\/20500"}],"wp:attachment":[{"href":"https:\/\/quecartucho.es\/blog\/wp-json\/wp\/v2\/media?parent=20507"}],"curies":[{"name":"wp","href":"https:\/\/api.w.org\/{rel}","templated":true}]}}