{"id":20517,"date":"2023-08-30T12:03:04","date_gmt":"2023-08-30T10:03:04","guid":{"rendered":"https:\/\/quecartucho.es\/blog\/?page_id=20517"},"modified":"2023-09-18T10:55:28","modified_gmt":"2023-09-18T08:55:28","slug":"cuando-hay-que-cambiar-el-toner","status":"publish","type":"page","link":"https:\/\/quecartucho.es\/blog\/toner-para-impresoras-compatibles\/cuando-hay-que-cambiar-el-toner\/","title":{"rendered":"\u00bfCu\u00e1ndo hay que cambiar el t\u00f3ner?"},"content":{"rendered":"\n<div class=\"wp-block-columns is-layout-flex wp-container-core-columns-is-layout-9d6595d7 wp-block-columns-is-layout-flex\">\n<div class=\"wp-block-column is-vertically-aligned-center is-layout-flow wp-block-column-is-layout-flow\">\n<p>El momento exacto para cambiar el <strong><a href=\"https:\/\/quecartucho.es\/16393-toneres\">t\u00f3ner<\/a><\/strong> de una impresora depende de varios factores, como la marca y modelo de la impresora, la cantidad de impresiones que realices y el tipo de documentos que imprimas. <\/p>\n\n\n\n<p>Sin embargo, aqu\u00ed hay algunas indicaciones generales para saber cu\u00e1ndo es necesario cambiar el t\u00f3ner:<\/p>\n<\/div>\n\n\n\n<div class=\"wp-block-column is-layout-flow wp-block-column-is-layout-flow\"><div class=\"wp-block-image\">\n<figure class=\"aligncenter size-full\"><a href=\"https:\/\/quecartucho.es\/16393-toneres\"><img loading=\"lazy\" decoding=\"async\" width=\"276\" height=\"183\" src=\"https:\/\/quecartucho.es\/blog\/wp-content\/uploads\/2023\/08\/\u00bfCuando-hay-que-cambiar-el-toner.jpeg\" alt=\"\u00bfCu\u00e1ndo hay que cambiar el t\u00f3ner?\" class=\"wp-image-20201\" title=\"\"><\/a><\/figure>\n<\/div><\/div>\n<\/div>\n\n\n\n<ol class=\"wp-block-list\">\n<li>\u279e <strong>Calidad de impresi\u00f3n<\/strong>: Si notas que la calidad de impresi\u00f3n est\u00e1 disminuyendo, como manchas, rayas o impresiones borrosas, podr\u00eda ser un indicio de que el t\u00f3ner est\u00e1 agot\u00e1ndose.<\/li>\n\n\n\n<li>\u279e <strong>Avisos de la impresora<\/strong>: Muchas impresoras emiten alertas o mensajes en la pantalla cuando el t\u00f3ner est\u00e1 bajo o agotado. Presta atenci\u00f3n a estos mensajes y sigue las indicaciones del fabricante.<\/li>\n\n\n\n<li>\u279e <strong>Cantidad de impresiones<\/strong>: Algunas impresoras tienen una estimaci\u00f3n de la cantidad de p\u00e1ginas que se pueden imprimir con un cartucho de t\u00f3ner. Si superas esta cantidad, es probable que el t\u00f3ner necesite ser reemplazado.<\/li>\n\n\n\n<li>\u279e <strong>P\u00e1ginas p\u00e1lidas o claras<\/strong>: Si las p\u00e1ginas impresas est\u00e1n apareciendo p\u00e1lidas o con colores desvanecidos, es posible que el t\u00f3ner est\u00e9 agot\u00e1ndose.<\/li>\n\n\n\n<li>\u279e <strong>Luces indicadoras<\/strong>: Algunas impresoras tienen luces indicadoras que muestran el estado del t\u00f3ner. Consulta el manual de usuario de tu impresora para comprender qu\u00e9 significa cada luz.<\/li>\n\n\n\n<li>\u279e <strong>Ruido inusual<\/strong>: Si la impresora est\u00e1 haciendo ruidos inusuales, como traqueteos o golpes, podr\u00eda ser una se\u00f1al de que el t\u00f3ner necesita ser reemplazado.<\/li>\n<\/ol>\n\n\n\n<p>Es importante tener en cuenta que estos son solo indicadores generales y que la forma m\u00e1s precisa de determinar cu\u00e1ndo cambiar el t\u00f3ner es seguir las recomendaciones del fabricante y prestar atenci\u00f3n a las se\u00f1ales que proporciona la propia impresora. <strong><a href=\"https:\/\/quecartucho.es\/blog\/toner-para-impresoras-compatibles\/como-cambiar-el-toner-de-la-impresora\/\">Reemplazar el t\u00f3ner<\/a><\/strong> a tiempo garantiza impresiones de calidad y un rendimiento \u00f3ptimo de la impresora.<\/p>\n","protected":false},"excerpt":{"rendered":"<p>El momento exacto para cambiar el t\u00f3ner de una impresora depende de varios factores, como la marca y modelo de la impresora, la cantidad de impresiones que realices y el tipo de documentos que imprimas. Sin embargo, aqu\u00ed hay algunas indicaciones generales para saber cu\u00e1ndo es necesario cambiar el t\u00f3ner: Es importante tener en cuenta&hellip;&nbsp;<a href=\"https:\/\/quecartucho.es\/blog\/toner-para-impresoras-compatibles\/cuando-hay-que-cambiar-el-toner\/\" rel=\"bookmark\">Leer m\u00e1s &raquo;<span class=\"screen-reader-text\">\u00bfCu\u00e1ndo hay que cambiar el t\u00f3ner?<\/span><\/a><\/p>\n","protected":false},"author":1,"featured_media":20520,"parent":464,"menu_order":0,"comment_status":"open","ping_status":"closed","template":"","meta":{"neve_meta_sidebar":"","neve_meta_container":"","neve_meta_enable_content_width":"","neve_meta_content_width":0,"neve_meta_title_alignment":"","neve_meta_author_avatar":"","neve_post_elements_order":"","neve_meta_disable_header":"","neve_meta_disable_footer":"","neve_meta_disable_title":"","episode_type":"","audio_file":"","podmotor_file_id":"","podmotor_episode_id":"","cover_image":"","cover_image_id":"","duration":"","filesize":"","filesize_raw":"","date_recorded":"","explicit":"","block":"","footnotes":""},"class_list":["post-20517","page","type-page","status-publish","has-post-thumbnail","hentry"],"_links":{"self":[{"href":"https:\/\/quecartucho.es\/blog\/wp-json\/wp\/v2\/pages\/20517","targetHints":{"allow":["GET"]}}],"collection":[{"href":"https:\/\/quecartucho.es\/blog\/wp-json\/wp\/v2\/pages"}],"about":[{"href":"https:\/\/quecartucho.es\/blog\/wp-json\/wp\/v2\/types\/page"}],"author":[{"embeddable":true,"href":"https:\/\/quecartucho.es\/blog\/wp-json\/wp\/v2\/users\/1"}],"replies":[{"embeddable":true,"href":"https:\/\/quecartucho.es\/blog\/wp-json\/wp\/v2\/comments?post=20517"}],"version-history":[{"count":3,"href":"https:\/\/quecartucho.es\/blog\/wp-json\/wp\/v2\/pages\/20517\/revisions"}],"predecessor-version":[{"id":20753,"href":"https:\/\/quecartucho.es\/blog\/wp-json\/wp\/v2\/pages\/20517\/revisions\/20753"}],"up":[{"embeddable":true,"href":"https:\/\/quecartucho.es\/blog\/wp-json\/wp\/v2\/pages\/464"}],"wp:featuredmedia":[{"embeddable":true,"href":"https:\/\/quecartucho.es\/blog\/wp-json\/wp\/v2\/media\/20520"}],"wp:attachment":[{"href":"https:\/\/quecartucho.es\/blog\/wp-json\/wp\/v2\/media?parent=20517"}],"curies":[{"name":"wp","href":"https:\/\/api.w.org\/{rel}","templated":true}]}}