{"id":20568,"date":"2023-09-06T16:40:50","date_gmt":"2023-09-06T14:40:50","guid":{"rendered":"https:\/\/quecartucho.es\/blog\/?page_id=20568"},"modified":"2023-09-18T10:54:58","modified_gmt":"2023-09-18T08:54:58","slug":"como-saber-que-cartuchos-son-compatibles-con-mi-impresora-hp","status":"publish","type":"page","link":"https:\/\/quecartucho.es\/blog\/cartuchos\/como-saber-que-cartuchos-son-compatibles-con-mi-impresora-hp\/","title":{"rendered":"\u00bfC\u00f3mo saber qu\u00e9 cartuchos son compatibles con mi impresora HP?"},"content":{"rendered":"\n<p>Es importante saber que los cartuchos HP estan divididos en 3 zonas geogr\u00e1ficas, en cada una de estas zonas aun siendo el mismo cartucho tienen  referencia y nombres distintos, y los cartuchos solo funcionan los de la zona para la que se ha configurado la impresora. Las tres zonas son:<\/p>\n\n\n\n<ol class=\"wp-block-list\">\n<li>Europa y \u00c1frica<\/li>\n\n\n\n<li>Asia y Ocean\u00eda<\/li>\n\n\n\n<li>Am\u00e9ricas.<\/li>\n<\/ol>\n\n\n\n<h2 class=\"wp-block-heading\">Te recomiendo lo siguiente:<\/h2>\n\n\n\n<ol class=\"wp-block-list\">\n<li>Verifica el manual de tu impresora: Consulta el manual de usuario de tu impresora. Por lo general, en el manual se proporciona informaci\u00f3n detallada sobre los cartuchos de tinta o t\u00f3ner compatibles con ese modelo de impresora.<\/li>\n\n\n\n<li>B\u00fasqueda en l\u00ednea: Realiza una b\u00fasqueda en l\u00ednea utilizando el modelo de tu impresora y la marca del cartucho que deseas usar. Puedes encontrar informaci\u00f3n en sitios web de terceros que ofrecen compatibilidad de cartuchos para impresoras espec\u00edficas.<\/li>\n\n\n\n<li>Preguntar a vendedores locales: Si planeas comprar <strong><a href=\"https:\/\/quecartucho.es\/\" data-type=\"link\" data-id=\"https:\/\/quecartucho.es\/\"><mark style=\"background-color:rgba(0, 0, 0, 0);color:#00ff1d\" class=\"has-inline-color\"><em>cartuchos de tinta<\/em><\/mark><\/a><\/strong> o t\u00f3ner en una tienda f\u00edsica, puedes consultar a los vendedores locales. Ellos suelen estar familiarizados con las impresoras y los cartuchos compatibles que tienen en stock. En <strong>quecartucho.es<\/strong> tenemos un chat y un correo electr\u00f3nico&nbsp;donde&nbsp;Pili, Toni, Meri, Jaume, Estela y Manuel te ayuda a encontrar el cartucho, facilit\u00e1ndote la compra y&nbsp;<strong>ahorr\u00e1ndote mucho dinero<\/strong>&nbsp;pero, sobre todo,&nbsp;<strong>mucho tiempo<\/strong>. Y si eres m\u00e1s de llamar o de enviar un&nbsp;<a href=\"https:\/\/api.whatsapp.com\/send\/?phone=%2B34695042909&amp;text&amp;app_absent=0\" target=\"_blank\" rel=\"noreferrer noopener nofollow\">whatsapp<\/a>, estos son nuestros \u260e\ufe0f:<strong><a href=\"tel:937566192\" target=\"_blank\" rel=\"noreferrer noopener\">937 566 192<\/a>&nbsp;|&nbsp;&nbsp;<strong><a href=\"tel:695042909\" target=\"_blank\" rel=\"noreferrer noopener\">695 042 909<\/a><\/strong><\/strong><\/li>\n\n\n\n<li>Compatibilidad del cartucho: Aseg\u00farate de que el cartucho que desees emplear sea compatible en t\u00e9rminos de tama\u00f1o y tipo con tu impresora. Algunas impresoras tienen requisitos espec\u00edficos para los cartuchos. Por eso nosotros ofrecemos devoluci\u00f3n gratuita y 5 a\u00f1os de garant\u00eda.<\/li>\n<\/ol>\n\n\n\n<p> Siempre es recomendable utilizar <strong><a href=\"https:\/\/quecartucho.es\/4336-cartuchos-de-tinta-hp-compatibles\">cartuchos compatibles HP de alta calidad<\/a><\/strong> y asegurarse de que sean adecuados para tu modelo de impresora.<\/p>\n\n\n\n<p><\/p>\n\n\n\n<p>Para saber qu\u00e9 cartuchos son compatibles con tu impresora HP, sigue estos pasos:<\/p>\n\n\n\n<ol class=\"wp-block-list\">\n<li>Visita el sitio web de soporte de HP en espa\u00f1ol: <br>https:\/\/www.hp.com\/es-es\/cartridge\/ink-toner-paper.html<br>https:\/\/www.hp.com\/sg-en\/shop\/hp-67xl-high-yield-tri-color-original-ink-cartridge-3ym58aa.html<br>https:\/\/www.hp.com\/lamerica_nsc_cnt_amer-es\/cartridge\/ink-toner-paper.html<\/li>\n\n\n\n<li>En la p\u00e1gina de inicio, busca la secci\u00f3n \u00ab\u00bfQu\u00e9 cartuchos funcionan con mi impresora HP?\u00bb o una secci\u00f3n similar que se refiera a cartuchos de tinta o t\u00f3ner compatibles. Deber\u00eda estar ubicada en la p\u00e1gina principal, como se menciona en el enlace que proporcionaste.<\/li>\n\n\n\n<li>Haz clic en esa secci\u00f3n para acceder a la informaci\u00f3n relacionada con los cartuchos compatibles.<\/li>\n\n\n\n<li>Dentro de esa secci\u00f3n, deber\u00edas encontrar una opci\u00f3n para buscar tu modelo de impresora. Es posible que haya una barra de b\u00fasqueda o una lista de modelos de impresoras disponibles.<\/li>\n\n\n\n<li>Ingresa el modelo de tu impresora en la barra de b\u00fasqueda o selecciona tu modelo de la lista si est\u00e1 disponible.<\/li>\n\n\n\n<li>Despu\u00e9s de seleccionar o buscar tu modelo de impresora, se mostrar\u00e1 una lista de cartuchos de tinta o t\u00f3ner que son compatibles con esa impresora espec\u00edfica. Esta lista te proporcionar\u00e1 informaci\u00f3n sobre los n\u00fameros y tipos de cartuchos que puedes usar.<\/li>\n\n\n\n<li>Anota los n\u00fameros de cartucho que son compatibles con tu impresora HP. Estos n\u00fameros te ayudar\u00e1n a encontrar los cartuchos correctos cuando compres consumibles para tu impresora.<\/li>\n\n\n\n<li>Si deseas comprar los cartuchos, puedes seguir las instrucciones proporcionadas en la misma p\u00e1gina para obtener m\u00e1s detalles sobre d\u00f3nde adquirirlos y c\u00f3mo hacerlo.<\/li>\n<\/ol>\n\n\n\n<p>Siguiendo estos pasos, podr\u00e1s identificar f\u00e1cilmente los cartuchos de tinta o t\u00f3ner compatibles con tu impresora HP espec\u00edfica.<\/p>\n\n\n\n<p><\/p>\n\n\n\n<p>\u00ab\u00a1No subestimes la importancia de seleccionar la p\u00e1gina de tu regi\u00f3n al comprar cartuchos! Si no lo haces correctamente, podr\u00edas encontrarte en una situaci\u00f3n tan complicada como intentar poner un sombrero en un zapato y luego intentar convencer a tu impresora de que es un zapato de la talla adecuada. Adem\u00e1s, si intentas vender un producto dise\u00f1ado para una regi\u00f3n en otra, podr\u00edas estar jugando al escondite con abogados por infringir las reglas de marcas y patentes. As\u00ed que, en resumen, mejor no te aventures a vender o comprar productos de otras regiones a menos que planees mudarte de continente y tu impresora tambi\u00e9n est\u00e9 lista para la gran mudanza.\u00bb<\/p>\n","protected":false},"excerpt":{"rendered":"<p>Es importante saber que los cartuchos HP estan divididos en 3 zonas geogr\u00e1ficas, en cada una de estas zonas aun siendo el mismo cartucho tienen referencia y nombres distintos, y los cartuchos solo funcionan los de la zona para la que se ha configurado la impresora. Las tres zonas son: Te recomiendo lo siguiente: Siempre&hellip;&nbsp;<a href=\"https:\/\/quecartucho.es\/blog\/cartuchos\/como-saber-que-cartuchos-son-compatibles-con-mi-impresora-hp\/\" rel=\"bookmark\">Leer m\u00e1s &raquo;<span class=\"screen-reader-text\">\u00bfC\u00f3mo saber qu\u00e9 cartuchos son compatibles con mi impresora HP?<\/span><\/a><\/p>\n","protected":false},"author":1,"featured_media":20569,"parent":461,"menu_order":0,"comment_status":"closed","ping_status":"closed","template":"","meta":{"neve_meta_sidebar":"","neve_meta_container":"","neve_meta_enable_content_width":"","neve_meta_content_width":0,"neve_meta_title_alignment":"","neve_meta_author_avatar":"","neve_post_elements_order":"","neve_meta_disable_header":"","neve_meta_disable_footer":"","neve_meta_disable_title":"","episode_type":"","audio_file":"","podmotor_file_id":"","podmotor_episode_id":"","cover_image":"","cover_image_id":"","duration":"","filesize":"","filesize_raw":"","date_recorded":"","explicit":"","block":"","footnotes":""},"class_list":["post-20568","page","type-page","status-publish","has-post-thumbnail","hentry"],"_links":{"self":[{"href":"https:\/\/quecartucho.es\/blog\/wp-json\/wp\/v2\/pages\/20568","targetHints":{"allow":["GET"]}}],"collection":[{"href":"https:\/\/quecartucho.es\/blog\/wp-json\/wp\/v2\/pages"}],"about":[{"href":"https:\/\/quecartucho.es\/blog\/wp-json\/wp\/v2\/types\/page"}],"author":[{"embeddable":true,"href":"https:\/\/quecartucho.es\/blog\/wp-json\/wp\/v2\/users\/1"}],"replies":[{"embeddable":true,"href":"https:\/\/quecartucho.es\/blog\/wp-json\/wp\/v2\/comments?post=20568"}],"version-history":[{"count":3,"href":"https:\/\/quecartucho.es\/blog\/wp-json\/wp\/v2\/pages\/20568\/revisions"}],"predecessor-version":[{"id":20751,"href":"https:\/\/quecartucho.es\/blog\/wp-json\/wp\/v2\/pages\/20568\/revisions\/20751"}],"up":[{"embeddable":true,"href":"https:\/\/quecartucho.es\/blog\/wp-json\/wp\/v2\/pages\/461"}],"wp:featuredmedia":[{"embeddable":true,"href":"https:\/\/quecartucho.es\/blog\/wp-json\/wp\/v2\/media\/20569"}],"wp:attachment":[{"href":"https:\/\/quecartucho.es\/blog\/wp-json\/wp\/v2\/media?parent=20568"}],"curies":[{"name":"wp","href":"https:\/\/api.w.org\/{rel}","templated":true}]}}