{"id":20584,"date":"2023-09-08T18:40:35","date_gmt":"2023-09-08T16:40:35","guid":{"rendered":"https:\/\/quecartucho.es\/blog\/?page_id=20584"},"modified":"2024-05-22T11:12:18","modified_gmt":"2024-05-22T09:12:18","slug":"cartucho-de-impresion-hp-protegido","status":"publish","type":"page","link":"https:\/\/quecartucho.es\/blog\/cartucho-de-impresion-hp-protegido\/","title":{"rendered":"Cartucho de impresi\u00f3n HP Protegido"},"content":{"rendered":"\n<p>El mensaje \u00ab<strong>Cartucho de impresi\u00f3n HP protegido<\/strong>\u00bb se refiere a una advertencia que aparece en las impresoras HP cuando se utiliza un <a href=\"https:\/\/quecartucho.es\/\"><strong><mark style=\"background-color:rgba(0, 0, 0, 0);color:#5bfbaf\" class=\"has-inline-color\">cartucho de tinta<\/mark><\/strong><\/a> que la impresora no reconoce como aut\u00e9ntico o que no cumple con las especificaciones de HP. <\/p>\n\n\n\n<p>Esta <strong>funci\u00f3n de protecci\u00f3n de cartuchos<\/strong> es una medida de seguridad dise\u00f1ada por HP para garantizar la calidad de impresi\u00f3n y la integridad de sus productos. Con la escusa de que bloqueando el cartucho no te lo van a poder quitar y hacer uso de el en otra impresora, bloquean el cartucho para que no se pueda reciclar, ya que con la tinta llena no funcionara en otra impresora del mismo modelo. <\/p>\n\n\n\n<figure class=\"wp-block-video aligncenter\"><video height=\"1080\" style=\"aspect-ratio: 1920 \/ 1080;\" width=\"1920\" controls src=\"https:\/\/quecartucho.es\/blog\/wp-content\/uploads\/2023\/09\/Cartucho-HP-protegido.mp4\"><\/video><figcaption class=\"wp-element-caption\"><a href=\"https:\/\/quecartucho.es\/blog\/podcast\/cartucho-hp-protegido\/\">Cartucho HP protegido<\/a><\/figcaption><\/figure>\n\n\n\n<p><em>(Quien se lleva los cartuchos a otra m\u00e1quina, si cada modelo de impresora lleva tinta distinta, es casi imposible que un ladr\u00f3n \ud83d\udc64\ud83d\udcb0 encuentre a otra persona que emplee la misma tinta si no se dedica a esto <\/em>\ud83d\ude02<em>)<\/em><\/p>\n\n\n\n<p>  <strong>Gracias HP se nota que eres el Pro del <a href=\"https:\/\/es.wikipedia.org\/wiki\/Ecoblanqueo\" rel=\"nofollow noopener\" target=\"_blank\">Greenwashing<\/a> \ud83c\udf0d.<\/strong><\/p>\n\n\n\n<p>Cuando la impresora detecta un cartucho de tinta que no es reconocido como genuino de HP o que no cumple con sus est\u00e1ndares, mostrar\u00e1 este mensaje de advertencia y puede impedir que el cartucho se utilice en la impresora. HP hace esto para proteger la calidad de impresi\u00f3n y prevenir problemas como fugas de tinta, impresiones deficientes o da\u00f1os en la impresora que podr\u00edan ocurrir con cartuchos no aut\u00e9nticos.<\/p>\n\n\n<div class=\"wp-block-image\">\n<figure class=\"aligncenter size-full\"><img loading=\"lazy\" decoding=\"async\" width=\"821\" height=\"561\" src=\"https:\/\/quecartucho.es\/blog\/wp-content\/uploads\/2023\/09\/cartucho-protegido-HP-instalado.png\" alt=\"Cartucho protegido HP instalado\" class=\"wp-image-20594\" title=\"\" srcset=\"https:\/\/quecartucho.es\/blog\/wp-content\/uploads\/2023\/09\/cartucho-protegido-HP-instalado.png 821w, https:\/\/quecartucho.es\/blog\/wp-content\/uploads\/2023\/09\/cartucho-protegido-HP-instalado-300x205.png 300w, https:\/\/quecartucho.es\/blog\/wp-content\/uploads\/2023\/09\/cartucho-protegido-HP-instalado-768x525.png 768w\" sizes=\"auto, (max-width: 821px) 100vw, 821px\" \/><figcaption class=\"wp-element-caption\">Cartucho protegido HP instalado<\/figcaption><\/figure>\n<\/div>\n\n\n<p>Si est\u00e1s viendo este mensaje y est\u00e1s utilizando un cartucho de tinta que crees que es genuino de HP, aseg\u00farate de que sea un cartucho aut\u00e9ntico comprado en un distribuidor confiable. Si est\u00e1s usando un <a href=\"https:\/\/quecartucho.es\/4336-cartuchos-de-tinta-hp-compatibles\">cartucho de tinta HP compatible o recargado<\/a>, es posible que debas contactar con el distribuidor para que te cambie el cartucho por otro.<\/p>\n\n\n\n<p><strong><a href=\"https:\/\/quecartucho.es\/blog\/impresora-hp-no-reconoce-cartucho-compatible\/\">Impresora HP no reconoce cartucho compatible<\/a><\/strong><\/p>\n\n\n\n<h2 class=\"wp-block-heading\">Como Quitar la Protecci\u00f3n de Cartucho en la Impresora HP<\/h2>\n\n\n\n<div class=\"wp-block-columns is-layout-flex wp-container-core-columns-is-layout-9d6595d7 wp-block-columns-is-layout-flex\">\n<div class=\"wp-block-column is-layout-flow wp-block-column-is-layout-flow\">\n<figure class=\"wp-block-embed is-type-video is-provider-youtube wp-block-embed-youtube wp-embed-aspect-16-9 wp-has-aspect-ratio\"><div class=\"wp-block-embed__wrapper\">\n<div class=\"nv-iframe-embed\"><iframe loading=\"lazy\" title=\"Cartucho HP protegido\" width=\"1200\" height=\"675\" src=\"https:\/\/www.youtube.com\/embed\/J1xySI2u23c?feature=oembed\" frameborder=\"0\" allow=\"accelerometer; autoplay; clipboard-write; encrypted-media; gyroscope; picture-in-picture; web-share\" referrerpolicy=\"strict-origin-when-cross-origin\" allowfullscreen><\/iframe><\/div>\n<\/div><\/figure>\n<\/div>\n\n\n\n<div class=\"wp-block-column is-layout-flow wp-block-column-is-layout-flow\">\n<figure class=\"wp-block-embed is-type-video is-provider-youtube wp-block-embed-youtube wp-embed-aspect-16-9 wp-has-aspect-ratio\"><div class=\"wp-block-embed__wrapper\">\n<div class=\"nv-iframe-embed\"><iframe loading=\"lazy\" title=\"Como quitar la protecci\u00f3n  de cartucho en la impresora HP 2135.\" width=\"1200\" height=\"675\" src=\"https:\/\/www.youtube.com\/embed\/3dJUsjwGVl4?feature=oembed\" frameborder=\"0\" allow=\"accelerometer; autoplay; clipboard-write; encrypted-media; gyroscope; picture-in-picture; web-share\" referrerpolicy=\"strict-origin-when-cross-origin\" allowfullscreen><\/iframe><\/div>\n<\/div><\/figure>\n<\/div>\n\n\n\n<div class=\"wp-block-column is-layout-flow wp-block-column-is-layout-flow\">\n<figure class=\"wp-block-embed is-type-video is-provider-youtube wp-block-embed-youtube wp-embed-aspect-16-9 wp-has-aspect-ratio\"><div class=\"wp-block-embed__wrapper\">\n<div class=\"nv-iframe-embed\"><iframe loading=\"lazy\" title=\"Como Quitar la Protecci\u00f3n de Cartucho en la Impresora HP - Como Desactivar Protecci\u00f3n Cartuchos HP\" width=\"1200\" height=\"675\" src=\"https:\/\/www.youtube.com\/embed\/_k9Bbld0-Mw?feature=oembed\" frameborder=\"0\" allow=\"accelerometer; autoplay; clipboard-write; encrypted-media; gyroscope; picture-in-picture; web-share\" referrerpolicy=\"strict-origin-when-cross-origin\" allowfullscreen><\/iframe><\/div>\n<\/div><\/figure>\n<\/div>\n<\/div>\n\n\n\n<h2 class=\"wp-block-heading\">Los pasos a seguir para desactivar la protecci\u00f3n de cartucho son los siguientes:<\/h2>\n\n\n\n<ul class=\"wp-block-list\">\n<li>Haga clic en el bot\u00f3n de inicio del escritorio en la pantalla principal de su PC<\/li>\n\n\n\n<li>Seleccione dispositivos e impresoras.<\/li>\n\n\n\n<li>Seleccione la impresora HP que muestre cartucho de tinta protegido haciendo clic con el bot\u00f3n derecho y clic en \u201cpreferencias de impresi\u00f3n\u201d.<\/li>\n\n\n\n<li>Si tiene los controladores completos de la impresora se abrir\u00e1 la ventana centro de recursos de HP y observaremos la opci\u00f3n \u201cherramientas\/configuraci\u00f3n\u201d.<\/li>\n\n\n\n<li>Haga clic en \u201cprotecci\u00f3n de cartucho\u201d como aparece en la imagen y elija la opci\u00f3n \u201cdeshabilitar\/desactivar la protecci\u00f3n de cartuchos\u201d .<\/li>\n\n\n\n<li>Haga clic en guardar la configuraci\u00f3n y cierre la ventana.<\/li>\n\n\n\n<li>Finalizado el proceso, retire el cartucho de tinta que da \u201cerror de reconocimiento\u201d, apague la impresora y d\u00e9jela desconectada de la corriente el\u00e9ctrica aproximadamente unos 10 minutos o pulse el bot\u00f3n de ON\/OFF durante unos segundos para eliminar la corriente residual que pueda almacenar.<\/li>\n\n\n\n<li>Vuelva a encender la impresora e instale los cartuchos de tinta nuevamente.<\/li>\n\n\n\n<li>No debe confundir el mensaje \u201ccartucho protegido\u201d con otros mensajes de error que pueden salir en la impresora al instalar cartuchos de <strong><a href=\"https:\/\/quecartucho.es\/16394-cartuchos-de-tinta\">tinta<\/a><\/strong> remanufacturados  \/ compatibles como puede ser \u201cconsumibles no autorizados\u201d \u201ccartucho vac\u00edo\u201d<\/li>\n<\/ul>\n","protected":false},"excerpt":{"rendered":"<p>El mensaje \u00abCartucho de impresi\u00f3n HP protegido\u00bb se refiere a una advertencia que aparece en las impresoras HP cuando se utiliza un cartucho de tinta que la impresora no reconoce como aut\u00e9ntico o que no cumple con las especificaciones de HP. Esta funci\u00f3n de protecci\u00f3n de cartuchos es una medida de seguridad dise\u00f1ada por HP&hellip;&nbsp;<a href=\"https:\/\/quecartucho.es\/blog\/cartucho-de-impresion-hp-protegido\/\" rel=\"bookmark\">Leer m\u00e1s &raquo;<span class=\"screen-reader-text\">Cartucho de impresi\u00f3n HP Protegido<\/span><\/a><\/p>\n","protected":false},"author":1,"featured_media":20590,"parent":0,"menu_order":0,"comment_status":"open","ping_status":"closed","template":"","meta":{"neve_meta_sidebar":"","neve_meta_container":"","neve_meta_enable_content_width":"","neve_meta_content_width":0,"neve_meta_title_alignment":"","neve_meta_author_avatar":"","neve_post_elements_order":"","neve_meta_disable_header":"","neve_meta_disable_footer":"","neve_meta_disable_title":"","episode_type":"","audio_file":"","podmotor_file_id":"","podmotor_episode_id":"","cover_image":"","cover_image_id":"","duration":"","filesize":"","filesize_raw":"","date_recorded":"","explicit":"","block":"","footnotes":""},"class_list":["post-20584","page","type-page","status-publish","has-post-thumbnail","hentry"],"_links":{"self":[{"href":"https:\/\/quecartucho.es\/blog\/wp-json\/wp\/v2\/pages\/20584","targetHints":{"allow":["GET"]}}],"collection":[{"href":"https:\/\/quecartucho.es\/blog\/wp-json\/wp\/v2\/pages"}],"about":[{"href":"https:\/\/quecartucho.es\/blog\/wp-json\/wp\/v2\/types\/page"}],"author":[{"embeddable":true,"href":"https:\/\/quecartucho.es\/blog\/wp-json\/wp\/v2\/users\/1"}],"replies":[{"embeddable":true,"href":"https:\/\/quecartucho.es\/blog\/wp-json\/wp\/v2\/comments?post=20584"}],"version-history":[{"count":9,"href":"https:\/\/quecartucho.es\/blog\/wp-json\/wp\/v2\/pages\/20584\/revisions"}],"predecessor-version":[{"id":22464,"href":"https:\/\/quecartucho.es\/blog\/wp-json\/wp\/v2\/pages\/20584\/revisions\/22464"}],"wp:featuredmedia":[{"embeddable":true,"href":"https:\/\/quecartucho.es\/blog\/wp-json\/wp\/v2\/media\/20590"}],"wp:attachment":[{"href":"https:\/\/quecartucho.es\/blog\/wp-json\/wp\/v2\/media?parent=20584"}],"curies":[{"name":"wp","href":"https:\/\/api.w.org\/{rel}","templated":true}]}}