{"id":20681,"date":"2023-09-13T12:34:40","date_gmt":"2023-09-13T10:34:40","guid":{"rendered":"https:\/\/quecartucho.es\/blog\/?page_id=20681"},"modified":"2023-09-18T10:53:47","modified_gmt":"2023-09-18T08:53:47","slug":"como-suspender-el-pixma-print-plan-y-comenzar-a-recortar-tus-gastos","status":"publish","type":"page","link":"https:\/\/quecartucho.es\/blog\/como-suspender-el-pixma-print-plan-y-comenzar-a-recortar-tus-gastos\/","title":{"rendered":"C\u00f3mo suspender el PIXMA Print Plan y comenzar a recortar tus gastos"},"content":{"rendered":"\n<p>Canon <strong><a href=\"https:\/\/quecartucho.es\/blog\/pixma-print-plan-que-es-y-todo-lo-que-tendrias-que-saber\/\" data-type=\"link\" data-id=\"https:\/\/quecartucho.es\/blog\/pixma-print-plan-que-es-y-todo-lo-que-tendrias-que-saber\/\">PIXMA Print Plant<\/a><\/strong> es un servicio lanzado por la marca Canon para proveer de <strong><a href=\"https:\/\/quecartucho.es\/\">cartuchos de tinta<\/a><\/strong> a los propietarios de sus impresoras de forma mensual. <\/p>\n\n\n\n<p>Muchos usuarios se han suscrito a este servicio pensando que les ayudar\u00eda a reducir gastos, pero esto no siempre resulta ser cierto.<\/p>\n\n\n\n<p> En este art\u00edculo, examinaremos el procedimiento para <strong>cancelar la suscripci\u00f3n al PIXMA Print Plan<\/strong> y destacaremos los beneficios principales de tomar esta decisi\u00f3n. Contin\u00faa leyendo para obtener informaci\u00f3n detallada.<\/p>\n\n\n<div id=\"rank-math-faq\" class=\"rank-math-block\">\n<div class=\"rank-math-list \">\n<div id=\"faq-question-1694599911405\" class=\"rank-math-list-item\">\n<h2 class=\"rank-math-question \">\u00bfPuedo cancelarlo PIXMA Print Plan en cualquier momento?<\/h2>\n<div class=\"rank-math-answer \">\n<img loading=\"lazy\" decoding=\"async\" width=\"150\" height=\"150\" src=\"https:\/\/quecartucho.es\/blog\/wp-content\/uploads\/2023\/09\/pixma-print-plan-1-150x150.webp\" class=\"alignright\" alt=\"cancelar Canon PIXMA Print Plan\" title=\"\">\n<p>S\u00ed, puedes cancelar tu plan de impresi\u00f3n en cualquier momento, ya que no hay contratos a largo plazo ni anuales. Sin embargo, tu suscripci\u00f3n terminar\u00e1 cuando finalice el periodo de facturaci\u00f3n. Simplemente, inicia sesi\u00f3n en tu cuenta de Canon y haz clic en\u00a0\u00abSuscripciones\u00bb. <\/p>\n<p>A continuaci\u00f3n, selecciona tu\u00a0suscripci\u00f3n y haz clic en \u00abAjustes\u00bb. Despl\u00e1zate hacia abajo por la p\u00e1gina y, a continuaci\u00f3n, haz clic en el bot\u00f3n \u00ab<strong>Cancelar suscripci\u00f3n<\/strong>\u00bb. Una vez que hayas cancelado tu plan de impresi\u00f3n, podr\u00e1s seguir utilizando tu impresora, pero necesitar\u00e1s tintas que no sean de suscripci\u00f3n para imprimir. <\/p>\n<p>En este punto te recomendamos que consideres los <a href=\"https:\/\/quecartucho.es\/4291-cartuchos-de-tinta-canon-compatibles\"><strong>cartuchos tinta compatible Canon<\/strong><\/a> de Quecartucho.es, son m\u00e1s baratos que los originales, y con la misma calidad, tienen devoluci\u00f3n gratuita (por si no te gustan) y con 5 a\u00f1os de garant\u00eda porque estamos muy seguros de su calidad.<\/p>\n<p> Es una apuesta segura <a href=\"https:\/\/es.piliapp.com\/emojis\/slot-machine\/\" rel=\"nofollow noopener\" target=\"_blank\">\ud83c\udfb0<\/a> \ud83d\udc4c.<\/p>\n\n<\/div>\n<\/div>\n<\/div>\n<\/div>\n\n\n<h2 class=\"wp-block-heading\">\u2705 <strong>Beneficios de darte de baja en el servicio de PIXMA Print Plan<\/strong><\/h2>\n\n\n\n<h3 class=\"wp-block-heading\"><strong>1.<\/strong> <strong>Eliminar un gasto fijo mes a mes<\/strong><\/h3>\n\n\n\n<p>Uno de los problemas del <strong>servicio <\/strong>PIXMA Print Plan es que su contrataci\u00f3n entra\u00f1a un determinado gasto fijo mensual. Al principio puede parecer interesante, especialmente si tienes mucho que imprimir. El problema viene en aquellos meses en donde no tienes nada que imprimir y simplemente dejas activo el servicio, por si acaso.<\/p>\n\n\n\n<p>En el caso de Epson, dar de baja el servicio es m\u00e1s tedioso, ya que implica la propia devoluci\u00f3n de la impresora.<\/p>\n\n\n\n<p>Esto hace que tengas un gasto fijo mes a mes y no te des ni cuenta. Si haces los c\u00e1lculos, te dar\u00e1s cuenta de que est\u00e1s pagando una importante cantidad de dinero a cambio de nada.<\/p>\n\n\n\n<p>El plan m\u00ednimo es de <strong>1,99\u202f\u20ac<\/strong> al mes. Muchos usuarios, sobre todo por pereza, deciden no dar el servicio de baja a pesar de que no lo van a usar en mucho tiempo. Si hacemos los c\u00e1lculos pertinentes, al final habr\u00e1s pagado m\u00e1s de <strong>20\u202f\u20ac <\/strong>y puede que no hayas utilizado la impresora en todo ese tiempo. Y esto todav\u00eda ser\u00e1 m\u00e1s grave en el caso de que tengas un plan m\u00e1s caro.<\/p>\n\n\n\n<h3 class=\"wp-block-heading\"><strong>2.<\/strong> <strong>Pagar\u00e1s por lo que consumas<\/strong><\/h3>\n\n\n\n<p>Epson te propone una serie de planes que podr\u00e1s personalizar en base a tus necesidades de impresi\u00f3n.<\/p>\n\n\n\n<p>El <strong>plan b\u00e1sico<\/strong> tiene asociadas <strong>30 p\u00e1ginas<\/strong>, uno m\u00e1s avanzado incluye <strong>60 p\u00e1ginas<\/strong> a un precio de <strong>4,99 \u20ac<\/strong>, el siguiente <strong>100 p\u00e1ginas<\/strong> a <strong>5.99 \u20ac<\/strong>, y as\u00ed sucesivamente.<\/p>\n\n\n\n<p>El problema de esta forma de plantear las impresiones es que no siempre tenemos control de lo que vamos a imprimir: puede que un mes hayamos elegido la opci\u00f3n b\u00e1sica y tengamos que imprimir algo urgente.<\/p>\n\n\n\n<p>Esto te puede salir caro: en el caso de que no te hayas dado cuenta y sigas usando el mismo plan, cada p\u00e1gina adicional tendr\u00e1 un coste de <strong>0.10 \u20ac<\/strong> en PIXMA Print Plan. Es decir, que podr\u00edas llegar a pagar 1 \u20ac por imprimir 10 p\u00e1ginas m\u00e1s.<\/p>\n\n\n\n<p>Al <strong>dar de baja PIXMA Print Plan<\/strong> y centrarte en los <strong>cartuchos de tinta Canon<\/strong> convencionales, pagar\u00e1s \u00fanicamente por lo que vas a imprimir. En el momento en el que se acabe la tinta, simplemente habr\u00e1 que comprar un nuevo consumible, o recargar el anterior.<\/p>\n\n\n\n<h3 class=\"wp-block-heading\"><strong>3.<\/strong> <strong>Podr\u00e1s distribuir mejor el coste por cada p\u00e1gina<\/strong><\/h3>\n\n\n\n<p>Otro gran problema que tienen los servicios de suscripci\u00f3n de tinta es la manera de contabilizar las p\u00e1ginas. En <strong>Canon PIXMA Print Plan<\/strong> se te contar\u00e1 cada p\u00e1gina impresora como una unidad m\u00e1s dentro de tu plan, con independencia del contenido de la misma.<\/p>\n\n\n\n<p>Esto quiere decir que no importar\u00e1 si una p\u00e1gina sale con una peque\u00f1a imagen en un lateral, con un texto completo o en blanco con tan solo 1 l\u00ednea. En cualquier caso, el contador habr\u00e1 marcado una unidad adicional y contar\u00e1 para el plan de pagos. Esto puede ser catastr\u00f3fico si tienes el plan m\u00e1s b\u00e1sico, ya que habr\u00e1s consumido 1 hojas de las 10 que tienes, cuando no le has dado el m\u00e1ximo rendimiento.<\/p>\n\n\n\n<p>Con los cartuchos convencionales te ser\u00e1 m\u00e1s f\u00e1cil calcular el gasto de tinta bas\u00e1ndonos en el rendimiento de cada impresi\u00f3n.<\/p>\n\n\n\n<h3 class=\"wp-block-heading\"><strong>4.<\/strong> <strong>Canon controlar\u00e1 la conexi\u00f3n de la impresora<\/strong><\/h3>\n\n\n\n<p>Para usar los servicios dePIXMA Print Plan debes tener la impresora conectada a la red de forma frecuente. Si no se conecta en un plazo de 24 horas, dejar\u00e1 de imprimir.<\/p>\n\n\n\n<p>Al darla de baja, evitas que la marca pueda espiar tu conexi\u00f3n cuando te conectas, cuando utilizas la impresora.<\/p>\n\n\n\n<h2 class=\"wp-block-heading\"><strong>Consecuencias de darte de baja en el servicio de Canon PIXMA Print Plan<\/strong><\/h2>\n\n\n\n<p>Antes de cursar la baja en <strong>Epson ReadyPrint<\/strong> existen algunas consecuencias que tendr\u00e1s que sopesar para no llevarte ninguna sorpresa desagradable luego.<\/p>\n\n\n\n<h3 class=\"wp-block-heading\">\u26d4 <strong>Cargos extra<\/strong><\/h3>\n\n\n\n<p>El ciclo de facturaci\u00f3n del plan elegido comenzar\u00e1 desde el d\u00eda en el que te des de alta. Esto quiere decir que cada mes te pasar\u00e1n la factura en ese mismo d\u00eda, a no ser que cambies a un nuevo plan.<\/p>\n\n\n\n<p>Si decides darte de baja antes de que termine el ciclo, incluso habiendo devuelto la impresora, es muy probable que se apliquen <strong>cargos extra<\/strong> hasta que llegue el d\u00eda exacto en el que se dio de alta el servicio.<\/p>\n\n\n\n<p>Esto es muy importante tenerlo en cuenta, ya que muchas de las reclamaciones que recibe la marca Epson est\u00e1n relacionadas precisamente con este problema. Tal y como podemos leer en sus t\u00e9rminos y condiciones, es algo que se ha sopesado.<\/p>\n\n\n\n<h3 class=\"wp-block-heading\">\u26d4 <strong>Finalizaci\u00f3n del servicio<\/strong><\/h3>\n\n\n\n<p>Aunque sea obvio, ten en cuenta que, cuando la baja sea efectiva, ya no podr\u00e1s seguir imprimiendo. B\u00e1sicamente, porque los cartuchos se bloquean y tendras que poner otros.<\/p>\n\n\n\n<p>Sin embargo, lo m\u00e1s habitual es que la impresora sea compatible con cartuchos convencionales, por lo que, mientras se tramita la baja, podemos imprimir con ellos.<\/p>\n\n\n\n<p>Sopesa los pros y los contras del servicio de <strong>Canon PIXMA Print Plan<\/strong> y, si no te convence, ya sabes c\u00f3mo debes darte de baja.<\/p>\n","protected":false},"excerpt":{"rendered":"<p>Canon PIXMA Print Plant es un servicio lanzado por la marca Canon para proveer de cartuchos de tinta a los propietarios de sus impresoras de forma mensual. Muchos usuarios se han suscrito a este servicio pensando que les ayudar\u00eda a reducir gastos, pero esto no siempre resulta ser cierto. En este art\u00edculo, examinaremos el procedimiento&hellip;&nbsp;<a href=\"https:\/\/quecartucho.es\/blog\/como-suspender-el-pixma-print-plan-y-comenzar-a-recortar-tus-gastos\/\" rel=\"bookmark\">Leer m\u00e1s &raquo;<span class=\"screen-reader-text\">C\u00f3mo suspender el PIXMA Print Plan y comenzar a recortar tus gastos<\/span><\/a><\/p>\n","protected":false},"author":1,"featured_media":20726,"parent":0,"menu_order":0,"comment_status":"open","ping_status":"closed","template":"","meta":{"neve_meta_sidebar":"full-width","neve_meta_container":"","neve_meta_enable_content_width":"on","neve_meta_content_width":100,"neve_meta_title_alignment":"","neve_meta_author_avatar":"","neve_post_elements_order":"","neve_meta_disable_header":"","neve_meta_disable_footer":"","neve_meta_disable_title":"","episode_type":"","audio_file":"","podmotor_file_id":"","podmotor_episode_id":"","cover_image":"","cover_image_id":"","duration":"","filesize":"","filesize_raw":"","date_recorded":"","explicit":"","block":"","footnotes":""},"class_list":["post-20681","page","type-page","status-publish","has-post-thumbnail","hentry"],"_links":{"self":[{"href":"https:\/\/quecartucho.es\/blog\/wp-json\/wp\/v2\/pages\/20681","targetHints":{"allow":["GET"]}}],"collection":[{"href":"https:\/\/quecartucho.es\/blog\/wp-json\/wp\/v2\/pages"}],"about":[{"href":"https:\/\/quecartucho.es\/blog\/wp-json\/wp\/v2\/types\/page"}],"author":[{"embeddable":true,"href":"https:\/\/quecartucho.es\/blog\/wp-json\/wp\/v2\/users\/1"}],"replies":[{"embeddable":true,"href":"https:\/\/quecartucho.es\/blog\/wp-json\/wp\/v2\/comments?post=20681"}],"version-history":[{"count":4,"href":"https:\/\/quecartucho.es\/blog\/wp-json\/wp\/v2\/pages\/20681\/revisions"}],"predecessor-version":[{"id":20728,"href":"https:\/\/quecartucho.es\/blog\/wp-json\/wp\/v2\/pages\/20681\/revisions\/20728"}],"wp:featuredmedia":[{"embeddable":true,"href":"https:\/\/quecartucho.es\/blog\/wp-json\/wp\/v2\/media\/20726"}],"wp:attachment":[{"href":"https:\/\/quecartucho.es\/blog\/wp-json\/wp\/v2\/media?parent=20681"}],"curies":[{"name":"wp","href":"https:\/\/api.w.org\/{rel}","templated":true}]}}