{"id":20755,"date":"2023-09-19T10:41:17","date_gmt":"2023-09-19T08:41:17","guid":{"rendered":"https:\/\/quecartucho.es\/blog\/?page_id=20755"},"modified":"2024-04-09T11:37:08","modified_gmt":"2024-04-09T09:37:08","slug":"se-seca-la-tinta-de-la-impresora","status":"publish","type":"page","link":"https:\/\/quecartucho.es\/blog\/se-seca-la-tinta-de-la-impresora\/","title":{"rendered":"\u00bfSe seca la tinta de la impresora?"},"content":{"rendered":"\n<p>Uno de los l\u00edquidos m\u00e1s caros del mundo es la <strong><a href=\"https:\/\/quecartucho.es\/\">tinta de impresora<\/a><\/strong>, con un precio aproximado de <strong>4.000 \u20ac \/ L<\/strong>. Debido a este elevado coste, lo que menos nos apetece es que se deteriore de alguna manera antes de imprimir; por ejemplo, que se seque.<\/p>\n\n\n\n<p>Por desgracia, <strong>la tinta de la impresora se seca<\/strong> y hay varios motivos que lo explican. En este art\u00edculo te los desvelamos, adem\u00e1s de darte algunos consejos para evitar que ocurra.<\/p>\n\n\n\n<p>Si bien es com\u00fanmente aceptado decir que la tinta \u00abse seca\u00bb, es importante distinguir que en la actualidad se emplean dos tipos de tintas: las tintas a base de agua, que efectivamente secan, y las tintas pigmentadas, que tienden a formar grumos o apelmazar.<\/p>\n\n\n\n<p class=\"has-text-align-left has-background\" style=\"background-color:#dcfabf\"><strong><mark style=\"background-color:rgba(0, 0, 0, 0)\" class=\"has-inline-color has-nv-dark-bg-color\">C\u00f3mo evitar la evaporaci\u00f3n prematura de la tinta en los cartuchos<\/mark><\/strong><br><br>\u00a1Hola, amante de las impresoras y el colorido mundo de la tinta! \ud83c\udf08 \u00bfEst\u00e1s listo para aprender c\u00f3mo mantener tus <strong>cartuchos de tinta felices<\/strong> y llenos de vida? \u00a1Claro que s\u00ed! Aqu\u00ed vamos con algunos consejos emocionantes para evitar la evaporaci\u00f3n prematura de la tinta: <br><br>\u2b62 <strong>Haz que tu impresora se sienta c\u00f3moda<\/strong>: Coloca tu impresora en un lugar fresco y seco, lejos de la luz solar directa y del calor excesivo. \u00a1A nadie le gusta estar en un ambiente sofocante, ni siquiera a tus cartuchos de tinta!<br><br>\u2b62 <strong>Usa tu impresora regularmente<\/strong>: \u00bfQui\u00e9n no ama un poco de ejercicio? Del mismo modo, enciende tu impresora y realiza algunas impresiones de vez en cuando para mantener la tinta en movimiento. \u00a1Es como llevar a tus cartuchos de tinta a dar un paseo!<br><br>\u2b62 <strong>Imprime con calidad, no con exceso<\/strong>: No es necesario imprimir una obra maestra cada vez que enciendes la impresora. <strong><a href=\"https:\/\/quecartucho.es\/blog\/como-imprimir-en-borrador\/\">Imprimir en modo borrador<\/a><\/strong> o en blanco y negro cuando sea posible puede ayudar a reducir la evaporaci\u00f3n innecesaria de la tinta. <strong>\u00a1Menos es m\u00e1s!<\/strong><br><br>\u2b62 <strong>Cierra bien la tapa del cartucho<\/strong>: \u00bfAlguna vez has visto a alguien que olvida cerrar la puerta? Bueno, tus cartuchos de tinta tambi\u00e9n necesitan su propio \u00abhogar\u00bb bien cerrado para mantenerse frescos y contentos.<br><br>\u2b62 <strong>Apaga la impresora cuando no la uses<\/strong>: Si no tienes intenci\u00f3n de imprimir en un rato, \u00a1dale un descanso a tu impresora! Apagarla puede ayudar a reducir la evaporaci\u00f3n de la tinta y prolongar la vida \u00fatil de tus cartuchos.<br><br>\u2b62 <strong>Mant\u00e9n limpios los cabezales de impresi\u00f3n<\/strong>: Unos <strong><a href=\"https:\/\/quecartucho.es\/blog\/que-es-un-cabezal-de-impresion\/como-limpiar-un-cabezal-de-impresion\/\">cabezales de impresi\u00f3n limpios <\/a><\/strong>son como una ducha refrescante para tus cartuchos de tinta. Utiliza el software de limpieza de la impresora para mantener todo en orden y evitar obstrucciones.<br><br>\u00a1Y ah\u00ed lo tienes! Con estos consejos alegres y llenos de energ\u00eda, tus cartuchos de tinta estar\u00e1n m\u00e1s felices que nunca y listos para impresionar al mundo con sus vibrantes colores. \u00a1A imprimir y ser feliz! \ud83c\udf89<\/p>\n\n\n<div id=\"rank-math-faq\" class=\"rank-math-block\">\n<div class=\"rank-math-list \">\n<div id=\"faq-question-1695109191007\" class=\"rank-math-list-item\">\n<h2 class=\"rank-math-question \"><strong>\u00bfPor qu\u00e9 se seca la tinta de la impresora?<\/strong><\/h2>\n<div class=\"rank-math-answer \">\n<img loading=\"lazy\" decoding=\"async\" width=\"300\" height=\"200\" src=\"https:\/\/quecartucho.es\/blog\/wp-content\/uploads\/2023\/09\/\u00bfPor-que-se-seca-la-tinta-de-la-impresora-300x200.webp\" class=\"alignright\" alt=\"\u00bfPor qu\u00e9 se seca la tinta de la impresora?\" title=\"\">\n<p>Estos son los principales motivos que explican que se seque la tinta de la impresora:<\/p>\n<p><strong><em>\u27a8<\/em><\/strong> <strong>No imprimir durante alg\u00fan tiempo: <\/strong>es m\u00e1s probable que una impresora se estropee de usarla que de no hacerlo. Si no has impreso durante alg\u00fan tiempo, los cartuchos pueden haberse secado. Se supone que los nuevos modelos est\u00e1n m\u00e1s preparados para evitarlo, y cada cierto tiempo hacen una peque\u00f1a impresi\u00f3n en su almohadilla para que la tinta se mueva por el circuito.<br \/>\u00a0 \u00a0 <br \/><strong><em>\u27a8<\/em><\/strong>\u00a0 <strong>Condiciones inadecuadas de temperatura o humedad: <\/strong>la temperatura de almacenamiento de un cartucho de impresora no deber\u00eda superar los 20 \u00baC, mientras que la humedad relativa deber\u00eda oscilar entre el 20 y el 80%. Si las condiciones no son favorables, la tinta de la impresora podr\u00eda secarse.<\/p>\n<p><strong><em>\u27a8<\/em><\/strong> <strong>Mala conservaci\u00f3n del cartucho: <\/strong>antes de utilizar un cartucho de impresora, habr\u00e1 que quitar un precinto que el fabricante le ha colocado. Pero si ese precinto se retira antes de tiempo, o si se ha colocado de forma incorrecta por un defecto de f\u00e1brica, tambi\u00e9n podr\u00eda llegar a secarse.<\/p>\n<p>La tinta de la impresora tambi\u00e9n se podr\u00eda evaporar con el paso del tiempo, pero la cantidad ser\u00e1 m\u00ednima, por lo que se considera inapreciable.<\/p>\n\n<\/div>\n<\/div>\n<\/div>\n<\/div>\n\n\n<h2 class=\"wp-block-heading\"><strong>C\u00f3mo evitar que se seque la tinta de nuestra impresora<\/strong><\/h2>\n\n\n\n<p>Ya conoces los principales motivos que podr\u00edan provocar que la tinta de impresora se seque. Siguiendo estos consejos, lo podr\u00e1s evitar:<\/p>\n\n\n\n<h3 class=\"wp-block-heading\"><strong>1)<\/strong> &nbsp; &nbsp; <strong>Imprime de vez en cuando<\/strong><\/h3>\n\n\n\n<p>Las impresoras suelen estar preparadas para que la tinta no se seque cuando no las hemos utilizado durante alg\u00fan tiempo, pero hay un l\u00edmite.<\/p>\n\n\n\n<p>C\u00f3mo ocurre con pr\u00e1cticamente cualquier tipo de aparato, es fundamental utilizarlo de vez en cuando para evitar que se pueda estropear.<\/p>\n\n\n\n<p>No hace falta hacer grandes impresiones: con imprimir una hoja de prueba de vez en cuando deber\u00eda ser m\u00e1s que suficiente.<\/p>\n\n\n\n<h3 class=\"wp-block-heading\"><strong>2)<\/strong> &nbsp; &nbsp; <strong>Prot\u00e9gela si no la vas a usar durante alg\u00fan tiempo<\/strong><\/h3>\n\n\n\n<p>Ciertos elementos del entorno pueden ser perjudiciales para la conservaci\u00f3n de la impresora, como el <strong>polvo<\/strong>. Para evitar que pueda penetrar en las zonas h\u00famedas de los inyectores y producir un atasco puedes <strong>cubrir la impresora con una funda<\/strong>.<\/p>\n\n\n\n<p>De hecho, si pudieras adquirir el h\u00e1bito de cubrirla todos los d\u00edas alargar\u00edas su tiempo de vida \u00fatil de una manera importante.<\/p>\n\n\n\n<h3 class=\"wp-block-heading\"><strong>3)<\/strong> &nbsp; &nbsp; <strong>Cuidado con las temperaturas extremas<\/strong><\/h3>\n\n\n\n<p>En los \u00faltimos a\u00f1os hemos vivido unos veranos muy calurosos y estas temperaturas elevadas pueden afectar al rendimiento de una impresora. Lo ideal es que se mantengan a una <strong>temperatura de 20\u00baC<\/strong>, por lo que deber\u00edas extremar las precauciones si tienes el perif\u00e9rico en una habitaci\u00f3n muy calurosa.<\/p>\n\n\n\n<p>Tampoco es recomendable colocarla al lado de un ventilador, ya que la tinta se podr\u00eda resecar.<\/p>\n\n\n\n<p>Cuando llega el invierno habr\u00e1 que tener mucho cuidado de no colocarla cerca de un radiador o de cualquier otro aparato de calefacci\u00f3n.<\/p>\n\n\n\n<p>En cuanto a la temperatura m\u00ednima, <strong>no se recomienda imprimir a menos de 10\u00baC<\/strong>.<\/p>\n\n\n\n<h3 class=\"wp-block-heading\"><strong>4)<\/strong> &nbsp; &nbsp; <strong>Guarda el cartucho de la impresora<\/strong><\/h3>\n\n\n\n<p>Si no vas a usar la impresora durante un tiempo, y la opci\u00f3n de cubrirla no es viable, tambi\u00e9n tienes la opci\u00f3n de <strong>sacar el cartucho de la impresora en un pl\u00e1stico con una tapa herm\u00e9tica<\/strong>. Para evitar que se seque, coloca una peque\u00f1a esponja h\u00fameda.<\/p>\n\n\n\n<p>En cuanto a la posici\u00f3n de colocaci\u00f3n, lo m\u00e1s recomendable es que sea en vertical.<\/p>\n\n\n\n<p>Una vez que lo saques de la impresora, deber\u00edas almacenarlo cuanto antes porque, de lo contrario, no tardar\u00e1 en secarse.<\/p>\n\n\n\n<h3 class=\"wp-block-heading\"><strong>5)<\/strong> &nbsp; &nbsp; <strong>Haz una limpieza de cabezales<\/strong><\/h3>\n\n\n\n<p>Para alargar el tiempo de vida \u00fatil de los cartuchos es recomendable <strong>hacer una limpieza de cabezales de vez en cuando<\/strong>. No cometas el error de hacerla tan solo cuanto empiecen a fallar; si lo haces de forma regular, no tendr\u00e1s nada que lamentar.<\/p>\n\n\n\n<h2 class=\"wp-block-heading\"><strong>C\u00f3mo conservar los cartuchos de tinta<\/strong><\/h2>\n\n\n\n<p>Ya hemos visto que la mejor manera de conservar los cartuchos de tinta de una impresora es en las condiciones de temperatura y humedad recomendados por el fabricante. Es decir, entre <strong>10-20\u00baC y 20-80% de humedad relativa<\/strong>.<\/p>\n\n\n\n<p>Si el cartucho ya est\u00e1 siendo usado y quieres sacarlo de la impresora, gu\u00e1rdalo en un recipiente herm\u00e9tico y usa una esponja h\u00fameda.<\/p>\n\n\n\n<p>Trucos para que no se seque<\/p>\n\n\n\n<p>Si est\u00e1s buscando otros trucos para evitar que se te sequen los cartuchos de tinta, puedes echarle un vistazo a <a href=\"https:\/\/quecartucho.es\/blog\/como-guardar-los-cartuchos-de-tinta-cuando-no-se-usan\/\"><strong>este art\u00edculo<\/strong><\/a>.<\/p>\n\n\n\n<p>Ten en cuenta los consejos de este art\u00edculo y podr\u00e1s asegurarte de que la tinta de impresora est\u00e1 siempre en buenas condiciones para una nueva impresi\u00f3n.<\/p>\n\n\n\n<hr class=\"wp-block-separator has-alpha-channel-opacity\"\/>\n\n\n\n<p>Las impresoras utilizan com\u00fanmente dos tipos de tinta: tinta a base de agua y tinta pigmentada. Estas dos variantes tienen propiedades distintas que influyen en la calidad de impresi\u00f3n y en la durabilidad de los documentos producidos.<\/p>\n\n\n\n<p>La <strong><a href=\"https:\/\/quecartucho.es\/blog\/cartuchos\/cartuchos-de-tinta-compatibles-garantia-de-calidad-y-satisfaccion\/que-es-la-tinta-a-base-al-agua-tinta-dye\/\" data-type=\"page\" data-id=\"20762\">tinta a base de agua<\/a><\/strong> se caracteriza por su r\u00e1pido secado una vez que se deposita sobre el papel. Esto es posible gracias a que el agua act\u00faa como solvente, permitiendo que la tinta se absorba en el papel de manera eficiente. Esta tinta es ideal para la impresi\u00f3n de documentos que no requieren resistencia al agua o al desgaste, como documentos de oficina, texto, o gr\u00e1ficos de colores vibrantes. Sin embargo, su desventaja es que no es tan resistente al agua o a la decoloraci\u00f3n con el tiempo.<\/p>\n\n\n\n<p>Por otro lado, la <strong><a href=\"https:\/\/quecartucho.es\/blog\/cartuchos\/cartuchos-de-tinta-compatibles-garantia-de-calidad-y-satisfaccion\/que-es-la-tinta-pigmentada\/\" data-type=\"page\" data-id=\"20757\">tinta pigmentada<\/a><\/strong> utiliza part\u00edculas de pigmento suspendidas en un l\u00edquido especial, en lugar de agua. Estos pigmentos son m\u00e1s gruesos y resistentes que las tintas a base de agua, lo que les proporciona una mayor durabilidad. Las impresiones con tinta pigmentada son menos propensas a desvanecerse con la exposici\u00f3n al agua o la luz solar, lo que las hace ideales para la impresi\u00f3n de fotograf\u00edas y documentos que necesitan ser resistentes al agua y al paso del tiempo. Sin embargo, una desventaja de las tintas pigmentadas es que su secado es m\u00e1s lento, y las part\u00edculas de pigmento pueden apelmazarse en el fondo del cartucho si la impresora no se utiliza con regularidad.<\/p>\n\n\n\n<p>En resumen, la elecci\u00f3n entre tinta a base de agua y tinta pigmentada depende del tipo de impresi\u00f3n que necesites. Si buscas secado r\u00e1pido y colores vibrantes para documentos de uso diario, la tinta a base de agua puede ser la mejor opci\u00f3n. En cambio, si buscas durabilidad y resistencia al agua para impresiones fotogr\u00e1ficas o documentos importantes, la tinta pigmentada es la elecci\u00f3n preferida, aunque es importante tener en cuenta que requerir\u00e1 un mantenimiento adecuado para evitar que las part\u00edculas de pigmento se apelmacen en el cartucho.<\/p>\n","protected":false},"excerpt":{"rendered":"<p>Uno de los l\u00edquidos m\u00e1s caros del mundo es la tinta de impresora, con un precio aproximado de 4.000 \u20ac \/ L. Debido a este elevado coste, lo que menos nos apetece es que se deteriore de alguna manera antes de imprimir; por ejemplo, que se seque. Por desgracia, la tinta de la impresora se&hellip;&nbsp;<a href=\"https:\/\/quecartucho.es\/blog\/se-seca-la-tinta-de-la-impresora\/\" rel=\"bookmark\">Leer m\u00e1s &raquo;<span class=\"screen-reader-text\">\u00bfSe seca la tinta de la impresora?<\/span><\/a><\/p>\n","protected":false},"author":1,"featured_media":20771,"parent":0,"menu_order":0,"comment_status":"open","ping_status":"closed","template":"","meta":{"neve_meta_sidebar":"","neve_meta_container":"","neve_meta_enable_content_width":"","neve_meta_content_width":0,"neve_meta_title_alignment":"","neve_meta_author_avatar":"","neve_post_elements_order":"","neve_meta_disable_header":"","neve_meta_disable_footer":"","neve_meta_disable_title":"","episode_type":"","audio_file":"","podmotor_file_id":"","podmotor_episode_id":"","cover_image":"","cover_image_id":"","duration":"","filesize":"","filesize_raw":"","date_recorded":"","explicit":"","block":"","footnotes":""},"class_list":["post-20755","page","type-page","status-publish","has-post-thumbnail","hentry"],"_links":{"self":[{"href":"https:\/\/quecartucho.es\/blog\/wp-json\/wp\/v2\/pages\/20755","targetHints":{"allow":["GET"]}}],"collection":[{"href":"https:\/\/quecartucho.es\/blog\/wp-json\/wp\/v2\/pages"}],"about":[{"href":"https:\/\/quecartucho.es\/blog\/wp-json\/wp\/v2\/types\/page"}],"author":[{"embeddable":true,"href":"https:\/\/quecartucho.es\/blog\/wp-json\/wp\/v2\/users\/1"}],"replies":[{"embeddable":true,"href":"https:\/\/quecartucho.es\/blog\/wp-json\/wp\/v2\/comments?post=20755"}],"version-history":[{"count":9,"href":"https:\/\/quecartucho.es\/blog\/wp-json\/wp\/v2\/pages\/20755\/revisions"}],"predecessor-version":[{"id":22293,"href":"https:\/\/quecartucho.es\/blog\/wp-json\/wp\/v2\/pages\/20755\/revisions\/22293"}],"wp:featuredmedia":[{"embeddable":true,"href":"https:\/\/quecartucho.es\/blog\/wp-json\/wp\/v2\/media\/20771"}],"wp:attachment":[{"href":"https:\/\/quecartucho.es\/blog\/wp-json\/wp\/v2\/media?parent=20755"}],"curies":[{"name":"wp","href":"https:\/\/api.w.org\/{rel}","templated":true}]}}