{"id":20793,"date":"2023-09-28T12:32:41","date_gmt":"2023-09-28T10:32:41","guid":{"rendered":"https:\/\/quecartucho.es\/blog\/?page_id=20793"},"modified":"2023-09-28T12:32:42","modified_gmt":"2023-09-28T10:32:42","slug":"eres-habitante-de-ysilandia-no-sabes-si-lo-eres-pues-sigue-leyendo","status":"publish","type":"page","link":"https:\/\/quecartucho.es\/blog\/quehistoria\/eres-habitante-de-ysilandia-no-sabes-si-lo-eres-pues-sigue-leyendo\/","title":{"rendered":"\u00bfEres habitante de Ysilandia? \u00bfNo sabes si lo eres? Pues sigue leyendo"},"content":{"rendered":"\n<p>F\u00edjate, resulta que lo mismo tienes una nacionalidad que ni sab\u00edas \ud83c\udf0d<\/p>\n\n\n\n<p>Ysiland\u00e9s\/a.<\/p>\n\n\n\n<p>No, no island\u00e9s\/a.<\/p>\n\n\n\n<p>Ysiland\u00e9s\/a de \u27a1\ufe0f Ysiliandia.<\/p>\n\n\n\n<p>Los habitantes de Ysilandia se caracterizan por vivir en un sinvivir, b\u00e1sicamente \ud83d\ude30. Y en el mundo de las impresiones, este sinvivir vendr\u00eda a ser un:<\/p>\n\n\n\n<p>\ud83e\udd2f \u201c\u00bfY si le pongo a la impresora cartuchos compatibles y se me escacharra?\u201d<\/p>\n\n\n\n<p>\ud83e\udd14\u201c\u00bfY si los cartuchos compatibles dan al traste con la garant\u00eda?\u201d<\/p>\n\n\n\n<p>\ud83c\udfa5 \u201c\u00bfY si me salen unas impresiones m\u00e1s malas que que una peli de serie B rodada con un m\u00f3vil del a\u00f1o 2000?\u201d<\/p>\n\n\n\n<p>\ud83d\ude13 \u201c\u00bfY si la tienda que me vende los cartuchos se desentiende cuando tenga un problema y me deja tirado\/a?\u201d<\/p>\n\n\n\n<p>\u201c\u00bfY si, y si, y si\u2026?\u201d<\/p>\n\n\n\n<p>Nuestra recomendaci\u00f3n, si resulta que eres de Ysilandia, es que te cambies de nacionalidad y te conviertas en quecartuchense.<\/p>\n\n\n\n<p>Los quecartuchenses son conocidos por disfrutar de la vida cu\u00e1l enanos \ud83d\ude04 y vivir con cero preocupaciones, porque en su tierra, Quecartucho, no tienen problemas de ning\u00fan tipo:<\/p>\n\n\n\n<p>\ud83c\udf08 Les salen unas impresiones n\u00edtidas que ni con realidad virtual.<\/p>\n\n\n\n<p>\ud83e\udd11 Los <strong><a href=\"https:\/\/quecartucho.es\/\">cartuchos<\/a><\/strong> les salen m\u00e1s baratos que unos calcetines desparejados en una tienda de saldos.<\/p>\n\n\n\n<p>\ud83d\ude80 Nunca se quedan sin ellos, porque los reciben tan r\u00e1pido que a veces creen que est\u00e1n protagonizando un episodio de Star Trek.<\/p>\n\n\n\n<p>\ud83d\ude0d Y nunca se sienten solos, porque est\u00e1n rodeados de un servicio al cliente que les mima, les cuida y les idolatra.<\/p>\n\n\n\n<p>\u00bfQue qu\u00e9 hay que hacer para convertirse en quecartuchense? Simplemente comprar en <a href=\"https:\/\/quecartucho.es\/\" data-type=\"link\" data-id=\"https:\/\/quecartucho.es\/\">Quecartucho<\/a> \ud83d\uded2<\/p>\n\n\n\n<p>Venga, hazte cuidadano\/a de la naci\u00f3n donde la tinta no es tinta, son gotitas de felicidad (qu\u00e9 bonito\u2026).<\/p>\n\n\n\n<p>El equipo de Quecartucho.<\/p>\n\n\n\n<figure class=\"wp-block-embed is-type-video is-provider-youtube wp-block-embed-youtube wp-embed-aspect-4-3 wp-has-aspect-ratio\"><div class=\"wp-block-embed__wrapper\">\n<div class=\"nv-iframe-embed\"><iframe loading=\"lazy\" title=\"\u00bfTu tambi\u00e9n vives en Ysilandia? por Sonia Cervantes\" width=\"1200\" height=\"900\" src=\"https:\/\/www.youtube.com\/embed\/AA1wBwPxfPQ?feature=oembed\" frameborder=\"0\" allow=\"accelerometer; autoplay; clipboard-write; encrypted-media; gyroscope; picture-in-picture; web-share\" allowfullscreen><\/iframe><\/div>\n<\/div><\/figure>\n","protected":false},"excerpt":{"rendered":"<p>F\u00edjate, resulta que lo mismo tienes una nacionalidad que ni sab\u00edas \ud83c\udf0d Ysiland\u00e9s\/a. No, no island\u00e9s\/a. Ysiland\u00e9s\/a de \u27a1\ufe0f Ysiliandia. Los habitantes de Ysilandia se caracterizan por vivir en un sinvivir, b\u00e1sicamente \ud83d\ude30. Y en el mundo de las impresiones, este sinvivir vendr\u00eda a ser un: \ud83e\udd2f \u201c\u00bfY si le pongo a la impresora cartuchos&hellip;&nbsp;<a href=\"https:\/\/quecartucho.es\/blog\/quehistoria\/eres-habitante-de-ysilandia-no-sabes-si-lo-eres-pues-sigue-leyendo\/\" rel=\"bookmark\">Leer m\u00e1s &raquo;<span class=\"screen-reader-text\">\u00bfEres habitante de Ysilandia? \u00bfNo sabes si lo eres? Pues sigue leyendo<\/span><\/a><\/p>\n","protected":false},"author":1,"featured_media":20796,"parent":13922,"menu_order":0,"comment_status":"open","ping_status":"closed","template":"","meta":{"neve_meta_sidebar":"","neve_meta_container":"","neve_meta_enable_content_width":"","neve_meta_content_width":0,"neve_meta_title_alignment":"","neve_meta_author_avatar":"","neve_post_elements_order":"","neve_meta_disable_header":"","neve_meta_disable_footer":"","neve_meta_disable_title":"","episode_type":"","audio_file":"","podmotor_file_id":"","podmotor_episode_id":"","cover_image":"","cover_image_id":"","duration":"","filesize":"","filesize_raw":"","date_recorded":"","explicit":"","block":"","footnotes":""},"class_list":["post-20793","page","type-page","status-publish","has-post-thumbnail","hentry"],"_links":{"self":[{"href":"https:\/\/quecartucho.es\/blog\/wp-json\/wp\/v2\/pages\/20793","targetHints":{"allow":["GET"]}}],"collection":[{"href":"https:\/\/quecartucho.es\/blog\/wp-json\/wp\/v2\/pages"}],"about":[{"href":"https:\/\/quecartucho.es\/blog\/wp-json\/wp\/v2\/types\/page"}],"author":[{"embeddable":true,"href":"https:\/\/quecartucho.es\/blog\/wp-json\/wp\/v2\/users\/1"}],"replies":[{"embeddable":true,"href":"https:\/\/quecartucho.es\/blog\/wp-json\/wp\/v2\/comments?post=20793"}],"version-history":[{"count":1,"href":"https:\/\/quecartucho.es\/blog\/wp-json\/wp\/v2\/pages\/20793\/revisions"}],"predecessor-version":[{"id":20797,"href":"https:\/\/quecartucho.es\/blog\/wp-json\/wp\/v2\/pages\/20793\/revisions\/20797"}],"up":[{"embeddable":true,"href":"https:\/\/quecartucho.es\/blog\/wp-json\/wp\/v2\/pages\/13922"}],"wp:featuredmedia":[{"embeddable":true,"href":"https:\/\/quecartucho.es\/blog\/wp-json\/wp\/v2\/media\/20796"}],"wp:attachment":[{"href":"https:\/\/quecartucho.es\/blog\/wp-json\/wp\/v2\/media?parent=20793"}],"curies":[{"name":"wp","href":"https:\/\/api.w.org\/{rel}","templated":true}]}}