{"id":20821,"date":"2023-10-09T11:10:05","date_gmt":"2023-10-09T09:10:05","guid":{"rendered":"https:\/\/quecartucho.es\/blog\/?page_id=20821"},"modified":"2023-10-09T11:10:06","modified_gmt":"2023-10-09T09:10:06","slug":"por-que-la-impresora-esta-en-pausa","status":"publish","type":"page","link":"https:\/\/quecartucho.es\/blog\/por-que-la-impresora-esta-en-pausa\/","title":{"rendered":"\u00bfPor qu\u00e9 la impresora est\u00e1 en pausa?"},"content":{"rendered":"\n<p>A pesar de que en la era digital cada vez utilizamos menos el papel, es innegable que las impresoras siguen siendo muy importantes en nuestro d\u00eda; especialmente, en el entorno laboral.<\/p>\n\n\n\n<p>Son muchos los <strong><a href=\"https:\/\/quecartucho.es\/blog\/cuando-una-impresora-no-imprime-bien\/\">errores que se pueden presentar al imprimir un documento<\/a><\/strong>, pero uno de los que te pueden dejar extra\u00f1ado es que la <strong>impresora se quede en pausa<\/strong>. Esto puede ser un caos cuando intentas imprimir un documento importante y tienes muy poco tiempo.<\/p>\n\n\n\n<p>Para ayudarte con ello, aqu\u00ed tienes algunas de las posibles causas y soluciones para arreglar el problema:<\/p>\n\n\n\n<h2 class=\"wp-block-heading\"><strong>Motivos por los que una impresora pueda quedarse en pausa<\/strong><\/h2>\n\n\n\n<p>Estas son las <strong>causas m\u00e1s probables que explican el problema:<\/strong><\/p>\n\n\n\n<ul class=\"wp-block-list\">\n<li>&nbsp; &nbsp; &nbsp; <strong>Problemas de comunicaci\u00f3n: <\/strong>puede que exista algo que impida o dificulte la comunicaci\u00f3n entre la impresora y el equipo inform\u00e1tico. Quiz\u00e1 sea un cable en mal estado o una conexi\u00f3n WiFi d\u00e9bil.<\/li>\n\n\n\n<li>&nbsp; &nbsp; &nbsp; <strong>Errores en los drivers: <\/strong>problemas en los controladores podr\u00edan provocar que la impresora se quede en pausa.<\/li>\n\n\n\n<li>\u00a0 \u00a0 \u00a0 <strong>Atasco de papel:<\/strong> las impresoras tienen ciertas medidas de seguridad para evitar que se puedan estropear. Por ejemplo, si detectan que hay un atasco de papel, no seguir\u00e1n imprimiendo para evitar cualquier da\u00f1o.<\/li>\n\n\n\n<li>&nbsp; &nbsp; &nbsp; <strong>Atasco en la cola de impresi\u00f3n: <\/strong>otra posible causa de que una impresora se quede en pausa la tenemos en un <strong>atasco en la cola de impresi\u00f3n<\/strong>. Puede que se hayan acumulado muchos documentos y la impresora no tenga memoria para poder procesarlos.<\/li>\n\n\n\n<li>\u00a0 \u00a0 \u00a0 <strong>Problemas con la tinta: <\/strong>si los <strong><a href=\"https:\/\/quecartucho.es\/\">cartuchos<\/a><\/strong> son incompatibles, si la impresora los detecta como vac\u00edos, pero est\u00e1n llenos, tambi\u00e9n podr\u00edan explicar el problema.<\/li>\n<\/ul>\n\n\n\n<p>\u00bfTe suena algo de esto? Si es as\u00ed es una buena noticia, ya que ahora conoces el problema. Ahora vamos a ver c\u00f3mo arreglarlo:<\/p>\n\n\n<div class=\"wp-block-image\">\n<figure class=\"aligncenter size-full\"><img loading=\"lazy\" decoding=\"async\" width=\"797\" height=\"464\" src=\"https:\/\/quecartucho.es\/blog\/wp-content\/uploads\/2023\/10\/impresora-en-pausa.png\" alt=\"impresora en pausa\" class=\"wp-image-20825\" title=\"\" srcset=\"https:\/\/quecartucho.es\/blog\/wp-content\/uploads\/2023\/10\/impresora-en-pausa.png 797w, https:\/\/quecartucho.es\/blog\/wp-content\/uploads\/2023\/10\/impresora-en-pausa-300x175.png 300w, https:\/\/quecartucho.es\/blog\/wp-content\/uploads\/2023\/10\/impresora-en-pausa-768x447.png 768w\" sizes=\"auto, (max-width: 797px) 100vw, 797px\" \/><figcaption class=\"wp-element-caption\">Impresora en pausa<\/figcaption><\/figure>\n<\/div>\n\n\n<h2 class=\"wp-block-heading\"><strong>\u00bfC\u00f3mo solucionar el problema de la impresora en pausa?<\/strong><\/h2>\n\n\n\n<h3 class=\"wp-block-heading\"><strong>1.<\/strong> &nbsp; &nbsp; <strong>Comprueba los cables y las conexiones<\/strong><\/h3>\n\n\n\n<p>El primer paso que debes dar es <strong>comprobar que la impresora est\u00e1 conectada al equipo inform\u00e1tico<\/strong>.<\/p>\n\n\n\n<ul class=\"wp-block-list\">\n<li>&nbsp; &nbsp; &nbsp; Si est\u00e1s utilizando una <strong>conexi\u00f3n por cable<\/strong> (USB \/ Ethernet), comprueba que el cableado se encuentra en buen estado y que est\u00e1 correctamente conectado en ambos extremos. Ante cualquier duda de que el cable est\u00e9 estropeado, compra uno nuevo.<\/li>\n\n\n\n<li>&nbsp; &nbsp; &nbsp; Si se trata de una <strong>conexi\u00f3n WiFi<\/strong>, comprueba que la impresora est\u00e1 conectada a la misma red local que el equipo inform\u00e1tico, y que la calidad de la se\u00f1al es buena.<\/li>\n<\/ul>\n\n\n\n<p>La mayor\u00eda de los problemas de que una impresora se quede en pausa est\u00e1n relacionados con los cables y conexiones.<\/p>\n\n\n\n<h3 class=\"wp-block-heading\"><strong>2.<\/strong> &nbsp; &nbsp; <strong>Actualizaci\u00f3n o reinstalaci\u00f3n de controladores<\/strong><\/h3>\n\n\n\n<p>Los drivers que se encuentran desactualizados o corruptos pueden ser los causantes de problemas de comunicaci\u00f3n entre la impresora y el ordenador.<\/p>\n\n\n\n<ul class=\"wp-block-list\">\n<li>&nbsp; &nbsp; &nbsp; <strong>Visita la web del fabricante para descargar los drivers m\u00e1s actualizados<\/strong> y evita utilizar los controladores que vienen en el CD de la impresora, ya que es muy probable que se encuentren obsoletos.<\/li>\n\n\n\n<li>&nbsp; &nbsp; &nbsp; Tambi\u00e9n puede probar a <strong>desinstalar y volver a instalar los controladores<\/strong> en el ordenador. Esto ser\u00e1 \u00fatil si, por alguna raz\u00f3n, est\u00e1n corruptos y bloquean las comunicaciones.<\/li>\n<\/ul>\n\n\n\n<h3 class=\"wp-block-heading\">3.\u00a0 \u00a0 <strong>Eliminar atascos de papel<\/strong><\/h3>\n\n\n\n<p>Si piensas que existe un <a href=\"https:\/\/quecartucho.es\/blog\/como-solucionar-un-atasco-de-papel-en-la-impresora\/\" data-type=\"page\" data-id=\"17610\">atasco de papel<\/a>, o si alg\u00fan elemento extra\u00f1o es el causante del atasco, cancela r\u00e1pidamente cualquier impresi\u00f3n para no da\u00f1ar el equipo.<\/p>\n\n\n\n<p>Despu\u00e9s, <strong>abre la cubierta y retira cualquier papel atascado<\/strong>. Debes asegurarte de que no ha quedado ning\u00fan resto de papel arrugado o elemento que pueda dificultar la impresi\u00f3n.<\/p>\n\n\n\n<p>Para evitar que se produzca cualquier tipo de da\u00f1o, <strong>sigue las instrucciones del fabricante<\/strong>.<\/p>\n\n\n\n<p>Usa siempre un papel con un gramaje compatible con la impresora para evitar que se produzcan estos atascos.<\/p>\n\n\n\n<h3 class=\"wp-block-heading\"><strong>4.<\/strong> &nbsp; &nbsp; <strong>Comprobar la cola de impresi\u00f3n<\/strong><\/h3>\n\n\n\n<p>Como ya hemos comentado, los trabajos de impresi\u00f3n anteriores podr\u00edan producir bloqueos en la cola de impresi\u00f3n y provocar que la <strong>impresora quede en pausa<\/strong>. Para solucionar el problema, puedes seguir estos pasos:<\/p>\n\n\n\n<ul class=\"wp-block-list\">\n<li>&nbsp; &nbsp; &nbsp; <strong>Windows: <\/strong>para solucionar el problema en Windows, accede a la ruta de <strong>Configuraci\u00f3n -&gt; Dispositivos -&gt; Impresoras<\/strong>. Pulsa sobre tu impresora, marca en <strong>Ver Trabajos de impresi\u00f3n<\/strong> y borra cualquier documento que se haya podido quedar atascado en la cola.<\/li>\n\n\n\n<li>&nbsp; &nbsp; &nbsp; <strong>MacOS: <\/strong>si tienes este sistema operativo, tendr\u00e1s que dirigirte a <strong>Preferencias del sistema \u2013 impresoras y esc\u00e1neres<\/strong>. Pulsa con el bot\u00f3n derecho en la impresora y marca <strong>ver cola de impresi\u00f3n<\/strong>. Comprueba si existen trabajos de impresi\u00f3n en pausa y elim\u00ednalos.<\/li>\n<\/ul>\n\n\n\n<h3 class=\"wp-block-heading\"><strong>5.<\/strong> &nbsp; &nbsp; <strong>Comprobar los cartuchos<\/strong><\/h3>\n\n\n\n<p>Estos son algunos de los problemas m\u00e1s comunes que se pueden producir con los cartuchos que podr\u00edan derivar en que la impresora se quede en pausa:<\/p>\n\n\n\n<ul class=\"wp-block-list\">\n<li>&nbsp; &nbsp; &nbsp; <strong>Nivel bajo de tinta: <\/strong>si el nivel de tinta es demasiado bajo, la impresora no imprimir\u00e1 y se quedar\u00e1 en pausa. Algunas marcas no te dejar\u00e1n imprimir, aunque quede poca tinta.<\/li>\n\n\n\n<li>&nbsp; &nbsp; &nbsp; <strong>Cartucho mal colocado: <\/strong>si el cartucho est\u00e1 mal colocado, la impresora quedar\u00e1 en pausa para evitar cualquier deterioro al moverse el carro.<\/li>\n\n\n\n<li>&nbsp; &nbsp; &nbsp; <strong>Cartucho incompatible:<\/strong> un cartucho no solo es compatible si encaja en el cabezal, sino que tambi\u00e9n debe adaptarse a la configuraci\u00f3n del fabricante. Si no es as\u00ed, la impresora se quedar\u00e1 en pausa y, probablemente, lance alg\u00fan mensaje de error.<\/li>\n<\/ul>\n\n\n\n<h2 class=\"wp-block-heading\"><strong>Otras soluciones para una impresora que se queda en pausa<\/strong><\/h2>\n\n\n\n<p>Si las opciones anteriores no han solucionado el problema, aqu\u00ed tienes otras a probar:<\/p>\n\n\n\n<p>1) &nbsp; &nbsp; <strong>Reinicio del servicio de impresi\u00f3n: <\/strong>en Windows existe la posibilidad de que el servicio de impresi\u00f3n deje de funcionar. Para restablecerlo, puedes seguir estos pasos:<\/p>\n\n\n\n<ol class=\"wp-block-list\">\n<li>&nbsp; &nbsp; Abre el cuadro de Ejecutar<\/li>\n\n\n\n<li>&nbsp; &nbsp; Escribe <strong>services.msc<\/strong> y pulsa en aceptar.<\/li>\n\n\n\n<li>&nbsp; &nbsp; Busca el servicio <strong>cola de impresi\u00f3n<\/strong>.<\/li>\n\n\n\n<li>&nbsp; &nbsp; Haz clic en el bot\u00f3n derecho y marca la opci\u00f3n de <strong>reiniciar<\/strong>.<\/li>\n<\/ol>\n\n\n\n<p>2) &nbsp; &nbsp; <strong>Actualizaci\u00f3n del firmware: <\/strong>la impresora tiene un software interno llamado <strong>firmware<\/strong> que se puede actualizar. Para hacerlo, tendr\u00e1s que visitar el sitio web del fabricante, descargar el archivo y seguir las instrucciones. Adem\u00e1s de arreglar el problema de que la impresora se quede en pausa, tambi\u00e9n puede solucionar problemas de compatibilidad y mejorar el rendimiento. Sin embargo, aseg\u00farate de saber lo que est\u00e1s haciendo, ya que una mala instalaci\u00f3n podr\u00eda dejar la impresora inutilizada.<\/p>\n\n\n\n<p>3) &nbsp; &nbsp; <strong>Comprueba la conexi\u00f3n de energ\u00eda: <\/strong>en ciertos casos (sobre todo, en equipos port\u00e1tiles), la <strong>configuraci\u00f3n de ahorro de energ\u00eda<\/strong> puede hacer que el perif\u00e9rico entre en pausa. Para solucionarlo, accede a la configuraci\u00f3n de energ\u00eda de tu impresora y desactiva las opciones de ahorro de energ\u00eda si est\u00e1n activas.<\/p>\n\n\n\n<p>4) \u00a0 \u00a0 <strong>Considera actualizar el sistema operativo: <\/strong>tambi\u00e9n podr\u00eda darse el caso de que el problema de compatibilidad est\u00e9 relacionado con una falta de actualizaci\u00f3n del sistema operativo. <strong>Comprueba si hay actualizaciones del S.O. disponibles<\/strong> e inst\u00e1lalas si son necesarias.<\/p>\n\n\n\n<p>Una impresora podr\u00eda quedarse en pausa por muchos motivos cuando mandamos cualquier documento a imprimir. No existe una causa en concreto que pueda justificar este comportamiento, as\u00ed que tendremos que usar nuestro sentido com\u00fan y estudiar las se\u00f1ales para saber qu\u00e9 es lo que est\u00e1 pasando y cu\u00e1l es la mejor soluci\u00f3n en cada caso.<\/p>\n\n\n\n<p>Si nada de lo anterior funciona, y la impresora ni se enciende ni hace ninguna se\u00f1al que indique que recibe corriente, es posible que el error sea de un componente interno y esto requerir\u00e1 de una reparaci\u00f3n por parte de un servicio t\u00e9cnico.<\/p>\n\n\n\n<p>Ten en cuenta toda la informaci\u00f3n de este art\u00edculo y podr\u00e1s saber <strong>por qu\u00e9 la impresora est\u00e1 en pausa y c\u00f3mo solucionar el problema<\/strong>.<\/p>\n","protected":false},"excerpt":{"rendered":"<p>A pesar de que en la era digital cada vez utilizamos menos el papel, es innegable que las impresoras siguen siendo muy importantes en nuestro d\u00eda; especialmente, en el entorno laboral. Son muchos los errores que se pueden presentar al imprimir un documento, pero uno de los que te pueden dejar extra\u00f1ado es que la&hellip;&nbsp;<a href=\"https:\/\/quecartucho.es\/blog\/por-que-la-impresora-esta-en-pausa\/\" rel=\"bookmark\">Leer m\u00e1s &raquo;<span class=\"screen-reader-text\">\u00bfPor qu\u00e9 la impresora est\u00e1 en pausa?<\/span><\/a><\/p>\n","protected":false},"author":1,"featured_media":20824,"parent":0,"menu_order":0,"comment_status":"open","ping_status":"closed","template":"","meta":{"neve_meta_sidebar":"","neve_meta_container":"","neve_meta_enable_content_width":"","neve_meta_content_width":0,"neve_meta_title_alignment":"","neve_meta_author_avatar":"","neve_post_elements_order":"","neve_meta_disable_header":"","neve_meta_disable_footer":"","neve_meta_disable_title":"","episode_type":"","audio_file":"","podmotor_file_id":"","podmotor_episode_id":"","cover_image":"","cover_image_id":"","duration":"","filesize":"","filesize_raw":"","date_recorded":"","explicit":"","block":"","footnotes":""},"class_list":["post-20821","page","type-page","status-publish","has-post-thumbnail","hentry"],"_links":{"self":[{"href":"https:\/\/quecartucho.es\/blog\/wp-json\/wp\/v2\/pages\/20821","targetHints":{"allow":["GET"]}}],"collection":[{"href":"https:\/\/quecartucho.es\/blog\/wp-json\/wp\/v2\/pages"}],"about":[{"href":"https:\/\/quecartucho.es\/blog\/wp-json\/wp\/v2\/types\/page"}],"author":[{"embeddable":true,"href":"https:\/\/quecartucho.es\/blog\/wp-json\/wp\/v2\/users\/1"}],"replies":[{"embeddable":true,"href":"https:\/\/quecartucho.es\/blog\/wp-json\/wp\/v2\/comments?post=20821"}],"version-history":[{"count":2,"href":"https:\/\/quecartucho.es\/blog\/wp-json\/wp\/v2\/pages\/20821\/revisions"}],"predecessor-version":[{"id":20827,"href":"https:\/\/quecartucho.es\/blog\/wp-json\/wp\/v2\/pages\/20821\/revisions\/20827"}],"wp:featuredmedia":[{"embeddable":true,"href":"https:\/\/quecartucho.es\/blog\/wp-json\/wp\/v2\/media\/20824"}],"wp:attachment":[{"href":"https:\/\/quecartucho.es\/blog\/wp-json\/wp\/v2\/media?parent=20821"}],"curies":[{"name":"wp","href":"https:\/\/api.w.org\/{rel}","templated":true}]}}