{"id":20829,"date":"2023-10-10T12:09:56","date_gmt":"2023-10-10T10:09:56","guid":{"rendered":"https:\/\/quecartucho.es\/blog\/?page_id=20829"},"modified":"2023-10-10T12:14:26","modified_gmt":"2023-10-10T10:14:26","slug":"que-es-un-bubble-jet-de-la-impresora","status":"publish","type":"page","link":"https:\/\/quecartucho.es\/blog\/que-es-un-bubble-jet-de-la-impresora\/","title":{"rendered":"\u00bfQu\u00e9 es un Bubble-Jet de la impresora?"},"content":{"rendered":"\n<p>La tecnolog\u00eda que hay detr\u00e1s de las impresoras ha evolucionado mucho en las \u00faltimas d\u00e9cadas con el objetivo de volverse un dispositivo m\u00e1s vers\u00e1til para un uso diario a nivel particular o comercial.<\/p>\n\n\n\n<div class=\"wp-block-columns is-layout-flex wp-container-core-columns-is-layout-9d6595d7 wp-block-columns-is-layout-flex\">\n<div class=\"wp-block-column is-layout-flow wp-block-column-is-layout-flow\">\n<p> <p>Un <strong>Bubble-jet<\/strong> hace referencia a <strong><a href=\"https:\/\/quecartucho.es\/blog\/impresoras\/inyeccion-de-tinta\/\">impresoras de inyecci\u00f3n de tinta<\/a><\/strong>, que son aquel tipo que m\u00e1s se utiliza debido a su versatilidad, a la calidad de impresi\u00f3n y a la capacidad para imprimir una larga serie de documentos, todo ello gracias a los cartuchos de <strong><a href=\"https:\/\/quecartucho.es\">tinta<\/a><\/strong>.<\/p><\/p>\n\n\n\n<p><p>Si quieres saber m\u00e1s sobre esta tecnolog\u00eda y cu\u00e1les son sus caracter\u00edsticas, sigue leyendo:<\/p><\/p>\n<\/div>\n\n\n\n<div class=\"wp-block-column is-layout-flow wp-block-column-is-layout-flow\"><div class=\"wp-block-image is-style-rounded\">\n<figure class=\"aligncenter size-medium\"><img loading=\"lazy\" decoding=\"async\" width=\"300\" height=\"300\" src=\"https:\/\/quecartucho.es\/blog\/wp-content\/uploads\/2023\/10\/Bubble-Jet-de-la-impresora-300x300.jpg\" alt=\"Bubble-Jet de la impresora\" class=\"wp-image-20838\" style=\"aspect-ratio:1;object-fit:cover\" title=\"\" srcset=\"https:\/\/quecartucho.es\/blog\/wp-content\/uploads\/2023\/10\/Bubble-Jet-de-la-impresora-300x300.jpg 300w, https:\/\/quecartucho.es\/blog\/wp-content\/uploads\/2023\/10\/Bubble-Jet-de-la-impresora-150x150.jpg 150w, https:\/\/quecartucho.es\/blog\/wp-content\/uploads\/2023\/10\/Bubble-Jet-de-la-impresora-768x768.jpg 768w, https:\/\/quecartucho.es\/blog\/wp-content\/uploads\/2023\/10\/Bubble-Jet-de-la-impresora-120x120.jpg 120w, https:\/\/quecartucho.es\/blog\/wp-content\/uploads\/2023\/10\/Bubble-Jet-de-la-impresora.jpg 1000w\" sizes=\"auto, (max-width: 300px) 100vw, 300px\" \/><figcaption class=\"wp-element-caption\">Bubble-Jet de la impresora<\/figcaption><\/figure>\n<\/div><\/div>\n<\/div>\n\n\n\n<h2 class=\"wp-block-heading\"><strong>\u00bfEn qu\u00e9 consiste la tecnolog\u00eda Bubble-jet de impresora?<\/strong><\/h2>\n\n\n\n<p>Este tipo de impresoras se basa en la <strong>tecnolog\u00eda de inyecci\u00f3n de tinta<\/strong> para producir im\u00e1genes y textos, tanto en papel, como en otros medios.<\/p>\n\n\n\n<p>Para funcionar, aplican unas peque\u00f1as gotas de tinta que se expulsar\u00e1n desde los cabezales de impresi\u00f3n. Ir\u00e1n a parar al papel para formar gr\u00e1ficos y caracteres.<\/p>\n\n\n\n<p>Precisamente, el nombre de <em>Bubble-jet<\/em> lo recibe de la manera en la que se forman las gotas de tinta: los <strong>inyectores de la boquilla controlan burbujas de vapor que van a parar al papel<\/strong>, con una total precisi\u00f3n para que adopten la posici\u00f3n que se necesita.<\/p>\n\n\n<div class=\"wp-block-image\">\n<figure class=\"aligncenter size-full\"><img loading=\"lazy\" decoding=\"async\" width=\"794\" height=\"764\" src=\"https:\/\/quecartucho.es\/blog\/wp-content\/uploads\/2023\/10\/\u00bfQue-es-bubble-jet.png\" alt=\"\u00bfQu\u00e9 es bubble jet?\" class=\"wp-image-20831\" title=\"\" srcset=\"https:\/\/quecartucho.es\/blog\/wp-content\/uploads\/2023\/10\/\u00bfQue-es-bubble-jet.png 794w, https:\/\/quecartucho.es\/blog\/wp-content\/uploads\/2023\/10\/\u00bfQue-es-bubble-jet-300x289.png 300w, https:\/\/quecartucho.es\/blog\/wp-content\/uploads\/2023\/10\/\u00bfQue-es-bubble-jet-768x739.png 768w\" sizes=\"auto, (max-width: 794px) 100vw, 794px\" \/><figcaption class=\"wp-element-caption\">\u00bfQu\u00e9 es bubble jet?<\/figcaption><\/figure>\n<\/div>\n\n\n<h2 class=\"wp-block-heading\"><strong>\u00bfCu\u00e1les son las caracter\u00edsticas de una impresora Bubble jet?<\/strong><\/h2>\n\n\n\n<ul class=\"wp-block-list\">\n<li><strong>Calidad: <\/strong>una de las caracter\u00edsticas m\u00e1s destacadas de esta tecnolog\u00eda es la <strong>calidad<\/strong>. Consiguen una <strong>resoluci\u00f3n muy precisa<\/strong>, por lo que puede dar forma a un texto muy n\u00edtido a unos gr\u00e1ficos de muy alta calidad. Por esta raz\u00f3n, se utiliza mucho en la impresi\u00f3n de im\u00e1genes y de gr\u00e1ficos a todo color.<\/li>\n\n\n\n<li><strong>Versatilidad: <\/strong>otra raz\u00f3n para apostar por esta tecnolog\u00eda es la versatilidad. Adem\u00e1s de imprimir en muchos tipos de papeles, etiquetas o cartulinas, tambi\u00e9n pueden hacerlo en algunos tipos de tela. Por esta raz\u00f3n, estas impresoras tienen muchas aplicaciones, cubriendo desde la impresi\u00f3n de documentos, hasta etiquetas adhesivas o tarjetas personalizadas.<\/li>\n\n\n\n<li><strong>Dispositivos compactos: <\/strong>a diferencia de impresoras con otras tecnolog\u00edas de impresi\u00f3n (como es el caso de las <a href=\"https:\/\/quecartucho.es\/blog\/impresoras\/laser-mejor\/\">impresoras l\u00e1ser<\/a>), las impresoras bubble-jet tienen un dise\u00f1o compacto y ocupan muy poco espacio. Resultan una buena opci\u00f3n para aquellos lugares en donde cada cent\u00edmetro cuenta, adem\u00e1s de ser relativamente f\u00e1ciles de mover de un sitio a otro.<\/li>\n\n\n\n<li><strong>Impresi\u00f3n a color: <\/strong>pr\u00e1cticamente todas las impresoras que tienen esta tecnolog\u00eda pueden imprimir a color con una muy alta calidad. Se utilizan cartuchos de tinta cian, magenta, amarilla y negra (CMYK) para conseguir una reproducci\u00f3n del color muy precisa.<\/li>\n\n\n\n<li><strong>F\u00e1ciles de usar: <\/strong>las interfaces de este tipo de dispositivo suelen ser muy intuitivas y f\u00e1ciles de usar, por lo que los usuarios no tendr\u00e1n problema para imprimir todo tipo de recursos.<\/li>\n\n\n\n<li><strong>Durabilidad: <\/strong>como cualquier otro perif\u00e9rico, estas impresoras requieren de un cierto mantenimiento (como <a href=\"https:\/\/quecartucho.es\/blog\/que-es-un-cabezal-de-impresion\/como-limpiar-un-cabezal-de-impresion\/como-limpiar-los-cabezales-de-la-impresora-hp\/\" data-type=\"page\" data-id=\"17519\">limpieza<\/a> o <a href=\"https:\/\/quecartucho.es\/blog\/que-es-un-cabezal-de-impresion\/que-es-la-alineacion-de-cabezales\/\" data-type=\"page\" data-id=\"4702\">alineaci\u00f3n de cabezales<\/a>). Sin embargo, su durabilidad es muy elevada.<\/li>\n\n\n\n<li><strong>Econ\u00f3micas: <\/strong>adem\u00e1s, las impresoras bubble-jet suelen ser las m\u00e1s asequibles en relaci\u00f3n con el coste inicial. Sin embargo, el precio de los consumibles puede ser bastante alto.<\/li>\n<\/ul>\n\n\n<div class=\"wp-block-image\">\n<figure class=\"aligncenter size-full\"><img loading=\"lazy\" decoding=\"async\" width=\"734\" height=\"339\" src=\"https:\/\/quecartucho.es\/blog\/wp-content\/uploads\/2023\/10\/\u00bfComo-funciona-el-bubble-jet.jpg\" alt=\"\u00bfComo funciona el bubble jet?\" class=\"wp-image-20832\" title=\"\" srcset=\"https:\/\/quecartucho.es\/blog\/wp-content\/uploads\/2023\/10\/\u00bfComo-funciona-el-bubble-jet.jpg 734w, https:\/\/quecartucho.es\/blog\/wp-content\/uploads\/2023\/10\/\u00bfComo-funciona-el-bubble-jet-300x139.jpg 300w\" sizes=\"auto, (max-width: 734px) 100vw, 734px\" \/><\/figure>\n<\/div>\n\n\n<p>Ahora ya conoces <strong>qu\u00e9 es un Bubble-jet de la impresora y cu\u00e1les son las caracter\u00edsticas que definen a este tipo de tecnolog\u00eda<\/strong>.<\/p>\n\n\n\n<figure class=\"wp-block-embed is-type-video is-provider-youtube wp-block-embed-youtube wp-embed-aspect-16-9 wp-has-aspect-ratio\"><div class=\"wp-block-embed__wrapper\">\n<div class=\"nv-iframe-embed\"><iframe loading=\"lazy\" title=\"Como funcionan las impresoras de tinta\" width=\"1200\" height=\"675\" src=\"https:\/\/www.youtube.com\/embed\/XhwKmrXPtXQ?feature=oembed\" frameborder=\"0\" allow=\"accelerometer; autoplay; clipboard-write; encrypted-media; gyroscope; picture-in-picture; web-share\" allowfullscreen><\/iframe><\/div>\n<\/div><\/figure>\n","protected":false},"excerpt":{"rendered":"<p>La tecnolog\u00eda que hay detr\u00e1s de las impresoras ha evolucionado mucho en las \u00faltimas d\u00e9cadas con el objetivo de volverse un dispositivo m\u00e1s vers\u00e1til para un uso diario a nivel particular o comercial. Un Bubble-jet hace referencia a impresoras de inyecci\u00f3n de tinta, que son aquel tipo que m\u00e1s se utiliza debido a su versatilidad,&hellip;&nbsp;<a href=\"https:\/\/quecartucho.es\/blog\/que-es-un-bubble-jet-de-la-impresora\/\" rel=\"bookmark\">Leer m\u00e1s &raquo;<span class=\"screen-reader-text\">\u00bfQu\u00e9 es un Bubble-Jet de la impresora?<\/span><\/a><\/p>\n","protected":false},"author":1,"featured_media":20835,"parent":0,"menu_order":0,"comment_status":"closed","ping_status":"closed","template":"","meta":{"neve_meta_sidebar":"","neve_meta_container":"","neve_meta_enable_content_width":"","neve_meta_content_width":0,"neve_meta_title_alignment":"","neve_meta_author_avatar":"","neve_post_elements_order":"","neve_meta_disable_header":"","neve_meta_disable_footer":"","neve_meta_disable_title":"","episode_type":"","audio_file":"","podmotor_file_id":"","podmotor_episode_id":"","cover_image":"","cover_image_id":"","duration":"","filesize":"","filesize_raw":"","date_recorded":"","explicit":"","block":"","footnotes":""},"class_list":["post-20829","page","type-page","status-publish","has-post-thumbnail","hentry"],"_links":{"self":[{"href":"https:\/\/quecartucho.es\/blog\/wp-json\/wp\/v2\/pages\/20829","targetHints":{"allow":["GET"]}}],"collection":[{"href":"https:\/\/quecartucho.es\/blog\/wp-json\/wp\/v2\/pages"}],"about":[{"href":"https:\/\/quecartucho.es\/blog\/wp-json\/wp\/v2\/types\/page"}],"author":[{"embeddable":true,"href":"https:\/\/quecartucho.es\/blog\/wp-json\/wp\/v2\/users\/1"}],"replies":[{"embeddable":true,"href":"https:\/\/quecartucho.es\/blog\/wp-json\/wp\/v2\/comments?post=20829"}],"version-history":[{"count":4,"href":"https:\/\/quecartucho.es\/blog\/wp-json\/wp\/v2\/pages\/20829\/revisions"}],"predecessor-version":[{"id":20840,"href":"https:\/\/quecartucho.es\/blog\/wp-json\/wp\/v2\/pages\/20829\/revisions\/20840"}],"wp:featuredmedia":[{"embeddable":true,"href":"https:\/\/quecartucho.es\/blog\/wp-json\/wp\/v2\/media\/20835"}],"wp:attachment":[{"href":"https:\/\/quecartucho.es\/blog\/wp-json\/wp\/v2\/media?parent=20829"}],"curies":[{"name":"wp","href":"https:\/\/api.w.org\/{rel}","templated":true}]}}