{"id":20843,"date":"2023-10-11T11:43:43","date_gmt":"2023-10-11T09:43:43","guid":{"rendered":"https:\/\/quecartucho.es\/blog\/?page_id=20843"},"modified":"2023-10-11T11:43:43","modified_gmt":"2023-10-11T09:43:43","slug":"como-resetear-una-impresora-lexmark","status":"publish","type":"page","link":"https:\/\/quecartucho.es\/blog\/impresora-necesita-reset\/como-resetear-una-impresora-lexmark\/","title":{"rendered":"\u00bfC\u00f3mo resetear una impresora Lexmark?"},"content":{"rendered":"\n<p><\/p>\n\n\n\n<p>Las impresoras m\u00e1s modernas se dise\u00f1an con el objetivo de reducir los errores y mejorar la eficiencia, pero, a la hora de la verdad, los fallos se siguen produciendo.<\/p>\n\n\n\n<p>Por fortuna, existen recursos como <a href=\"https:\/\/quecartucho.es\/blog\/impresora-necesita-reset\/\">el <strong><em>reset<\/em><\/strong> que puede ayudarnos a solucionar los problemas m\u00e1s habituales en las impresoras<\/a>.<\/p>\n\n\n\n<p>\u00bfTodav\u00eda no sabes de qu\u00e9 sirve hacerle un reset a una impresora Lexmark y c\u00f3mo se hace? En este art\u00edculo te damos las claves para descubrirlo:<\/p>\n\n\n\n<h2 class=\"wp-block-heading\"><strong>\u00bfPara qu\u00e9 sirve hacer un Reset a una impresora Lexmark?<\/strong><\/h2>\n\n\n\n<p>Un error muy habitual consiste en pensar que hacer un <strong>reset<\/strong> simplemente es apagar y encender la impresora. Aunque, estrictamente hablando, esto ser\u00eda correcto y podr\u00eda solucionar algunos problemas de mala configuraci\u00f3n en cualquier dispositivo inform\u00e1tico, nos referimos a algo m\u00e1s.<\/p>\n\n\n\n<p>Un reset en una impresora no es m\u00e1s que <strong>un reinicio de f\u00e1brica: <\/strong>es decir, <strong>hacer que la impresora vuelva a su configuraci\u00f3n original,<\/strong> que es la que deber\u00eda funcionar bien.<\/p>\n\n\n\n<p>Hay que tener en cuenta que no todos los modelos permiten hacer un reset, pero no deber\u00eda haber problema con las impresoras m\u00e1s modernas:<\/p>\n\n\n\n<p>Lo m\u00e1s com\u00fan es que quieras hacerle un <strong>reset a una impresora Lexmark<\/strong> por las siguientes razones:<\/p>\n\n\n\n<ul class=\"wp-block-list\">\n<li><strong>Mala configuraci\u00f3n: <\/strong>si la impresora tiene un comportamiento an\u00f3malo (por ejemplo, no quiere imprimir cuando le hemos dado la orden desde el equipo inform\u00e1tico), la opci\u00f3n de apagarla y encenderla no ha funcionado, un <em>reset<\/em> podr\u00eda ser la soluci\u00f3n.<\/li>\n\n\n\n<li><strong>Problemas para reconocer la tinta: <\/strong>tambi\u00e9n podr\u00eda ayudarte si la impresora te indica que no queda <strong><a href=\"https:\/\/quecartucho.es\/\">tinta<\/a><\/strong>, pero s\u00ed que queda. En este caso, la impresora Lexmark est\u00e1 teniendo en cuenta la configuraci\u00f3n anterior y no la actual. Al reiniciarla, la forzamos a considerar esta \u00faltima.<\/li>\n\n\n\n<li><strong>Problema de sustituir los consumibles: <\/strong>otro posible supuesto podr\u00eda ser el de que contamos con un consumible que est\u00e1 lleno y bien colocado, pero la impresora indica lo contrario. De nuevo, haciendo un reset en la impresora Lexmark podr\u00edamos esquivar este problema.<\/li>\n<\/ul>\n\n\n\n<p>Ten en cuenta que <strong>el proceso del reinicio es totalmente seguro<\/strong>; de hecho, es un instrumento que la marca pone a disposici\u00f3n del usuario con conocimientos y del servicio t\u00e9cnico para solucionar determinados problemas.<\/p>\n\n\n\n<p>La mayor\u00eda de las veces, el reinicio se podr\u00e1 llevar a cabo sin tener que utilizar dispositivos o elementos especiales ajenos a la impresora; por ejemplo, lo m\u00e1s normal es que el proceso se pueda ejecutar al pulsar algunos botones a la vez durante alg\u00fan tiempo.<\/p>\n\n\n\n<p>Pero tambi\u00e9n existen dispositivos especiales que sirven para reiniciar la impresora o sus cartuchos. Estos requieren de una cierta inversi\u00f3n econ\u00f3mica y, como no son ofrecidos por la marca, no hay garant\u00edas ni de que funcionen, ni de que puedan da\u00f1ar la impresora de alguna manera.<\/p>\n\n\n\n<h2 class=\"wp-block-heading\"><strong>C\u00f3mo resetear una impresora Lexmark paso por paso<\/strong><\/h2>\n\n\n\n<p>Por fortuna, Lexmark es una de las marcas de impresoras que m\u00e1s facilita el proceso de reinicio de la impresora Lexmark. No obstante, el proceso puede variar ligeramente en base al modelo del que estemos hablando.<\/p>\n\n\n\n<h3 class=\"wp-block-heading\"><strong>#1 M\u00e9todo<\/strong><\/h3>\n\n\n\n<p>1) &nbsp; &nbsp; Accede al <strong>panel de control<\/strong> del dispositivo y busca la opci\u00f3n de <strong>valores<\/strong>. Dentro de la nueva selecci\u00f3n de opciones que te aparecen tendr\u00e1s que seleccionar la opci\u00f3n de <strong>Restaurar valores de f\u00e1brica<\/strong> y despu\u00e9s pulsar en <strong>Restaurar valores<\/strong>.<\/p>\n\n\n\n<p>2) &nbsp; &nbsp; Para confirmar que quieres reiniciar la impresora, termina pulsando en <strong>Restaurar todos los valores<\/strong> y finalmente en <strong>Ok<\/strong>.<\/p>\n\n\n\n<p>3) &nbsp; &nbsp; Aqu\u00ed empezar\u00e1 el proceso de reinicio que no deber\u00eda durar m\u00e1s de unos segundos.<\/p>\n\n\n\n<p>Ten en cuenta que en este proceso se elimina cualquier tipo de configuraci\u00f3n que tenga la impresora (por ejemplo, la configuraci\u00f3n WiFi). Cuando vuelva a iniciarse, tendr\u00e1s que volver a introducir los valores.<\/p>\n\n\n\n<h3 class=\"wp-block-heading\"><strong>#2 M\u00e9todo<\/strong><\/h3>\n\n\n\n<p>Si el m\u00e9todo anterior no te ha funcionado, te recomendamos probar la opci\u00f3n <strong>universal<\/strong>. Esto quiere decir que es m\u00e1s que probable que funcione con cualquier tipo de impresora, sin importar la marca de la que estemos hablando (aunque no te lo podemos asegurar).<\/p>\n\n\n\n<p>1) &nbsp; &nbsp; Teniendo la impresora encendida y sin que est\u00e9 ejecutando ning\u00fan proceso, <strong>deja pulsado el bot\u00f3n de cancelar durante 20 segundos<\/strong>. Lo m\u00e1s com\u00fan es que este bot\u00f3n se identifique con el s\u00edmbolo de un tri\u00e1ngulo dibujado al rev\u00e9s.<\/p>\n\n\n\n<p>2) &nbsp; &nbsp; Asegur\u00e1ndote de que haya terminado con el proceso anterior,<strong> quita el cable de conexi\u00f3n de la corriente<\/strong>.<\/p>\n\n\n\n<p>3) &nbsp; &nbsp; <strong>Enciende la impresora pulsando el bot\u00f3n de encendido y el de cancelar a la vez<\/strong>. Una vez que pasen unos segundos, suelta los botones.<\/p>\n\n\n\n<p>Si todo ha ido bien, la impresora se habr\u00e1 reseteado. Ten en cuenta que es posible que con este m\u00e9todo no te aparezca ning\u00fan mensaje que te informe de ello, as\u00ed que solo te quedar\u00e1 probar para ver si el problema se ha solucionado<\/p>\n\n\n\n<h2 class=\"wp-block-heading\"><strong>\u00bfC\u00f3mo restablecer la impresora Lexmark a la configuraci\u00f3n de f\u00e1brica?<\/strong><\/h2>\n\n\n\n<p>Con los 2 m\u00e9todos anteriores puedes restablecer la <strong>impresora Lexmark<\/strong> a la configuraci\u00f3n de f\u00e1brica. Pero si no te han funcionado, <strong>consulta el manual de instrucciones o ponte en contacto con atenci\u00f3n al cliente de la marca<\/strong>.<\/p>\n\n\n\n<p>Puede que tu modelo de impresora sea algo especial, tenga bastante tiempo o sus funcionalidades sean muy modernas, por lo que requerir\u00e1 de un proceso especial para el reinicio.<\/p>\n\n\n\n<p>Adem\u00e1s del reseteo, tambi\u00e9n te recomendamos <strong>borrar la memoria<\/strong> para que no quede ninguna configuraci\u00f3n residual que pueda afectar al funcionamiento de la m\u00e1quina. Esto se puede hacer siguiendo estos sencillos paso:<\/p>\n\n\n\n<p>1) &nbsp; &nbsp; Accede a la opci\u00f3n de <strong>Valores<\/strong> desde la pantalla de inicio y despu\u00e9s en <strong>Dispositivo.<\/strong><\/p>\n\n\n\n<p>2) &nbsp; &nbsp; Pulsa en <strong>Mantenimiento -&gt; Borrar fuera de servicio<\/strong>.<\/p>\n\n\n\n<p>3) &nbsp; &nbsp; La impresa te preguntar\u00e1 si est\u00e1s seguro de seguir adelante con el proceso. Si lo tienes claro, ser\u00e1 tan f\u00e1cil como marcar la opci\u00f3n de <strong>Limpiar toda la informaci\u00f3n en memoria no vol\u00e1til <\/strong>y luego marcar en <strong>Borrar<\/strong>. Es posible que te aparezca alguna informaci\u00f3n o mensaje de confirmaci\u00f3n, as\u00ed que tan solo sigue las instrucciones para completar el proceso.<\/p>\n\n\n\n<p>Con estas instrucciones, habr\u00e1s <strong>reseteado una impresora Lexmark a la configuraci\u00f3n de f\u00e1brica y borrado su memoria<\/strong>. Si esto no ha solucionado el problema, tendr\u00e1s que probar con otra soluci\u00f3n.<\/p>\n\n\n\n<div class=\"wp-block-columns is-layout-flex wp-container-core-columns-is-layout-9d6595d7 wp-block-columns-is-layout-flex\">\n<div class=\"wp-block-column is-layout-flow wp-block-column-is-layout-flow\">\n<figure class=\"wp-block-embed is-type-video is-provider-youtube wp-block-embed-youtube wp-embed-aspect-16-9 wp-has-aspect-ratio\"><div class=\"wp-block-embed__wrapper\">\n<div class=\"nv-iframe-embed\"><iframe loading=\"lazy\" title=\"RESET DE FABRICA DE IMPRESORA LEXMARK X656DE Y CONFIGURACI\u00d3N DE INICIO\" width=\"1200\" height=\"675\" src=\"https:\/\/www.youtube.com\/embed\/IaQ8bTjAyhc?feature=oembed\" frameborder=\"0\" allow=\"accelerometer; autoplay; clipboard-write; encrypted-media; gyroscope; picture-in-picture; web-share\" allowfullscreen><\/iframe><\/div>\n<\/div><\/figure>\n<\/div>\n\n\n\n<div class=\"wp-block-column is-layout-flow wp-block-column-is-layout-flow\">\n<figure class=\"wp-block-embed is-type-video is-provider-youtube wp-block-embed-youtube wp-embed-aspect-16-9 wp-has-aspect-ratio\"><div class=\"wp-block-embed__wrapper\">\n<div class=\"nv-iframe-embed\"><iframe loading=\"lazy\" title=\"How To Reset To Default All Lexmark Printers\" width=\"1200\" height=\"675\" src=\"https:\/\/www.youtube.com\/embed\/4AvH6-6bUVA?feature=oembed\" frameborder=\"0\" allow=\"accelerometer; autoplay; clipboard-write; encrypted-media; gyroscope; picture-in-picture; web-share\" allowfullscreen><\/iframe><\/div>\n<\/div><\/figure>\n<\/div>\n\n\n\n<div class=\"wp-block-column is-layout-flow wp-block-column-is-layout-flow\">\n<figure class=\"wp-block-embed is-type-video is-provider-youtube wp-block-embed-youtube wp-embed-aspect-16-9 wp-has-aspect-ratio\"><div class=\"wp-block-embed__wrapper\">\n<div class=\"nv-iframe-embed\"><iframe loading=\"lazy\" title=\"Restaurar configuraci\u00f3n de seguridad Lexmark MX511\" width=\"1200\" height=\"675\" src=\"https:\/\/www.youtube.com\/embed\/Ny-Y6ZRQAr8?feature=oembed\" frameborder=\"0\" allow=\"accelerometer; autoplay; clipboard-write; encrypted-media; gyroscope; picture-in-picture; web-share\" allowfullscreen><\/iframe><\/div>\n<\/div><\/figure>\n<\/div>\n<\/div>\n","protected":false},"excerpt":{"rendered":"<p>Las impresoras m\u00e1s modernas se dise\u00f1an con el objetivo de reducir los errores y mejorar la eficiencia, pero, a la hora de la verdad, los fallos se siguen produciendo. Por fortuna, existen recursos como el reset que puede ayudarnos a solucionar los problemas m\u00e1s habituales en las impresoras. \u00bfTodav\u00eda no sabes de qu\u00e9 sirve hacerle&hellip;&nbsp;<a href=\"https:\/\/quecartucho.es\/blog\/impresora-necesita-reset\/como-resetear-una-impresora-lexmark\/\" rel=\"bookmark\">Leer m\u00e1s &raquo;<span class=\"screen-reader-text\">\u00bfC\u00f3mo resetear una impresora Lexmark?<\/span><\/a><\/p>\n","protected":false},"author":1,"featured_media":20858,"parent":1689,"menu_order":0,"comment_status":"open","ping_status":"closed","template":"","meta":{"neve_meta_sidebar":"","neve_meta_container":"","neve_meta_enable_content_width":"","neve_meta_content_width":0,"neve_meta_title_alignment":"","neve_meta_author_avatar":"","neve_post_elements_order":"","neve_meta_disable_header":"","neve_meta_disable_footer":"","neve_meta_disable_title":"","episode_type":"","audio_file":"","podmotor_file_id":"","podmotor_episode_id":"","cover_image":"","cover_image_id":"","duration":"","filesize":"","filesize_raw":"","date_recorded":"","explicit":"","block":"","footnotes":""},"class_list":["post-20843","page","type-page","status-publish","has-post-thumbnail","hentry"],"_links":{"self":[{"href":"https:\/\/quecartucho.es\/blog\/wp-json\/wp\/v2\/pages\/20843","targetHints":{"allow":["GET"]}}],"collection":[{"href":"https:\/\/quecartucho.es\/blog\/wp-json\/wp\/v2\/pages"}],"about":[{"href":"https:\/\/quecartucho.es\/blog\/wp-json\/wp\/v2\/types\/page"}],"author":[{"embeddable":true,"href":"https:\/\/quecartucho.es\/blog\/wp-json\/wp\/v2\/users\/1"}],"replies":[{"embeddable":true,"href":"https:\/\/quecartucho.es\/blog\/wp-json\/wp\/v2\/comments?post=20843"}],"version-history":[{"count":3,"href":"https:\/\/quecartucho.es\/blog\/wp-json\/wp\/v2\/pages\/20843\/revisions"}],"predecessor-version":[{"id":20859,"href":"https:\/\/quecartucho.es\/blog\/wp-json\/wp\/v2\/pages\/20843\/revisions\/20859"}],"up":[{"embeddable":true,"href":"https:\/\/quecartucho.es\/blog\/wp-json\/wp\/v2\/pages\/1689"}],"wp:featuredmedia":[{"embeddable":true,"href":"https:\/\/quecartucho.es\/blog\/wp-json\/wp\/v2\/media\/20858"}],"wp:attachment":[{"href":"https:\/\/quecartucho.es\/blog\/wp-json\/wp\/v2\/media?parent=20843"}],"curies":[{"name":"wp","href":"https:\/\/api.w.org\/{rel}","templated":true}]}}