{"id":20940,"date":"2023-10-27T16:38:17","date_gmt":"2023-10-27T14:38:17","guid":{"rendered":"https:\/\/quecartucho.es\/blog\/?page_id=20940"},"modified":"2023-10-27T16:38:18","modified_gmt":"2023-10-27T14:38:18","slug":"escanear-a-doble-cara","status":"publish","type":"page","link":"https:\/\/quecartucho.es\/blog\/como-escanear-un-documento-en-una-impresora\/escanear-a-doble-cara\/","title":{"rendered":"Escanear a doble cara"},"content":{"rendered":"\n<p>\u00bfQuieres escanear un documento a doble cara para ahorrar tiempo y esfuerzo? Aqu\u00ed podr\u00e1s saber si es posible y c\u00f3mo puedes hacerlo dependiendo de tu modelo de impresora\/esc\u00e1ner.<\/p>\n\n\n\n<h1 class=\"wp-block-heading\"><strong>\u00bfSe puede escanear a doble cara de una vez?<\/strong><\/h1>\n\n\n\n<p>Escanear es el proceso de transformar documentos f\u00edsicos o im\u00e1genes en papel a archivos digitales. Para conseguirlo, puedes usar un esc\u00e1ner o una impresora multifuncional.<\/p>\n\n\n\n<p>Si tienes que escanear varios documentos, puedes ir uno a uno sin que importe demasiado. Pero la cosa cambia si tienes que escanear bastantes documentos, incluso algunos libros.<\/p>\n\n\n\n<p><strong>Escanear a doble cara<\/strong> (un proceso que tambi\u00e9n se conoce como <em><a href=\"https:\/\/quecartucho.es\/blog\/impresoras-review\/escaner-duplex\/\">escaneo D\u00faplex<\/a><\/em><strong><em>) <\/em>captura la informaci\u00f3n de las 2 caras de un documento en la misma operaci\u00f3n de escaneo<\/strong>.<\/p>\n\n\n\n<p>Pero debes tener en cuenta que <strong>esta funci\u00f3n no est\u00e1 disponible en todos los esc\u00e1neres o impresoras multifuncionales<\/strong>, aunque cada vez es m\u00e1s habitual encontrarse esta tecnolog\u00eda. Antes de seguir, aseg\u00farate de que tu impresora tiene esta funci\u00f3n.<\/p>\n\n\n\n<p>En este art\u00edculo podr\u00e1s conocer los beneficios de hacerlo, adem\u00e1s del proceso a seguir en las principales marcas de impresora:<\/p>\n\n\n\n<h2 class=\"wp-block-heading\"><strong>Beneficios de escanear a doble cara<\/strong><\/h2>\n\n\n\n<h3 class=\"wp-block-heading\"><strong>1.<\/strong> &nbsp; &nbsp; <strong>Ahorro de tiempo<\/strong><\/h3>\n\n\n\n<p>El gran beneficio de escanear a doble cara es el <strong>ahorro de tiempo<\/strong> que vas a conseguir. Piensa que escanear a una sola cara requiere de dos operaciones (una para cada cara del documento).<\/p>\n\n\n\n<p>Con el escaneo d\u00faplex <strong>se reduce la mitad el tiempo necesario para digitalizar documentos de muchas p\u00e1ginas<\/strong>. C\u00f3mo ya hemos comentado, esto es especialmente importante si estamos hablando de un entorno en el que se necesita trabajar con grandes vol\u00famenes de documentos.<\/p>\n\n\n\n<h3 class=\"wp-block-heading\"><strong>2.<\/strong> &nbsp; &nbsp; <strong>Se reducen los da\u00f1os en el documento<\/strong><\/h3>\n\n\n\n<p>De la misma manera, escanear a doble cara evita la necesidad de dar la vuelta de manera manual a cada hoja de papel con el objetivo de escanear la otra parte.<\/p>\n\n\n\n<p>As\u00ed que <strong>no habr\u00e1 que manipular tanto el documento, por lo que se reduce la posibilidad de que se produzca cualquier da\u00f1o<\/strong>.<\/p>\n\n\n\n<p>Puede ser muy \u00fatil si estamos hablando de un documento antiguo y\/o delicado, del que no se conservan copias.<\/p>\n\n\n\n<h3 class=\"wp-block-heading\"><strong>3.<\/strong> &nbsp; &nbsp; <strong>Se minimizan los errores<\/strong><\/h3>\n\n\n\n<p>En el escaneo de documentos est\u00e1ndar se pueden producir m\u00faltiples errores cuando se van girando las caras. Esto podr\u00eda provocar la p\u00e9rdida de informaci\u00f3n de aquellas partes del documento que son muy importantes.<\/p>\n\n\n\n<p><strong>El escaneo d\u00faplex permite reducir los errores de escaneo m\u00e1s comunes<\/strong>.<\/p>\n\n\n\n<h3 class=\"wp-block-heading\"><strong>4.<\/strong> &nbsp; &nbsp; <strong>Mayor facilidad a la hora de gestionar documentos<\/strong><\/h3>\n\n\n\n<p>Gestionar documentos que se han escaneado a doble cara suele ser m\u00e1s f\u00e1cil que si el escaneado tiene que ser individual y manual. Se ir\u00e1 componiendo un completo documento en donde cada hoja estar\u00e1 correctamente alineada.<\/p>\n\n\n\n<p>Tambi\u00e9n te aseguras de que <strong>todas las p\u00e1ginas tienen el mismo formato para lograr un documento uniforme<\/strong> y que cumpla con los criterios de cada proyecto.<\/p>\n\n\n\n<p>Por ejemplo, con el escaneo a doble cara es m\u00e1s f\u00e1cil cumplir con las regulaciones y normativas que requieren de la conservaci\u00f3n y el acceso a documentos. Esto podr\u00eda ser muy \u00fatil en ciertas industrias como la legal, financiera y m\u00e9dica, entre otras.<\/p>\n\n\n\n<h3 class=\"wp-block-heading\"><strong>5.<\/strong> &nbsp; &nbsp; <strong>Mejora la sostenibilidad<\/strong><\/h3>\n\n\n\n<p>Adem\u00e1s, el escaneado d\u00faplex suele consumir menos energ\u00eda que la impresi\u00f3n convencional debido a que se hace en menos tiempo. No solo <strong>conseguir\u00e1s que la empresa reduzca su factura de la luz, sino que tambi\u00e9n minimiza su impacto en el medio ambiente<\/strong>.<\/p>\n\n\n\n<h2 class=\"wp-block-heading\"><strong>Escaneado por ambas caras (d\u00faplex) en Brother<\/strong><\/h2>\n\n\n\n<h3 class=\"wp-block-heading\"><strong>Windows<\/strong><\/h3>\n\n\n\n<p>Si tienes una impresora <strong>Brother<\/strong>, necesitas hacer uso de aplicaciones espec\u00edficas de la compa\u00f1\u00eda para conseguir un escaneado a doble cara. En este apartado nos vamos a centrar en <strong>ControlCenter 4 para Windows<\/strong>.<\/p>\n\n\n\n<p>1) &nbsp; &nbsp; El primer paso es colocar el documento a escanear en el alimentador autom\u00e1tico de documentos y abrir <strong>ControlCenter 4<\/strong> (la forma m\u00e1s f\u00e1cil de hacerlo es buscarlo de forma directa en el buscador del sistema, ya que la ruta puede variar dependiendo de la versi\u00f3n de Windows que tengas).<\/p>\n\n\n\n<p>2) &nbsp; &nbsp; Pulsa en la opci\u00f3n de <strong>Escanear<\/strong> y marca <strong>Personalizado -&gt; Configuraci\u00f3n personalizada<\/strong> (ten en cuenta que, si no ajustas estas opciones, el escaneado est\u00e1ndar ser\u00e1 a una sola cara).<\/p>\n\n\n\n<p>3) &nbsp; &nbsp; Marca la opci\u00f3n de<strong> Escaneado por ambas caras<\/strong> y selecciona si quieres un tipo de encuadernaci\u00f3n a borde largo o a borde corto. Valida la configuraci\u00f3n pulsando en <strong>Ok <\/strong>y termina marcando <strong>escanear<\/strong>.<\/p>\n\n\n\n<h3 class=\"wp-block-heading\"><strong>MAC<\/strong><\/h3>\n\n\n\n<p>Si tienes un sistema operativo MAC, la aplicaci\u00f3n que debes buscar es <strong>ControlCenter2<\/strong>. Aunque la configuraci\u00f3n es m\u00e1s o menos la misma, vamos a detallar los pasos para que no exista ninguna confusi\u00f3n:<\/p>\n\n\n\n<p>1) &nbsp; &nbsp; Despu\u00e9s de colocar correctamente el documento que se quiere escanear en modo d\u00faplex, ejecuta <strong>ControlCenter2<\/strong> (si no sabes en qu\u00e9 ruta se localiza, puedes seguir la ruta de <strong>Finder -&gt; Aplicaciones -&gt; Brother -&gt; ControlCenter<\/strong>.<\/p>\n\n\n\n<p>2) &nbsp; &nbsp; Te aparecer\u00e1n las diferentes opciones que puedes personalizar para el escaneo (como la resoluci\u00f3n, el tipo de escaneado o el tama\u00f1o del documento). Marca en <strong>Escaneado a doble cara<\/strong><em> (a en 2-sided Scanning<\/em> si tienes el programa en ingl\u00e9s) y elige el tipo de encuadernaci\u00f3n deseada (de borde largo o de borde cort9.<\/p>\n\n\n\n<p>3) &nbsp; &nbsp; Acepta la configuraci\u00f3n, pero ten en cuenta que todos los escaneados a partir de este momento ser\u00e1n d\u00faplex.<\/p>\n\n\n\n<p>4) &nbsp; &nbsp; Marca en <strong>Comenzar a escanear<\/strong> y el documento empezar\u00e1 a procesarse.<\/p>\n\n\n\n<h3 class=\"wp-block-heading\"><strong>Usando la tecla de escanear<\/strong><\/h3>\n\n\n\n<p>Existe una f\u00f3rmula m\u00e1s f\u00e1cil para escanear 2 caras con impresora Brother de una sola vez, sin tener que depender de un equipo inform\u00e1tico. Vamos a usar la <strong>tecla de escanear<\/strong>.<\/p>\n\n\n\n<p>1) &nbsp; &nbsp; Una vez que est\u00e9 colocado el documento en el ADF, pulsa el bot\u00f3n de escanear situado en la pantalla LCD del perif\u00e9rico.<\/p>\n\n\n\n<p>2) &nbsp; &nbsp; Utiliza las fechas de deslizamiento de izquierda o derecha (o desliza si se trata de una pantalla t\u00e1ctil) para llegar a la <strong>opci\u00f3n de escaneado deseado<\/strong> (escanear a un archivo, a una imagen, a un e-mail o a OCR)<\/p>\n\n\n\n<p>3) &nbsp; &nbsp; Marca <strong>opciones<\/strong> y pulsa en <strong>Escaneado por ambas caras<\/strong>. Tambi\u00e9n podr\u00e1s ajustar otras funciones como el tipo de escaneado, resoluci\u00f3n, tama\u00f1o de escaneado y tipo de archivo. Algunos modelos tienen el <strong>modo de alta velocidad<\/strong> para un escaneado todav\u00eda m\u00e1s r\u00e1pido.<\/p>\n\n\n\n<p>4) &nbsp; &nbsp; Lo \u00faltimo que tendr\u00e1s que indicar es si eres un <strong>usuario de red o USB<\/strong> (esto depender\u00e1 de la manera en la que est\u00e1 conectada la impresora)<\/p>\n\n\n\n<p>5) &nbsp; &nbsp; Acepta los datos de configuraci\u00f3n que hayas indicado y pulsa en <strong>Inicio<\/strong> <strong>o Start<\/strong>. La impresora o esc\u00e1ner deber\u00eda empezar a escanear el documento.<\/p>\n\n\n\n<p>Con estos 3 m\u00e9todos deber\u00eda ser m\u00e1s que suficiente para conseguir un escaneado d\u00faplex Brother.<\/p>\n\n\n\n<h2 class=\"wp-block-heading\"><strong>Escaneado de un documento a 2 caras con impresora Xerox<\/strong><\/h2>\n\n\n\n<p>Los modelos m\u00e1s avanzados de esc\u00e1neres y equipos multifuncionales de la marca Xerox se presentan con tecnolog\u00eda de escaneado d\u00faplex, permiti\u00e9ndote ahorrar bastante tiempo sin hacer una inversi\u00f3n demasiado elevada.<\/p>\n\n\n\n<p>Adem\u00e1s, el proceso para gestionar la impresi\u00f3n es muy sencillo, ya que tan solo habr\u00e1 que seguir estos pasos:<\/p>\n\n\n\n<p>1) &nbsp; &nbsp; Es importante que te asegures de colocar el documento en la posici\u00f3n correcta a la hora de escanearlo. Aunque este aviso es de sentido com\u00fan, muchos errores est\u00e1n basados en una mala colocaci\u00f3n.<\/p>\n\n\n\n<p>2) &nbsp; &nbsp; Abre la aplicaci\u00f3n de <strong>Xerox Nuvero<\/strong> y marca tu perfil de usuario. De todas las opciones que te aparecer\u00e1n, la que te interesa es la de <strong>escanear a un archivo<\/strong>.<\/p>\n\n\n\n<p>3) &nbsp; &nbsp; Antes de confirmar nada, debes personalizar el escaneado: esto puedes hacerlo desde la ficha de <strong>B\u00e1sicas<\/strong> (disponible en el men\u00fa desplegable).<\/p>\n\n\n\n<p>4) &nbsp; &nbsp; Pulsa en <strong>Caras a imprimir<\/strong> y te aparecer\u00e1n dos iconos poco representativos. Debes pulsar el que representa 2 caras (si no te aclaras con el dibujo, ten en cuenta que es la opci\u00f3n de la derecha, la segunda opci\u00f3n).<\/p>\n\n\n\n<p>5) &nbsp; &nbsp; Finalmente, pulsa en <strong>escanear<\/strong> y la impresora Xerox empezar\u00e1 con el escaneado a dos caras.<\/p>\n\n\n\n<h2 class=\"wp-block-heading\"><strong>Escanear un documento d\u00faplex (escaneado a dos caras) en impresoras OKI<\/strong><\/h2>\n\n\n\n<p>OKI es una marca de impresoras que se caracteriza por la facilidad de sus interfaces de diferentes equipos para que los usuarios los puedan manejar sin ning\u00fan tipo de problema. Si tienes un <strong>esc\u00e1ner OKI con modo d\u00faplex, o una impresora multifuncional<\/strong>, sigue estos pasos.<\/p>\n\n\n\n<p>1) &nbsp; &nbsp; Identifica el bot\u00f3n de <strong>escanear<\/strong>, ya que este proceso lo vamos a hacer sin necesidad de tener instalado ning\u00fan software.<\/p>\n\n\n\n<p>2) &nbsp; &nbsp; Coloca el documento en el ADF.<\/p>\n\n\n\n<p>3) &nbsp; &nbsp; Elige una de las opciones de escaneado:<\/p>\n\n\n\n<ol class=\"wp-block-list\">\n<li>&nbsp; &nbsp; <strong>Carpeta compartida: <\/strong>es la opci\u00f3n m\u00e1s habitual, en la que simplemente pasamos los documentos a una carpeta del equipo inform\u00e1tico para su posterior visualizaci\u00f3n.<\/li>\n\n\n\n<li>&nbsp; &nbsp; <strong>Memoria USB: <\/strong>si no quieres tener que mover los archivos escaneados posteriormente a una memoria USB, desde el programa puedes hacer esta funci\u00f3n de forma directa.<\/li>\n\n\n\n<li>&nbsp; &nbsp; <strong>Correo electr\u00f3nico: <\/strong>otra de las opciones es enviar el documento escaneado en modo d\u00faplex como adjunto en un e-mail. Esto te permitir\u00e1 ahorrar tiempo al no necesitar adjuntarlo de forma manual.<\/li>\n<\/ol>\n\n\n\n<p>4) &nbsp; &nbsp; Cuando hayas escogido la opci\u00f3n deseada, pulsa en <strong>Duplex Scan<\/strong> o <strong>Escaneado a doble cara<\/strong>. Esta funci\u00f3n debe estar disponible desde la pesta\u00f1a de <strong>Avanzado.<\/strong><\/p>\n\n\n\n<p>5) &nbsp; &nbsp; Elige un m\u00e9todo de encuadernaci\u00f3n o pulsa en OFF si no te interesa activarla.<\/p>\n\n\n\n<p>6) &nbsp; &nbsp; Antes de seguir adelante, es importante comprobar el resto de funciones de navegaci\u00f3n para conseguir el resultado deseado. Si todo est\u00e1 correcto, tan solo habr\u00e1 que pulsar en el bot\u00f3n de <strong>Inicio<\/strong> y esperar a que se complete el escaneado.<\/p>\n\n\n\n<h2 class=\"wp-block-heading\"><strong>\u00bfC\u00f3mo logro escanear doble cara en una sola pasada con la impresora HP?<\/strong><\/h2>\n\n\n\n<p>Algunos usuarios han invertido en una impresora HP que, seg\u00fan las especificaciones, pueden <strong>escanear a doble cara de una pasada<\/strong>. Sin embargo, cuando lo han intentado hacer se han dado cuenta de que deben cambiar el sentido de las hojas de forma manual.<\/p>\n\n\n\n<p>La impresora no est\u00e1 estropeada, tan solo es que no se ha configurado correctamente. Para conseguirlo, habr\u00e1 que seguir estos pasos:<\/p>\n\n\n\n<p>1) &nbsp; &nbsp; Los documentos deben colocarse en el alimentador de documentos, comprobando que la <strong>primera p\u00e1gina est\u00e1 hacia arriba y que la parte superior de la p\u00e1gina est\u00e1 orientada hacia el interior<\/strong>. Tambi\u00e9n habr\u00e1 que ajustar las gu\u00edas de papel para que se adapte al tama\u00f1o total del documento.<\/p>\n\n\n\n<p>2) &nbsp; &nbsp; Busca el icono de <strong>Copiar<\/strong> en la pantalla de la impresora multifuncional o esc\u00e1ner.<\/p>\n\n\n\n<p>3) &nbsp; &nbsp; Marca en <strong>Configuraci\u00f3n<\/strong> y pulsa el bot\u00f3n que dice <strong>doble cara<\/strong>.<\/p>\n\n\n\n<p>4) &nbsp; &nbsp; Pulsa en <strong>Iniciar copia<\/strong> para iniciar el escaneo.<\/p>\n\n\n\n<p>Si esta opci\u00f3n no te termina de funcionar, otra alternativa es <strong>descargar HP Smart o HP Scan and capture para Windows 10<\/strong>. Se trata de una aplicaci\u00f3n muy intuitiva en la que tan solo habr\u00e1 que pulsar en escanear y acceder a las opciones de personalizaci\u00f3n para elegir la impresi\u00f3n d\u00faplex. No deber\u00eda existir ning\u00fan problema para hacerla funcionar.<\/p>\n\n\n\n<p>En definitiva, <strong>escanear a doble cara de una sola vez es posible<\/strong>, pero se necesita contar con una impresora d\u00faplex o un esc\u00e1ner que admita esa funci\u00f3n. Adem\u00e1s, debes saber que cada marca tiene su propia f\u00f3rmula de configuraci\u00f3n, por lo que habr\u00e1 que comprobar el manual de instrucciones del fabricante, o ponerse en contacto con la marca.<\/p>\n\n\n\n<p>En este art\u00edculo tienes el proceso para esc\u00e1ner a doble cara para las principales marcas de impresoras y esc\u00e1neres. Tan solo sigue los pasos y ver\u00e1s c\u00f3mo consigues el resultado esperado.<\/p>\n","protected":false},"excerpt":{"rendered":"<p>\u00bfQuieres escanear un documento a doble cara para ahorrar tiempo y esfuerzo? Aqu\u00ed podr\u00e1s saber si es posible y c\u00f3mo puedes hacerlo dependiendo de tu modelo de impresora\/esc\u00e1ner. \u00bfSe puede escanear a doble cara de una vez? Escanear es el proceso de transformar documentos f\u00edsicos o im\u00e1genes en papel a archivos digitales. Para conseguirlo, puedes&hellip;&nbsp;<a href=\"https:\/\/quecartucho.es\/blog\/como-escanear-un-documento-en-una-impresora\/escanear-a-doble-cara\/\" rel=\"bookmark\">Leer m\u00e1s &raquo;<span class=\"screen-reader-text\">Escanear a doble cara<\/span><\/a><\/p>\n","protected":false},"author":1,"featured_media":20941,"parent":17168,"menu_order":0,"comment_status":"open","ping_status":"closed","template":"","meta":{"neve_meta_sidebar":"","neve_meta_container":"","neve_meta_enable_content_width":"","neve_meta_content_width":0,"neve_meta_title_alignment":"","neve_meta_author_avatar":"","neve_post_elements_order":"","neve_meta_disable_header":"","neve_meta_disable_footer":"","neve_meta_disable_title":"","episode_type":"","audio_file":"","podmotor_file_id":"","podmotor_episode_id":"","cover_image":"","cover_image_id":"","duration":"","filesize":"","filesize_raw":"","date_recorded":"","explicit":"","block":"","footnotes":""},"class_list":["post-20940","page","type-page","status-publish","has-post-thumbnail","hentry"],"_links":{"self":[{"href":"https:\/\/quecartucho.es\/blog\/wp-json\/wp\/v2\/pages\/20940","targetHints":{"allow":["GET"]}}],"collection":[{"href":"https:\/\/quecartucho.es\/blog\/wp-json\/wp\/v2\/pages"}],"about":[{"href":"https:\/\/quecartucho.es\/blog\/wp-json\/wp\/v2\/types\/page"}],"author":[{"embeddable":true,"href":"https:\/\/quecartucho.es\/blog\/wp-json\/wp\/v2\/users\/1"}],"replies":[{"embeddable":true,"href":"https:\/\/quecartucho.es\/blog\/wp-json\/wp\/v2\/comments?post=20940"}],"version-history":[{"count":1,"href":"https:\/\/quecartucho.es\/blog\/wp-json\/wp\/v2\/pages\/20940\/revisions"}],"predecessor-version":[{"id":20942,"href":"https:\/\/quecartucho.es\/blog\/wp-json\/wp\/v2\/pages\/20940\/revisions\/20942"}],"up":[{"embeddable":true,"href":"https:\/\/quecartucho.es\/blog\/wp-json\/wp\/v2\/pages\/17168"}],"wp:featuredmedia":[{"embeddable":true,"href":"https:\/\/quecartucho.es\/blog\/wp-json\/wp\/v2\/media\/20941"}],"wp:attachment":[{"href":"https:\/\/quecartucho.es\/blog\/wp-json\/wp\/v2\/media?parent=20940"}],"curies":[{"name":"wp","href":"https:\/\/api.w.org\/{rel}","templated":true}]}}