{"id":20950,"date":"2023-10-27T16:49:19","date_gmt":"2023-10-27T14:49:19","guid":{"rendered":"https:\/\/quecartucho.es\/blog\/?page_id=20950"},"modified":"2023-10-27T16:49:20","modified_gmt":"2023-10-27T14:49:20","slug":"como-imprimir-varios-pdf-a-la-vez","status":"publish","type":"page","link":"https:\/\/quecartucho.es\/blog\/como-imprimir-varios-pdf-a-la-vez\/","title":{"rendered":"C\u00f3mo imprimir varios PDF a la vez"},"content":{"rendered":"\n<p><strong>Imprimir varios documentos PDF<\/strong> puede ser muy pr\u00e1ctico para ahorrar tiempo. Probablemente no notar\u00e1s la diferencia si tienes que imprimir tan solo un par de archivos, pero la cosa cambia si son decenas.<\/p>\n\n\n\n<p>Si no te quieres desesperar abriendo cada archivo de forma individual para mandarlo a imprimir manualmente, est\u00e1s en el art\u00edculo correcto.<\/p>\n\n\n\n<p>Lo cierto es que hay varios m\u00e9todos que pueden funcionar dependiendo del sistema operativo que est\u00e9s utilizando, entre otras particularidades:<\/p>\n\n\n\n<h2 class=\"wp-block-heading\"><strong>\u00bfC\u00f3mo imprimir varios PDF seleccionados?<\/strong><\/h2>\n\n\n\n<h3 class=\"wp-block-heading\"><strong>#M\u00e9todo 1: Funci\u00f3n b\u00e1sica del S.O.<\/strong><\/h3>\n\n\n\n<p>El m\u00e9todo m\u00e1s sencillo para imprimir varios PDF al mismo tiempo consiste en seguir estos pasos:<\/p>\n\n\n\n<p>1) &nbsp; &nbsp; Abre la carpeta donde est\u00e1n los PDFs que quieres imprimir. Es importante que <strong>se encuentren todos en la misma carpeta <\/strong>porque, de lo contrario, este m\u00e9todo no funcionar\u00e1. Puedes pulsar la combinaci\u00f3n de teclas <strong>control + E<\/strong> para marcar todos los archivos de la misma carpeta.<\/p>\n\n\n\n<p>2) &nbsp; &nbsp; Pulsa el bot\u00f3n derecho del rat\u00f3n y se abrir\u00e1 el caracter\u00edstico men\u00fa desplegable. Busca la opci\u00f3n de <strong>imprimir y m\u00e1rcala<\/strong>.<\/p>\n\n\n\n<p>3) &nbsp; &nbsp; Si tienes varias impresoras, en este momento tendr\u00e1s que marcarla adecuada. En el caso de que est\u00e9 marcada como predeterminada, solo avanza al siguiente paso.<\/p>\n\n\n\n<p>4) &nbsp; &nbsp; Pulsa en <strong>aceptar<\/strong>.<\/p>\n\n\n\n<p>El gran problema de imprimir varios PDFs al mismo tiempo es que tu impresora tiene una cierta capacidad para poder hacerlo. Si se excede la memoria de impresi\u00f3n, puede que el proceso quede interrumpido.<\/p>\n\n\n\n<p>Revisa la <strong>cola de impresi\u00f3n<\/strong> y ve comprobando que todos los documentos se van imprimiendo. As\u00ed, si el proceso se para a mitad, al menos sabr\u00e1s en d\u00f3nde te has quedado para seguir a partir de ese punto.<\/p>\n\n\n\n<h3 class=\"wp-block-heading\"><strong>#M\u00e9todo 2: Usar el soporte de impresi\u00f3n<\/strong><\/h3>\n\n\n\n<p>Otra opci\u00f3n es utilizar <strong>soporte de impresi\u00f3n de Windows<\/strong>, que es una herramienta propia del sistema operativo (por lo que no ser\u00e1 necesario instalar nada adicional). Este truco es bastante intuitivo, pero no sabes que funciona hasta que lo pruebas. Lo mejor de todo es que no solo funciona para <strong>imprimir varios PDFs<\/strong> al mismo tiempo, sino que se puede utilizar para cualquier tipo de documento.<\/p>\n\n\n\n<p>1) &nbsp; &nbsp; Accede a <strong>Panel de control -&gt; Impresoras y esc\u00e1neres<\/strong> (la ruta m\u00e1s r\u00e1pida es utilizar el recuadro de b\u00fasqueda del sistema operativo para llegar a tu impresora).<\/p>\n\n\n\n<p>2) &nbsp; &nbsp; Pulsa sobre la impresora con la que quieres imprimir.<\/p>\n\n\n\n<p>3) &nbsp; &nbsp; Marca en la opci\u00f3n de <strong>abrir cola<\/strong>.<\/p>\n\n\n\n<p>4) &nbsp; &nbsp; C\u00f3mo si se tratase de una migraci\u00f3n de datos de una carpeta a otra, tan solo tendr\u00e1s que arrastrar todos los documentos deseados hacia la cola de impresi\u00f3n.<\/p>\n\n\n\n<p>5) &nbsp; &nbsp; El sistema operativo te preguntar\u00e1 si deseas imprimir lo que has mandado a la cola de impresi\u00f3n. Tan solo <strong>confirma la acci\u00f3n<\/strong>.<\/p>\n\n\n\n<p>De nuevo, uno de los problemas de seguir este m\u00e9todo lo tenemos en la impresora: si se trata de un modelo demasiado b\u00e1sico, es posible que la capacidad de memoria tambi\u00e9n lo sea y no se lleguen a hacer todas las impresiones.<\/p>\n\n\n\n<h3 class=\"wp-block-heading\"><strong>#M\u00e9todo 3: Utiliza un programa<\/strong><\/h3>\n\n\n\n<p>La tercera opci\u00f3n es utilizar un software preparado para gestionar este tipo de impresiones. Suele ser la mejor opci\u00f3n si el volumen de archivos PDF a imprimir es muy alto, ya que permiten hacer una mejor gesti\u00f3n de la memoria para evitar problemas.<\/p>\n\n\n\n<p>Aqu\u00ed tienes algunos de los programas con los que puedes probar:<\/p>\n\n\n\n<h4 class=\"wp-block-heading\"><strong>Acrobat Reader<\/strong><\/h4>\n\n\n\n<p>El <strong>Acrobat Reader<\/strong> es el visualizador por excelencia de archivos PDF (aunque palidece como editor de este formato). En cualquier caso, nos vale para imprimir varios ficheros de forma simult\u00e1nea.<\/p>\n\n\n\n<p>1) &nbsp; &nbsp; Empieza a\u00f1adiendo todos los documentos PDF dentro de la misma carpeta y abre el Acrobat Reader.<\/p>\n\n\n\n<p>2) &nbsp; &nbsp; Revisa las opciones de la parte superior y marca en <strong>Herramientas<\/strong>. De entre todas las opciones que aparezcan, marca <strong>Combinar archivos<\/strong>.<\/p>\n\n\n\n<p>3) &nbsp; &nbsp; Elige todos los archivos PDF que quieres imprimir y deja que el programa se encargue de combinarlos. Este mismo proceso te puede servir para combinar varios archivos PDF en uno solo.<\/p>\n\n\n\n<p>4) &nbsp; &nbsp; Una vez se hayan combinado los archivos, simplemente tienes que abrirlo y pulsar en <strong>imprimir<\/strong>.<\/p>\n\n\n\n<p>Digamos que estamos utilizando el truco de crear un archivo \u00fanico a trav\u00e9s de todos los recursos que se quieren imprimir y luego mandarlo a la impresora como si se tratase de un archivo convencional. Puede sonar algo rudimentario, pero funciona.<\/p>\n\n\n\n<h4 class=\"wp-block-heading\"><strong>Print Conductor<\/strong><\/h4>\n\n\n\n<p><strong>Print Conductor<\/strong> es otra herramienta de software no tan conocida como la anterior, pero puede funcionar igual de bien. Hace una eficiente gesti\u00f3n de los recursos del sistema operativo, por lo que funciona estupendamente para unir archivos grandes y luego imprimirlos en un solo paso.<\/p>\n\n\n\n<p>1) &nbsp; &nbsp; Lo primero que debes hacer es descargar el programa. Puedes conseguirlo en su p\u00e1gina oficial sin ning\u00fan tipo de coste.<\/p>\n\n\n\n<p>2) &nbsp; &nbsp; Cuando lo hayas descargado y ejecutado, pulsa en <strong>agregar documentos<\/strong>. Tambi\u00e9n puedes a\u00f1adir documentos de varias carpetas al mismo tiempo, sin necesidad de que est\u00e9n todos dentro de la misma carpeta.<\/p>\n\n\n\n<p>3) &nbsp; &nbsp; Indica la impresora d\u00f3nde quieres imprimir y pulsa en <strong>iniciar impresi\u00f3n<\/strong>.<\/p>\n\n\n\n<h4 class=\"wp-block-heading\"><strong>LightPDF<\/strong><\/h4>\n\n\n\n<p>Para que tengas m\u00e1s opciones entre las que imprimir, <strong>LightPDF<\/strong> se presenta como una interesante soluci\u00f3n para <strong>imprimir varios PDF a la vez<\/strong>. Su principal diferencia frente a las opciones anteriores es que se trata de una herramienta online, lo que quiere decir que no habr\u00e1 que descargar nada en el ordenador.<\/p>\n\n\n\n<p>1) &nbsp; &nbsp; Accede a la p\u00e1gina de LightPDF. Tambi\u00e9n es una herramienta gratuita, pero tiene algunas limitaciones (no puede trabajar con un n\u00famero de archivos muy elevado al mismo tiempo; habr\u00e1 que pagar la suscripci\u00f3n para eliminar esta limitaci\u00f3n).<\/p>\n\n\n\n<p>2) &nbsp; &nbsp; Elige la opci\u00f3n de <strong>imprimir PDF<\/strong> y sube todos los archivos que necesites.<\/p>\n\n\n\n<p>3) &nbsp; &nbsp; Pulsa en el bot\u00f3n de<strong> Unir<\/strong>.<\/p>\n\n\n\n<p>4) &nbsp; &nbsp; Cuando se haya creado el documento, tan solo tendremos que mandarlo a la impresora.<\/p>\n\n\n\n<h4 class=\"wp-block-heading\"><strong>SmallPDF<\/strong><\/h4>\n\n\n\n<p><strong>SmallPDF<\/strong> es otra herramienta que tiene un funcionamiento online para evitar cualquier descarga en el ordenador. Ofrece muchas opciones, pero una de las m\u00e1s interesantes es poder combinar varios archivos PDF en uno solo y as\u00ed facilitar la impresi\u00f3n.<\/p>\n\n\n\n<p>1) &nbsp; &nbsp; No solo te permite elegir los archivos que tienes en el ordenador, sino que tambi\u00e9n los puede unir en un fichero PDF utilizando alguna plataforma como Google Drive o Dropbox.<\/p>\n\n\n\n<p>2) &nbsp; &nbsp; Cuando tengas todos los archivos listos, pulsa en <strong>combinar tus PDF<\/strong>.<\/p>\n\n\n\n<p>3) &nbsp; &nbsp; Dependiendo de la cantidad de archivos, el proceso tardar\u00e1 m\u00e1s o menos. Una vez lo tengas listo, es cuesti\u00f3n de mandarlo a imprimir.<\/p>\n\n\n\n<h4 class=\"wp-block-heading\"><strong>IlovePDF<\/strong><\/h4>\n\n\n\n<p>Finalmente, tambi\u00e9n puedes probar <strong>iLovePDF<\/strong> por su larga serie de funciones. El procedimiento para imprimir varios archivos a la vez con esta herramienta es muy f\u00e1cil:<\/p>\n\n\n\n<p>1) &nbsp; &nbsp; Accede a la web.<\/p>\n\n\n\n<p>2) &nbsp; &nbsp; Selecciona los archivos que quieres imprimir (tambi\u00e9n te los permite sacar de Google Drive o Dropbox).<\/p>\n\n\n\n<p>3) &nbsp; &nbsp; Pulsa en <strong>Unir PDF<\/strong>.<\/p>\n\n\n\n<p>4) \u00a0 \u00a0 Al terminar el proceso tan solo tendr\u00e1s que descargar el archivo y mandarlo a imprimir, aseg\u00farate de tener <strong><a href=\"https:\/\/quecartucho.es\/\">cartuchos de tinta<\/a><\/strong> al mejor precio para que este \u00faltimo paso te sea lo m\u00e1s barato posible.<\/p>\n\n\n\n<h2 class=\"wp-block-heading\"><strong>\u00bfC\u00f3mo unir varios archivos PDF en uno solo sin programas?<\/strong><\/h2>\n\n\n\n<p>Por desgracia, <strong>no hay manera de unir varios archivos PDF en uno solo sin programas<\/strong>, ya que no hay ning\u00fan sistema operativo que haya implementado esta funci\u00f3n de forma nativa.<\/p>\n\n\n\n<p>La \u00fanica soluci\u00f3n ser\u00e1 elegir uno de los programas que hemos visto en el apartado anterior.<\/p>\n\n\n\n<p><\/p>\n\n\n\n<p>Con la informaci\u00f3n de este art\u00edculo ya sabes <strong>c\u00f3mo imprimir varios PDF a la vez<\/strong>. Tan solo elige el m\u00e9todo que m\u00e1s te guste.<\/p>\n\n\n\n<figure class=\"wp-block-embed is-type-video is-provider-youtube wp-block-embed-youtube wp-embed-aspect-16-9 wp-has-aspect-ratio\"><div class=\"wp-block-embed__wrapper\">\n<div class=\"nv-iframe-embed\"><iframe loading=\"lazy\" title=\"C\u00f3mo imprimir varios archivos PDF en un solo proceso\" width=\"1200\" height=\"675\" src=\"https:\/\/www.youtube.com\/embed\/k1utIHX1MXg?feature=oembed\" frameborder=\"0\" allow=\"accelerometer; autoplay; clipboard-write; encrypted-media; gyroscope; picture-in-picture; web-share\" allowfullscreen><\/iframe><\/div>\n<\/div><\/figure>\n","protected":false},"excerpt":{"rendered":"<p>Imprimir varios documentos PDF puede ser muy pr\u00e1ctico para ahorrar tiempo. Probablemente no notar\u00e1s la diferencia si tienes que imprimir tan solo un par de archivos, pero la cosa cambia si son decenas. Si no te quieres desesperar abriendo cada archivo de forma individual para mandarlo a imprimir manualmente, est\u00e1s en el art\u00edculo correcto. Lo&hellip;&nbsp;<a href=\"https:\/\/quecartucho.es\/blog\/como-imprimir-varios-pdf-a-la-vez\/\" rel=\"bookmark\">Leer m\u00e1s &raquo;<span class=\"screen-reader-text\">C\u00f3mo imprimir varios PDF a la vez<\/span><\/a><\/p>\n","protected":false},"author":1,"featured_media":20951,"parent":0,"menu_order":0,"comment_status":"closed","ping_status":"closed","template":"","meta":{"neve_meta_sidebar":"","neve_meta_container":"","neve_meta_enable_content_width":"","neve_meta_content_width":0,"neve_meta_title_alignment":"","neve_meta_author_avatar":"","neve_post_elements_order":"","neve_meta_disable_header":"","neve_meta_disable_footer":"","neve_meta_disable_title":"","episode_type":"","audio_file":"","podmotor_file_id":"","podmotor_episode_id":"","cover_image":"","cover_image_id":"","duration":"","filesize":"","filesize_raw":"","date_recorded":"","explicit":"","block":"","footnotes":""},"class_list":["post-20950","page","type-page","status-publish","has-post-thumbnail","hentry"],"_links":{"self":[{"href":"https:\/\/quecartucho.es\/blog\/wp-json\/wp\/v2\/pages\/20950","targetHints":{"allow":["GET"]}}],"collection":[{"href":"https:\/\/quecartucho.es\/blog\/wp-json\/wp\/v2\/pages"}],"about":[{"href":"https:\/\/quecartucho.es\/blog\/wp-json\/wp\/v2\/types\/page"}],"author":[{"embeddable":true,"href":"https:\/\/quecartucho.es\/blog\/wp-json\/wp\/v2\/users\/1"}],"replies":[{"embeddable":true,"href":"https:\/\/quecartucho.es\/blog\/wp-json\/wp\/v2\/comments?post=20950"}],"version-history":[{"count":1,"href":"https:\/\/quecartucho.es\/blog\/wp-json\/wp\/v2\/pages\/20950\/revisions"}],"predecessor-version":[{"id":20955,"href":"https:\/\/quecartucho.es\/blog\/wp-json\/wp\/v2\/pages\/20950\/revisions\/20955"}],"wp:featuredmedia":[{"embeddable":true,"href":"https:\/\/quecartucho.es\/blog\/wp-json\/wp\/v2\/media\/20951"}],"wp:attachment":[{"href":"https:\/\/quecartucho.es\/blog\/wp-json\/wp\/v2\/media?parent=20950"}],"curies":[{"name":"wp","href":"https:\/\/api.w.org\/{rel}","templated":true}]}}