{"id":21040,"date":"2023-11-07T11:45:29","date_gmt":"2023-11-07T09:45:29","guid":{"rendered":"https:\/\/quecartucho.es\/blog\/?page_id=21040"},"modified":"2023-11-07T11:45:29","modified_gmt":"2023-11-07T09:45:29","slug":"si-son-tan-baratos-por-algo-sera-dicen-que-hasta-el-santo-desconfia-%f0%9f%a4%a8","status":"publish","type":"page","link":"https:\/\/quecartucho.es\/blog\/quehistoria\/si-son-tan-baratos-por-algo-sera-dicen-que-hasta-el-santo-desconfia-%f0%9f%a4%a8\/","title":{"rendered":"\u00abSi son tan baratos, por algo ser\u00e1\u00bb Dicen que hasta el santo desconf\u00eda \ud83e\udd28"},"content":{"rendered":"\n<p>Hoy nos hemos levantado refraneros. Y es que el refranero espa\u00f1ol es una maravilla, lo mires por donde lo mires. \u00bfO no?<\/p>\n\n\n\n<ul class=\"wp-block-list\">\n<li><em>M\u00e1s vale una vez colorado que ciento amarillo (a ver, nosotros preferimos cien cartuchos amarillos, porque colorados no tenemos).<\/em><\/li>\n\n\n\n<li><em>Crea fama y \u00e9chate a dormir (ya nos gustar\u00eda poder dormir m\u00e1s, pero no nos da la vida <\/em>\ud83e\udd72<em>).<\/em><\/li>\n\n\n\n<li><em>Mucho donaire, causa desaire (este no sabemos muy bien qu\u00e9 quiere decir, pero suena bien).<\/em><\/li>\n\n\n\n<li><em>Hay dos palabras que te abrir\u00e1n muchas puertas en esta vida: \u201ctire\u201d y \u201cempuje\u201d (\u00a1juas! <\/em>\ud83e\udd23<em>).<\/em><\/li>\n<\/ul>\n\n\n\n<p>Y luego est\u00e1 el refr\u00e1n que dice: <em>Cuando la limosna es grande, hasta el santo desconf\u00eda.<\/em><\/p>\n\n\n\n<p>Porque t\u00fa\u2026 \u00bfno ser\u00e1s un poco santo\/a, no?<\/p>\n\n\n\n<p>Ojo, que no nos estamos metiendo en tu vida, lo bien o mal que te portes \ud83d\ude08, es cosa tuya.<\/p>\n\n\n\n<p>Pero quiz\u00e1s te planteas la siguiente cuesti\u00f3n:<\/p>\n\n\n\n<p>\ud83e\udd14 \u201cA ver, los cartuchos que venden los locos estos de Quecartucho (que hay que ver c\u00f3mo se les va la olla), tan baratos\u2026 no pueden ser buenos, seguro que alguna tara tienen, o van medio vac\u00edos o algo as\u00ed. Vamos, que hay \ud83d\udc08 encerrado, seguro.\u201d<\/p>\n\n\n\n<p>\ud83d\udc46 \u00bfS\u00ed eres? \u00a1No tienes motivos para desconfiar!<\/p>\n\n\n\n<p>Nuestros cartuchos son baratos porque:<\/p>\n\n\n\n<p>\u267b\ufe0f Son reciclados.<\/p>\n\n\n\n<p>\ud83e\udd0d Son de marca blanca.<\/p>\n\n\n\n<p>\u2696\ufe0f Y lo m\u00e1s importante: son baratos porque nuestra filosof\u00eda se basa en ofrecer calidad a precios justos. \u00bfSabes d\u00f3nde queremos obtener la ganancia? En nuestra credibilidad, no en nuestro bolsillo.<\/p>\n\n\n\n<p>Credibilidad que tenemos m\u00e1s que demostrada, <em>por fav\u00f3<\/em> \ud83d\ude0e. Solo tienes que entrar en nuestra <a href=\"https:\/\/quecartucho.es\/content\/12-opinion-de-clientes\">web<\/a> para leer las florecillas que nos echan.<\/p>\n\n\n\n<p>As\u00ed que \u00bfvas a seguir desconfiando y regalando tu pasta a las grandes marcas de cartuchos? \u00bfO nos das una oportunidad y pruebas nuestros <a href=\"https:\/\/quecartucho.es\/\">cartuchos compatibles<\/a>?<\/p>\n\n\n\n<p>Tienes:<\/p>\n\n\n\n<p>\ud83d\udee1\ufe0f Garant\u00eda GRATIS de 5 a\u00f1os sin letra peque\u00f1a\u201d \ud83d\ude03.<\/p>\n\n\n\n<p>\ud83d\udcf1 Servicio de atenci\u00f3n al cliente que nunca tiene suficiente de o\u00edr tu voz \ud83d\ude0d.<\/p>\n\n\n\n<p>\u26a1 Entregas r\u00e1pidas (estilo teletransporte).<\/p>\n\n\n\n<p>\ud83d\udce6 Devoluciones gratis y sin preguntas: \u00bfno te gustan? Pues no te gustan, punto pelota.<\/p>\n\n\n\n<p>\ud83d\udcb3 Pago seguro con Apple y Google Pay, Bizum, tarjeta y transferencia.<\/p>\n\n\n\n<p>\ud83d\ude03 Conf\u00eda, compra en quecartucho.es e imprime feliz para siempre.<\/p>\n\n\n\n<p>El equipo de Quecartucho.<\/p>\n\n\n\n<p>P.D. \u00a1No podemos evitarlo! Somos unos apasionados de los refranes, y creemos que, al igual que un buen refr\u00e1n, nuestra oferta es un tesoro en s\u00ed misma. As\u00ed que, cuando necesites cartuchos de calidad a precios justos, recuerda que en Quecartucho.es estamos dispuestos a ser tus aliados en la impresi\u00f3n. \u00a1Gracias por confiar en nosotros y por ser parte de la familia Quecartucho!<\/p>\n\n\n\n<p>Hasta la pr\u00f3xima,<\/p>\n\n\n\n<p>El equipo de Quecartucho<\/p>\n\n\n\n<figure class=\"wp-block-embed is-type-video is-provider-tiktok wp-block-embed-tiktok\"><div class=\"wp-block-embed__wrapper\">\n<blockquote class=\"tiktok-embed\" cite=\"https:\/\/www.tiktok.com\/@agustinmedina1311\/video\/7277163227799112993\" data-video-id=\"7277163227799112993\" data-embed-from=\"oembed\" style=\"max-width: 605px;min-width: 325px;\" > <section> <a target=\"_blank\" title=\"@agustinmedina1311\" href=\"https:\/\/www.tiktok.com\/@agustinmedina1311?refer=embed\" rel=\"nofollow noopener\">@agustinmedina1311<\/a> <p>Cuando la limosna es grande, hasta el santo desconf\u00eda. <a title=\"frases\" target=\"_blank\" href=\"https:\/\/www.tiktok.com\/tag\/frases?refer=embed\" rel=\"nofollow noopener\">#frases<\/a> <a title=\"refranes\" target=\"_blank\" href=\"https:\/\/www.tiktok.com\/tag\/refranes?refer=embed\" rel=\"nofollow noopener\">#refranes<\/a> <a title=\"expresiones\" target=\"_blank\" href=\"https:\/\/www.tiktok.com\/tag\/expresiones?refer=embed\" rel=\"nofollow noopener\">#expresiones<\/a> <a title=\"dichospopulares\" target=\"_blank\" href=\"https:\/\/www.tiktok.com\/tag\/dichospopulares?refer=embed\" rel=\"nofollow noopener\">#dichospopulares<\/a> <a title=\"aprendeentiktok\" target=\"_blank\" href=\"https:\/\/www.tiktok.com\/tag\/aprendeentiktok?refer=embed\" rel=\"nofollow noopener\">#aprendeentiktok<\/a> <\/p> <a target=\"_blank\" title=\"\u266c sonido original - Agust\u00edn\" href=\"https:\/\/www.tiktok.com\/music\/sonido-original-7277163254135491361?refer=embed\" rel=\"nofollow noopener\">\u266c sonido original &#8211; Agust\u00edn<\/a> <\/section> <\/blockquote> <script async src=\"https:\/\/www.tiktok.com\/embed.js\"><\/script>\n<\/div><\/figure>\n","protected":false},"excerpt":{"rendered":"<p>Hoy nos hemos levantado refraneros. Y es que el refranero espa\u00f1ol es una maravilla, lo mires por donde lo mires. \u00bfO no? Y luego est\u00e1 el refr\u00e1n que dice: Cuando la limosna es grande, hasta el santo desconf\u00eda. Porque t\u00fa\u2026 \u00bfno ser\u00e1s un poco santo\/a, no? Ojo, que no nos estamos metiendo en tu vida,&hellip;&nbsp;<a href=\"https:\/\/quecartucho.es\/blog\/quehistoria\/si-son-tan-baratos-por-algo-sera-dicen-que-hasta-el-santo-desconfia-%f0%9f%a4%a8\/\" rel=\"bookmark\">Leer m\u00e1s &raquo;<span class=\"screen-reader-text\">\u00abSi son tan baratos, por algo ser\u00e1\u00bb Dicen que hasta el santo desconf\u00eda \ud83e\udd28<\/span><\/a><\/p>\n","protected":false},"author":1,"featured_media":21042,"parent":13922,"menu_order":0,"comment_status":"closed","ping_status":"closed","template":"","meta":{"neve_meta_sidebar":"","neve_meta_container":"","neve_meta_enable_content_width":"","neve_meta_content_width":0,"neve_meta_title_alignment":"","neve_meta_author_avatar":"","neve_post_elements_order":"","neve_meta_disable_header":"","neve_meta_disable_footer":"","neve_meta_disable_title":"","episode_type":"","audio_file":"","podmotor_file_id":"","podmotor_episode_id":"","cover_image":"","cover_image_id":"","duration":"","filesize":"","filesize_raw":"","date_recorded":"","explicit":"","block":"","footnotes":""},"class_list":["post-21040","page","type-page","status-publish","has-post-thumbnail","hentry"],"_links":{"self":[{"href":"https:\/\/quecartucho.es\/blog\/wp-json\/wp\/v2\/pages\/21040","targetHints":{"allow":["GET"]}}],"collection":[{"href":"https:\/\/quecartucho.es\/blog\/wp-json\/wp\/v2\/pages"}],"about":[{"href":"https:\/\/quecartucho.es\/blog\/wp-json\/wp\/v2\/types\/page"}],"author":[{"embeddable":true,"href":"https:\/\/quecartucho.es\/blog\/wp-json\/wp\/v2\/users\/1"}],"replies":[{"embeddable":true,"href":"https:\/\/quecartucho.es\/blog\/wp-json\/wp\/v2\/comments?post=21040"}],"version-history":[{"count":1,"href":"https:\/\/quecartucho.es\/blog\/wp-json\/wp\/v2\/pages\/21040\/revisions"}],"predecessor-version":[{"id":21043,"href":"https:\/\/quecartucho.es\/blog\/wp-json\/wp\/v2\/pages\/21040\/revisions\/21043"}],"up":[{"embeddable":true,"href":"https:\/\/quecartucho.es\/blog\/wp-json\/wp\/v2\/pages\/13922"}],"wp:featuredmedia":[{"embeddable":true,"href":"https:\/\/quecartucho.es\/blog\/wp-json\/wp\/v2\/media\/21042"}],"wp:attachment":[{"href":"https:\/\/quecartucho.es\/blog\/wp-json\/wp\/v2\/media?parent=21040"}],"curies":[{"name":"wp","href":"https:\/\/api.w.org\/{rel}","templated":true}]}}