{"id":21116,"date":"2023-11-14T12:19:07","date_gmt":"2023-11-14T10:19:07","guid":{"rendered":"https:\/\/quecartucho.es\/blog\/?page_id=21116"},"modified":"2023-11-14T12:34:17","modified_gmt":"2023-11-14T10:34:17","slug":"mi-impresora-lexmark-no-imprime-y-tiene-tinta-como-solucionarlo","status":"publish","type":"page","link":"https:\/\/quecartucho.es\/blog\/mi-impresora-lexmark-no-imprime-y-tiene-tinta-como-solucionarlo\/","title":{"rendered":"Mi impresora Lexmark no imprime y tiene tinta: \u00bfC\u00f3mo solucionarlo?"},"content":{"rendered":"\n<p>Si tu<strong>&nbsp;<a href=\"https:\/\/quecartucho.es\/blog\/impresoras-lexmark\/\">impresora Lexmark<\/a><\/strong>&nbsp;no funciona, una de las causas m\u00e1s habituales que podr\u00edan explicar el problema es la falta de <strong><a href=\"https:\/\/quecartucho.es\/\">tinta<\/a><\/strong>. Si, despu\u00e9s de haber hecho la inversi\u00f3n en el consumible, el perif\u00e9rico no funciona, estaremos hablando de un problema m\u00e1s importante.<\/p>\n\n\n\n<p>\u00bfQu\u00e9 es lo que est\u00e1 pasando? Lo cierto es que no hay una sola respuesta: dependiendo de cada situaci\u00f3n, podr\u00eda estar ocurriendo una cosa diferente, o varias al mismo tiempo.<\/p>\n\n\n\n<p>En este art\u00edculo vamos a centrarnos en ayudarte a encontrar la causa, as\u00ed como la posible soluci\u00f3n.<\/p>\n\n\n<div class=\"wp-block-image\">\n<figure class=\"aligncenter size-full\"><img loading=\"lazy\" decoding=\"async\" width=\"864\" height=\"576\" src=\"https:\/\/quecartucho.es\/blog\/wp-content\/uploads\/2023\/11\/impresora-lexmark-para-imprimir-desde-el-movil.webp\" alt=\"\" class=\"wp-image-21117\" title=\"\" srcset=\"https:\/\/quecartucho.es\/blog\/wp-content\/uploads\/2023\/11\/impresora-lexmark-para-imprimir-desde-el-movil.webp 864w, https:\/\/quecartucho.es\/blog\/wp-content\/uploads\/2023\/11\/impresora-lexmark-para-imprimir-desde-el-movil-300x200.webp 300w, https:\/\/quecartucho.es\/blog\/wp-content\/uploads\/2023\/11\/impresora-lexmark-para-imprimir-desde-el-movil-768x512.webp 768w\" sizes=\"auto, (max-width: 864px) 100vw, 864px\" \/><\/figure>\n<\/div>\n\n\n<h2 class=\"wp-block-heading\"><strong>\u00bf<a href=\"https:\/\/quecartucho.es\/blog\/cuando-una-impresora-no-imprime-bien\/\">Por qu\u00e9 no imprime mi impresora<\/a> Lexmark si tiene tinta? Causas y soluciones<\/strong><\/h2>\n\n\n\n<h3 class=\"wp-block-heading\"><strong>1.<\/strong>&nbsp;&nbsp; &nbsp;&nbsp;<strong>Configuraci\u00f3n err\u00f3nea<\/strong><\/h3>\n\n\n\n<p>Podr\u00eda ocurrir que se haya generado una&nbsp;<strong>configuraci\u00f3n err\u00f3nea en la impresora<\/strong>; esto no quiere decir que se haya instalado de forma incorrecta necesariamente, sino que el problema podr\u00eda residir en el propio sistema operativo.<\/p>\n\n\n\n<p>La f\u00f3rmula m\u00e1s sencilla de corregir una mala configuraci\u00f3n es&nbsp;<strong>hacer un reinicio de la impresora<\/strong>. Los pasos a seguir son estos:<\/p>\n\n\n\n<p>1)&nbsp;&nbsp; &nbsp;&nbsp;Apaga la impresora y espera a que termine cualquier proceso que haya quedado operativo.<\/p>\n\n\n\n<p>2)&nbsp;&nbsp; &nbsp;&nbsp;Desenchufa el perif\u00e9rico de la corriente (con el objetivo de que no se pueda almacenar en memoria la mala configuraci\u00f3n).<\/p>\n\n\n\n<p>3)&nbsp;&nbsp; &nbsp;&nbsp;Deja que pase un minuto para volver a conectar el cable a la electricidad y vuelve a iniciar la impresora.<\/p>\n\n\n\n<p>Lo cierto es que este sistema te puede ayudar a solucionar muchos problemas de tu impresora Lexmark. Teniendo en cuenta su facilidad, puede que quieras empezar por aqu\u00ed.<\/p>\n\n\n\n<h3 class=\"wp-block-heading\"><strong>2.<\/strong>&nbsp;&nbsp; &nbsp;&nbsp;<strong>Reinstalaci\u00f3n de driver<\/strong><\/h3>\n\n\n\n<p>Otra posible explicaci\u00f3n a una&nbsp;<strong>impresora Lexmark que no imprime teniendo impresora<\/strong>&nbsp;podr\u00eda estar relacionada con un fallo en el driver. Quiz\u00e1, en su momento se instal\u00f3 uno incorrecto y est\u00e9 dando problemas o tan solo se ha corrompido debido a diferentes procesos del sistema operativo.<\/p>\n\n\n\n<p>En cualquier caso, la soluci\u00f3n est\u00e1 clara:&nbsp;<strong>desinstalar y reinstalar el driver<\/strong>.<\/p>\n\n\n\n<p>Pero\u2026 \u00bfEsto c\u00f3mo se hace? Lo primero de todo ser\u00e1 buscar en la p\u00e1gina oficial de Lexmark el driver actualizado dependiendo de tu modelo de impresora. No es recomendable usar el CD que te ven\u00eda con la impresora, ya que es muy probable que los controladores est\u00e9n obsoletos.<\/p>\n\n\n\n<p>1)&nbsp;&nbsp; &nbsp;&nbsp;Vamos a desinstalar el&nbsp;<strong>driver<\/strong>: para ello, accede a la barra de b\u00fasqueda y escribe&nbsp;<strong>administrador de dispositivos<\/strong>. Busca el apartado de&nbsp;<strong>impresoras<\/strong>&nbsp;y marca el modelo con el que est\u00e1s trabajando. Haz clic en&nbsp;<strong>desinstalar el dispositivo<\/strong>&nbsp;(tambi\u00e9n podr\u00edas probar a&nbsp;<strong>actualizar el dispositivo<\/strong>&nbsp;para ver si as\u00ed se soluciona el problema m\u00e1s r\u00e1pido). Si el sistema operativo te pide reiniciar, pulsa en aceptar para que se complete el proceso. Desconecta el cable que conecta la impresora con el PC, por si acaso.<\/p>\n\n\n\n<p>2)&nbsp;&nbsp; &nbsp;&nbsp;Ahora&nbsp;<strong>instalamos el nuevo driver<\/strong>. Nos aseguramos de que el cable est\u00e9 desconectado y hacemos doble clic sobre el controlador que nos hemos descargado. Tan solo sigue los pasos de la instalaci\u00f3n y conecta la impresora cuando el S.O te lo pida.<\/p>\n\n\n\n<p>La configuraci\u00f3n deber\u00eda aplicarse de forma autom\u00e1tica y, si todo ha ido bien, el problema se habr\u00e1 solucionado.<\/p>\n\n\n\n<h3 class=\"wp-block-heading\"><strong>3.<\/strong>&nbsp;&nbsp; &nbsp;&nbsp;<strong>Cartucho en mal estado<\/strong><\/h3>\n\n\n\n<p>Podr\u00eda ocurrir que el cartucho que vas a utilizar est\u00e9 en mal estado o que no te hayas dado cuenta y est\u00e9s utilizando uno antiguo, uno que ya no tiene tinta o toner.<\/p>\n\n\n\n<p>Par ello, vamos a analizar el&nbsp;<strong>estado de los niveles<\/strong>. Esto no nos costar\u00e1 m\u00e1s que unos segundos y nos ayudar\u00e1 a descartar el problema.<\/p>\n\n\n\n<ul class=\"wp-block-list\">\n<li>&nbsp; &nbsp; &nbsp;&nbsp;Se puede mirar directamente en la impresora si tienes un modelo con pantalla. Pulsa en&nbsp;<strong>Men\u00fa -&gt; Niveles de tinta&nbsp;<\/strong>y te aparecer\u00e1n en gr\u00e1ficos representativos.<\/li>\n\n\n\n<li>&nbsp; &nbsp; &nbsp;&nbsp;Tambi\u00e9n puedes visualizarlo desde la aplicaci\u00f3n de la impresora para el ordenador.<\/li>\n<\/ul>\n\n\n\n<p>Si los niveles de tinta o de toner est\u00e1n muy bajos, el problema est\u00e1 en el consumible. Si est\u00e1n a un buen nivel o si ni tan siquiera los est\u00e1 detectando, seguiremos probando soluciones.<\/p>\n\n\n\n<figure class=\"wp-block-image size-large\"><a href=\"https:\/\/quecartucho.es\/19-lexmark\"><img loading=\"lazy\" decoding=\"async\" width=\"1024\" height=\"1024\" src=\"https:\/\/quecartucho.es\/blog\/wp-content\/uploads\/2023\/11\/cartuchos-de-toner-lexmark-1024x1024.jpg\" alt=\"cartuchos de toner lexmark\" class=\"wp-image-21123\" title=\"\" srcset=\"https:\/\/quecartucho.es\/blog\/wp-content\/uploads\/2023\/11\/cartuchos-de-toner-lexmark-1024x1024.jpg 1024w, https:\/\/quecartucho.es\/blog\/wp-content\/uploads\/2023\/11\/cartuchos-de-toner-lexmark-300x300.jpg 300w, https:\/\/quecartucho.es\/blog\/wp-content\/uploads\/2023\/11\/cartuchos-de-toner-lexmark-150x150.jpg 150w, https:\/\/quecartucho.es\/blog\/wp-content\/uploads\/2023\/11\/cartuchos-de-toner-lexmark-768x768.jpg 768w, https:\/\/quecartucho.es\/blog\/wp-content\/uploads\/2023\/11\/cartuchos-de-toner-lexmark-1536x1536.jpg 1536w, https:\/\/quecartucho.es\/blog\/wp-content\/uploads\/2023\/11\/cartuchos-de-toner-lexmark-120x120.jpg 120w, https:\/\/quecartucho.es\/blog\/wp-content\/uploads\/2023\/11\/cartuchos-de-toner-lexmark.jpg 2000w\" sizes=\"auto, (max-width: 1024px) 100vw, 1024px\" \/><\/a><\/figure>\n\n\n\n<h3 class=\"wp-block-heading\"><strong>4.<\/strong>&nbsp;&nbsp; &nbsp;&nbsp;<strong>Reseteo de cartuchos<\/strong><\/h3>\n\n\n\n<p>Quiz\u00e1, la impresora Lexmark&nbsp;<strong>no est\u00e1 reconociendo los cartuchos<\/strong>&nbsp;(algo que es bastante habitual cuando se utilizan los modelos compatibles y no los originales, aunque se puede solucionar con facilidad). Lo \u00fanico que debes hacer es&nbsp;<strong>resetear los cartuchos de tinta o de t\u00f3ner a la configuraci\u00f3n de f\u00e1brica<\/strong>.<\/p>\n\n\n\n<p>Este proceso puede ser bastante variable dependiendo del modelo, pero la forma de proceder suele ser la siguiente:<\/p>\n\n\n\n<p>1)&nbsp;&nbsp; &nbsp;&nbsp;Accede al&nbsp;<strong>panel de control&nbsp;<\/strong>y marca en&nbsp;<strong>impresoras<\/strong>. Pulsa el modelo de impresora Lexmark y haz click derecho para acceder a&nbsp;<strong>Propiedades<\/strong>.<\/p>\n\n\n\n<p>2)&nbsp;&nbsp; &nbsp;&nbsp;Despu\u00e9s tendr\u00e1s que pulsar en&nbsp;<strong>Valores -&gt; Dispositivo -&gt; Restaurar valores de f\u00e1brica<\/strong>.<\/p>\n\n\n\n<p>3)&nbsp;&nbsp; &nbsp;&nbsp;Marca en&nbsp;<strong>restaurar todos los valores y confirma<\/strong>.<\/p>\n\n\n\n<p>Tardar\u00e1 un poco de tiempo en hacer el reseteo completo y estar\u00e1 como nueva.<\/p>\n\n\n\n<p>\u00bfNo encuentras esta configuraci\u00f3n en Panel de control o la impresora todav\u00eda no reconoce el cartucho? Existen otras&nbsp;<strong>aplicaciones para resetear cartuchos&nbsp;<\/strong>que puedes probar.<\/p>\n\n\n\n<p><\/p>\n\n\n\n<h3 class=\"wp-block-heading\"><strong>5.<\/strong>&nbsp;&nbsp; &nbsp;&nbsp;<strong>Cabezales de impresi\u00f3n obstruidos<\/strong> (Solo en impresoras de tinta)<\/h3>\n\n\n\n<p>Otra posible explicaci\u00f3n al problema podr\u00eda estar en un fallo de hardware (es decir, f\u00edsico). Quiz\u00e1,&nbsp;<strong>los cabezales de impresi\u00f3n del perif\u00e9rico Lexmark<\/strong>&nbsp;est\u00e9n obstruidos, as\u00ed que la \u00fanica manera de solucionarlo es acabar con el atasco.<\/p>\n\n\n\n<p>1)&nbsp;&nbsp; &nbsp;&nbsp;Si tienes una impresora con pantalla, debes acceder a la opci\u00f3n de&nbsp;<strong>configuraci\u00f3n avanzada<\/strong>&nbsp;y marcar el bot\u00f3n de&nbsp;<strong>limpiar cartuchos<\/strong>.<\/p>\n\n\n\n<p>2)&nbsp;&nbsp; &nbsp;&nbsp;Est\u00e1 funci\u00f3n tambi\u00e9n deber\u00eda estar disponible desde el software de la impresora, que estar\u00e1 instalado en el sistema operativo.<\/p>\n\n\n\n<p>3)&nbsp;&nbsp; &nbsp;&nbsp;El proceso de limpieza de cabezales se completar\u00e1 y se imprimir\u00e1 una<strong>&nbsp;p\u00e1gina de prueba<\/strong>&nbsp;para que podamos comprobar si ha funcionado.<\/p>\n\n\n\n<p>Si se trata de una gran obstrucci\u00f3n, es posible que tengamos que hacer el proceso varias veces para solucionarla.<\/p>\n\n\n\n<h3 class=\"wp-block-heading\"><strong>6.<\/strong>\u00a0\u00a0 \u00a0\u00a0<strong>Limpieza intensiva de la impresora<\/strong><\/h3>\n\n\n<div class=\"wp-block-image\">\n<figure class=\"aligncenter size-full\"><img loading=\"lazy\" decoding=\"async\" width=\"730\" height=\"410\" src=\"https:\/\/quecartucho.es\/blog\/wp-content\/uploads\/2023\/11\/calidad-de-las-impresoras-lexmark-y-como-hacer-que-funcionen-bien.jpg\" alt=\"\" class=\"wp-image-21125\" title=\"\" srcset=\"https:\/\/quecartucho.es\/blog\/wp-content\/uploads\/2023\/11\/calidad-de-las-impresoras-lexmark-y-como-hacer-que-funcionen-bien.jpg 730w, https:\/\/quecartucho.es\/blog\/wp-content\/uploads\/2023\/11\/calidad-de-las-impresoras-lexmark-y-como-hacer-que-funcionen-bien-300x168.jpg 300w\" sizes=\"auto, (max-width: 730px) 100vw, 730px\" \/><\/figure>\n<\/div>\n\n\n<p>Puede que el problema se encuentre en alg\u00fan elemento extra\u00f1o atascado en la impresora que no permita que el aparato funcione. Llegados a este punto, la mejor opci\u00f3n es hacer una&nbsp;<strong>limpieza completa de la impresora<\/strong>. Es cierto que se trata de un proceso laborioso, pero es la mejor baza para dejarla casi como nueva.<\/p>\n\n\n\n<p>1)&nbsp;&nbsp; &nbsp;&nbsp;Debes asegurarte de que la impresora est\u00e1 apagada. Y no solo eso, sino que tambi\u00e9n tienes que desconectar todos los cables para evitar que se produzca un cortocircuito.<\/p>\n\n\n\n<p>2)&nbsp;&nbsp; &nbsp;&nbsp;<strong>Retira el papel de la bandeja y el alimentador<\/strong>. Revisa si hay alg\u00fan trozo de papel y qu\u00edtalo con cuidado, haciendo girar las ruedas en su sentido natural para evitar forzarlas.<\/p>\n\n\n\n<p>3)&nbsp;&nbsp; &nbsp;&nbsp;<strong>Ahora quita el polvo, las pelusas y cualquier elemento extra\u00f1o.<\/strong><\/p>\n\n\n\n<p>4)&nbsp;&nbsp; &nbsp;&nbsp;Retira los cartuchos y col\u00f3calos sobre un trapo limpio. Humedece ligeramente otro trapo y fr\u00f3talo contra la parte en la que sale la tinta; con esto solucionamos cualquier atasco presente que no se haya podido solucionar con la limpieza de cartuchos por software.<\/p>\n\n\n\n<p>5)&nbsp;&nbsp; &nbsp;&nbsp;Este proceso haya humedecido la impresora Lexmark y las diferentes piezas, as\u00ed que debes&nbsp;<strong>esperar a que todo se seque<\/strong>&nbsp;<strong>antes de volver a colocarlo<\/strong>.<\/p>\n\n\n\n<p>C\u00f3mo en el caso anterior, ahora es el momento de pedir una p\u00e1gina de prueba para determinar si se ha arreglado el problema.<\/p>\n\n\n\n<p>Estos son las soluciones m\u00e1s comunes al problema de una&nbsp;<strong>impresora Lexmark que no imprime, aunque tiene tinta suficiente<\/strong>. En el caso de que estos pasos no hayan solucionado el problema, te recomendamos llevar el equipo a un servicio t\u00e9cnico para que pueda estudiar el caso y ofrecerte una reparaci\u00f3n m\u00e1s detallada.<\/p>\n","protected":false},"excerpt":{"rendered":"<p>Si tu&nbsp;impresora Lexmark&nbsp;no funciona, una de las causas m\u00e1s habituales que podr\u00edan explicar el problema es la falta de tinta. Si, despu\u00e9s de haber hecho la inversi\u00f3n en el consumible, el perif\u00e9rico no funciona, estaremos hablando de un problema m\u00e1s importante. \u00bfQu\u00e9 es lo que est\u00e1 pasando? Lo cierto es que no hay una sola&hellip;&nbsp;<a href=\"https:\/\/quecartucho.es\/blog\/mi-impresora-lexmark-no-imprime-y-tiene-tinta-como-solucionarlo\/\" rel=\"bookmark\">Leer m\u00e1s &raquo;<span class=\"screen-reader-text\">Mi impresora Lexmark no imprime y tiene tinta: \u00bfC\u00f3mo solucionarlo?<\/span><\/a><\/p>\n","protected":false},"author":1,"featured_media":21118,"parent":0,"menu_order":0,"comment_status":"open","ping_status":"closed","template":"","meta":{"neve_meta_sidebar":"","neve_meta_container":"","neve_meta_enable_content_width":"","neve_meta_content_width":0,"neve_meta_title_alignment":"","neve_meta_author_avatar":"","neve_post_elements_order":"","neve_meta_disable_header":"","neve_meta_disable_footer":"","neve_meta_disable_title":"","episode_type":"","audio_file":"","podmotor_file_id":"","podmotor_episode_id":"","cover_image":"","cover_image_id":"","duration":"","filesize":"","filesize_raw":"","date_recorded":"","explicit":"","block":"","footnotes":""},"class_list":["post-21116","page","type-page","status-publish","has-post-thumbnail","hentry"],"_links":{"self":[{"href":"https:\/\/quecartucho.es\/blog\/wp-json\/wp\/v2\/pages\/21116","targetHints":{"allow":["GET"]}}],"collection":[{"href":"https:\/\/quecartucho.es\/blog\/wp-json\/wp\/v2\/pages"}],"about":[{"href":"https:\/\/quecartucho.es\/blog\/wp-json\/wp\/v2\/types\/page"}],"author":[{"embeddable":true,"href":"https:\/\/quecartucho.es\/blog\/wp-json\/wp\/v2\/users\/1"}],"replies":[{"embeddable":true,"href":"https:\/\/quecartucho.es\/blog\/wp-json\/wp\/v2\/comments?post=21116"}],"version-history":[{"count":4,"href":"https:\/\/quecartucho.es\/blog\/wp-json\/wp\/v2\/pages\/21116\/revisions"}],"predecessor-version":[{"id":21126,"href":"https:\/\/quecartucho.es\/blog\/wp-json\/wp\/v2\/pages\/21116\/revisions\/21126"}],"wp:featuredmedia":[{"embeddable":true,"href":"https:\/\/quecartucho.es\/blog\/wp-json\/wp\/v2\/media\/21118"}],"wp:attachment":[{"href":"https:\/\/quecartucho.es\/blog\/wp-json\/wp\/v2\/media?parent=21116"}],"curies":[{"name":"wp","href":"https:\/\/api.w.org\/{rel}","templated":true}]}}