{"id":21127,"date":"2023-11-14T12:52:35","date_gmt":"2023-11-14T10:52:35","guid":{"rendered":"https:\/\/quecartucho.es\/blog\/?page_id=21127"},"modified":"2023-11-14T12:52:36","modified_gmt":"2023-11-14T10:52:36","slug":"cuanto-tiempo-dura-una-impresora-laser","status":"publish","type":"page","link":"https:\/\/quecartucho.es\/blog\/cuanto-tiempo-dura-una-impresora-laser\/","title":{"rendered":"\u00bfCu\u00e1nto tiempo dura una impresora l\u00e1ser?"},"content":{"rendered":"\n<p>Las <a href=\"https:\/\/quecartucho.es\/blog\/impresoras\/laser-mejor\/\">impresoras l\u00e1ser<\/a> han cambiado la manera de imprimir documentos, ofreci\u00e9ndonos\u00a0<strong>calidad y eficiencia<\/strong>. Adem\u00e1s, su precio se ha ido abaratando con el paso de los a\u00f1os, pudiendo encontrar en estos momentos muy buenos precios que se adaptan a todo tipo de bolsillo.<\/p>\n\n\n\n<p>Despu\u00e9s de la inversi\u00f3n que hacemos en este equipo, es normal preguntarse por su&nbsp;<strong>tiempo de vida \u00fatil<\/strong>. Lo cierto es que depende de varios factores, aunque lo habitual es que duren entre&nbsp;<strong>5 y 8 a\u00f1os<\/strong>. Sin embargo, hay modelos avanzados que est\u00e1n dise\u00f1ados para&nbsp;<strong>durar m\u00e1s de 10 a\u00f1os<\/strong>.<\/p>\n\n\n\n<p>A lo largo de este art\u00edculo vamos a analizar algunos factores que podr\u00edan mejorar la duraci\u00f3n de una impresora l\u00e1ser:<\/p>\n\n\n<div class=\"wp-block-image\">\n<figure class=\"aligncenter size-large\"><img loading=\"lazy\" decoding=\"async\" width=\"1024\" height=\"682\" src=\"https:\/\/quecartucho.es\/blog\/wp-content\/uploads\/2023\/11\/Cuanto-tiempo-dura-una-impresora-laser-1024x682.jpg\" alt=\"Cu\u00e1nto tiempo dura una impresora l\u00e1ser\" class=\"wp-image-21128\" title=\"\" srcset=\"https:\/\/quecartucho.es\/blog\/wp-content\/uploads\/2023\/11\/Cuanto-tiempo-dura-una-impresora-laser-1024x682.jpg 1024w, https:\/\/quecartucho.es\/blog\/wp-content\/uploads\/2023\/11\/Cuanto-tiempo-dura-una-impresora-laser-300x200.jpg 300w, https:\/\/quecartucho.es\/blog\/wp-content\/uploads\/2023\/11\/Cuanto-tiempo-dura-una-impresora-laser-768x511.jpg 768w, https:\/\/quecartucho.es\/blog\/wp-content\/uploads\/2023\/11\/Cuanto-tiempo-dura-una-impresora-laser-930x620.jpg 930w, https:\/\/quecartucho.es\/blog\/wp-content\/uploads\/2023\/11\/Cuanto-tiempo-dura-una-impresora-laser.jpg 1200w\" sizes=\"auto, (max-width: 1024px) 100vw, 1024px\" \/><\/figure>\n<\/div>\n\n\n<h2 class=\"wp-block-heading\"><strong>Factores que alargan el tiempo de vida \u00fatil de una impresora l\u00e1ser<\/strong><\/h2>\n\n\n\n<h3 class=\"wp-block-heading\"><strong>1.<\/strong>&nbsp;&nbsp; &nbsp;&nbsp;<strong>Mantenimiento<\/strong><\/h3>\n\n\n\n<p>Cualquier equipo inform\u00e1tico necesita ser sometido a un mantenimiento intensivo, y una impresora l\u00e1ser tambi\u00e9n.<\/p>\n\n\n\n<ul class=\"wp-block-list\">\n<li>&nbsp; &nbsp; &nbsp;&nbsp;Es fundamental llevar a cabo una&nbsp;<strong>buena limpieza peri\u00f3dica<\/strong>, lo que implica&nbsp;<strong>eliminar el polvo, revisar por si existe alg\u00fan residuo de papel<\/strong>&nbsp;y eliminar la&nbsp;<strong>tinta seca<\/strong>&nbsp;que pueda haberse acumulado con el paso del tiempo.<\/li>\n\n\n\n<li>&nbsp; &nbsp; &nbsp;&nbsp;Habr\u00e1 que analizar el funcionamiento de los&nbsp;<strong>componentes internos y externos<\/strong>&nbsp;y actuar ante cualquier tipo de anomal\u00eda.<\/li>\n\n\n\n<li>\u00a0 \u00a0 \u00a0\u00a0Si se trata de un modelo muy sofisticado y que haya requerido de un alto desembolso econ\u00f3mico, quiz\u00e1 valga la pena tener contratado un servicio de\u00a0<strong>mantenimiento preventivo<\/strong>. Es mejor pagar una peque\u00f1a cantidad al mes y tener el equipo en buen estado, a pagar grandes cantidades de dinero por una aver\u00eda.<\/li>\n<\/ul>\n\n\n\n<p>Puedes ampliar esta informaci\u00f3n con: \u00ab<a href=\"https:\/\/quecartucho.es\/blog\/como-mantener-la-impresora-en-buen-estado\/\">C\u00f3mo mantener la impresora en buen estado<\/a>\u00ab<\/p>\n\n\n\n<h3 class=\"wp-block-heading\"><strong>2.<\/strong>&nbsp;&nbsp; &nbsp;&nbsp;<strong>Calidad de los consumibles<\/strong><\/h3>\n\n\n\n<p><strong>Usar <a href=\"https:\/\/quecartucho.es\/\">consumibles de calidad<\/a> alarga el tiempo de uso de las impresoras l\u00e1ser<\/strong>. Ten en cuenta que los cartuchos mal dise\u00f1ados o demasiadas veces reciclados podr\u00edan tener componentes que produzcan da\u00f1os en el equipo, adem\u00e1s de afectar a la calidad de la impresi\u00f3n. Por esta razon es importante confiar en empresas que lleven a\u00f1os en el sector y que ofrezcan garant\u00eda. Como Quecatucho.es con m\u00e1s de 10 a\u00f1os de experiencia y que ofrecemos GRATIS hasta 5 a\u00f1os de garantia.<\/p>\n\n\n\n<p>De igual manera, habr\u00e1 que asegurarse de usar&nbsp;<strong>papel de buena calidad<\/strong>. Un papel inadecuado puede incentivar la acumulaci\u00f3n de residuos en el interior de la impresora y esto, a la larga, puede ser muy perjudicial.<\/p>\n\n\n\n<h3 class=\"wp-block-heading\"><strong>3.<\/strong>&nbsp;&nbsp; &nbsp;&nbsp;<strong>Uso en el ambiente adecuado<\/strong><\/h3>\n\n\n\n<p>No siempre lo tenemos presente, pero lo cierto es que el&nbsp;<strong>ambiente<\/strong>&nbsp;tiene mucho que decir sobre la conservaci\u00f3n de la impresora. Tanto la&nbsp;<strong>temperatura como la humedad pueden afectar al rendimiento del equipo<\/strong>.<\/p>\n\n\n\n<p>Aseg\u00farate de mantener un entorno con temperaturas estables y baja humedad; as\u00ed evitar\u00e1s problemas de rendimiento y la acumulaci\u00f3n de humedad que puede producir cortocircuitos en los componentes electr\u00f3nicos.<\/p>\n\n\n\n<h3 class=\"wp-block-heading\"><strong>4.<\/strong>&nbsp;&nbsp; &nbsp;&nbsp;<strong>Actualizaciones de firmware<\/strong><\/h3>\n\n\n\n<p>Con el paso del tiempo, el fabricante y la Comunidad de Usuarios van detectando una serie de fallos y bugs que podr\u00edan afectar al funcionamiento del aparato, reduciendo de forma dr\u00e1stica su tiempo de vida \u00fatil. Por fortuna, existen las&nbsp;<strong>actualizaciones de firmware<\/strong>.<\/p>\n\n\n\n<p>Estamos hablando de revisiones a nivel de procesador que permiten corregir ciertos defectos o potenciar funcionalidades: por ejemplo, podr\u00eda reducir el consumo de la impresora y as\u00ed evitar que se sobrecaliente.<\/p>\n\n\n\n<p><strong>Importante:&nbsp;<\/strong>si no tienes mucha idea de c\u00f3mo se actualiza el firmware de una impresora l\u00e1ser, es mejor dejarlo en manos de un experto. Ten en cuenta que el uso del firmware adecuado, c\u00f3mo el hecho de no seguir los pasos al pie de la letra, podr\u00edan dejar el perif\u00e9rico inutilizado.<\/p>\n\n\n\n<h3 class=\"wp-block-heading\"><strong>5.<\/strong>&nbsp;&nbsp; &nbsp;&nbsp;<strong>Apagado correcto<\/strong><\/h3>\n\n\n\n<p>Es fundamental apagar la impresora correctamente despu\u00e9s de su utilizaci\u00f3n. Esto quiere decir que\u00a0<strong>habr\u00e1 que esperar a que se hayan completado todos los procesos antes de proceder con el apagado<\/strong>; de lo contrario, podr\u00eda producirse alg\u00fan fallo en la configuraci\u00f3n, incluso hasta afectar al hardware de la impresora.<\/p>\n\n\n\n<p>Con un buen apagado se consigue que los cabezales, as\u00ed como el resto de elementos de impresi\u00f3n, se puedan enfriar adecuadamente, alargando el tiempo de vida \u00fatil del perif\u00e9rico.<\/p>\n\n\n\n<h3 class=\"wp-block-heading\"><strong>6.<\/strong>&nbsp;&nbsp; &nbsp;&nbsp;<strong>Almacenamiento adecuado de consumibles<\/strong><\/h3>\n\n\n\n<p>Ya hemos comentado lo importante que es usar consumibles de gran calidad, pero de nada servir\u00e1 si se han conservado de forma incorrecta. Una mala conservaci\u00f3n podr\u00eda dar lugar a fugas de polvo que afectar\u00edan muy negativamente a la impresora l\u00e1ser.<\/p>\n\n\n\n<p><strong>Los cartuchos de t\u00f3ner se deben guardar en un lugar fresco y seco; deben estar protegidos del sol y de la luz directa del sol.<\/strong><\/p>\n\n\n\n<p>No dudes en leer todas las indicaciones que ofrece el fabricante para asegurar una buena conservaci\u00f3n de cada consumible. Si quieres ampliar el conocimiento en este punto te recomendamos leer \u00ab<strong><a href=\"https:\/\/quecartucho.es\/blog\/como-guardar-los-cartuchos-de-tinta-cuando-no-se-usan\/\">C\u00f3mo guardar los cartuchos de tinta cuando no se usan<\/a><\/strong>\u00ab.<\/p>\n\n\n\n<h3 class=\"wp-block-heading\"><strong>7.<\/strong>&nbsp;&nbsp; &nbsp;&nbsp;<strong>Modo de ahorro de energ\u00eda<\/strong><\/h3>\n\n\n\n<p>Dejar la energ\u00eda encendida cuando no se est\u00e1 usando reducir\u00e1 su tiempo de vida \u00fatil. Sin embargo, si necesitamos hacer impresiones urgentes, es la \u00fanica manera de funcionar en la oficina.<\/p>\n\n\n\n<p>\u00bfLa soluci\u00f3n?&nbsp;<strong>Activar el modo de ahorro de energ\u00eda<\/strong>&nbsp;<strong>cuando no se est\u00e1 utilizando<\/strong>. Este modo ayuda a reducir el desgaste de los componentes, adem\u00e1s de suponer un importante alivio en la factura de la luz.<\/p>\n\n\n\n<p>Ahora que ya sabes cu\u00e1nto dura una impresora l\u00e1ser de media, y conocer los factores para alargar su tiempo de vida \u00fatil, te recomendamos empezar a cuidarla para exprimir tu inversi\u00f3n al m\u00e1ximo.<\/p>\n","protected":false},"excerpt":{"rendered":"<p>Las impresoras l\u00e1ser han cambiado la manera de imprimir documentos, ofreci\u00e9ndonos\u00a0calidad y eficiencia. Adem\u00e1s, su precio se ha ido abaratando con el paso de los a\u00f1os, pudiendo encontrar en estos momentos muy buenos precios que se adaptan a todo tipo de bolsillo. Despu\u00e9s de la inversi\u00f3n que hacemos en este equipo, es normal preguntarse por&hellip;&nbsp;<a href=\"https:\/\/quecartucho.es\/blog\/cuanto-tiempo-dura-una-impresora-laser\/\" rel=\"bookmark\">Leer m\u00e1s &raquo;<span class=\"screen-reader-text\">\u00bfCu\u00e1nto tiempo dura una impresora l\u00e1ser?<\/span><\/a><\/p>\n","protected":false},"author":1,"featured_media":21130,"parent":0,"menu_order":0,"comment_status":"open","ping_status":"closed","template":"","meta":{"neve_meta_sidebar":"","neve_meta_container":"","neve_meta_enable_content_width":"","neve_meta_content_width":0,"neve_meta_title_alignment":"","neve_meta_author_avatar":"","neve_post_elements_order":"","neve_meta_disable_header":"","neve_meta_disable_footer":"","neve_meta_disable_title":"","episode_type":"","audio_file":"","podmotor_file_id":"","podmotor_episode_id":"","cover_image":"","cover_image_id":"","duration":"","filesize":"","filesize_raw":"","date_recorded":"","explicit":"","block":"","footnotes":""},"class_list":["post-21127","page","type-page","status-publish","has-post-thumbnail","hentry"],"_links":{"self":[{"href":"https:\/\/quecartucho.es\/blog\/wp-json\/wp\/v2\/pages\/21127","targetHints":{"allow":["GET"]}}],"collection":[{"href":"https:\/\/quecartucho.es\/blog\/wp-json\/wp\/v2\/pages"}],"about":[{"href":"https:\/\/quecartucho.es\/blog\/wp-json\/wp\/v2\/types\/page"}],"author":[{"embeddable":true,"href":"https:\/\/quecartucho.es\/blog\/wp-json\/wp\/v2\/users\/1"}],"replies":[{"embeddable":true,"href":"https:\/\/quecartucho.es\/blog\/wp-json\/wp\/v2\/comments?post=21127"}],"version-history":[{"count":2,"href":"https:\/\/quecartucho.es\/blog\/wp-json\/wp\/v2\/pages\/21127\/revisions"}],"predecessor-version":[{"id":21131,"href":"https:\/\/quecartucho.es\/blog\/wp-json\/wp\/v2\/pages\/21127\/revisions\/21131"}],"wp:featuredmedia":[{"embeddable":true,"href":"https:\/\/quecartucho.es\/blog\/wp-json\/wp\/v2\/media\/21130"}],"wp:attachment":[{"href":"https:\/\/quecartucho.es\/blog\/wp-json\/wp\/v2\/media?parent=21127"}],"curies":[{"name":"wp","href":"https:\/\/api.w.org\/{rel}","templated":true}]}}