{"id":2121,"date":"2018-10-12T09:27:10","date_gmt":"2018-10-12T07:27:10","guid":{"rendered":"https:\/\/quecartucho.es\/blog\/?page_id=2121"},"modified":"2025-04-16T12:45:31","modified_gmt":"2025-04-16T10:45:31","slug":"ofertas","status":"publish","type":"page","link":"https:\/\/quecartucho.es\/blog\/ofertas\/","title":{"rendered":"Ofertas"},"content":{"rendered":"\n<hr class=\"wp-block-separator has-alpha-channel-opacity\"\/>\n\n\n\n<p>\u00bfEst\u00e1s haciendo tu compra en Quecartucho y quieres tu cup\u00f3n descuento?<\/p>\n\n\n\n<p>Es muy f\u00e1cil conseguirlo, reg\u00edstrate a nuestro bolet\u00edn por email o canal de telegram y recibir\u00e1s el cup\u00f3n de bienbenida.<\/p>\n\n\n\n<h2 class=\"wp-block-heading\">Cup\u00f3n descuento de Quecartucho Bienvenida<\/h2>\n\n\n\n<div class=\"wp-block-buttons is-layout-flex wp-block-buttons-is-layout-flex\">\n<div class=\"wp-block-button has-custom-width wp-block-button__width-50\"><a class=\"wp-block-button__link has-neve-link-hover-color-background-color has-background wp-element-button\" href=\"https:\/\/quecartucho.es\/telegram\" target=\"_blank\" rel=\"noreferrer noopener\">Canal de telegram<\/a><\/div>\n\n\n\n<div class=\"wp-block-button has-custom-width wp-block-button__width-50\"><a class=\"wp-block-button__link wp-element-button\" href=\"https:\/\/quecartucho.es\/\" target=\"_blank\" rel=\"noreferrer noopener\">bolet\u00edn de noticias (pie de p\u00e1gina)<\/a><\/div>\n<\/div>\n\n\n\n<p>Gracias a estar suscrito a uno de estos canales, en momentos muy especiales e importantes para nosotros, ofrecemos premios a nuestros mejores clientes, si te quedas recibir\u00e1s email como estos:<\/p>\n\n\n\n<hr class=\"wp-block-separator has-alpha-channel-opacity\"\/>\n\n\n<div class=\"pt-cv-wrapper\"><div class=\"pt-cv-view pt-cv-blockgrid iscvblock iscvhybrid grid1 layout1\" id=\"pt-cv-view-3cf10f68kh\"><div data-id=\"pt-cv-page-1\" class=\"pt-cv-page\" data-cvc=\"3\"><div class=\" pt-cv-content-item pt-cv-1-col\" ><div class=\"pt-cv-thumb-wrapper  \"><a href=\"https:\/\/quecartucho.es\/blog\/ofertas\/dia-de-la-madre\/\" class=\"_self pt-cv-href-thumbnail pt-cv-thumb-default\" target=\"_self\" ><img loading=\"lazy\" decoding=\"async\" width=\"1024\" height=\"585\" src=\"https:\/\/quecartucho.es\/blog\/wp-content\/uploads\/2025\/04\/regalo-de-cartuchos-de-tinta-para-el-dia-de-la-madre-1024x585.jpg\" class=\"pt-cv-thumbnail\" alt=\"\" title=\"\"><\/a><\/div>\n<div class=\"pt-cv-taxoterm above_title\"><\/div>\n<h4 class=\"pt-cv-title\"><a href=\"https:\/\/quecartucho.es\/blog\/ofertas\/dia-de-la-madre\/\" class=\"_self\" target=\"_self\" >D\u00eda de la madre<\/a><\/h4>\n<div class=\"pt-cv-content\">No lo podemos negar ni queriendo. Tenemos a las madres en boca todo el d\u00eda. \"Madre m\u00eda\", \"madre del amor ...<br \/><div class=\"pt-cv-rmwrap\"><a href=\"https:\/\/quecartucho.es\/blog\/ofertas\/dia-de-la-madre\/\" class=\"_self pt-cv-readmore btn btn-success\" target=\"_self\">Leer M\u00e1s<\/a><\/div><\/div><\/div>\n<div class=\" pt-cv-content-item pt-cv-1-col\" ><div class=\"pt-cv-thumb-wrapper  \"><a href=\"https:\/\/quecartucho.es\/blog\/ofertas\/este-halloween-hechizos-para-tu-impresora-y-niuna-oferta-se-siente\/\" class=\"_self pt-cv-href-thumbnail pt-cv-thumb-default\" target=\"_self\" ><img loading=\"lazy\" decoding=\"async\" width=\"1024\" height=\"585\" src=\"https:\/\/quecartucho.es\/blog\/wp-content\/uploads\/2024\/09\/Decoracion-para-halloween-con-tu-impresora-1024x585.jpg\" class=\"pt-cv-thumbnail\" alt=\"Decoracion para halloween con tu impresora\" title=\"\"><\/a><\/div>\n<div class=\"pt-cv-taxoterm above_title\"><\/div>\n<h4 class=\"pt-cv-title\"><a href=\"https:\/\/quecartucho.es\/blog\/ofertas\/este-halloween-hechizos-para-tu-impresora-y-niuna-oferta-se-siente\/\" class=\"_self\" target=\"_self\" >Este Halloween, hechizos para tu impresora (y niuna oferta, se siente)<\/a><\/h4>\n<div class=\"pt-cv-content\">Sabemos que Halloween es esa \u00e9poca del a\u00f1o en la que todo el mundo se vuelve loco por los disfraces, ...<br \/><div class=\"pt-cv-rmwrap\"><a href=\"https:\/\/quecartucho.es\/blog\/ofertas\/este-halloween-hechizos-para-tu-impresora-y-niuna-oferta-se-siente\/\" class=\"_self pt-cv-readmore btn btn-success\" target=\"_self\">Leer M\u00e1s<\/a><\/div><\/div><\/div>\n<div class=\" pt-cv-content-item pt-cv-1-col\" ><div class=\"pt-cv-thumb-wrapper  \"><a href=\"https:\/\/quecartucho.es\/blog\/ofertas\/dia-de-la-felicidad-oferta-en-cartuchos-amarillos-%f0%9f%90%a4\/\" class=\"_self pt-cv-href-thumbnail pt-cv-thumb-default\" target=\"_self\" ><img loading=\"lazy\" decoding=\"async\" width=\"1024\" height=\"576\" src=\"https:\/\/quecartucho.es\/blog\/wp-content\/uploads\/2024\/03\/Dia-de-la-Felicidad-oferta-en-cartuchos-amarillos-1024x576.jpg\" class=\"pt-cv-thumbnail\" alt=\"\" title=\"\"><\/a><\/div>\n<div class=\"pt-cv-taxoterm above_title\"><\/div>\n<h4 class=\"pt-cv-title\"><a href=\"https:\/\/quecartucho.es\/blog\/ofertas\/dia-de-la-felicidad-oferta-en-cartuchos-amarillos-%f0%9f%90%a4\/\" class=\"_self\" target=\"_self\" >D\u00eda de la Felicidad, 50% oferta en cartuchos amarillos \ud83d\udc24<\/a><\/h4>\n<div class=\"pt-cv-content\">Qu\u00e9 feliz es Fulgencio, el pollito \ud83d\udc24. Y tiene una cosita para ti. \u00bfSabes qu\u00e9 d\u00eda es hoy? No, no ...<br \/><div class=\"pt-cv-rmwrap\"><a href=\"https:\/\/quecartucho.es\/blog\/ofertas\/dia-de-la-felicidad-oferta-en-cartuchos-amarillos-%f0%9f%90%a4\/\" class=\"_self pt-cv-readmore btn btn-success\" target=\"_self\">Leer M\u00e1s<\/a><\/div><\/div><\/div>\n<div class=\" pt-cv-content-item pt-cv-1-col\" ><div class=\"pt-cv-thumb-wrapper  \"><a href=\"https:\/\/quecartucho.es\/blog\/ofertas\/blue-monday-oferta-en-cartuchos-cian-%f0%9f%92%99-azul-que-te-quiero-azul-%f0%9f%92%99\/\" class=\"_self pt-cv-href-thumbnail pt-cv-thumb-default\" target=\"_self\" ><img loading=\"lazy\" decoding=\"async\" width=\"1024\" height=\"576\" src=\"https:\/\/quecartucho.es\/blog\/wp-content\/uploads\/2024\/01\/Blue-Monday-Quecartucho-1024x576.jpg\" class=\"pt-cv-thumbnail\" alt=\"Blue Monday Quecartucho\" title=\"\"><\/a><\/div>\n<div class=\"pt-cv-taxoterm above_title\"><\/div>\n<h4 class=\"pt-cv-title\"><a href=\"https:\/\/quecartucho.es\/blog\/ofertas\/blue-monday-oferta-en-cartuchos-cian-%f0%9f%92%99-azul-que-te-quiero-azul-%f0%9f%92%99\/\" class=\"_self\" target=\"_self\" >Blue Monday, 50% oferta en cartuchos cian \ud83d\udc99 Azul que te quiero azul \ud83d\udc99<\/a><\/h4>\n<div class=\"pt-cv-content\">\u00a1Te alegramos el Blue Monday! Hoy es el Blue Monday, y lo llaman as\u00ed porque dicen que es el d\u00eda ...<br \/><div class=\"pt-cv-rmwrap\"><a href=\"https:\/\/quecartucho.es\/blog\/ofertas\/blue-monday-oferta-en-cartuchos-cian-%f0%9f%92%99-azul-que-te-quiero-azul-%f0%9f%92%99\/\" class=\"_self pt-cv-readmore btn btn-success\" target=\"_self\">Leer M\u00e1s<\/a><\/div><\/div><\/div>\n<div class=\" pt-cv-content-item pt-cv-1-col\" ><div class=\"pt-cv-thumb-wrapper  \"><a href=\"https:\/\/quecartucho.es\/blog\/ofertas\/codigo-descuento-de-5-e-para-ti-y-tus-amigos-en-quecartucho\/\" class=\"_self pt-cv-href-thumbnail pt-cv-thumb-default\" target=\"_self\" ><img loading=\"lazy\" decoding=\"async\" width=\"1024\" height=\"585\" src=\"https:\/\/quecartucho.es\/blog\/wp-content\/uploads\/2025\/04\/regalo-de-5-E-para-comprar-tinta-de-impresora-1024x585.jpg\" class=\"pt-cv-thumbnail\" alt=\"\" title=\"\"><\/a><\/div>\n<div class=\"pt-cv-taxoterm above_title\"><\/div>\n<h4 class=\"pt-cv-title\"><a href=\"https:\/\/quecartucho.es\/blog\/ofertas\/codigo-descuento-de-5-e-para-ti-y-tus-amigos-en-quecartucho\/\" class=\"_self\" target=\"_self\" >C\u00f3digo descuento de 5 \u20ac para ti y tus amigos en Quecartucho<\/a><\/h4>\n<div class=\"pt-cv-content\">\u2b95 Los hay invisibles, de Facebook y verdaderos. 5 \u20ac para ti y tu amigo \u00bfTodav\u00eda no sabes de qu\u00e9 ...<br \/><div class=\"pt-cv-rmwrap\"><a href=\"https:\/\/quecartucho.es\/blog\/ofertas\/codigo-descuento-de-5-e-para-ti-y-tus-amigos-en-quecartucho\/\" class=\"_self pt-cv-readmore btn btn-success\" target=\"_self\">Leer M\u00e1s<\/a><\/div><\/div><\/div><\/div><\/div><\/div>\t\t\t<style type=\"text\/css\" id=\"pt-cv-inline-style-5a3d60edh7\">\n#pt-cv-view-3cf10f68kh .pt-cv-thumb-wrapper:not(.miniwrap) {  }#pt-cv-view-3cf10f68kh .pt-cv-thumbnail:not(.pt-cv-thumbnailsm) { height: 250px; }#pt-cv-view-3cf10f68kh > .pt-cv-page {grid-template-columns: repeat(3, 1fr);grid-gap: 15px;}\n@media all and (max-width: 1024px) { \n#pt-cv-view-3cf10f68kh > .pt-cv-page {grid-template-columns: repeat(1, 1fr);}\n} \n@media all and (max-width: 767px) { \n#pt-cv-view-3cf10f68kh > .pt-cv-page {grid-template-columns: repeat(1, 1fr);}\n} <\/style>\r\n\t\t\t\n\n\n\n<h2 class=\"wp-block-heading\">Cup\u00f3n descuento en Quecartucho<\/h2>\n\n\n\n<p>Hoy solo tenemos el descuento que puedes ver en la p\u00e1gina web, hacemos muy pocos descuentos y normalmente solo a clientes que est\u00e1n registrados en nuestro bolet\u00edn.<\/p>\n\n\n\n<p> Reg\u00edstrate en nuestra <strong><em>newsletter<\/em><\/strong> y recibe las mejores ofertas y cupones.<\/p>\n\n\n\n<h2 class=\"wp-block-heading\">Ofertas Black friday 2021<\/h2>\n\n\n\n<p>Tenemos un precio tan ajustado y hay tanta subida en los nuevos productos que si este a\u00f1o en black friday tenemos stock de algo, es probable que se a un precio muy superior. Si buscas ahorrar en black friday este a\u00f1o 2021 lo mejor es que compres solo la <a href=\"https:\/\/quecartucho.es\/\" target=\"_blank\" rel=\"noreferrer noopener\"><strong>tinta de impresora<\/strong><\/a> que de verdad necesitas y cuanto antes mejor.<\/p>\n\n\n\n<h2 class=\"wp-block-heading\">Ofertas Black friday 2020<\/h2>\n\n\n\n<p>Este a\u00f1o para celebrar el black friday hemos decidido hacer una selecci\u00f3n de las mejores <a href=\"https:\/\/quecartucho.es\/blog\/impresoras-black-friday\/\" class=\"rank-math-link\">ofertas black friday en impresoras<\/a> para que pod\u00e1is aprovechar y cambiar de impresora al mejor precio.<\/p>\n\n\n<h2><span id=\"En_quecartucho_todo_el_ano_estamos_de_Black_friday_2018\">En quecartucho todo el a\u00f1o estamos de Ofertas Black friday 2018<\/span><\/h2>\n<p>30% descuento aplicado directamente en los productos. Garantizamos este descuento hasta pasado Ciber Monday 2018<\/p>\n<p><a href=\"https:\/\/quecartucho.es\/blog\/black-friday\/\"><img loading=\"lazy\" decoding=\"async\" class=\"alignnone wp-image-2337\" title=\"ofertas black friday\" src=\"https:\/\/quecartucho.es\/blog\/wp-content\/uploads\/2018\/11\/El-compra-a-precios-black-siempre-300x225.png\" sizes=\"auto, (max-width: 591px) 100vw, 591px\" srcset=\"https:\/\/quecartucho.es\/blog\/wp-content\/uploads\/2018\/11\/El-compra-a-precios-black-siempre-300x225.png 300w, https:\/\/quecartucho.es\/blog\/wp-content\/uploads\/2018\/11\/El-compra-a-precios-black-siempre-768x576.png 768w, https:\/\/quecartucho.es\/blog\/wp-content\/uploads\/2018\/11\/El-compra-a-precios-black-siempre.png 1024w\" alt=\"blackfriday en cartuchos de tinta y toner\" width=\"591\" height=\"443\" \/><\/a><\/p>\n<h2 class=\"entry-title\">Te damos 5 \u20ac por ense\u00f1\u00e1rnoslo y premio especial de 100 \u20ac, 5 \u20ac por ver como cambias el cartucho.<\/h2>\n<p><strong>Env\u00edanos un v\u00eddeo donde se pueda ver como se tienen que sacar los cartuchos o t\u00f3ners de tu impresora y como se tienen que poner, inclu\u00eddo si tiene que presionar alguna tecla o cerrar de alg\u00fan modo especial tu impresora.<\/strong> Es importante que se pueda ver correctamente que impresora es. Tenga especial cuidado de hacer la grabaci\u00f3n con el m\u00f3vil en posici\u00f3n horizontal y que tenga una duraci\u00f3n m\u00ednima de 30 sg.<\/p>\n<p><img loading=\"lazy\" decoding=\"async\" class=\"attachment-content-single size-content-single wp-post-image\" src=\"https:\/\/quecartucho.es\/blog\/wp-content\/uploads\/2018\/10\/Te-damos-5\u20ac-777x437.png\" sizes=\"auto, (max-width: 777px) 100vw, 777px\" srcset=\"https:\/\/quecartucho.es\/blog\/wp-content\/uploads\/2018\/10\/Te-damos-5\u20ac-777x437.png 777w, https:\/\/quecartucho.es\/blog\/wp-content\/uploads\/2018\/10\/Te-damos-5\u20ac-260x146.png 260w, https:\/\/quecartucho.es\/blog\/wp-content\/uploads\/2018\/10\/Te-damos-5\u20ac-120x67.png 120w\" alt=\"\" width=\"777\" height=\"437\" title=\"\"><\/p>\n<p>Los cartuchos tienen que haber sido adquiridos en quecartucho.es<\/p>\n<p>Su vale de 5 \u20ac para gastar en quecartucho y sin caducidad lo recibir\u00e1 en un m\u00e1ximo de 4 d\u00edas laborables despu\u00e9s de haber visualizado el v\u00eddeo por parte de nuestras comerciales. El vale descuento de 5 \u20ac se har\u00e1 a favor del cliente registrado que haya adquirido con anterioridad los consumibles.<\/p>\n<p><strong>La originalidad, ocurrencia y buen gusto ser\u00e1n decisivos a la hora de elegir el ganador de los 100\u20ac<\/strong>.<br \/>El ganador de los 100 \u20ac ser\u00e1 publicado en redes el lunes 19 de noviembre de 2018 y avisado personalmente al ganador mediante tel\u00e9fono y\/o mail. Los v\u00eddeos pasar\u00e1n a formar parte de los archivos de quecartucho.es y podr\u00e1n ser publicados y compartidos, siempre respetando el objetivo para el qual estuvieron creados, que no difiere de ayudar a otros clientes a saber como cambiar el consumible de su impresora.<\/p>\n<p>Se aceptar\u00e1 un solo v\u00eddeo por modelo de impresora y cliente.\u00a0 No se acepta la participaci\u00f3n ni aparici\u00f3n de menores de edad. El v\u00eddeo tiene que enviarse en formato MP4. Si la apertura del v\u00eddeo o la calidad resulta inapropiada para su visualizaci\u00f3n no ser\u00e1 v\u00e1lido para la promoci\u00f3n.<\/p>\n<p>La fecha l\u00edmite para la recepci\u00f3n de los v\u00eddeos es el dia 15 de noviembre de 2018<\/p>\n<p>Los v\u00eddeos tienen que enviarse a comercial@quecartucho.es e informar de qu\u00e9 cartuchos se han puesto y el modelo de la impresora utilizada.<\/p>\n<\/p>\n<h2><span data-iv=\"\" data-pid=\"682799123160088621\" data-r=\"\" data-ved=\"2ahUKEwjn1ObFgZTcAhVL7RQKHffJA6kQy_oBegQIARAA\">5% de descuento en todas las compras que realices hoy<\/span><\/h2>\n<\/p>\n<figure id=\"attachment_2119\" aria-describedby=\"caption-attachment-2119\" style=\"width: 1047px\" class=\"wp-caption aligncenter\"><img loading=\"lazy\" decoding=\"async\" class=\"wp-image-2119 size-full\" src=\"https:\/\/quecartucho.es\/blog\/wp-content\/uploads\/2018\/07\/solo-hoy-que.png\" alt=\"\" width=\"1047\" height=\"579\" title=\"\" srcset=\"https:\/\/quecartucho.es\/blog\/wp-content\/uploads\/2018\/07\/solo-hoy-que.png 1047w, https:\/\/quecartucho.es\/blog\/wp-content\/uploads\/2018\/07\/solo-hoy-que-300x166.png 300w, https:\/\/quecartucho.es\/blog\/wp-content\/uploads\/2018\/07\/solo-hoy-que-768x425.png 768w, https:\/\/quecartucho.es\/blog\/wp-content\/uploads\/2018\/07\/solo-hoy-que-1024x566.png 1024w\" sizes=\"auto, (max-width: 1047px) 100vw, 1047px\" \/><figcaption id=\"caption-attachment-2119\" class=\"wp-caption-text\">5% descuento<\/figcaption><\/figure>\n<p><strong>S\u00f3lo hoy y para celebrar que hacemos 5 a\u00f1os contigo te haremos un 5%.<\/strong><\/p>\n<p>V\u00e1lido para el martes 10 de julio de 2018 de 0h a 24h.<br \/>Solo para compras\u00a0realizadas en la web quecartucho.es<\/p>\n<p><strong>V\u00e1lido tambi\u00e9n para ordenadores y equipos reacondicionados.<\/strong><\/p>\n<p>Para\u00a0obtener el descuento es necesario poner el c\u00f3digo descuento: \u00bb\u00a0<strong>5A\u00d1OS \u00ab<\/strong><\/p>\n<hr \/>\n\n<\/p>","protected":false},"excerpt":{"rendered":"<p>\u00bfEst\u00e1s haciendo tu compra en Quecartucho y quieres tu cup\u00f3n descuento? Es muy f\u00e1cil conseguirlo, reg\u00edstrate a nuestro bolet\u00edn por email o canal de telegram y recibir\u00e1s el cup\u00f3n de bienbenida. Cup\u00f3n descuento de Quecartucho Bienvenida Gracias a estar suscrito a uno de estos canales, en momentos muy especiales e importantes para nosotros, ofrecemos premios&hellip;&nbsp;<a href=\"https:\/\/quecartucho.es\/blog\/ofertas\/\" rel=\"bookmark\">Leer m\u00e1s &raquo;<span class=\"screen-reader-text\">Ofertas<\/span><\/a><\/p>\n","protected":false},"author":1,"featured_media":2134,"parent":0,"menu_order":0,"comment_status":"closed","ping_status":"closed","template":"","meta":{"neve_meta_sidebar":"","neve_meta_container":"","neve_meta_enable_content_width":"","neve_meta_content_width":0,"neve_meta_title_alignment":"","neve_meta_author_avatar":"","neve_post_elements_order":"","neve_meta_disable_header":"","neve_meta_disable_footer":"","neve_meta_disable_title":"","episode_type":"","audio_file":"","podmotor_file_id":"","podmotor_episode_id":"","cover_image":"","cover_image_id":"","duration":"","filesize":"","filesize_raw":"","date_recorded":"","explicit":"","block":"","footnotes":""},"class_list":["post-2121","page","type-page","status-publish","has-post-thumbnail","hentry"],"_links":{"self":[{"href":"https:\/\/quecartucho.es\/blog\/wp-json\/wp\/v2\/pages\/2121","targetHints":{"allow":["GET"]}}],"collection":[{"href":"https:\/\/quecartucho.es\/blog\/wp-json\/wp\/v2\/pages"}],"about":[{"href":"https:\/\/quecartucho.es\/blog\/wp-json\/wp\/v2\/types\/page"}],"author":[{"embeddable":true,"href":"https:\/\/quecartucho.es\/blog\/wp-json\/wp\/v2\/users\/1"}],"replies":[{"embeddable":true,"href":"https:\/\/quecartucho.es\/blog\/wp-json\/wp\/v2\/comments?post=2121"}],"version-history":[{"count":20,"href":"https:\/\/quecartucho.es\/blog\/wp-json\/wp\/v2\/pages\/2121\/revisions"}],"predecessor-version":[{"id":23445,"href":"https:\/\/quecartucho.es\/blog\/wp-json\/wp\/v2\/pages\/2121\/revisions\/23445"}],"wp:featuredmedia":[{"embeddable":true,"href":"https:\/\/quecartucho.es\/blog\/wp-json\/wp\/v2\/media\/2134"}],"wp:attachment":[{"href":"https:\/\/quecartucho.es\/blog\/wp-json\/wp\/v2\/media?parent=2121"}],"curies":[{"name":"wp","href":"https:\/\/api.w.org\/{rel}","templated":true}]}}