{"id":21381,"date":"2023-12-01T13:03:00","date_gmt":"2023-12-01T11:03:00","guid":{"rendered":"https:\/\/quecartucho.es\/blog\/?page_id=21381"},"modified":"2023-12-01T13:04:40","modified_gmt":"2023-12-01T11:04:40","slug":"que-funcion-tiene-el-cartucho-de-tinta","status":"publish","type":"page","link":"https:\/\/quecartucho.es\/blog\/cartuchos\/que-funcion-tiene-el-cartucho-de-tinta\/","title":{"rendered":"\u00bfQu\u00e9 funci\u00f3n tiene el cartucho de tinta?"},"content":{"rendered":"\n<p>Depende.<\/p>\n\n\n\n<p>\ud83e\udd2c Hay cartuchos que tienen la funci\u00f3n de sacar tu vena de estrella del rock en una habitaci\u00f3n de hotel. Vamos, que te ponen de una mala baba que lo romper\u00edas todo. \u00bfO es que nunca te han dado ganas de tirar la impresora por la ventana cuando el cartucho hace de las suyas?<\/p>\n\n\n\n<p>\ud83d\uddbc\ufe0f Luego est\u00e1n los cartuchos que tienen la funci\u00f3n, o mejor dicho la vocaci\u00f3n, de pintor abstracto, porque no son capaces de imprimir una hoja sin borrones.<\/p>\n\n\n\n<p>\ud83d\udcb8 Y luego hay cartuchos que tienen la funci\u00f3n de dejarte sin blanca. Vendr\u00edan a ser <em>El Dioni<\/em> del mundo de las impresoras.<\/p>\n\n\n\n<p><\/p>\n\n\n\n<p>Pero si quieres <strong><a href=\"https:\/\/quecartucho.es\/\">cartuchos<\/a><\/strong> que hagan la funci\u00f3n que tienen que hacer, o sea imprimir bien, sin problemas y por poco precio <strong>\ud83d\udc4c<\/strong>, est\u00e1s en el lugar m\u00e1s perfecto de to\u2019 Internet (y parte del extranjero). <strong><a href=\"https:\/\/quecartucho.es\/\">Quecartuchos.es <\/a><\/strong><\/p>\n","protected":false},"excerpt":{"rendered":"<p>Depende. \ud83e\udd2c Hay cartuchos que tienen la funci\u00f3n de sacar tu vena de estrella del rock en una habitaci\u00f3n de hotel. Vamos, que te ponen de una mala baba que lo romper\u00edas todo. \u00bfO es que nunca te han dado ganas de tirar la impresora por la ventana cuando el cartucho hace de las suyas?&hellip;&nbsp;<a href=\"https:\/\/quecartucho.es\/blog\/cartuchos\/que-funcion-tiene-el-cartucho-de-tinta\/\" rel=\"bookmark\">Leer m\u00e1s &raquo;<span class=\"screen-reader-text\">\u00bfQu\u00e9 funci\u00f3n tiene el cartucho de tinta?<\/span><\/a><\/p>\n","protected":false},"author":1,"featured_media":21383,"parent":461,"menu_order":0,"comment_status":"open","ping_status":"closed","template":"","meta":{"neve_meta_sidebar":"","neve_meta_container":"","neve_meta_enable_content_width":"","neve_meta_content_width":0,"neve_meta_title_alignment":"","neve_meta_author_avatar":"","neve_post_elements_order":"","neve_meta_disable_header":"","neve_meta_disable_footer":"","neve_meta_disable_title":"","episode_type":"","audio_file":"","podmotor_file_id":"","podmotor_episode_id":"","cover_image":"","cover_image_id":"","duration":"","filesize":"","filesize_raw":"","date_recorded":"","explicit":"","block":"","footnotes":""},"class_list":["post-21381","page","type-page","status-publish","has-post-thumbnail","hentry"],"_links":{"self":[{"href":"https:\/\/quecartucho.es\/blog\/wp-json\/wp\/v2\/pages\/21381","targetHints":{"allow":["GET"]}}],"collection":[{"href":"https:\/\/quecartucho.es\/blog\/wp-json\/wp\/v2\/pages"}],"about":[{"href":"https:\/\/quecartucho.es\/blog\/wp-json\/wp\/v2\/types\/page"}],"author":[{"embeddable":true,"href":"https:\/\/quecartucho.es\/blog\/wp-json\/wp\/v2\/users\/1"}],"replies":[{"embeddable":true,"href":"https:\/\/quecartucho.es\/blog\/wp-json\/wp\/v2\/comments?post=21381"}],"version-history":[{"count":2,"href":"https:\/\/quecartucho.es\/blog\/wp-json\/wp\/v2\/pages\/21381\/revisions"}],"predecessor-version":[{"id":21386,"href":"https:\/\/quecartucho.es\/blog\/wp-json\/wp\/v2\/pages\/21381\/revisions\/21386"}],"up":[{"embeddable":true,"href":"https:\/\/quecartucho.es\/blog\/wp-json\/wp\/v2\/pages\/461"}],"wp:featuredmedia":[{"embeddable":true,"href":"https:\/\/quecartucho.es\/blog\/wp-json\/wp\/v2\/media\/21383"}],"wp:attachment":[{"href":"https:\/\/quecartucho.es\/blog\/wp-json\/wp\/v2\/media?parent=21381"}],"curies":[{"name":"wp","href":"https:\/\/api.w.org\/{rel}","templated":true}]}}