{"id":21390,"date":"2023-12-01T13:21:10","date_gmt":"2023-12-01T11:21:10","guid":{"rendered":"https:\/\/quecartucho.es\/blog\/?page_id=21390"},"modified":"2023-12-01T13:27:18","modified_gmt":"2023-12-01T11:27:18","slug":"cuantos-cartuchos-de-tinta-tiene-una-impresora","status":"publish","type":"page","link":"https:\/\/quecartucho.es\/blog\/cartuchos\/cuantos-cartuchos-de-tinta-tiene-una-impresora\/","title":{"rendered":"\u00bfCu\u00e1ntos cartuchos de tinta tiene una impresora?"},"content":{"rendered":"\n<p>Caramba, esta pregunta parece un acertijo \u00bfno?<\/p>\n\n\n\n<p>Pues mira:<\/p>\n\n\n\n<p>\u25fc\ufe0f Pueden tener uno solo, el negro, si la impresora es muy sobria y elegante, ella.<\/p>\n\n\n\n<p>\u26ab\ud83d\udd35\ud83d\udfe1\ud83d\udd34 O pueden tener 4, si la impresora le quiere poner una chispita de color a la vida: negro, azul, amarillo y rojo. Que si nos ponemos en plan t\u00e9cnico, es: negro, cian, magenta y amarillo. (S\u00ed, el amarillo no tiene nombre t\u00e9cnico \ud83e\udd37\u200d\u2642\ufe0f, qu\u00e9 le vamos a hacer).<\/p>\n\n\n\n<p>\ud83e\udd84 Y esas impresoras que son de la alta alcurnia e imprimen fotos que ni con un filtro de Instagram, tienen 6 cartuchos: los 4 de antes + magenta claro + cian claro. Toma ya.<\/p>\n\n\n\n<p>Las hay de 8, 10 y hasta de 12 <strong><a href=\"https:\/\/quecartucho.es\/\">cartuchos<\/a><\/strong> para los que siempre quieren m\u00e1s y m\u00e1s. <\/p>\n\n\n\n<p>Y como al principio hemos hablado de acertijos, all\u00e1 va uno:<br>\u201cAunque comience por la noche, termino pr\u00e1cticamente por la ma\u00f1ana. \u00bfQu\u00e9 puedo ser?\u201d<\/p>\n","protected":false},"excerpt":{"rendered":"<p>Caramba, esta pregunta parece un acertijo \u00bfno? Pues mira: \u25fc\ufe0f Pueden tener uno solo, el negro, si la impresora es muy sobria y elegante, ella. \u26ab\ud83d\udd35\ud83d\udfe1\ud83d\udd34 O pueden tener 4, si la impresora le quiere poner una chispita de color a la vida: negro, azul, amarillo y rojo. Que si nos ponemos en plan t\u00e9cnico,&hellip;&nbsp;<a href=\"https:\/\/quecartucho.es\/blog\/cartuchos\/cuantos-cartuchos-de-tinta-tiene-una-impresora\/\" rel=\"bookmark\">Leer m\u00e1s &raquo;<span class=\"screen-reader-text\">\u00bfCu\u00e1ntos cartuchos de tinta tiene una impresora?<\/span><\/a><\/p>\n","protected":false},"author":1,"featured_media":21394,"parent":461,"menu_order":0,"comment_status":"open","ping_status":"closed","template":"","meta":{"neve_meta_sidebar":"","neve_meta_container":"","neve_meta_enable_content_width":"","neve_meta_content_width":0,"neve_meta_title_alignment":"","neve_meta_author_avatar":"","neve_post_elements_order":"","neve_meta_disable_header":"","neve_meta_disable_footer":"","neve_meta_disable_title":"","episode_type":"","audio_file":"","podmotor_file_id":"","podmotor_episode_id":"","cover_image":"","cover_image_id":"","duration":"","filesize":"","filesize_raw":"","date_recorded":"","explicit":"","block":"","footnotes":""},"class_list":["post-21390","page","type-page","status-publish","has-post-thumbnail","hentry"],"_links":{"self":[{"href":"https:\/\/quecartucho.es\/blog\/wp-json\/wp\/v2\/pages\/21390","targetHints":{"allow":["GET"]}}],"collection":[{"href":"https:\/\/quecartucho.es\/blog\/wp-json\/wp\/v2\/pages"}],"about":[{"href":"https:\/\/quecartucho.es\/blog\/wp-json\/wp\/v2\/types\/page"}],"author":[{"embeddable":true,"href":"https:\/\/quecartucho.es\/blog\/wp-json\/wp\/v2\/users\/1"}],"replies":[{"embeddable":true,"href":"https:\/\/quecartucho.es\/blog\/wp-json\/wp\/v2\/comments?post=21390"}],"version-history":[{"count":3,"href":"https:\/\/quecartucho.es\/blog\/wp-json\/wp\/v2\/pages\/21390\/revisions"}],"predecessor-version":[{"id":21395,"href":"https:\/\/quecartucho.es\/blog\/wp-json\/wp\/v2\/pages\/21390\/revisions\/21395"}],"up":[{"embeddable":true,"href":"https:\/\/quecartucho.es\/blog\/wp-json\/wp\/v2\/pages\/461"}],"wp:featuredmedia":[{"embeddable":true,"href":"https:\/\/quecartucho.es\/blog\/wp-json\/wp\/v2\/media\/21394"}],"wp:attachment":[{"href":"https:\/\/quecartucho.es\/blog\/wp-json\/wp\/v2\/media?parent=21390"}],"curies":[{"name":"wp","href":"https:\/\/api.w.org\/{rel}","templated":true}]}}